{"id":19328,"date":"2022-10-11T11:15:50","date_gmt":"2022-10-11T15:15:50","guid":{"rendered":"https:\/\/www.crim.ca\/our-ecosystem\/"},"modified":"2026-01-12T17:03:48","modified_gmt":"2026-01-12T22:03:48","slug":"our-ecosystem","status":"publish","type":"page","link":"https:\/\/www.crim.ca\/en\/our-ecosystem\/","title":{"rendered":"Our Ecosystem"},"content":{"rendered":"\t\t<div data-elementor-type=\"wp-page\" data-elementor-id=\"19328\" class=\"elementor elementor-19328 elementor-7954\" data-elementor-post-type=\"page\">\n\t\t\t\t<div class=\"elementor-element elementor-element-95165f9 e-flex e-con-boxed e-con e-parent\" data-id=\"95165f9\" data-element_type=\"container\">\n\t\t\t\t\t<div class=\"e-con-inner\">\n\t\t<div class=\"elementor-element elementor-element-207fb47 e-con-full e-flex e-con e-child\" data-id=\"207fb47\" data-element_type=\"container\">\n\t\t\t\t<div class=\"elementor-element elementor-element-41a5620 wpman-list elementor-widget elementor-widget-text-editor\" data-id=\"41a5620\" data-element_type=\"widget\" data-widget_type=\"text-editor.default\">\n\t\t\t\t<div class=\"elementor-widget-container\">\n\t\t\t\t\t\t\t\t\t<p>CRIM is at the heart of a rich innovation ecosystem, and through its collaborative activities plays a leading role in this vast network. Due to their remarkable diversity, these companies, researchers and professionals help to extend the outreach of artificial intelligence and data science sectors.<\/p>\t\t\t\t\t\t\t\t<\/div>\n\t\t\t\t<\/div>\n\t\t\t\t<\/div>\n\t\t\t\t\t<\/div>\n\t\t\t\t<\/div>\n\t\t<div class=\"elementor-element elementor-element-211856e e-flex e-con-boxed e-con e-parent\" data-id=\"211856e\" data-element_type=\"container\" data-settings=\"{&quot;animation&quot;:&quot;none&quot;}\">\n\t\t\t\t\t<div class=\"e-con-inner\">\n\t\t<div class=\"elementor-element elementor-element-55f92af e-con-full e-flex e-con e-child\" data-id=\"55f92af\" data-element_type=\"container\">\n\t\t\t\t<div class=\"elementor-element elementor-element-a164273 h2-tiret-gauche h2-tiret-gauche-bleu elementor-widget elementor-widget-heading\" data-id=\"a164273\" data-element_type=\"widget\" data-widget_type=\"heading.default\">\n\t\t\t\t<div class=\"elementor-widget-container\">\n\t\t\t\t\t<h2 class=\"elementor-heading-title elementor-size-default\">An industrial innovation center (CII)<\/h2>\t\t\t\t<\/div>\n\t\t\t\t<\/div>\n\t\t\t\t<div class=\"elementor-element elementor-element-c757d2d wpman-list elementor-widget elementor-widget-text-editor\" data-id=\"c757d2d\" data-element_type=\"widget\" data-widget_type=\"text-editor.default\">\n\t\t\t\t<div class=\"elementor-widget-container\">\n\t\t\t\t\t\t\t\t\t<p>Also known by their English name <em>Research and Technology Organisation<\/em> (RTO), <strong>Industrial Innovation Centres<\/strong> such as CRIM are not-for-profit organizations whose primary mission is to generate, combine and bring together various types of knowledge, skills and infrastructures in order to carry out a range of research and development activities in collaboration with public and industrial partners of all sizes.<\/p><p>These activities are aimed at achieving technological and social innovations and system solutions of mutual contribution to their economic, societal, and political impacts.<\/p>\t\t\t\t\t\t\t\t<\/div>\n\t\t\t\t<\/div>\n\t\t\t\t<\/div>\n\t\t\t\t\t<\/div>\n\t\t\t\t<\/div>\n\t\t<div class=\"elementor-element elementor-element-2076351 e-flex e-con-boxed e-con e-parent\" data-id=\"2076351\" data-element_type=\"container\" data-settings=\"{&quot;animation&quot;:&quot;none&quot;}\">\n\t\t\t\t\t<div class=\"e-con-inner\">\n\t\t<div class=\"elementor-element elementor-element-60488e8 e-con-full e-flex e-con e-child\" data-id=\"60488e8\" data-element_type=\"container\">\n\t\t\t\t<div class=\"elementor-element elementor-element-b43147e h2-tiret-gauche h2-tiret-gauche-bleu elementor-widget elementor-widget-heading\" data-id=\"b43147e\" data-element_type=\"widget\" data-widget_type=\"heading.default\">\n\t\t\t\t<div class=\"elementor-widget-container\">\n\t\t\t\t\t<h2 class=\"elementor-heading-title elementor-size-default\"><b>Many financing options available in Canada<\/b><\/h2>\t\t\t\t<\/div>\n\t\t\t\t<\/div>\n\t\t<div class=\"elementor-element elementor-element-95c4178 e-con-full e-flex e-con e-child\" data-id=\"95c4178\" data-element_type=\"container\">\n\t\t\t\t<div class=\"elementor-element elementor-element-cb19cfd wpman-list elementor-widget elementor-widget-text-editor\" data-id=\"cb19cfd\" data-element_type=\"widget\" data-widget_type=\"text-editor.default\">\n\t\t\t\t<div class=\"elementor-widget-container\">\n\t\t\t\t\t\t\t\t\t<p><span style=\"color: #0f0e0c\">Whether at the federal, provincial or private level, CRIM has a network of partners with the expertise to help you obtain the financing you need to bring your innovation project to fruition, whatever your sector of activity.  <\/span><\/p>\t\t\t\t\t\t\t\t<\/div>\n\t\t\t\t<\/div>\n\t\t\t\t<\/div>\n\t\t<div class=\"elementor-element elementor-element-fb3dd6e e-con-full e-flex e-con e-child\" data-id=\"fb3dd6e\" data-element_type=\"container\">\n\t\t\t\t<div class=\"elementor-element elementor-element-42b1464 elementor-widget elementor-widget-image\" data-id=\"42b1464\" data-element_type=\"widget\" data-widget_type=\"image.default\">\n\t\t\t\t<div class=\"elementor-widget-container\">\n\t\t\t\t\t\t\t\t\t\t\t\t\t\t\t<img decoding=\"async\" width=\"290\" height=\"92\" src=\"https:\/\/www.crim.ca\/wp-content\/uploads\/2022\/04\/economie-inovation-quebec.jpg\" class=\"attachment-large size-large wp-image-14060\" alt=\"\" \/>\t\t\t\t\t\t\t\t\t\t\t\t\t\t\t<\/div>\n\t\t\t\t<\/div>\n\t\t\t\t<div class=\"elementor-element elementor-element-bfe6707 wpman-list elementor-widget elementor-widget-text-editor\" data-id=\"bfe6707\" data-element_type=\"widget\" data-widget_type=\"text-editor.default\">\n\t\t\t\t<div class=\"elementor-widget-container\">\n\t\t\t\t\t\t\t\t\t<p><span class=\"JsGRdQ\" style=\"color: #0f0e0c\">The Minist\u00e8re de l&#8217;\u00c9conomie, de l&#8217;Innovation et de l&#8217;\u00c9nergie du Qu\u00e9bec<\/span><span class=\"JsGRdQ\" style=\"color: #0f0e0c\"> is our main financial partner. <\/span> <\/p>\t\t\t\t\t\t\t\t<\/div>\n\t\t\t\t<\/div>\n\t\t\t\t<\/div>\n\t\t<div class=\"elementor-element elementor-element-d187e1e e-con-full e-flex e-con e-child\" data-id=\"d187e1e\" data-element_type=\"container\">\n\t\t\t\t<div class=\"elementor-element elementor-element-5193fcf elementor-widget__width-initial elementor-widget elementor-widget-image\" data-id=\"5193fcf\" data-element_type=\"widget\" data-widget_type=\"image.default\">\n\t\t\t\t<div class=\"elementor-widget-container\">\n\t\t\t\t\t\t\t\t\t\t\t\t\t\t\t\t<a href=\"https:\/\/nrc.canada.ca\/fr\/\" target=\"_blank\">\n\t\t\t\t\t\t\t<img decoding=\"async\" width=\"200\" height=\"100\" src=\"https:\/\/www.crim.ca\/wp-content\/uploads\/2022\/04\/cnrc.jpg\" class=\"attachment-large size-large wp-image-14048\" alt=\"\" \/>\t\t\t\t\t\t\t\t<\/a>\n\t\t\t\t\t\t\t\t\t\t\t\t\t\t\t<\/div>\n\t\t\t\t<\/div>\n\t\t\t\t<div class=\"elementor-element elementor-element-32e36de elementor-widget__width-initial elementor-widget elementor-widget-image\" data-id=\"32e36de\" data-element_type=\"widget\" data-widget_type=\"image.default\">\n\t\t\t\t<div class=\"elementor-widget-container\">\n\t\t\t\t\t\t\t\t\t\t\t\t\t\t\t\t<a href=\"https:\/\/cqdm.org\/\" target=\"_blank\">\n\t\t\t\t\t\t\t<img decoding=\"async\" width=\"200\" height=\"100\" src=\"https:\/\/www.crim.ca\/wp-content\/uploads\/2022\/04\/cqdm.jpg\" class=\"attachment-large size-large wp-image-14050\" alt=\"\" \/>\t\t\t\t\t\t\t\t<\/a>\n\t\t\t\t\t\t\t\t\t\t\t\t\t\t\t<\/div>\n\t\t\t\t<\/div>\n\t\t\t\t<div class=\"elementor-element elementor-element-5fe84cb elementor-widget__width-initial elementor-widget elementor-widget-image\" data-id=\"5fe84cb\" data-element_type=\"widget\" data-widget_type=\"image.default\">\n\t\t\t\t<div class=\"elementor-widget-container\">\n\t\t\t\t\t\t\t\t\t\t\t\t\t\t\t\t<a href=\"https:\/\/cqrda.ca\/\" target=\"_blank\">\n\t\t\t\t\t\t\t<img loading=\"lazy\" decoding=\"async\" width=\"200\" height=\"100\" src=\"https:\/\/www.crim.ca\/wp-content\/uploads\/2022\/04\/cqrda.jpg\" class=\"attachment-large size-large wp-image-14052\" alt=\"\" \/>\t\t\t\t\t\t\t\t<\/a>\n\t\t\t\t\t\t\t\t\t\t\t\t\t\t\t<\/div>\n\t\t\t\t<\/div>\n\t\t\t\t<div class=\"elementor-element elementor-element-35c493c elementor-widget__width-initial elementor-widget elementor-widget-image\" data-id=\"35c493c\" data-element_type=\"widget\" data-widget_type=\"image.default\">\n\t\t\t\t<div class=\"elementor-widget-container\">\n\t\t\t\t\t\t\t\t\t\t\t\t\t\t\t\t<a href=\"https:\/\/www.criaq.aero\/\" target=\"_blank\">\n\t\t\t\t\t\t\t<img loading=\"lazy\" decoding=\"async\" width=\"200\" height=\"100\" src=\"https:\/\/www.crim.ca\/wp-content\/uploads\/2022\/04\/criaq.jpg\" class=\"attachment-large size-large wp-image-14054\" alt=\"\" \/>\t\t\t\t\t\t\t\t<\/a>\n\t\t\t\t\t\t\t\t\t\t\t\t\t\t\t<\/div>\n\t\t\t\t<\/div>\n\t\t\t\t<\/div>\n\t\t<div class=\"elementor-element elementor-element-f65df79 e-con-full e-flex e-con e-child\" data-id=\"f65df79\" data-element_type=\"container\">\n\t\t\t\t<div class=\"elementor-element elementor-element-c5241c2 elementor-widget__width-initial elementor-widget elementor-widget-image\" data-id=\"c5241c2\" data-element_type=\"widget\" data-widget_type=\"image.default\">\n\t\t\t\t<div class=\"elementor-widget-container\">\n\t\t\t\t\t\t\t\t\t\t\t\t\t\t\t\t<a href=\"https:\/\/cribiq.qc.ca\/\">\n\t\t\t\t\t\t\t<img loading=\"lazy\" decoding=\"async\" width=\"200\" height=\"100\" src=\"https:\/\/www.crim.ca\/wp-content\/uploads\/2022\/04\/cribiq.jpg\" class=\"attachment-large size-large wp-image-14056\" alt=\"\" \/>\t\t\t\t\t\t\t\t<\/a>\n\t\t\t\t\t\t\t\t\t\t\t\t\t\t\t<\/div>\n\t\t\t\t<\/div>\n\t\t\t\t<div class=\"elementor-element elementor-element-1cff3df elementor-widget__width-initial elementor-widget elementor-widget-image\" data-id=\"1cff3df\" data-element_type=\"widget\" data-widget_type=\"image.default\">\n\t\t\t\t<div class=\"elementor-widget-container\">\n\t\t\t\t\t\t\t\t\t\t\t\t\t\t\t\t<a href=\"https:\/\/www.critm.ca\/\" target=\"_blank\">\n\t\t\t\t\t\t\t<img loading=\"lazy\" decoding=\"async\" width=\"200\" height=\"100\" src=\"https:\/\/www.crim.ca\/wp-content\/uploads\/2022\/04\/critm.jpg\" class=\"attachment-large size-large wp-image-14058\" alt=\"\" \/>\t\t\t\t\t\t\t\t<\/a>\n\t\t\t\t\t\t\t\t\t\t\t\t\t\t\t<\/div>\n\t\t\t\t<\/div>\n\t\t\t\t<div class=\"elementor-element elementor-element-4a9319c elementor-widget__width-initial elementor-widget elementor-widget-image\" data-id=\"4a9319c\" data-element_type=\"widget\" data-widget_type=\"image.default\">\n\t\t\t\t<div class=\"elementor-widget-container\">\n\t\t\t\t\t\t\t\t\t\t\t\t\t\t\t\t<a href=\"https:\/\/innovee.quebec\/\" target=\"_blank\">\n\t\t\t\t\t\t\t<img loading=\"lazy\" decoding=\"async\" width=\"200\" height=\"100\" src=\"https:\/\/www.crim.ca\/wp-content\/uploads\/2022\/04\/inovee.jpg\" class=\"attachment-large size-large wp-image-14062\" alt=\"\" \/>\t\t\t\t\t\t\t\t<\/a>\n\t\t\t\t\t\t\t\t\t\t\t\t\t\t\t<\/div>\n\t\t\t\t<\/div>\n\t\t\t\t<div class=\"elementor-element elementor-element-26b38d1 elementor-widget__width-initial elementor-widget elementor-widget-image\" data-id=\"26b38d1\" data-element_type=\"widget\" data-widget_type=\"image.default\">\n\t\t\t\t<div class=\"elementor-widget-container\">\n\t\t\t\t\t\t\t\t\t\t\t\t\t\t\t\t<a href=\"https:\/\/ivadolabs.com\/fr\/invest-ia\/\">\n\t\t\t\t\t\t\t<img loading=\"lazy\" decoding=\"async\" width=\"200\" height=\"100\" src=\"https:\/\/www.crim.ca\/wp-content\/uploads\/2022\/04\/invest-ai.jpg\" class=\"attachment-large size-large wp-image-14064\" alt=\"\" \/>\t\t\t\t\t\t\t\t<\/a>\n\t\t\t\t\t\t\t\t\t\t\t\t\t\t\t<\/div>\n\t\t\t\t<\/div>\n\t\t\t\t<\/div>\n\t\t<div class=\"elementor-element elementor-element-f36b116 e-con-full e-flex e-con e-child\" data-id=\"f36b116\" data-element_type=\"container\">\n\t\t\t\t<div class=\"elementor-element elementor-element-69854e6 elementor-widget__width-initial elementor-widget elementor-widget-image\" data-id=\"69854e6\" data-element_type=\"widget\" data-widget_type=\"image.default\">\n\t\t\t\t<div class=\"elementor-widget-container\">\n\t\t\t\t\t\t\t\t\t\t\t\t\t\t\t\t<a href=\"https:\/\/www.investquebec.com\/quebec\/fr\/\" target=\"_blank\">\n\t\t\t\t\t\t\t<img loading=\"lazy\" decoding=\"async\" width=\"200\" height=\"100\" src=\"https:\/\/www.crim.ca\/wp-content\/uploads\/2022\/04\/investisement-quebec.jpg\" class=\"attachment-large size-large wp-image-14066\" alt=\"\" \/>\t\t\t\t\t\t\t\t<\/a>\n\t\t\t\t\t\t\t\t\t\t\t\t\t\t\t<\/div>\n\t\t\t\t<\/div>\n\t\t\t\t<div class=\"elementor-element elementor-element-4c1e217 elementor-widget__width-initial elementor-widget elementor-widget-image\" data-id=\"4c1e217\" data-element_type=\"widget\" data-widget_type=\"image.default\">\n\t\t\t\t<div class=\"elementor-widget-container\">\n\t\t\t\t\t\t\t\t\t\t\t\t\t\t\t\t<a href=\"https:\/\/www.medteq.ca\/\" target=\"_blank\">\n\t\t\t\t\t\t\t<img loading=\"lazy\" decoding=\"async\" width=\"200\" height=\"100\" src=\"https:\/\/www.crim.ca\/wp-content\/uploads\/2022\/04\/medteq.jpg\" class=\"attachment-large size-large wp-image-14068\" alt=\"\" \/>\t\t\t\t\t\t\t\t<\/a>\n\t\t\t\t\t\t\t\t\t\t\t\t\t\t\t<\/div>\n\t\t\t\t<\/div>\n\t\t\t\t<div class=\"elementor-element elementor-element-3411d5b elementor-widget__width-initial elementor-widget elementor-widget-image\" data-id=\"3411d5b\" data-element_type=\"widget\" data-widget_type=\"image.default\">\n\t\t\t\t<div class=\"elementor-widget-container\">\n\t\t\t\t\t\t\t\t\t\t\t\t\t\t\t\t<a href=\"https:\/\/www.prima.ca\/\" target=\"_blank\">\n\t\t\t\t\t\t\t<img loading=\"lazy\" decoding=\"async\" width=\"200\" height=\"100\" src=\"https:\/\/www.crim.ca\/wp-content\/uploads\/2022\/04\/prima.jpg\" class=\"attachment-large size-large wp-image-14070\" alt=\"\" \/>\t\t\t\t\t\t\t\t<\/a>\n\t\t\t\t\t\t\t\t\t\t\t\t\t\t\t<\/div>\n\t\t\t\t<\/div>\n\t\t\t\t<div class=\"elementor-element elementor-element-aff290f elementor-widget__width-initial elementor-widget elementor-widget-image\" data-id=\"aff290f\" data-element_type=\"widget\" data-widget_type=\"image.default\">\n\t\t\t\t<div class=\"elementor-widget-container\">\n\t\t\t\t\t\t\t\t\t\t\t\t\t\t\t\t<a href=\"https:\/\/promptinnov.com\/\" target=\"_blank\">\n\t\t\t\t\t\t\t<img loading=\"lazy\" decoding=\"async\" width=\"200\" height=\"100\" src=\"https:\/\/www.crim.ca\/wp-content\/uploads\/2022\/04\/prompt.jpg\" class=\"attachment-large size-large wp-image-14072\" alt=\"\" \/>\t\t\t\t\t\t\t\t<\/a>\n\t\t\t\t\t\t\t\t\t\t\t\t\t\t\t<\/div>\n\t\t\t\t<\/div>\n\t\t\t\t<\/div>\n\t\t<div class=\"elementor-element elementor-element-6443968 e-con-full e-flex e-con e-child\" data-id=\"6443968\" data-element_type=\"container\">\n\t\t\t\t<div class=\"elementor-element elementor-element-3492db7 elementor-widget__width-inherit elementor-widget elementor-widget-image\" data-id=\"3492db7\" data-element_type=\"widget\" data-widget_type=\"image.default\">\n\t\t\t\t<div class=\"elementor-widget-container\">\n\t\t\t\t\t\t\t\t\t\t\t\t\t\t\t\t<a href=\"https:\/\/www.scaleai.ca\/fr\/\" target=\"_blank\">\n\t\t\t\t\t\t\t<img loading=\"lazy\" decoding=\"async\" width=\"200\" height=\"100\" src=\"https:\/\/www.crim.ca\/wp-content\/uploads\/2022\/04\/scaleai.jpg\" class=\"attachment-large size-large wp-image-14074\" alt=\"\" \/>\t\t\t\t\t\t\t\t<\/a>\n\t\t\t\t\t\t\t\t\t\t\t\t\t\t\t<\/div>\n\t\t\t\t<\/div>\n\t\t\t\t<\/div>\n\t\t\t\t<div class=\"elementor-element elementor-element-13e6c32 elementor-widget elementor-widget-html\" data-id=\"13e6c32\" data-element_type=\"widget\" data-widget_type=\"html.default\">\n\t\t\t\t<div class=\"elementor-widget-container\">\n\t\t\t\t\t<script>document.addEventListener('DOMContentLoaded', function () {\n\nvar filteredImages = document.querySelectorAll('.e-gallery-item');\n\n\/\/Edit the links HERE\nvar links = [\n'https:\/\/nrc.canada.ca\/fr\/',\n'https:\/\/www.scaleai.ca\/fr\/',\n'https:\/\/www.economie.gouv.qc.ca\/accueil\/',\n'https:\/\/www.investquebec.com\/quebec\/fr\/',\n'https:\/\/promptinnov.com\/',\n'https:\/\/www.medteq.ca\/',\n'https:\/\/cqdm.org\/fr\/',\n'https:\/\/www.cqrda.ca\/',\n'https:\/\/www.criaq.aero\/',\n'https:\/\/cribiq.qc.ca\/',\n'https:\/\/www.critm.ca\/',\n'https:\/\/innov-ee.ca\/',\n'https:\/\/www.prima.ca\/',\n'https:\/\/ivadolabs.com\/fr\/invest-ia\/'\n];\n\nvar _loope = function _loope(i) {\n    if (links[i].length > 4) {\n    filteredImages[i].style.cursor = \"pointer\";\nfilteredImages[i].addEventListener('click', function () {\nwindow.open(links[i]);\n});\n}\n};\n\nfor (var i = 0; i < filteredImages.length; i++) {\n_loope(i);\n}\n\n});\n\n<\/script>\t\t\t\t<\/div>\n\t\t\t\t<\/div>\n\t\t\t\t<\/div>\n\t\t\t\t\t<\/div>\n\t\t\t\t<\/div>\n\t\t\t\t<\/div>\n\t\t","protected":false},"excerpt":{"rendered":"<p>CRIM is at the heart of a rich innovation ecosystem, and through its collaborative activities plays a leading role in this vast network. Due to their remarkable diversity, these companies, researchers and professionals help to extend the outreach of artificial intelligence and data science sectors. An industrial innovation center (CII) Also known by their English [&hellip;]<\/p>\n","protected":false},"author":34,"featured_media":14933,"parent":0,"menu_order":0,"comment_status":"closed","ping_status":"closed","template":"","meta":{"_acf_changed":false,"footnotes":"","_links_to":"","_links_to_target":""},"class_list":["post-19328","page","type-page","status-publish","has-post-thumbnail","hentry"],"acf":[],"_links":{"self":[{"href":"https:\/\/www.crim.ca\/en\/wp-json\/wp\/v2\/pages\/19328","targetHints":{"allow":["GET"]}}],"collection":[{"href":"https:\/\/www.crim.ca\/en\/wp-json\/wp\/v2\/pages"}],"about":[{"href":"https:\/\/www.crim.ca\/en\/wp-json\/wp\/v2\/types\/page"}],"author":[{"embeddable":true,"href":"https:\/\/www.crim.ca\/en\/wp-json\/wp\/v2\/users\/34"}],"replies":[{"embeddable":true,"href":"https:\/\/www.crim.ca\/en\/wp-json\/wp\/v2\/comments?post=19328"}],"version-history":[{"count":21,"href":"https:\/\/www.crim.ca\/en\/wp-json\/wp\/v2\/pages\/19328\/revisions"}],"predecessor-version":[{"id":28373,"href":"https:\/\/www.crim.ca\/en\/wp-json\/wp\/v2\/pages\/19328\/revisions\/28373"}],"wp:featuredmedia":[{"embeddable":true,"href":"https:\/\/www.crim.ca\/en\/wp-json\/wp\/v2\/media\/14933"}],"wp:attachment":[{"href":"https:\/\/www.crim.ca\/en\/wp-json\/wp\/v2\/media?parent=19328"}],"curies":[{"name":"wp","href":"https:\/\/api.w.org\/{rel}","templated":true}]}}