{"id":28631,"date":"2026-01-12T17:05:47","date_gmt":"2026-01-12T22:05:47","guid":{"rendered":"https:\/\/www.crim.ca\/la-mission-du-crim\/"},"modified":"2026-01-12T17:05:50","modified_gmt":"2026-01-12T22:05:50","slug":"la-mission-du-crim","status":"publish","type":"page","link":"https:\/\/www.crim.ca\/en\/la-mission-du-crim\/","title":{"rendered":"CRIM&#8217;s mission"},"content":{"rendered":"\t\t<div data-elementor-type=\"wp-page\" data-elementor-id=\"28631\" class=\"elementor elementor-28631 elementor-26475\" data-elementor-post-type=\"page\">\n\t\t\t\t<div class=\"elementor-element elementor-element-a66f294 e-flex e-con-boxed e-con e-parent\" data-id=\"a66f294\" data-element_type=\"container\">\n\t\t\t\t\t<div class=\"e-con-inner\">\n\t\t<div class=\"elementor-element elementor-element-354ca53 e-con-full e-flex e-con e-child\" data-id=\"354ca53\" data-element_type=\"container\">\n\t\t\t\t<div class=\"elementor-element elementor-element-f19e111 elementor-widget-mobile__width-inherit elementor-widget elementor-widget-image\" data-id=\"f19e111\" data-element_type=\"widget\" data-widget_type=\"image.default\">\n\t\t\t\t<div class=\"elementor-widget-container\">\n\t\t\t\t\t\t\t\t\t\t\t\t\t\t\t<img decoding=\"async\" width=\"279\" height=\"175\" src=\"https:\/\/www.crim.ca\/wp-content\/uploads\/2025\/06\/quebec.avif\" class=\"attachment-medium_large size-medium_large wp-image-26345\" alt=\"\" \/>\t\t\t\t\t\t\t\t\t\t\t\t\t\t\t<\/div>\n\t\t\t\t<\/div>\n\t\t\t\t<\/div>\n\t\t<div class=\"elementor-element elementor-element-1ee3438 e-con-full e-flex e-con e-child\" data-id=\"1ee3438\" data-element_type=\"container\">\n\t\t\t\t<div class=\"elementor-element elementor-element-9d98b0b elementor-widget elementor-widget-heading\" data-id=\"9d98b0b\" data-element_type=\"widget\" data-widget_type=\"heading.default\">\n\t\t\t\t<div class=\"elementor-widget-container\">\n\t\t\t\t\t<h2 class=\"elementor-heading-title elementor-size-default\">Innovating with heart, transforming Quebec<\/h2>\t\t\t\t<\/div>\n\t\t\t\t<\/div>\n\t\t\t\t<div class=\"elementor-element elementor-element-41b72cd elementor-widget elementor-widget-text-editor\" data-id=\"41b72cd\" data-element_type=\"widget\" data-widget_type=\"text-editor.default\">\n\t\t\t\t<div class=\"elementor-widget-container\">\n\t\t\t\t\t\t\t\t\t<p>At <strong>CRIM<\/strong>, our mission is to help Quebec society move forward by harnessing artificial intelligence and cutting-edge technologies in the service of innovation, productivity and the common good.<\/p><p>What sets us apart? We are in the <strong>vanguard<\/strong>, <strong>with heart<\/strong>. Scientific rigor, technological daring and human commitment guide our every action.  <\/p>\t\t\t\t\t\t\t\t<\/div>\n\t\t\t\t<\/div>\n\t\t\t\t<\/div>\n\t\t\t\t\t<\/div>\n\t\t\t\t<\/div>\n\t\t<div class=\"elementor-element elementor-element-8e350e7 e-flex e-con-boxed e-con e-parent\" data-id=\"8e350e7\" data-element_type=\"container\">\n\t\t\t\t\t<div class=\"e-con-inner\">\n\t\t<div class=\"elementor-element elementor-element-31c7f2d e-con-full e-flex e-con e-child\" data-id=\"31c7f2d\" data-element_type=\"container\">\n\t\t\t\t<div class=\"elementor-element elementor-element-e67c779 h2-tiret-gauche h2-tiret-gauche-bleu elementor-widget elementor-widget-heading\" data-id=\"e67c779\" data-element_type=\"widget\" data-widget_type=\"heading.default\">\n\t\t\t\t<div class=\"elementor-widget-container\">\n\t\t\t\t\t<h2 class=\"elementor-heading-title elementor-size-default\">Pushing the limits, for the needs of businesses, citizens and society<\/h2>\t\t\t\t<\/div>\n\t\t\t\t<\/div>\n\t\t\t\t<div class=\"elementor-element elementor-element-f891f42 wpman-list liste-crochet elementor-widget elementor-widget-text-editor\" data-id=\"f891f42\" data-element_type=\"widget\" data-widget_type=\"text-editor.default\">\n\t\t\t\t<div class=\"elementor-widget-container\">\n\t\t\t\t\t\t\t\t\t<p>As an <strong>applied research center<\/strong>, CRIM acts as an innovation catalyst for Qu\u00e9bec companies. With the support of the <strong>Minist\u00e8re de l&#8217;\u00c9conomie, de l&#8217;Innovation et de l&#8217;\u00c9nergie du Qu\u00e9bec<\/strong>, we assist organizations of all sizes with their technology projects. <\/p>\t\t\t\t\t\t\t\t<\/div>\n\t\t\t\t<\/div>\n\t\t\t\t<\/div>\n\t\t<div class=\"elementor-element elementor-element-4bf5da1 e-con-full e-flex e-con e-child\" data-id=\"4bf5da1\" data-element_type=\"container\">\n\t\t\t\t<div class=\"elementor-element elementor-element-76d3562 elementor-widget elementor-widget-heading\" data-id=\"76d3562\" data-element_type=\"widget\" data-widget_type=\"heading.default\">\n\t\t\t\t<div class=\"elementor-widget-container\">\n\t\t\t\t\t<h3 class=\"elementor-heading-title elementor-size-default\">A tangible economic impact<\/h3>\t\t\t\t<\/div>\n\t\t\t\t<\/div>\n\t\t\t\t<div class=\"elementor-element elementor-element-f60df28 wpman-list elementor-widget elementor-widget-text-editor\" data-id=\"f60df28\" data-element_type=\"widget\" data-widget_type=\"text-editor.default\">\n\t\t\t\t<div class=\"elementor-widget-container\">\n\t\t\t\t\t\t\t\t\t<p>Together with our partners, we build tailor-made technological projects that reduce uncertainties, accelerate time-to-market and boost competitiveness.<\/p><ul><li>In 2024-2025, CRIM served <strong>200 organizations,<\/strong> <strong>53%<\/strong> of them <strong>SMEs<\/strong>.<\/li><li>The companies we work with have seen <strong>their capacity for innovation boosted<\/strong>, <strong>their revenues increased<\/strong> and their <strong>competitiveness<\/strong> in their markets <strong>improved<\/strong>.  <\/li><\/ul>\t\t\t\t\t\t\t\t<\/div>\n\t\t\t\t<\/div>\n\t\t\t\t<\/div>\n\t\t\t\t\t<\/div>\n\t\t\t\t<\/div>\n\t\t<div class=\"elementor-element elementor-element-319080b e-flex e-con-boxed e-con e-parent\" data-id=\"319080b\" data-element_type=\"container\">\n\t\t\t\t\t<div class=\"e-con-inner\">\n\t\t<div class=\"elementor-element elementor-element-323583b e-con-full e-flex e-con e-child\" data-id=\"323583b\" data-element_type=\"container\">\n\t\t<div class=\"elementor-element elementor-element-0b5a70e e-con-full e-flex e-con e-child\" data-id=\"0b5a70e\" data-element_type=\"container\">\n\t\t\t\t<div class=\"elementor-element elementor-element-b4ae008 h2-tiret-gauche h2-tiret-gauche-bleu elementor-widget elementor-widget-heading\" data-id=\"b4ae008\" data-element_type=\"widget\" data-widget_type=\"heading.default\">\n\t\t\t\t<div class=\"elementor-widget-container\">\n\t\t\t\t\t<h2 class=\"elementor-heading-title elementor-size-default\">Ethical, reliable and useful AI<\/h2>\t\t\t\t<\/div>\n\t\t\t\t<\/div>\n\t\t\t\t<div class=\"elementor-element elementor-element-1be2e76 wpman-list liste-grandcrochet elementor-widget elementor-widget-text-editor\" data-id=\"1be2e76\" data-element_type=\"widget\" data-widget_type=\"text-editor.default\">\n\t\t\t\t<div class=\"elementor-widget-container\">\n\t\t\t\t\t\t\t\t\t<p>CRIM is actively committed to ethical, responsible and sustainable AI in response to the major societal challenges posed by artificial intelligence:<\/p>\t\t\t\t\t\t\t\t<\/div>\n\t\t\t\t<\/div>\n\t\t\t\t<\/div>\n\t\t<div class=\"elementor-element elementor-element-281733e e-con-full e-flex e-con e-child\" data-id=\"281733e\" data-element_type=\"container\" data-settings=\"{&quot;background_background&quot;:&quot;classic&quot;}\">\n\t\t\t\t<div class=\"elementor-element elementor-element-9a976b1 elementor-widget-mobile__width-inherit elementor-widget elementor-widget-image\" data-id=\"9a976b1\" data-element_type=\"widget\" data-widget_type=\"image.default\">\n\t\t\t\t<div class=\"elementor-widget-container\">\n\t\t\t\t\t\t\t\t\t\t\t\t\t\t\t<img decoding=\"async\" width=\"40\" height=\"39\" src=\"https:\/\/www.crim.ca\/wp-content\/uploads\/2025\/06\/grandcrochet.png\" class=\"attachment-medium_large size-medium_large wp-image-26327\" alt=\"\" \/>\t\t\t\t\t\t\t\t\t\t\t\t\t\t\t<\/div>\n\t\t\t\t<\/div>\n\t\t\t\t<div class=\"elementor-element elementor-element-c4744bd texte-valeurs elementor-widget elementor-widget-text-editor\" data-id=\"c4744bd\" data-element_type=\"widget\" data-widget_type=\"text-editor.default\">\n\t\t\t\t<div class=\"elementor-widget-container\">\n\t\t\t\t\t\t\t\t\t<p>Participation in the major <strong>public consultation on AI regulation<\/strong> led by the Quebec Innovation Council.<\/p>\t\t\t\t\t\t\t\t<\/div>\n\t\t\t\t<\/div>\n\t\t\t\t<\/div>\n\t\t<div class=\"elementor-element elementor-element-bc56cfe e-con-full e-flex e-con e-child\" data-id=\"bc56cfe\" data-element_type=\"container\" data-settings=\"{&quot;background_background&quot;:&quot;classic&quot;}\">\n\t\t\t\t<div class=\"elementor-element elementor-element-03c2f44 elementor-widget-mobile__width-inherit elementor-widget elementor-widget-image\" data-id=\"03c2f44\" data-element_type=\"widget\" data-widget_type=\"image.default\">\n\t\t\t\t<div class=\"elementor-widget-container\">\n\t\t\t\t\t\t\t\t\t\t\t\t\t\t\t<img decoding=\"async\" width=\"40\" height=\"39\" src=\"https:\/\/www.crim.ca\/wp-content\/uploads\/2025\/06\/grandcrochet.png\" class=\"attachment-medium_large size-medium_large wp-image-26327\" alt=\"\" \/>\t\t\t\t\t\t\t\t\t\t\t\t\t\t\t<\/div>\n\t\t\t\t<\/div>\n\t\t\t\t<div class=\"elementor-element elementor-element-51c9074 texte-valeurs elementor-widget elementor-widget-text-editor\" data-id=\"51c9074\" data-element_type=\"widget\" data-widget_type=\"text-editor.default\">\n\t\t\t\t<div class=\"elementor-widget-container\">\n\t\t\t\t\t\t\t\t\t<p>Contribution to the <strong>Confiance IA consortium<\/strong>, to develop tools and methods for designing reliable, robust and fair AI systems.<\/p>\t\t\t\t\t\t\t\t<\/div>\n\t\t\t\t<\/div>\n\t\t\t\t<\/div>\n\t\t<div class=\"elementor-element elementor-element-6a712ad e-con-full e-flex e-con e-child\" data-id=\"6a712ad\" data-element_type=\"container\" data-settings=\"{&quot;background_background&quot;:&quot;classic&quot;}\">\n\t\t\t\t<div class=\"elementor-element elementor-element-80e8765 elementor-widget-mobile__width-inherit elementor-widget elementor-widget-image\" data-id=\"80e8765\" data-element_type=\"widget\" data-widget_type=\"image.default\">\n\t\t\t\t<div class=\"elementor-widget-container\">\n\t\t\t\t\t\t\t\t\t\t\t\t\t\t\t<img decoding=\"async\" width=\"40\" height=\"39\" src=\"https:\/\/www.crim.ca\/wp-content\/uploads\/2025\/06\/grandcrochet.png\" class=\"attachment-medium_large size-medium_large wp-image-26327\" alt=\"\" \/>\t\t\t\t\t\t\t\t\t\t\t\t\t\t\t<\/div>\n\t\t\t\t<\/div>\n\t\t\t\t<div class=\"elementor-element elementor-element-a85adb3 texte-valeurs elementor-widget elementor-widget-text-editor\" data-id=\"a85adb3\" data-element_type=\"widget\" data-widget_type=\"text-editor.default\">\n\t\t\t\t<div class=\"elementor-widget-container\">\n\t\t\t\t\t\t\t\t\t<p>Collaboration with the <strong>University of Ottawa&#8217;s Information Integrity Lab<\/strong> to counter misinformation amplified by generative AI.<\/p>\t\t\t\t\t\t\t\t<\/div>\n\t\t\t\t<\/div>\n\t\t\t\t<\/div>\n\t\t\t\t<\/div>\n\t\t\t\t\t<\/div>\n\t\t\t\t<\/div>\n\t\t<div class=\"elementor-element elementor-element-ab3d032 e-flex e-con-boxed e-con e-parent\" data-id=\"ab3d032\" data-element_type=\"container\">\n\t\t\t\t\t<div class=\"e-con-inner\">\n\t\t<div class=\"elementor-element elementor-element-dbfe1d5 e-con-full e-flex e-con e-child\" data-id=\"dbfe1d5\" data-element_type=\"container\">\n\t\t\t\t<div class=\"elementor-element elementor-element-81311a5 elementor-position-left elementor-position-left elementor-vertical-align-middle elementor-vertical-align-middle wpman-list elementor-widget elementor-widget-image-box\" data-id=\"81311a5\" data-element_type=\"widget\" data-widget_type=\"image-box.default\">\n\t\t\t\t<div class=\"elementor-widget-container\">\n\t\t\t\t\t<div class=\"elementor-image-box-wrapper\"><figure class=\"elementor-image-box-img\"><img decoding=\"async\" width=\"1\" height=\"1\" src=\"https:\/\/www.crim.ca\/wp-content\/uploads\/2025\/06\/lemonde.svg\" class=\"attachment-medium_large size-medium_large wp-image-26379\" alt=\"\" \/><\/figure><div class=\"elementor-image-box-content\"><h3 class=\"elementor-image-box-title\">Technological innovation for the common good<\/h3><p class=\"elementor-image-box-description\">Our mission includes making a positive impact on society:  \n<ul>\n<li>With the donneesclimatiques.ca portal, we are making scientific data available to everyone to help plan adaptation to climate change.  <\/li>\n<li>We are working to ensure that technology is a lever for resilience, inclusion and sustainable development.  <\/li>\n<ul><\/p><\/div><\/div>\t\t\t\t<\/div>\n\t\t\t\t<\/div>\n\t\t\t\t<\/div>\n\t\t\t\t\t<\/div>\n\t\t\t\t<\/div>\n\t\t<div class=\"elementor-element elementor-element-4f9b54d e-flex e-con-boxed e-con e-parent\" data-id=\"4f9b54d\" data-element_type=\"container\">\n\t\t\t\t\t<div class=\"e-con-inner\">\n\t\t<div class=\"elementor-element elementor-element-4bbe9da e-con-full e-flex e-con e-child\" data-id=\"4bbe9da\" data-element_type=\"container\">\n\t\t\t\t<div class=\"elementor-element elementor-element-a3bca36 h2-tiret-gauche h2-tiret-gauche-bleu elementor-widget elementor-widget-heading\" data-id=\"a3bca36\" data-element_type=\"widget\" data-widget_type=\"heading.default\">\n\t\t\t\t<div class=\"elementor-widget-container\">\n\t\t\t\t\t<h2 class=\"elementor-heading-title elementor-size-default\">An agile, committed and forward-looking organization<\/h2>\t\t\t\t<\/div>\n\t\t\t\t<\/div>\n\t\t\t\t<div class=\"elementor-element elementor-element-47451cd wpman-list elementor-widget elementor-widget-text-editor\" data-id=\"47451cd\" data-element_type=\"widget\" data-widget_type=\"text-editor.default\">\n\t\t\t\t<div class=\"elementor-widget-container\">\n\t\t\t\t\t\t\t\t\t<p>CRIM is recognized for its ability to adjust quickly to a constantly evolving scientific and technological environment, thanks to a multidisciplinary team, a culture of collaboration and a constant commitment to creating value, both economic and social.<\/p><p>We&#8217;re moving forward with heart and innovation, to help build a more efficient, sustainable and humane Quebec.<\/p>\t\t\t\t\t\t\t\t<\/div>\n\t\t\t\t<\/div>\n\t\t\t\t<\/div>\n\t\t<div class=\"elementor-element elementor-element-6245f89 e-con-full e-flex e-con e-child\" data-id=\"6245f89\" data-element_type=\"container\">\n\t\t\t\t<div class=\"elementor-element elementor-element-f11fdab elementor-widget-mobile__width-inherit elementor-widget elementor-widget-image\" data-id=\"f11fdab\" data-element_type=\"widget\" data-widget_type=\"image.default\">\n\t\t\t\t<div class=\"elementor-widget-container\">\n\t\t\t\t\t\t\t\t\t\t\t\t\t\t\t<img loading=\"lazy\" decoding=\"async\" width=\"308\" height=\"205\" src=\"https:\/\/www.crim.ca\/wp-content\/uploads\/2025\/06\/db54f3e7fad4ea3e4b6a20e712593bcfb3a2255b.avif\" class=\"attachment-medium_large size-medium_large wp-image-26321\" alt=\"\" srcset=\"https:\/\/www.crim.ca\/wp-content\/uploads\/2025\/06\/db54f3e7fad4ea3e4b6a20e712593bcfb3a2255b.avif 308w, https:\/\/www.crim.ca\/wp-content\/uploads\/2025\/06\/db54f3e7fad4ea3e4b6a20e712593bcfb3a2255b-300x200.avif 300w\" sizes=\"(max-width: 308px) 100vw, 308px\" \/>\t\t\t\t\t\t\t\t\t\t\t\t\t\t\t<\/div>\n\t\t\t\t<\/div>\n\t\t\t\t<\/div>\n\t\t\t\t\t<\/div>\n\t\t\t\t<\/div>\n\t\t\t\t<\/div>\n\t\t","protected":false},"excerpt":{"rendered":"<p>Innovating with heart, transforming Quebec At CRIM, our mission is to help Quebec society move forward by harnessing artificial intelligence and cutting-edge technologies in the service of innovation, productivity and the common good. What sets us apart? We are in the vanguard, with heart. Scientific rigor, technological daring and human commitment guide our every action. [&hellip;]<\/p>\n","protected":false},"author":34,"featured_media":14435,"parent":0,"menu_order":0,"comment_status":"closed","ping_status":"closed","template":"","meta":{"_acf_changed":false,"footnotes":"","_links_to":"","_links_to_target":""},"class_list":["post-28631","page","type-page","status-publish","has-post-thumbnail","hentry"],"acf":[],"_links":{"self":[{"href":"https:\/\/www.crim.ca\/en\/wp-json\/wp\/v2\/pages\/28631","targetHints":{"allow":["GET"]}}],"collection":[{"href":"https:\/\/www.crim.ca\/en\/wp-json\/wp\/v2\/pages"}],"about":[{"href":"https:\/\/www.crim.ca\/en\/wp-json\/wp\/v2\/types\/page"}],"author":[{"embeddable":true,"href":"https:\/\/www.crim.ca\/en\/wp-json\/wp\/v2\/users\/34"}],"replies":[{"embeddable":true,"href":"https:\/\/www.crim.ca\/en\/wp-json\/wp\/v2\/comments?post=28631"}],"version-history":[{"count":1,"href":"https:\/\/www.crim.ca\/en\/wp-json\/wp\/v2\/pages\/28631\/revisions"}],"predecessor-version":[{"id":28635,"href":"https:\/\/www.crim.ca\/en\/wp-json\/wp\/v2\/pages\/28631\/revisions\/28635"}],"wp:featuredmedia":[{"embeddable":true,"href":"https:\/\/www.crim.ca\/en\/wp-json\/wp\/v2\/media\/14435"}],"wp:attachment":[{"href":"https:\/\/www.crim.ca\/en\/wp-json\/wp\/v2\/media?parent=28631"}],"curies":[{"name":"wp","href":"https:\/\/api.w.org\/{rel}","templated":true}]}}