{"id":28659,"date":"2026-01-12T17:06:03","date_gmt":"2026-01-12T22:06:03","guid":{"rendered":"https:\/\/www.crim.ca\/projets-internes\/"},"modified":"2026-01-12T17:06:05","modified_gmt":"2026-01-12T22:06:05","slug":"projets-internes","status":"publish","type":"page","link":"https:\/\/www.crim.ca\/en\/projets-internes\/","title":{"rendered":"Internal projects"},"content":{"rendered":"\t\t<div data-elementor-type=\"wp-page\" data-elementor-id=\"28659\" class=\"elementor elementor-28659 elementor-26644\" data-elementor-post-type=\"page\">\n\t\t\t\t<div class=\"elementor-element elementor-element-50d91b4 e-flex e-con-boxed e-con e-parent\" data-id=\"50d91b4\" data-element_type=\"container\">\n\t\t\t\t\t<div class=\"e-con-inner\">\n\t\t<div class=\"elementor-element elementor-element-1a8c92a e-con-full e-flex e-con e-child\" data-id=\"1a8c92a\" data-element_type=\"container\">\n\t\t\t\t<div class=\"elementor-element elementor-element-240007a h2-tiret-gauche h2-tiret-gauche-orange elementor-widget elementor-widget-heading\" data-id=\"240007a\" data-element_type=\"widget\" data-widget_type=\"heading.default\">\n\t\t\t\t<div class=\"elementor-widget-container\">\n\t\t\t\t\t<h2 class=\"elementor-heading-title elementor-size-default\">Innovate, experiment, pass on<\/h2>\t\t\t\t<\/div>\n\t\t\t\t<\/div>\n\t\t\t\t<div class=\"elementor-element elementor-element-7b9335a wpman-list elementor-widget elementor-widget-text-editor\" data-id=\"7b9335a\" data-element_type=\"widget\" data-widget_type=\"text-editor.default\">\n\t\t\t\t<div class=\"elementor-widget-container\">\n\t\t\t\t\t\t\t\t\t<p>CRIM&#8217;s in-house projects embody proactive, exploratory research. They enable our teams to test emerging technologies, structure demonstrators, hone their expertise and prepare for the future. <\/p><p>These initiatives give rise to prototypes, open source tools and knowledge transfer projects that enrich our entire ecosystem.<\/p>\t\t\t\t\t\t\t\t<\/div>\n\t\t\t\t<\/div>\n\t\t\t\t<\/div>\n\t\t\t\t\t<\/div>\n\t\t\t\t<\/div>\n\t\t<div class=\"elementor-element elementor-element-21ce874 e-flex e-con-boxed e-con e-parent\" data-id=\"21ce874\" data-element_type=\"container\">\n\t\t\t\t\t<div class=\"e-con-inner\">\n\t\t<div class=\"elementor-element elementor-element-4c31a04 e-con-full e-flex e-con e-child\" data-id=\"4c31a04\" data-element_type=\"container\">\n\t\t\t\t<div class=\"elementor-element elementor-element-dc1bc0b h2-tiret-gauche h2-tiret-gauche-orange elementor-widget elementor-widget-heading\" data-id=\"dc1bc0b\" data-element_type=\"widget\" data-widget_type=\"heading.default\">\n\t\t\t\t<div class=\"elementor-widget-container\">\n\t\t\t\t\t<h2 class=\"elementor-heading-title elementor-size-default\">A living experimental ground<\/h2>\t\t\t\t<\/div>\n\t\t\t\t<\/div>\n\t\t\t\t<div class=\"elementor-element elementor-element-e46bd7e wpman-list elementor-widget elementor-widget-text-editor\" data-id=\"e46bd7e\" data-element_type=\"widget\" data-widget_type=\"text-editor.default\">\n\t\t\t\t<div class=\"elementor-widget-container\">\n\t\t\t\t\t\t\t\t\t<p>Among these projects, heritage projects occupy a special place. Presented at exclusive events, they showcase technological memory and history, while serving as experimental laboratories for our researchers. <\/p><p>More than just historical showcases, they allow you to :<\/p><ul><li>discover new approaches,<\/li><li>test cutting-edge technologies,<\/li><li>actively contribute to scientific research in Quebec,<\/li><li>listen to the real needs of companies and organizations.<\/li><li>Clear, structuring objectives<\/li><\/ul><p>Internal projects have strategic objectives:<\/p><ul><li>Skills development<\/li><li>Scientific influence<\/li><li>Business development<\/li><li>Operational excellence<\/li><\/ul><p>Each project is evaluated by a committee and must produce deliverables.<\/p>\t\t\t\t\t\t\t\t<\/div>\n\t\t\t\t<\/div>\n\t\t\t\t<\/div>\n\t\t\t\t\t<\/div>\n\t\t\t\t<\/div>\n\t\t<div class=\"elementor-element elementor-element-521bc41 e-flex e-con-boxed e-con e-parent\" data-id=\"521bc41\" data-element_type=\"container\">\n\t\t\t\t\t<div class=\"e-con-inner\">\n\t\t<div class=\"elementor-element elementor-element-1abd939 e-con-full e-flex e-con e-child\" data-id=\"1abd939\" data-element_type=\"container\">\n\t\t\t\t<div class=\"elementor-element elementor-element-d42fef7 h2-tiret-gauche h2-tiret-gauche-orange elementor-widget elementor-widget-heading\" data-id=\"d42fef7\" data-element_type=\"widget\" data-widget_type=\"heading.default\">\n\t\t\t\t<div class=\"elementor-widget-container\">\n\t\t\t\t\t<h2 class=\"elementor-heading-title elementor-size-default\">Innovation from the inside<\/h2>\t\t\t\t<\/div>\n\t\t\t\t<\/div>\n\t\t\t\t<div class=\"elementor-element elementor-element-76ebe59 wpman-list elementor-widget elementor-widget-text-editor\" data-id=\"76ebe59\" data-element_type=\"widget\" data-widget_type=\"text-editor.default\">\n\t\t\t\t<div class=\"elementor-widget-container\">\n\t\t\t\t\t\t\t\t\t<p>These projects offer a unique opportunity to plunge into the heart of CRIM, meet the experts behind them and understand how applied research can fuel innovation, technological memory and collective development.<\/p>\t\t\t\t\t\t\t\t<\/div>\n\t\t\t\t<\/div>\n\t\t\t\t<div class=\"elementor-element elementor-element-4c212f1 elementor-widget elementor-widget-button\" data-id=\"4c212f1\" data-element_type=\"widget\" data-widget_type=\"button.default\">\n\t\t\t\t<div class=\"elementor-widget-container\">\n\t\t\t\t\t\t\t\t\t<div class=\"elementor-button-wrapper\">\n\t\t\t\t\t<a class=\"elementor-button elementor-button-link elementor-size-sm\" href=\"https:\/\/www.crim.ca\/en\/projets-realises\/\">\n\t\t\t\t\t\t<span class=\"elementor-button-content-wrapper\">\n\t\t\t\t\t\t\t\t\t<span class=\"elementor-button-text\">See completed projects<\/span>\n\t\t\t\t\t<\/span>\n\t\t\t\t\t<\/a>\n\t\t\t\t<\/div>\n\t\t\t\t\t\t\t\t<\/div>\n\t\t\t\t<\/div>\n\t\t\t\t<\/div>\n\t\t\t\t\t<\/div>\n\t\t\t\t<\/div>\n\t\t<div class=\"elementor-element elementor-element-e535860 e-flex e-con-boxed e-con e-parent\" data-id=\"e535860\" data-element_type=\"container\">\n\t\t\t\t\t<div class=\"e-con-inner\">\n\t\t<div class=\"elementor-element elementor-element-a39a83c e-con-full e-flex e-con e-child\" data-id=\"a39a83c\" data-element_type=\"container\">\n\t\t\t\t<div class=\"elementor-element elementor-element-ca88dd1 h2-tiret-gauche h2-tiret-gauche-orange elementor-widget elementor-widget-heading\" data-id=\"ca88dd1\" data-element_type=\"widget\" data-widget_type=\"heading.default\">\n\t\t\t\t<div class=\"elementor-widget-container\">\n\t\t\t\t\t<h2 class=\"elementor-heading-title elementor-size-default\">Meet the people behind our in-house projects<\/h2>\t\t\t\t<\/div>\n\t\t\t\t<\/div>\n\t\t\t\t<div class=\"elementor-element elementor-element-cdf40b4 wpman-list elementor-widget elementor-widget-text-editor\" data-id=\"cdf40b4\" data-element_type=\"widget\" data-widget_type=\"text-editor.default\">\n\t\t\t\t<div class=\"elementor-widget-container\">\n\t\t\t\t\t\t\t\t\t<p>These projects offer a unique opportunity to delve into the heart of CRIM, to meet the experts behind them, and to understand how applied research can fuel innovation, technological memory and collective development.<\/p><ul><li><span style=\"text-decoration: underline\"><a href=\"https:\/\/www.crim.ca\/en\/banc-essai-parole\/\">Le Banc d&#8217;essai de grands mod\u00e8les de parole en fran\u00e7ais qu\u00e9b\u00e9cois spontan\u00e9: interview with Gilles Boulianne and Amira Morsli<\/a><\/span><\/li><li><span style=\"text-decoration: underline\"><a href=\"https:\/\/www.crim.ca\/en\/le-crim-de-linterieur-nos-projets-internes\/\">CRIM from the inside: our internal projects, interview with Martin Sotir<\/a><\/span><\/li><\/ul>\t\t\t\t\t\t\t\t<\/div>\n\t\t\t\t<\/div>\n\t\t\t\t<\/div>\n\t\t\t\t\t<\/div>\n\t\t\t\t<\/div>\n\t\t\t\t<\/div>\n\t\t","protected":false},"excerpt":{"rendered":"<p>Innovate, experiment, pass on CRIM&#8217;s in-house projects embody proactive, exploratory research. They enable our teams to test emerging technologies, structure demonstrators, hone their expertise and prepare for the future. These initiatives give rise to prototypes, open source tools and knowledge transfer projects that enrich our entire ecosystem. A living experimental ground Among these projects, heritage [&hellip;]<\/p>\n","protected":false},"author":34,"featured_media":14435,"parent":0,"menu_order":0,"comment_status":"closed","ping_status":"closed","template":"","meta":{"_acf_changed":false,"footnotes":"","_links_to":"","_links_to_target":""},"class_list":["post-28659","page","type-page","status-publish","has-post-thumbnail","hentry"],"acf":[],"_links":{"self":[{"href":"https:\/\/www.crim.ca\/en\/wp-json\/wp\/v2\/pages\/28659","targetHints":{"allow":["GET"]}}],"collection":[{"href":"https:\/\/www.crim.ca\/en\/wp-json\/wp\/v2\/pages"}],"about":[{"href":"https:\/\/www.crim.ca\/en\/wp-json\/wp\/v2\/types\/page"}],"author":[{"embeddable":true,"href":"https:\/\/www.crim.ca\/en\/wp-json\/wp\/v2\/users\/34"}],"replies":[{"embeddable":true,"href":"https:\/\/www.crim.ca\/en\/wp-json\/wp\/v2\/comments?post=28659"}],"version-history":[{"count":2,"href":"https:\/\/www.crim.ca\/en\/wp-json\/wp\/v2\/pages\/28659\/revisions"}],"predecessor-version":[{"id":28665,"href":"https:\/\/www.crim.ca\/en\/wp-json\/wp\/v2\/pages\/28659\/revisions\/28665"}],"wp:featuredmedia":[{"embeddable":true,"href":"https:\/\/www.crim.ca\/en\/wp-json\/wp\/v2\/media\/14435"}],"wp:attachment":[{"href":"https:\/\/www.crim.ca\/en\/wp-json\/wp\/v2\/media?parent=28659"}],"curies":[{"name":"wp","href":"https:\/\/api.w.org\/{rel}","templated":true}]}}