{"id":12499,"date":"2022-03-02T11:09:38","date_gmt":"2022-03-02T16:09:38","guid":{"rendered":"https:\/\/www.crim.ca\/?page_id=12499"},"modified":"2025-08-05T13:29:46","modified_gmt":"2025-08-05T17:29:46","slug":"membres","status":"publish","type":"page","link":"https:\/\/www.crim.ca\/fr\/membres\/","title":{"rendered":"Membres"},"content":{"rendered":"\t\t<div data-elementor-type=\"wp-page\" data-elementor-id=\"12499\" class=\"elementor elementor-12499\" data-elementor-post-type=\"page\">\n\t\t\t\t<div class=\"elementor-element elementor-element-0bdecbf e-flex e-con-boxed e-con e-parent\" data-id=\"0bdecbf\" data-element_type=\"container\">\n\t\t\t\t\t<div class=\"e-con-inner\">\n\t\t<div class=\"elementor-element elementor-element-d8c9e2a e-con-full e-flex e-con e-child\" data-id=\"d8c9e2a\" data-element_type=\"container\">\n\t\t\t\t<div class=\"elementor-element elementor-element-ceed47d wpman-list elementor-widget elementor-widget-text-editor\" data-id=\"ceed47d\" data-element_type=\"widget\" data-widget_type=\"text-editor.default\">\n\t\t\t\t<div class=\"elementor-widget-container\">\n\t\t\t\t\t\t\t\t\t<p>En rejoignant notre r\u00e9seau, vous int\u00e9grez un v\u00e9ritable \u00e9cosyst\u00e8me collaboratif o\u00f9 grandes entreprises, PME, start-ups, associations, institutions gouvernementales et organismes parapublics se rencontrent pour cr\u00e9er ensemble de nouvelles opportunit\u00e9s.<\/p>\t\t\t\t\t\t\t\t<\/div>\n\t\t\t\t<\/div>\n\t\t\t\t<\/div>\n\t\t\t\t\t<\/div>\n\t\t\t\t<\/div>\n\t\t<div class=\"elementor-element elementor-element-7d0f661 e-flex e-con-boxed e-con e-parent\" data-id=\"7d0f661\" data-element_type=\"container\">\n\t\t\t\t\t<div class=\"e-con-inner\">\n\t\t<div class=\"elementor-element elementor-element-5c58ce0 e-con-full e-flex e-con e-child\" data-id=\"5c58ce0\" data-element_type=\"container\">\n\t\t\t\t<div class=\"elementor-element elementor-element-0a058f4 h2-tiret-gauche h2-tiret-gauche-bleu elementor-widget elementor-widget-heading\" data-id=\"0a058f4\" data-element_type=\"widget\" id=\"couleur-bleu\" data-widget_type=\"heading.default\">\n\t\t\t\t<div class=\"elementor-widget-container\">\n\t\t\t\t\t<h2 class=\"elementor-heading-title elementor-size-default\">Pourquoi adh\u00e9rer au CRIM ?<\/h2>\t\t\t\t<\/div>\n\t\t\t\t<\/div>\n\t\t\t\t<div class=\"elementor-element elementor-element-ae2f0d5 wpman-list elementor-widget elementor-widget-text-editor\" data-id=\"ae2f0d5\" data-element_type=\"widget\" data-widget_type=\"text-editor.default\">\n\t\t\t\t<div class=\"elementor-widget-container\">\n\t\t\t\t\t\t\t\t\t<p>Au CRIM, nous croyons fermement \u00e0 la force de la collaboration et offrons \u00e0 nos membres une multitude d\u2019avantages con\u00e7us pour stimuler l\u2019innovation et renforcer leur comp\u00e9titivit\u00e9.<\/p>\t\t\t\t\t\t\t\t<\/div>\n\t\t\t\t<\/div>\n\t\t\t\t<div class=\"elementor-element elementor-element-c4abc01 elementor-widget elementor-widget-button\" data-id=\"c4abc01\" data-element_type=\"widget\" data-widget_type=\"button.default\">\n\t\t\t\t<div class=\"elementor-widget-container\">\n\t\t\t\t\t\t\t\t\t<div class=\"elementor-button-wrapper\">\n\t\t\t\t\t<a class=\"elementor-button elementor-button-link elementor-size-sm\" href=\"\/fr\/devenir-membre\/\">\n\t\t\t\t\t\t<span class=\"elementor-button-content-wrapper\">\n\t\t\t\t\t\t\t\t\t<span class=\"elementor-button-text\">Devenir membre<\/span>\n\t\t\t\t\t<\/span>\n\t\t\t\t\t<\/a>\n\t\t\t\t<\/div>\n\t\t\t\t\t\t\t\t<\/div>\n\t\t\t\t<\/div>\n\t\t\t\t<\/div>\n\t\t\t\t\t<\/div>\n\t\t\t\t<\/div>\n\t\t<div data-dce-background-color=\"#ECECEC\" class=\"elementor-element elementor-element-5b9602e e-grid e-con-full e-con e-parent\" data-id=\"5b9602e\" data-element_type=\"container\" data-settings=\"{&quot;background_background&quot;:&quot;classic&quot;}\">\n\t\t<div class=\"elementor-element elementor-element-0699286 e-con-full e-flex e-con e-child\" data-id=\"0699286\" data-element_type=\"container\">\n\t\t<div class=\"elementor-element elementor-element-aed8a97 e-flex e-con-boxed e-con e-child\" data-id=\"aed8a97\" data-element_type=\"container\">\n\t\t\t\t\t<div class=\"e-con-inner\">\n\t\t\t\t<div class=\"elementor-element elementor-element-a5e40ed h2-tiret-gauche h2-tiret-gauche-bleu elementor-widget elementor-widget-heading\" data-id=\"a5e40ed\" data-element_type=\"widget\" id=\"couleur-bleu\" data-widget_type=\"heading.default\">\n\t\t\t\t<div class=\"elementor-widget-container\">\n\t\t\t\t\t<h2 class=\"elementor-heading-title elementor-size-default\">Profitez de nombreux avantages<\/h2>\t\t\t\t<\/div>\n\t\t\t\t<\/div>\n\t\t\t\t\t<\/div>\n\t\t\t\t<\/div>\n\t\t<div class=\"elementor-element elementor-element-cee4cbf e-flex e-con-boxed e-con e-child\" data-id=\"cee4cbf\" data-element_type=\"container\">\n\t\t\t\t\t<div class=\"e-con-inner\">\n\t\t<div class=\"elementor-element elementor-element-1dd8a69 e-con-full e-flex e-con e-child\" data-id=\"1dd8a69\" data-element_type=\"container\">\n\t\t\t\t<div class=\"elementor-element elementor-element-9d53b26 elementor-widget elementor-widget-heading\" data-id=\"9d53b26\" data-element_type=\"widget\" data-widget_type=\"heading.default\">\n\t\t\t\t<div class=\"elementor-widget-container\">\n\t\t\t\t\t<h3 class=\"elementor-heading-title elementor-size-default\">Cotisations abordables<\/h3>\t\t\t\t<\/div>\n\t\t\t\t<\/div>\n\t\t\t\t<div class=\"elementor-element elementor-element-b5d4546 wpman-list liste-crochet elementor-widget elementor-widget-text-editor\" data-id=\"b5d4546\" data-element_type=\"widget\" data-widget_type=\"text-editor.default\">\n\t\t\t\t<div class=\"elementor-widget-container\">\n\t\t\t\t\t\t\t\t\t<p>B\u00e9n\u00e9ficiez de frais d\u2019adh\u00e9sion annuels peu \u00e9lev\u00e9s, facilement r\u00e9glables en ligne par carte de cr\u00e9dit.<\/p>\t\t\t\t\t\t\t\t<\/div>\n\t\t\t\t<\/div>\n\t\t\t\t<\/div>\n\t\t<div class=\"elementor-element elementor-element-429343f e-con-full e-flex e-con e-child\" data-id=\"429343f\" data-element_type=\"container\">\n\t\t\t\t<div class=\"elementor-element elementor-element-f39749a elementor-widget elementor-widget-heading\" data-id=\"f39749a\" data-element_type=\"widget\" data-widget_type=\"heading.default\">\n\t\t\t\t<div class=\"elementor-widget-container\">\n\t\t\t\t\t<h3 class=\"elementor-heading-title elementor-size-default\">R\u00e9ductions exclusives<\/h3>\t\t\t\t<\/div>\n\t\t\t\t<\/div>\n\t\t\t\t<div class=\"elementor-element elementor-element-9241ce5 wpman-list liste-crochet elementor-widget elementor-widget-text-editor\" data-id=\"9241ce5\" data-element_type=\"widget\" data-widget_type=\"text-editor.default\">\n\t\t\t\t<div class=\"elementor-widget-container\">\n\t\t\t\t\t\t\t\t\t<p>Profitez de remises allant jusqu\u2019\u00e0 15 % sur une vari\u00e9t\u00e9 de services offerts par le CRIM.<\/p>\t\t\t\t\t\t\t\t<\/div>\n\t\t\t\t<\/div>\n\t\t\t\t<\/div>\n\t\t<div class=\"elementor-element elementor-element-f275ac1 e-con-full e-flex e-con e-child\" data-id=\"f275ac1\" data-element_type=\"container\">\n\t\t\t\t<div class=\"elementor-element elementor-element-6240564 elementor-widget elementor-widget-heading\" data-id=\"6240564\" data-element_type=\"widget\" data-widget_type=\"heading.default\">\n\t\t\t\t<div class=\"elementor-widget-container\">\n\t\t\t\t\t<h3 class=\"elementor-heading-title elementor-size-default\">Tarifs privilegi\u00e9s<\/h3>\t\t\t\t<\/div>\n\t\t\t\t<\/div>\n\t\t\t\t<div class=\"elementor-element elementor-element-9971534 wpman-list liste-crochet elementor-widget elementor-widget-text-editor\" data-id=\"9971534\" data-element_type=\"widget\" data-widget_type=\"text-editor.default\">\n\t\t\t\t<div class=\"elementor-widget-container\">\n\t\t\t\t\t\t\t\t\t<p>Profitez d\u2019une programmation annuelle d\u2019\u00e9v\u00e9nements \u00e0 tarif privil\u00e9gi\u00e9.<\/p>\t\t\t\t\t\t\t\t<\/div>\n\t\t\t\t<\/div>\n\t\t\t\t<\/div>\n\t\t<div class=\"elementor-element elementor-element-e9a71be e-con-full e-flex e-con e-child\" data-id=\"e9a71be\" data-element_type=\"container\">\n\t\t\t\t<div class=\"elementor-element elementor-element-36c0173 elementor-widget elementor-widget-heading\" data-id=\"36c0173\" data-element_type=\"widget\" data-widget_type=\"heading.default\">\n\t\t\t\t<div class=\"elementor-widget-container\">\n\t\t\t\t\t<h3 class=\"elementor-heading-title elementor-size-default\">Espaces \u00e0 tarif pr\u00e9f\u00e9rentiel<\/h3>\t\t\t\t<\/div>\n\t\t\t\t<\/div>\n\t\t\t\t<div class=\"elementor-element elementor-element-0e86c7a wpman-list liste-crochet elementor-widget elementor-widget-text-editor\" data-id=\"0e86c7a\" data-element_type=\"widget\" data-widget_type=\"text-editor.default\">\n\t\t\t\t<div class=\"elementor-widget-container\">\n\t\t\t\t\t\t\t\t\t<p>Acc\u00e9dez \u00e0 des espaces de location \u00e0 des tarifs avantageux pour vos r\u00e9unions ou \u00e9v\u00e9nements professionnels.<\/p>\t\t\t\t\t\t\t\t<\/div>\n\t\t\t\t<\/div>\n\t\t\t\t<\/div>\n\t\t<div class=\"elementor-element elementor-element-993af70 e-con-full e-flex e-con e-child\" data-id=\"993af70\" data-element_type=\"container\">\n\t\t\t\t<div class=\"elementor-element elementor-element-93fb3e4 elementor-widget elementor-widget-heading\" data-id=\"93fb3e4\" data-element_type=\"widget\" data-widget_type=\"heading.default\">\n\t\t\t\t<div class=\"elementor-widget-container\">\n\t\t\t\t\t<h3 class=\"elementor-heading-title elementor-size-default\">Offres sur des services et \u00e9v\u00e9nements de l'\u00e9cosyst\u00e8me<\/h3>\t\t\t\t<\/div>\n\t\t\t\t<\/div>\n\t\t\t\t<div class=\"elementor-element elementor-element-40151ce wpman-list liste-crochet elementor-widget elementor-widget-text-editor\" data-id=\"40151ce\" data-element_type=\"widget\" data-widget_type=\"text-editor.default\">\n\t\t\t\t<div class=\"elementor-widget-container\">\n\t\t\t\t\t\t\t\t\t<p>B\u00e9n\u00e9ficiez de rabais pour des conf\u00e9rences, salons professionnels et formations, notamment aupr\u00e8s de notre partenaire \u00c9TS Formation, leader en formation continue.<\/p>\t\t\t\t\t\t\t\t<\/div>\n\t\t\t\t<\/div>\n\t\t\t\t<\/div>\n\t\t<div class=\"elementor-element elementor-element-62e7e26 e-con-full e-flex e-con e-child\" data-id=\"62e7e26\" data-element_type=\"container\">\n\t\t\t\t<div class=\"elementor-element elementor-element-a24f6aa elementor-widget elementor-widget-heading\" data-id=\"a24f6aa\" data-element_type=\"widget\" data-widget_type=\"heading.default\">\n\t\t\t\t<div class=\"elementor-widget-container\">\n\t\t\t\t\t<h3 class=\"elementor-heading-title elementor-size-default\">Un \u00e9cosyst\u00e8me d\u2019innovation en intelligence artificielle<\/h3>\t\t\t\t<\/div>\n\t\t\t\t<\/div>\n\t\t\t\t<div class=\"elementor-element elementor-element-f909dec wpman-list liste-crochet elementor-widget elementor-widget-text-editor\" data-id=\"f909dec\" data-element_type=\"widget\" data-widget_type=\"text-editor.default\">\n\t\t\t\t<div class=\"elementor-widget-container\">\n\t\t\t\t\t\t\t\t\t<p>Int\u00e9grez un r\u00e9seau dynamique d\u2019innovateurs et d\u2019experts en IA, propice \u00e0 l\u2019\u00e9change et au partenariat.<\/p>\t\t\t\t\t\t\t\t<\/div>\n\t\t\t\t<\/div>\n\t\t\t\t<\/div>\n\t\t<div class=\"elementor-element elementor-element-8632ccd e-con-full e-flex e-con e-child\" data-id=\"8632ccd\" data-element_type=\"container\">\n\t\t\t\t<div class=\"elementor-element elementor-element-e626f94 elementor-widget elementor-widget-heading\" data-id=\"e626f94\" data-element_type=\"widget\" data-widget_type=\"heading.default\">\n\t\t\t\t<div class=\"elementor-widget-container\">\n\t\t\t\t\t<h3 class=\"elementor-heading-title elementor-size-default\">Opportunit\u00e9s de partenariats<\/h3>\t\t\t\t<\/div>\n\t\t\t\t<\/div>\n\t\t\t\t<div class=\"elementor-element elementor-element-f7ba85d wpman-list liste-crochet elementor-widget elementor-widget-text-editor\" data-id=\"f7ba85d\" data-element_type=\"widget\" data-widget_type=\"text-editor.default\">\n\t\t\t\t<div class=\"elementor-widget-container\">\n\t\t\t\t\t\t\t\t\t<p>Cr\u00e9ez des synergies avec d\u2019autres membres du CRIM et des acteurs majeurs de l\u2019industrie pour booster vos projets.<\/p>\t\t\t\t\t\t\t\t<\/div>\n\t\t\t\t<\/div>\n\t\t\t\t<\/div>\n\t\t<div class=\"elementor-element elementor-element-05d822d e-con-full e-flex e-con e-child\" data-id=\"05d822d\" data-element_type=\"container\">\n\t\t\t\t<div class=\"elementor-element elementor-element-fe4f933 elementor-widget elementor-widget-heading\" data-id=\"fe4f933\" data-element_type=\"widget\" data-widget_type=\"heading.default\">\n\t\t\t\t<div class=\"elementor-widget-container\">\n\t\t\t\t\t<h3 class=\"elementor-heading-title elementor-size-default\">Visibilit\u00e9 renforc\u00e9e<\/h3>\t\t\t\t<\/div>\n\t\t\t\t<\/div>\n\t\t\t\t<div class=\"elementor-element elementor-element-552eac8 wpman-list liste-crochet elementor-widget elementor-widget-text-editor\" data-id=\"552eac8\" data-element_type=\"widget\" data-widget_type=\"text-editor.default\">\n\t\t\t\t<div class=\"elementor-widget-container\">\n\t\t\t\t\t\t\t\t\t<p>Mettez en avant votre entreprise avec une visibilit\u00e9 sur notre site web, nos infolettres et nos r\u00e9seaux sociaux.<\/p>\t\t\t\t\t\t\t\t<\/div>\n\t\t\t\t<\/div>\n\t\t\t\t<\/div>\n\t\t<div class=\"elementor-element elementor-element-0dc1a76 e-con-full e-flex e-con e-child\" data-id=\"0dc1a76\" data-element_type=\"container\">\n\t\t\t\t<div class=\"elementor-element elementor-element-f5c1c5a elementor-widget elementor-widget-heading\" data-id=\"f5c1c5a\" data-element_type=\"widget\" data-widget_type=\"heading.default\">\n\t\t\t\t<div class=\"elementor-widget-container\">\n\t\t\t\t\t<h3 class=\"elementor-heading-title elementor-size-default\">Acc\u00e8s privil\u00e9gi\u00e9 \u00e0 des \u00e9v\u00e9nements exclusifs<\/h3>\t\t\t\t<\/div>\n\t\t\t\t<\/div>\n\t\t\t\t<div class=\"elementor-element elementor-element-b4f432c wpman-list liste-crochet elementor-widget elementor-widget-text-editor\" data-id=\"b4f432c\" data-element_type=\"widget\" data-widget_type=\"text-editor.default\">\n\t\t\t\t<div class=\"elementor-widget-container\">\n\t\t\t\t\t\t\t\t\t<p>Participez \u00e0 des \u00e9v\u00e9nements priv\u00e9s tels que des conf\u00e9rences et des cocktails de r\u00e9seautage, et b\u00e9n\u00e9ficiez d\u2019avantages exclusifs en avant-premi\u00e8re.<\/p>\t\t\t\t\t\t\t\t<\/div>\n\t\t\t\t<\/div>\n\t\t\t\t<\/div>\n\t\t<div class=\"elementor-element elementor-element-832a128 e-con-full e-flex e-con e-child\" data-id=\"832a128\" data-element_type=\"container\">\n\t\t\t\t<div class=\"elementor-element elementor-element-a92ba44 elementor-widget elementor-widget-heading\" data-id=\"a92ba44\" data-element_type=\"widget\" data-widget_type=\"heading.default\">\n\t\t\t\t<div class=\"elementor-widget-container\">\n\t\t\t\t\t<h3 class=\"elementor-heading-title elementor-size-default\">Implication strat\u00e9gique<\/h3>\t\t\t\t<\/div>\n\t\t\t\t<\/div>\n\t\t\t\t<div class=\"elementor-element elementor-element-3558006 wpman-list liste-crochet elementor-widget elementor-widget-text-editor\" data-id=\"3558006\" data-element_type=\"widget\" data-widget_type=\"text-editor.default\">\n\t\t\t\t<div class=\"elementor-widget-container\">\n\t\t\t\t\t\t\t\t\t<p>La possibilit\u00e9 de si\u00e9ger au conseil d\u2019administration du CRIM vous permet de contribuer activement \u00e0 notre strat\u00e9gie et \u00e0 l\u2019orientation de l\u2019innovation au niveau national.<\/p>\t\t\t\t\t\t\t\t<\/div>\n\t\t\t\t<\/div>\n\t\t\t\t<\/div>\n\t\t\t\t\t<\/div>\n\t\t\t\t<\/div>\n\t\t\t\t<\/div>\n\t\t\t\t<\/div>\n\t\t<div class=\"elementor-element elementor-element-aaf5506 e-flex e-con-boxed e-con e-parent\" data-id=\"aaf5506\" data-element_type=\"container\">\n\t\t\t\t\t<div class=\"e-con-inner\">\n\t\t<div class=\"elementor-element elementor-element-8020595 e-con-full e-flex e-con e-child\" data-id=\"8020595\" data-element_type=\"container\">\n\t\t\t\t<div class=\"elementor-element elementor-element-9b5e71d h2-tiret-gauche h2-tiret-gauche-bleu elementor-widget elementor-widget-heading\" data-id=\"9b5e71d\" data-element_type=\"widget\" data-widget_type=\"heading.default\">\n\t\t\t\t<div class=\"elementor-widget-container\">\n\t\t\t\t\t<h2 class=\"elementor-heading-title elementor-size-default\">Rejoignez-nous et innovons ensemble !<\/h2>\t\t\t\t<\/div>\n\t\t\t\t<\/div>\n\t\t\t\t<div class=\"elementor-element elementor-element-b75c91b wpman-list liste-crochet elementor-widget elementor-widget-text-editor\" data-id=\"b75c91b\" data-element_type=\"widget\" data-widget_type=\"text-editor.default\">\n\t\t\t\t<div class=\"elementor-widget-container\">\n\t\t\t\t\t\t\t\t\t<p>Que vous soyez une grande entreprise ou une start-up en pleine expansion, devenir membre du CRIM, c\u2019est choisir d\u2019\u00e9voluer dans un environnement stimulant, dynamique et avant-gardiste.<\/p><p>Ensemble, nous favorisons le partage des connaissances, la mise en r\u00e9seau et le d\u00e9veloppement de solutions technologiques qui font la diff\u00e9rence dans l\u2019\u00e9conomie d&#8217;ici.<\/p><p>D\u00e9couvrez tous les avantages et les opportunit\u00e9s qui vous attendent en rejoignant notre communaut\u00e9 d\u2019experts passionn\u00e9s. Adh\u00e9rez d\u00e8s aujourd&#8217;hui !<\/p><p>Nous avons h\u00e2te de collaborer avec vous et de transformer ensemble l\u2019avenir de l\u2019innovation au Qu\u00e9bec.<\/p>\t\t\t\t\t\t\t\t<\/div>\n\t\t\t\t<\/div>\n\t\t\t\t<div class=\"elementor-element elementor-element-ad0ca22 elementor-widget elementor-widget-button\" data-id=\"ad0ca22\" data-element_type=\"widget\" data-widget_type=\"button.default\">\n\t\t\t\t<div class=\"elementor-widget-container\">\n\t\t\t\t\t\t\t\t\t<div class=\"elementor-button-wrapper\">\n\t\t\t\t\t<a class=\"elementor-button elementor-button-link elementor-size-sm\" href=\"\/fr\/devenir-membre\/\">\n\t\t\t\t\t\t<span class=\"elementor-button-content-wrapper\">\n\t\t\t\t\t\t\t\t\t<span class=\"elementor-button-text\">Devenir membre<\/span>\n\t\t\t\t\t<\/span>\n\t\t\t\t\t<\/a>\n\t\t\t\t<\/div>\n\t\t\t\t\t\t\t\t<\/div>\n\t\t\t\t<\/div>\n\t\t\t\t<\/div>\n\t\t\t\t\t<\/div>\n\t\t\t\t<\/div>\n\t\t\t\t<\/div>\n\t\t","protected":false},"excerpt":{"rendered":"<p>En rejoignant notre r\u00e9seau, vous int\u00e9grez un v\u00e9ritable \u00e9cosyst\u00e8me collaboratif o\u00f9 grandes entreprises, PME, start-ups, associations, institutions gouvernementales et organismes parapublics se rencontrent pour cr\u00e9er ensemble de nouvelles opportunit\u00e9s. Pourquoi adh\u00e9rer au CRIM ? Au CRIM, nous croyons fermement \u00e0 la force de la collaboration et offrons \u00e0 nos membres une multitude d\u2019avantages con\u00e7us pour [&hellip;]<\/p>\n","protected":false},"author":18,"featured_media":14931,"parent":0,"menu_order":0,"comment_status":"closed","ping_status":"closed","template":"","meta":{"_acf_changed":false,"footnotes":"","_links_to":"","_links_to_target":""},"class_list":["post-12499","page","type-page","status-publish","has-post-thumbnail","hentry"],"acf":[],"_links":{"self":[{"href":"https:\/\/www.crim.ca\/fr\/wp-json\/wp\/v2\/pages\/12499","targetHints":{"allow":["GET"]}}],"collection":[{"href":"https:\/\/www.crim.ca\/fr\/wp-json\/wp\/v2\/pages"}],"about":[{"href":"https:\/\/www.crim.ca\/fr\/wp-json\/wp\/v2\/types\/page"}],"author":[{"embeddable":true,"href":"https:\/\/www.crim.ca\/fr\/wp-json\/wp\/v2\/users\/18"}],"replies":[{"embeddable":true,"href":"https:\/\/www.crim.ca\/fr\/wp-json\/wp\/v2\/comments?post=12499"}],"version-history":[{"count":314,"href":"https:\/\/www.crim.ca\/fr\/wp-json\/wp\/v2\/pages\/12499\/revisions"}],"predecessor-version":[{"id":27672,"href":"https:\/\/www.crim.ca\/fr\/wp-json\/wp\/v2\/pages\/12499\/revisions\/27672"}],"wp:featuredmedia":[{"embeddable":true,"href":"https:\/\/www.crim.ca\/fr\/wp-json\/wp\/v2\/media\/14931"}],"wp:attachment":[{"href":"https:\/\/www.crim.ca\/fr\/wp-json\/wp\/v2\/media?parent=12499"}],"curies":[{"name":"wp","href":"https:\/\/api.w.org\/{rel}","templated":true}]}}