{"id":12509,"date":"2022-03-02T11:13:02","date_gmt":"2022-03-02T16:13:02","guid":{"rendered":"https:\/\/www.crim.ca\/?page_id=12509"},"modified":"2025-06-09T14:20:11","modified_gmt":"2025-06-09T18:20:11","slug":"science-des-donnees","status":"publish","type":"page","link":"https:\/\/www.crim.ca\/fr\/science-des-donnees\/","title":{"rendered":"Science des donn\u00e9es"},"content":{"rendered":"\t\t<div data-elementor-type=\"wp-page\" data-elementor-id=\"12509\" class=\"elementor elementor-12509\" data-elementor-post-type=\"page\">\n\t\t\t\t<div class=\"elementor-element elementor-element-a627650 e-flex e-con-boxed e-con e-parent\" data-id=\"a627650\" data-element_type=\"container\">\n\t\t\t\t\t<div class=\"e-con-inner\">\n\t\t<div class=\"elementor-element elementor-element-bf8e9e7 e-con-full e-flex e-con e-child\" data-id=\"bf8e9e7\" data-element_type=\"container\">\n\t\t\t\t<div class=\"elementor-element elementor-element-a082f33 h2-tiret-gauche h2-tiret-gauche-orange elementor-widget elementor-widget-heading\" data-id=\"a082f33\" data-element_type=\"widget\" data-widget_type=\"heading.default\">\n\t\t\t\t<div class=\"elementor-widget-container\">\n\t\t\t\t\t<h2 class=\"elementor-heading-title elementor-size-default\">Une approche strat\u00e9gique et rigoureuse<\/h2>\t\t\t\t<\/div>\n\t\t\t\t<\/div>\n\t\t\t\t<div class=\"elementor-element elementor-element-23b2590 wpman-list liste-crochet elementor-widget elementor-widget-text-editor\" data-id=\"23b2590\" data-element_type=\"widget\" data-widget_type=\"text-editor.default\">\n\t\t\t\t<div class=\"elementor-widget-container\">\n\t\t\t\t\t\t\t\t\t<p>La science des donn\u00e9es est une discipline transversale au c\u0153ur de l\u2019innovation technologique et de la cr\u00e9ation de valeur. Elle permet de transformer le signal brut en insight strat\u00e9gique, en s\u2019appuyant sur une compr\u00e9hension rigoureuse des biais, de la qualit\u00e9 et de la gouvernance des donn\u00e9es. Cette expertise est essentielle \u00e0 tout projet d\u2019intelligence artificielle.<\/p>\t\t\t\t\t\t\t\t<\/div>\n\t\t\t\t<\/div>\n\t\t\t\t<\/div>\n\t\t\t\t\t<\/div>\n\t\t\t\t<\/div>\n\t\t<div class=\"elementor-element elementor-element-743413c e-flex e-con-boxed e-con e-parent\" data-id=\"743413c\" data-element_type=\"container\" data-settings=\"{&quot;background_background&quot;:&quot;classic&quot;}\">\n\t\t\t\t\t<div class=\"e-con-inner\">\n\t\t<div class=\"elementor-element elementor-element-7e6d283 e-con-full e-flex e-con e-child\" data-id=\"7e6d283\" data-element_type=\"container\">\n\t\t\t\t<div class=\"elementor-element elementor-element-2553287 h2-tiret-gauche h2-tiret-gauche-orange elementor-widget elementor-widget-heading\" data-id=\"2553287\" data-element_type=\"widget\" data-widget_type=\"heading.default\">\n\t\t\t\t<div class=\"elementor-widget-container\">\n\t\t\t\t\t<h2 class=\"elementor-heading-title elementor-size-default\">Le CRIM, votre expert en science des donn\u00e9es<\/h2>\t\t\t\t<\/div>\n\t\t\t\t<\/div>\n\t\t\t\t<div class=\"elementor-element elementor-element-be1b992 wpman-list titre-h3-marge elementor-widget elementor-widget-text-editor\" data-id=\"be1b992\" data-element_type=\"widget\" data-widget_type=\"text-editor.default\">\n\t\t\t\t<div class=\"elementor-widget-container\">\n\t\t\t\t\t\t\t\t\t<p>Au-del\u00e0 de la technique, la conformit\u00e9 et l\u2019int\u00e9grit\u00e9 des donn\u00e9es sont des piliers fondamentaux. Les donn\u00e9es ne sont plus de simples sous-produits des processus d\u2019affaires : elles deviennent des actifs strat\u00e9giques.<\/p><p>Leur gouvernance est donc cruciale pour assurer leur exactitude, leur coh\u00e9rence et leur s\u00e9curit\u00e9, tout en respectant les cadres r\u00e9glementaires comme la LPRPSP, la LPRPDE ou le RGPD.<\/p><p>Cette expertise se traduit par des applications concr\u00e8tes telles que :<\/p><ul><li>La biom\u00e9trie vocale<\/li><li>La d\u00e9tection de contenus falsifi\u00e9s (deepfake)<\/li><li>L\u2019analyse comportementale des utilisateurs<\/li><li>La cybers\u00e9curit\u00e9 dans l\u2019internet des objets<\/li><\/ul><p>Gr\u00e2ce \u00e0 cette approche int\u00e9gr\u00e9e, le CRIM aide les organisations \u00e0 valoriser tout type de donn\u00e9es \u2014 qu\u2019il s\u2019agisse de parole, de texte, de vision ou de s\u00e9ries temporelles \u2014 pour assurer leur p\u00e9rennit\u00e9 et leur succ\u00e8s<\/p>\t\t\t\t\t\t\t\t<\/div>\n\t\t\t\t<\/div>\n\t\t\t\t<\/div>\n\t\t\t\t\t<\/div>\n\t\t\t\t<\/div>\n\t\t<div class=\"elementor-element elementor-element-d100d4f e-flex e-con-boxed e-con e-parent\" data-id=\"d100d4f\" data-element_type=\"container\" data-settings=\"{&quot;background_background&quot;:&quot;classic&quot;}\">\n\t\t\t\t\t<div class=\"e-con-inner\">\n\t\t<div class=\"elementor-element elementor-element-c258462 e-con-full e-flex e-con e-child\" data-id=\"c258462\" data-element_type=\"container\">\n\t\t\t\t<div class=\"elementor-element elementor-element-7786fd8 h2-tiret-gauche h2-tiret-gauche-orange elementor-widget elementor-widget-heading\" data-id=\"7786fd8\" data-element_type=\"widget\" data-widget_type=\"heading.default\">\n\t\t\t\t<div class=\"elementor-widget-container\">\n\t\t\t\t\t<h2 class=\"elementor-heading-title elementor-size-default\">Le cycle de vie de vos donn\u00e9es<\/h2>\t\t\t\t<\/div>\n\t\t\t\t<\/div>\n\t\t\t\t<div class=\"elementor-element elementor-element-9edbbad wpman-list liste-crochet titre-h3-marge elementor-widget elementor-widget-text-editor\" data-id=\"9edbbad\" data-element_type=\"widget\" data-widget_type=\"text-editor.default\">\n\t\t\t\t<div class=\"elementor-widget-container\">\n\t\t\t\t\t\t\t\t\t<p>Les sp\u00e9cialistes du CRIM accompagnent les organisations dans la mise en valeur de leurs donn\u00e9es. Lorsque les donn\u00e9es sont manquantes ou non exploitables, ils identifient des sources externes ou co-construisent des jeux de donn\u00e9es pertinents. Leur savoir-faire couvre l\u2019ensemble du cycle de vie des donn\u00e9es :<\/p><h3>Collecte<\/h3><p>R\u00e9colte des donn\u00e9es issues de diff\u00e9rentes sources et regroupement dans une base centralis\u00e9e.<\/p><h3>Stockage<\/h3><p>Conservation s\u00e9curis\u00e9e des donn\u00e9es, avec acc\u00e8s r\u00e9serv\u00e9 aux personnes habilit\u00e9es.<\/p><h3>Traitement<\/h3><p>Extraction d\u2019informations pertinentes \u00e0 partir des donn\u00e9es, selon une finalit\u00e9 pr\u00e9cise.<\/p><h3>Analyse<\/h3><p>Structuration logique et coh\u00e9rente des informations pour en tirer des conclusions exploitables.<\/p><h3>Sauvegarde<\/h3><p>Archivage s\u00e9curis\u00e9 des donn\u00e9es et des r\u00e9sultats d\u2019analyse.<\/p><h3>Partage<\/h3><p>Communication des r\u00e9sultats aux parties prenantes autoris\u00e9es pour r\u00e9pondre \u00e0 des probl\u00e9matiques concr\u00e8tes.<\/p><h3>R\u00e9utilisation<\/h3><p>Consultation ult\u00e9rieure des donn\u00e9es selon les besoins, favorisant leur valorisation continue.<\/p>\t\t\t\t\t\t\t\t<\/div>\n\t\t\t\t<\/div>\n\t\t\t\t<\/div>\n\t\t\t\t\t<\/div>\n\t\t\t\t<\/div>\n\t\t\t\t<\/div>\n\t\t","protected":false},"excerpt":{"rendered":"<p>Une approche strat\u00e9gique et rigoureuse La science des donn\u00e9es est une discipline transversale au c\u0153ur de l\u2019innovation technologique et de la cr\u00e9ation de valeur. Elle permet de transformer le signal brut en insight strat\u00e9gique, en s\u2019appuyant sur une compr\u00e9hension rigoureuse des biais, de la qualit\u00e9 et de la gouvernance des donn\u00e9es. Cette expertise est essentielle [&hellip;]<\/p>\n","protected":false},"author":18,"featured_media":14935,"parent":0,"menu_order":0,"comment_status":"closed","ping_status":"closed","template":"","meta":{"_acf_changed":false,"footnotes":"","_links_to":"","_links_to_target":""},"class_list":["post-12509","page","type-page","status-publish","has-post-thumbnail","hentry"],"acf":[],"_links":{"self":[{"href":"https:\/\/www.crim.ca\/fr\/wp-json\/wp\/v2\/pages\/12509","targetHints":{"allow":["GET"]}}],"collection":[{"href":"https:\/\/www.crim.ca\/fr\/wp-json\/wp\/v2\/pages"}],"about":[{"href":"https:\/\/www.crim.ca\/fr\/wp-json\/wp\/v2\/types\/page"}],"author":[{"embeddable":true,"href":"https:\/\/www.crim.ca\/fr\/wp-json\/wp\/v2\/users\/18"}],"replies":[{"embeddable":true,"href":"https:\/\/www.crim.ca\/fr\/wp-json\/wp\/v2\/comments?post=12509"}],"version-history":[{"count":289,"href":"https:\/\/www.crim.ca\/fr\/wp-json\/wp\/v2\/pages\/12509\/revisions"}],"predecessor-version":[{"id":26629,"href":"https:\/\/www.crim.ca\/fr\/wp-json\/wp\/v2\/pages\/12509\/revisions\/26629"}],"wp:featuredmedia":[{"embeddable":true,"href":"https:\/\/www.crim.ca\/fr\/wp-json\/wp\/v2\/media\/14935"}],"wp:attachment":[{"href":"https:\/\/www.crim.ca\/fr\/wp-json\/wp\/v2\/media?parent=12509"}],"curies":[{"name":"wp","href":"https:\/\/api.w.org\/{rel}","templated":true}]}}