{"id":12511,"date":"2022-03-02T11:13:21","date_gmt":"2022-03-02T16:13:21","guid":{"rendered":"https:\/\/www.crim.ca\/?page_id=12511"},"modified":"2025-06-09T20:47:17","modified_gmt":"2025-06-10T00:47:17","slug":"architecture-logicielle","status":"publish","type":"page","link":"https:\/\/www.crim.ca\/fr\/architecture-logicielle\/","title":{"rendered":"Architecture logicielle"},"content":{"rendered":"\t\t<div data-elementor-type=\"wp-page\" data-elementor-id=\"12511\" class=\"elementor elementor-12511\" data-elementor-post-type=\"page\">\n\t\t\t\t<div class=\"elementor-element elementor-element-44a9ab2 e-flex e-con-boxed e-con e-parent\" data-id=\"44a9ab2\" data-element_type=\"container\">\n\t\t\t\t\t<div class=\"e-con-inner\">\n\t\t<div class=\"elementor-element elementor-element-3c37d96 e-con-full e-flex e-con e-child\" data-id=\"3c37d96\" data-element_type=\"container\">\n\t\t\t\t<div class=\"elementor-element elementor-element-e085751 h2-tiret-gauche h2-tiret-gauche-orange elementor-widget elementor-widget-heading\" data-id=\"e085751\" data-element_type=\"widget\" data-widget_type=\"heading.default\">\n\t\t\t\t<div class=\"elementor-widget-container\">\n\t\t\t\t\t<h2 class=\"elementor-heading-title elementor-size-default\">Un pilier strat\u00e9gique pour vos projets technologiques<\/h2>\t\t\t\t<\/div>\n\t\t\t\t<\/div>\n\t\t\t\t<div class=\"elementor-element elementor-element-6d4e2c5 wpman-list liste-crochet elementor-widget elementor-widget-text-editor\" data-id=\"6d4e2c5\" data-element_type=\"widget\" data-widget_type=\"text-editor.default\">\n\t\t\t\t<div class=\"elementor-widget-container\">\n\t\t\t\t\t\t\t\t\t<p>Concevoir une application performante, fiable et durable repose en grande partie sur son <strong>architecture logicielle<\/strong>. Celle-ci d\u00e9termine comment les diff\u00e9rentes composantes d\u2019un syst\u00e8me interagissent et \u00e9voluent dans le temps.<\/p><p>Elle structure votre projet tout en r\u00e9pondant \u00e0 des exigences fonctionnelles et non fonctionnelles cruciales. Une architecture bien pens\u00e9e augmente vos chances de succ\u00e8s technologique et commercial.<\/p>\t\t\t\t\t\t\t\t<\/div>\n\t\t\t\t<\/div>\n\t\t\t\t<\/div>\n\t\t<div class=\"elementor-element elementor-element-679c25c e-con-full e-flex e-con e-child\" data-id=\"679c25c\" data-element_type=\"container\">\n\t\t\t\t<div class=\"elementor-element elementor-element-ed1688e h2-tiret-gauche h2-tiret-gauche-orange elementor-widget elementor-widget-heading\" data-id=\"ed1688e\" data-element_type=\"widget\" data-widget_type=\"heading.default\">\n\t\t\t\t<div class=\"elementor-widget-container\">\n\t\t\t\t\t<h2 class=\"elementor-heading-title elementor-size-default\">Int\u00e9grer l\u2019intelligence artificielle avec rigueur<\/h2>\t\t\t\t<\/div>\n\t\t\t\t<\/div>\n\t\t\t\t<div class=\"elementor-element elementor-element-5227ebb wpman-list liste-crochet elementor-widget elementor-widget-text-editor\" data-id=\"5227ebb\" data-element_type=\"widget\" data-widget_type=\"text-editor.default\">\n\t\t\t\t<div class=\"elementor-widget-container\">\n\t\t\t\t\t\t\t\t\t<p>Les experts du CRIM vous accompagnent pour int\u00e9grer l\u2019IA dans vos projets logiciels tout en gardant une vision strat\u00e9gique et structur\u00e9e de votre architecture.<\/p>\t\t\t\t\t\t\t\t<\/div>\n\t\t\t\t<\/div>\n\t\t\t\t<\/div>\n\t\t<div class=\"elementor-element elementor-element-9d14b53 e-con-full e-flex e-con e-child\" data-id=\"9d14b53\" data-element_type=\"container\">\n\t\t\t\t<div class=\"elementor-element elementor-element-95267cb h2-tiret-gauche h2-tiret-gauche-orange elementor-widget elementor-widget-heading\" data-id=\"95267cb\" data-element_type=\"widget\" data-widget_type=\"heading.default\">\n\t\t\t\t<div class=\"elementor-widget-container\">\n\t\t\t\t\t<h2 class=\"elementor-heading-title elementor-size-default\">Ce qui fait une bonne architecture logicielle<\/h2>\t\t\t\t<\/div>\n\t\t\t\t<\/div>\n\t\t\t\t<div class=\"elementor-element elementor-element-0da75e0 wpman-list liste-crochet elementor-widget elementor-widget-text-editor\" data-id=\"0da75e0\" data-element_type=\"widget\" data-widget_type=\"text-editor.default\">\n\t\t\t\t<div class=\"elementor-widget-container\">\n\t\t\t\t\t\t\t\t\t<p>Une architecture efficace repose sur plusieurs fondations.<\/p><ul><li><strong>\u00c9volutivit\u00e9: <\/strong>La capacit\u00e9 \u00e0 grandir et \u00e0 s\u2019adapter aux nouveaux besoins<\/li><li><strong>Simplicit\u00e9: <\/strong>Pour faciliter le d\u00e9veloppement et la compr\u00e9hension du syst\u00e8me<\/li><li><strong>Maintenabilit\u00e9: <\/strong>Pour assurer la p\u00e9rennit\u00e9 des investissements<\/li><li><strong>Compatibilit\u00e9: <\/strong>Avec les environnements et syst\u00e8mes en place<\/li><li><strong>Interconnectivit\u00e9: <\/strong>Pour favoriser l\u2019int\u00e9gration avec d\u2019autres services ou plateformes<\/li><\/ul>\t\t\t\t\t\t\t\t<\/div>\n\t\t\t\t<\/div>\n\t\t\t\t<\/div>\n\t\t<div class=\"elementor-element elementor-element-919bd25 e-con-full e-flex e-con e-child\" data-id=\"919bd25\" data-element_type=\"container\">\n\t\t\t\t<div class=\"elementor-element elementor-element-013c064 h2-tiret-gauche h2-tiret-gauche-orange elementor-widget elementor-widget-heading\" data-id=\"013c064\" data-element_type=\"widget\" data-widget_type=\"heading.default\">\n\t\t\t\t<div class=\"elementor-widget-container\">\n\t\t\t\t\t<h2 class=\"elementor-heading-title elementor-size-default\">Des questions cl\u00e9s pour orienter vos choix<\/h2>\t\t\t\t<\/div>\n\t\t\t\t<\/div>\n\t\t\t\t<div class=\"elementor-element elementor-element-ad7c187 wpman-list liste-crochet elementor-widget elementor-widget-text-editor\" data-id=\"ad7c187\" data-element_type=\"widget\" data-widget_type=\"text-editor.default\">\n\t\t\t\t<div class=\"elementor-widget-container\">\n\t\t\t\t\t\t\t\t\t<ul><li>Chaque projet est unique. Pour guider la conception de votre architecture, il est essentiel de r\u00e9pondre \u00e0 certaines questions strat\u00e9giques.<\/li><li>Quelles sont les composantes principales de votre syst\u00e8me ?<\/li><li>Comment interagissent-elles entre elles ?<\/li><li>Quelles caract\u00e9ristiques non fonctionnelles (performance, s\u00e9curit\u00e9, etc.) faut-il prioriser ?<\/li><li>Quels sont les risques ou incertitudes technologiques ?<\/li><li>Sur quels environnements l\u2019application doit-elle \u00eatre d\u00e9ploy\u00e9e ?<\/li><li>Quel volume de donn\u00e9es devra \u00eatre trait\u00e9 ?<\/li><li>Quelles normes et quels standards doivent \u00eatre respect\u00e9s ?<\/li><li>Des propri\u00e9t\u00e9s intellectuelles encadrent-elles certaines composantes ?<\/li><li>Comment repr\u00e9senter clairement l\u2019architecture pour les parties prenantes ?<\/li><li>Comment votre syst\u00e8me devra-t-il \u00e9voluer ?<\/li><li>Y a-t-il des donn\u00e9es personnelles ou sensibles en jeu ?<\/li><li>Quelles mesures de s\u00e9curit\u00e9 doivent \u00eatre int\u00e9gr\u00e9es \u00e0 l\u2019architecture ?<\/li><\/ul>\t\t\t\t\t\t\t\t<\/div>\n\t\t\t\t<\/div>\n\t\t\t\t<\/div>\n\t\t\t\t\t<\/div>\n\t\t\t\t<\/div>\n\t\t\t\t<\/div>\n\t\t","protected":false},"excerpt":{"rendered":"<p>Un pilier strat\u00e9gique pour vos projets technologiques Concevoir une application performante, fiable et durable repose en grande partie sur son architecture logicielle. Celle-ci d\u00e9termine comment les diff\u00e9rentes composantes d\u2019un syst\u00e8me interagissent et \u00e9voluent dans le temps. Elle structure votre projet tout en r\u00e9pondant \u00e0 des exigences fonctionnelles et non fonctionnelles cruciales. Une architecture bien pens\u00e9e [&hellip;]<\/p>\n","protected":false},"author":18,"featured_media":14925,"parent":0,"menu_order":0,"comment_status":"closed","ping_status":"closed","template":"","meta":{"_acf_changed":false,"footnotes":"","_links_to":"","_links_to_target":""},"class_list":["post-12511","page","type-page","status-publish","has-post-thumbnail","hentry"],"acf":[],"_links":{"self":[{"href":"https:\/\/www.crim.ca\/fr\/wp-json\/wp\/v2\/pages\/12511","targetHints":{"allow":["GET"]}}],"collection":[{"href":"https:\/\/www.crim.ca\/fr\/wp-json\/wp\/v2\/pages"}],"about":[{"href":"https:\/\/www.crim.ca\/fr\/wp-json\/wp\/v2\/types\/page"}],"author":[{"embeddable":true,"href":"https:\/\/www.crim.ca\/fr\/wp-json\/wp\/v2\/users\/18"}],"replies":[{"embeddable":true,"href":"https:\/\/www.crim.ca\/fr\/wp-json\/wp\/v2\/comments?post=12511"}],"version-history":[{"count":89,"href":"https:\/\/www.crim.ca\/fr\/wp-json\/wp\/v2\/pages\/12511\/revisions"}],"predecessor-version":[{"id":26985,"href":"https:\/\/www.crim.ca\/fr\/wp-json\/wp\/v2\/pages\/12511\/revisions\/26985"}],"wp:featuredmedia":[{"embeddable":true,"href":"https:\/\/www.crim.ca\/fr\/wp-json\/wp\/v2\/media\/14925"}],"wp:attachment":[{"href":"https:\/\/www.crim.ca\/fr\/wp-json\/wp\/v2\/media?parent=12511"}],"curies":[{"name":"wp","href":"https:\/\/api.w.org\/{rel}","templated":true}]}}