{"id":12519,"date":"2022-03-02T11:15:04","date_gmt":"2022-03-02T16:15:04","guid":{"rendered":"https:\/\/www.crim.ca\/?page_id=12519"},"modified":"2025-06-09T14:46:38","modified_gmt":"2025-06-09T18:46:38","slug":"accompagnement","status":"publish","type":"page","link":"https:\/\/www.crim.ca\/fr\/accompagnement\/","title":{"rendered":"Accompagnement"},"content":{"rendered":"\t\t<div data-elementor-type=\"wp-page\" data-elementor-id=\"12519\" class=\"elementor elementor-12519\" data-elementor-post-type=\"page\">\n\t\t\t\t<div class=\"elementor-element elementor-element-9749699 e-flex e-con-boxed e-con e-parent\" data-id=\"9749699\" data-element_type=\"container\">\n\t\t\t\t\t<div class=\"e-con-inner\">\n\t\t<div class=\"elementor-element elementor-element-834a5c7 e-con-full e-flex e-con e-child\" data-id=\"834a5c7\" data-element_type=\"container\">\n\t\t\t\t<div class=\"elementor-element elementor-element-20a5740 wpman-list liste-crochet elementor-widget elementor-widget-text-editor\" data-id=\"20a5740\" data-element_type=\"widget\" data-widget_type=\"text-editor.default\">\n\t\t\t\t<div class=\"elementor-widget-container\">\n\t\t\t\t\t\t\t\t\t<p>Peu importe o\u00f9 vous \u00eates rendus dans votre parcours en IA, le CRIM a l\u2019initiative quivous permettra de r\u00e9ussir votre prochain projet en IA.<\/p>\t\t\t\t\t\t\t\t<\/div>\n\t\t\t\t<\/div>\n\t\t\t\t<\/div>\n\t\t<div class=\"elementor-element elementor-element-e1c51a8 e-con-full e-flex e-con e-child\" data-id=\"e1c51a8\" data-element_type=\"container\">\n\t\t\t\t<div class=\"elementor-element elementor-element-cadfbf3 h2-tiret-gauche elementor-widget elementor-widget-heading\" data-id=\"cadfbf3\" data-element_type=\"widget\" id=\"couleur-turquoise\" data-widget_type=\"heading.default\">\n\t\t\t\t<div class=\"elementor-widget-container\">\n\t\t\t\t\t<h2 class=\"elementor-heading-title elementor-size-default\">NUMERIA<\/h2>\t\t\t\t<\/div>\n\t\t\t\t<\/div>\n\t\t\t\t<div class=\"elementor-element elementor-element-1dcc4b9 wpman-list liste-crochet elementor-widget elementor-widget-text-editor\" data-id=\"1dcc4b9\" data-element_type=\"widget\" data-widget_type=\"text-editor.default\">\n\t\t\t\t<div class=\"elementor-widget-container\">\n\t\t\t\t\t\t\t\t\t<p>Organisez, d\u00e9risquez et acc\u00e9l\u00e9rez la g\u00e9n\u00e9ration de valeur en innovant avec l&#8217;IA. NUMERIA vous pr\u00e9pare au d\u00e9veloppement exp\u00e9rimental avec un cadre m\u00e9thodologique et une expertise de pointe pour innover sans risques.<\/p>\t\t\t\t\t\t\t\t<\/div>\n\t\t\t\t<\/div>\n\t\t\t\t<div class=\"elementor-element elementor-element-6be7d45 elementor-widget elementor-widget-button\" data-id=\"6be7d45\" data-element_type=\"widget\" data-widget_type=\"button.default\">\n\t\t\t\t<div class=\"elementor-widget-container\">\n\t\t\t\t\t\t\t\t\t<div class=\"elementor-button-wrapper\">\n\t\t\t\t\t<a class=\"elementor-button elementor-button-link elementor-size-sm\" href=\"https:\/\/www.numeria.ai\/\" target=\"_blank\">\n\t\t\t\t\t\t<span class=\"elementor-button-content-wrapper\">\n\t\t\t\t\t\t\t\t\t<span class=\"elementor-button-text\">Acc\u00e9der au site<\/span>\n\t\t\t\t\t<\/span>\n\t\t\t\t\t<\/a>\n\t\t\t\t<\/div>\n\t\t\t\t\t\t\t\t<\/div>\n\t\t\t\t<\/div>\n\t\t\t\t<\/div>\n\t\t<div class=\"elementor-element elementor-element-a5cb260 e-con-full e-flex e-con e-child\" data-id=\"a5cb260\" data-element_type=\"container\">\n\t\t\t\t<div class=\"elementor-element elementor-element-4a9dbe0 h2-tiret-gauche elementor-widget elementor-widget-heading\" data-id=\"4a9dbe0\" data-element_type=\"widget\" id=\"couleur-turquoise\" data-widget_type=\"heading.default\">\n\t\t\t\t<div class=\"elementor-widget-container\">\n\t\t\t\t\t<h2 class=\"elementor-heading-title elementor-size-default\">Activation IA<\/h2>\t\t\t\t<\/div>\n\t\t\t\t<\/div>\n\t\t\t\t<div class=\"elementor-element elementor-element-a8b3279 wpman-list liste-crochet elementor-widget elementor-widget-text-editor\" data-id=\"a8b3279\" data-element_type=\"widget\" data-widget_type=\"text-editor.default\">\n\t\t\t\t<div class=\"elementor-widget-container\">\n\t\t\t\t\t\t\t\t\t<p>Donnez vie \u00e0 votre vision de l\u2019IA avec des projets concrets et align\u00e9s sur vos priorit\u00e9s d\u2019affaires. Gr\u00e2ce au parcours Activation IA, offrez \u00e0 vos gestionnaires une formation cl\u00e9 en main pour int\u00e9grer l\u2019intelligence artificielle au c\u0153ur de votre PME.<\/p>\t\t\t\t\t\t\t\t<\/div>\n\t\t\t\t<\/div>\n\t\t\t\t<div class=\"elementor-element elementor-element-5df096d elementor-widget elementor-widget-button\" data-id=\"5df096d\" data-element_type=\"widget\" data-widget_type=\"button.default\">\n\t\t\t\t<div class=\"elementor-widget-container\">\n\t\t\t\t\t\t\t\t\t<div class=\"elementor-button-wrapper\">\n\t\t\t\t\t<a class=\"elementor-button elementor-button-link elementor-size-sm\" href=\"https:\/\/activationia.crim.ca\/\" target=\"_blank\">\n\t\t\t\t\t\t<span class=\"elementor-button-content-wrapper\">\n\t\t\t\t\t\t\t\t\t<span class=\"elementor-button-text\">Acc\u00e9der au site<\/span>\n\t\t\t\t\t<\/span>\n\t\t\t\t\t<\/a>\n\t\t\t\t<\/div>\n\t\t\t\t\t\t\t\t<\/div>\n\t\t\t\t<\/div>\n\t\t\t\t<\/div>\n\t\t<div class=\"elementor-element elementor-element-6b6f65f e-con-full e-flex e-con e-child\" data-id=\"6b6f65f\" data-element_type=\"container\">\n\t\t\t\t<div class=\"elementor-element elementor-element-c8d7c20 h2-tiret-gauche elementor-widget elementor-widget-heading\" data-id=\"c8d7c20\" data-element_type=\"widget\" id=\"couleur-turquoise\" data-widget_type=\"heading.default\">\n\t\t\t\t<div class=\"elementor-widget-container\">\n\t\t\t\t\t<h2 class=\"elementor-heading-title elementor-size-default\">PARI CNRC<\/h2>\t\t\t\t<\/div>\n\t\t\t\t<\/div>\n\t\t\t\t<div class=\"elementor-element elementor-element-520bdbd wpman-list liste-crochet elementor-widget elementor-widget-text-editor\" data-id=\"520bdbd\" data-element_type=\"widget\" data-widget_type=\"text-editor.default\">\n\t\t\t\t<div class=\"elementor-widget-container\">\n\t\t\t\t\t\t\t\t\t<p>Le Programme d&#8217;aide \u00e0 la recherche industrielle du Conseil national de recherches du Canada (PARI CNRC) fournit des conseils aux petites et moyennes entreprises, les aide \u00e0 nouer des relations et leur procure un soutien financier afin qu&#8217;elles puissent innover davantage et exploiter commercialement leurs id\u00e9es.<\/p>\t\t\t\t\t\t\t\t<\/div>\n\t\t\t\t<\/div>\n\t\t\t\t<\/div>\n\t\t\t\t\t<\/div>\n\t\t\t\t<\/div>\n\t\t\t\t<\/div>\n\t\t","protected":false},"excerpt":{"rendered":"<p>Peu importe o\u00f9 vous \u00eates rendus dans votre parcours en IA, le CRIM a l\u2019initiative quivous permettra de r\u00e9ussir votre prochain projet en IA. NUMERIA Organisez, d\u00e9risquez et acc\u00e9l\u00e9rez la g\u00e9n\u00e9ration de valeur en innovant avec l&#8217;IA. NUMERIA vous pr\u00e9pare au d\u00e9veloppement exp\u00e9rimental avec un cadre m\u00e9thodologique et une expertise de pointe pour innover sans [&hellip;]<\/p>\n","protected":false},"author":18,"featured_media":14939,"parent":0,"menu_order":0,"comment_status":"closed","ping_status":"closed","template":"","meta":{"_acf_changed":false,"footnotes":"","_links_to":"","_links_to_target":""},"class_list":["post-12519","page","type-page","status-publish","has-post-thumbnail","hentry"],"acf":[],"_links":{"self":[{"href":"https:\/\/www.crim.ca\/fr\/wp-json\/wp\/v2\/pages\/12519","targetHints":{"allow":["GET"]}}],"collection":[{"href":"https:\/\/www.crim.ca\/fr\/wp-json\/wp\/v2\/pages"}],"about":[{"href":"https:\/\/www.crim.ca\/fr\/wp-json\/wp\/v2\/types\/page"}],"author":[{"embeddable":true,"href":"https:\/\/www.crim.ca\/fr\/wp-json\/wp\/v2\/users\/18"}],"replies":[{"embeddable":true,"href":"https:\/\/www.crim.ca\/fr\/wp-json\/wp\/v2\/comments?post=12519"}],"version-history":[{"count":408,"href":"https:\/\/www.crim.ca\/fr\/wp-json\/wp\/v2\/pages\/12519\/revisions"}],"predecessor-version":[{"id":26686,"href":"https:\/\/www.crim.ca\/fr\/wp-json\/wp\/v2\/pages\/12519\/revisions\/26686"}],"wp:featuredmedia":[{"embeddable":true,"href":"https:\/\/www.crim.ca\/fr\/wp-json\/wp\/v2\/media\/14939"}],"wp:attachment":[{"href":"https:\/\/www.crim.ca\/fr\/wp-json\/wp\/v2\/media?parent=12519"}],"curies":[{"name":"wp","href":"https:\/\/api.w.org\/{rel}","templated":true}]}}