{"id":15638,"date":"2022-04-25T10:21:41","date_gmt":"2022-04-25T14:21:41","guid":{"rendered":"https:\/\/www.crim.ca\/?page_id=15638"},"modified":"2025-06-09T14:56:55","modified_gmt":"2025-06-09T18:56:55","slug":"equipe-scientifique","status":"publish","type":"page","link":"https:\/\/www.crim.ca\/fr\/equipe-scientifique\/","title":{"rendered":"\u00c9quipe scientifique"},"content":{"rendered":"\t\t<div data-elementor-type=\"wp-page\" data-elementor-id=\"15638\" class=\"elementor elementor-15638\" data-elementor-post-type=\"page\">\n\t\t\t\t<div class=\"elementor-element elementor-element-06ed80c e-flex e-con-boxed e-con e-parent\" data-id=\"06ed80c\" data-element_type=\"container\">\n\t\t\t\t\t<div class=\"e-con-inner\">\n\t\t<div class=\"elementor-element elementor-element-cfcb89e e-con-full e-flex e-con e-child\" data-id=\"cfcb89e\" data-element_type=\"container\">\n\t\t\t\t<div class=\"elementor-element elementor-element-e4595d8 h2-tiret-gauche h2-tiret-gauche-orange elementor-widget elementor-widget-heading\" data-id=\"e4595d8\" data-element_type=\"widget\" data-widget_type=\"heading.default\">\n\t\t\t\t<div class=\"elementor-widget-container\">\n\t\t\t\t\t<h2 class=\"elementor-heading-title elementor-size-default\">Expertise, engagement et collaboration<\/h2>\t\t\t\t<\/div>\n\t\t\t\t<\/div>\n\t\t\t\t<div class=\"elementor-element elementor-element-2678b95 wpman-list elementor-widget elementor-widget-text-editor\" data-id=\"2678b95\" data-element_type=\"widget\" data-widget_type=\"text-editor.default\">\n\t\t\t\t<div class=\"elementor-widget-container\">\n\t\t\t\t\t\t\t\t\t<p>Le CRIM s\u2019appuie sur une \u00e9quipe de recherche engag\u00e9e, multidisciplinaire et cr\u00e9ative. Compos\u00e9e de plus d\u2019une soixantaine de professionnels chevronn\u00e9s issus de divers domaines technologiques, cette \u00e9quipe conjugue expertise technique, rigueur scientifique et proximit\u00e9 avec les besoins du terrain.<\/p><p>Chaque projet est port\u00e9 par une \u00e9quipe d\u00e9di\u00e9e, en interaction constante avec les parties prenantes. Cette approche favorise la co-cr\u00e9ation, le transfert de connaissances et la mont\u00e9e en comp\u00e9tence des clients, tout en assurant des r\u00e9sultats concrets et mesurables.<\/p>\t\t\t\t\t\t\t\t<\/div>\n\t\t\t\t<\/div>\n\t\t\t\t<\/div>\n\t\t\t\t\t<\/div>\n\t\t\t\t<\/div>\n\t\t<div class=\"elementor-element elementor-element-3789ab8 e-flex e-con-boxed e-con e-parent\" data-id=\"3789ab8\" data-element_type=\"container\">\n\t\t\t\t\t<div class=\"e-con-inner\">\n\t\t<div class=\"elementor-element elementor-element-ea90946 e-con-full e-flex e-con e-child\" data-id=\"ea90946\" data-element_type=\"container\">\n\t\t\t\t<div class=\"elementor-element elementor-element-f906eaa h2-tiret-gauche h2-tiret-gauche-orange elementor-widget elementor-widget-heading\" data-id=\"f906eaa\" data-element_type=\"widget\" data-widget_type=\"heading.default\">\n\t\t\t\t<div class=\"elementor-widget-container\">\n\t\t\t\t\t<h2 class=\"elementor-heading-title elementor-size-default\">Notre \u00e9quipe, en synergie avec votre \u00e9quipe<\/h2>\t\t\t\t<\/div>\n\t\t\t\t<\/div>\n\t\t\t\t<div class=\"elementor-element elementor-element-ba4247e wpman-list elementor-widget elementor-widget-text-editor\" data-id=\"ba4247e\" data-element_type=\"widget\" data-widget_type=\"text-editor.default\">\n\t\t\t\t<div class=\"elementor-widget-container\">\n\t\t\t\t\t\t\t\t\t<p>La force du CRIM r\u00e9side dans sa capacit\u00e9 \u00e0 mobiliser ses talents pour r\u00e9pondre aux d\u00e9fis d\u2019innovation des entreprises, sans que celles-ci aient \u00e0 mobiliser des ressources internes suppl\u00e9mentaires ou \u00e0 suivre de longues formations.<\/p><p>Nos experts travaillent en synergie avec les \u00e9quipes clientes pour concevoir des solutions adapt\u00e9es \u00e0 leur r\u00e9alit\u00e9.<\/p><p>L\u2019excellente r\u00e9putation du CRIM repose notamment sur la qualit\u00e9 de son accompagnement, la structuration de ses m\u00e9thodologies et la capacit\u00e9 de ses chercheurs \u00e0 livrer des projets \u00e0 fort impact. Voici un aper\u00e7u des personnes qui font du CRIM un partenaire d\u2019innovation de confiance.<\/p>\t\t\t\t\t\t\t\t<\/div>\n\t\t\t\t<\/div>\n\t\t\t\t<\/div>\n\t\t\t\t\t<\/div>\n\t\t\t\t<\/div>\n\t\t\t\t<\/div>\n\t\t","protected":false},"excerpt":{"rendered":"<p>Expertise, engagement et collaboration Le CRIM s\u2019appuie sur une \u00e9quipe de recherche engag\u00e9e, multidisciplinaire et cr\u00e9ative. Compos\u00e9e de plus d\u2019une soixantaine de professionnels chevronn\u00e9s issus de divers domaines technologiques, cette \u00e9quipe conjugue expertise technique, rigueur scientifique et proximit\u00e9 avec les besoins du terrain. Chaque projet est port\u00e9 par une \u00e9quipe d\u00e9di\u00e9e, en interaction constante avec [&hellip;]<\/p>\n","protected":false},"author":18,"featured_media":19550,"parent":0,"menu_order":0,"comment_status":"closed","ping_status":"closed","template":"","meta":{"_acf_changed":false,"footnotes":"","_links_to":"","_links_to_target":""},"class_list":["post-15638","page","type-page","status-publish","has-post-thumbnail","hentry"],"acf":[],"_links":{"self":[{"href":"https:\/\/www.crim.ca\/fr\/wp-json\/wp\/v2\/pages\/15638","targetHints":{"allow":["GET"]}}],"collection":[{"href":"https:\/\/www.crim.ca\/fr\/wp-json\/wp\/v2\/pages"}],"about":[{"href":"https:\/\/www.crim.ca\/fr\/wp-json\/wp\/v2\/types\/page"}],"author":[{"embeddable":true,"href":"https:\/\/www.crim.ca\/fr\/wp-json\/wp\/v2\/users\/18"}],"replies":[{"embeddable":true,"href":"https:\/\/www.crim.ca\/fr\/wp-json\/wp\/v2\/comments?post=15638"}],"version-history":[{"count":208,"href":"https:\/\/www.crim.ca\/fr\/wp-json\/wp\/v2\/pages\/15638\/revisions"}],"predecessor-version":[{"id":26633,"href":"https:\/\/www.crim.ca\/fr\/wp-json\/wp\/v2\/pages\/15638\/revisions\/26633"}],"wp:featuredmedia":[{"embeddable":true,"href":"https:\/\/www.crim.ca\/fr\/wp-json\/wp\/v2\/media\/19550"}],"wp:attachment":[{"href":"https:\/\/www.crim.ca\/fr\/wp-json\/wp\/v2\/media?parent=15638"}],"curies":[{"name":"wp","href":"https:\/\/api.w.org\/{rel}","templated":true}]}}