{"id":18862,"date":"2022-09-16T10:44:09","date_gmt":"2022-09-16T14:44:09","guid":{"rendered":"https:\/\/www.crim.ca\/?page_id=18862"},"modified":"2026-04-08T10:02:59","modified_gmt":"2026-04-08T14:02:59","slug":"confidentialite","status":"publish","type":"page","link":"https:\/\/www.crim.ca\/fr\/confidentialite\/","title":{"rendered":"Confidentialit\u00e9"},"content":{"rendered":"\t\t<div data-elementor-type=\"wp-page\" data-elementor-id=\"18862\" class=\"elementor elementor-18862\" data-elementor-post-type=\"page\">\n\t\t\t\t\t\t<section class=\"elementor-section elementor-top-section elementor-element elementor-element-4b32228 elementor-section-boxed elementor-section-height-default elementor-section-height-default\" data-id=\"4b32228\" data-element_type=\"section\">\n\t\t\t\t\t\t<div class=\"elementor-container elementor-column-gap-default\">\n\t\t\t\t\t<div class=\"elementor-column elementor-col-100 elementor-top-column elementor-element elementor-element-aa664b2\" data-id=\"aa664b2\" data-element_type=\"column\">\n\t\t\t<div class=\"elementor-widget-wrap\">\n\t\t\t\t\t\t\t<\/div>\n\t\t<\/div>\n\t\t\t\t\t<\/div>\n\t\t<\/section>\n\t\t\t\t<section class=\"elementor-section elementor-top-section elementor-element elementor-element-9102c4c elementor-section-boxed elementor-section-height-default elementor-section-height-default\" data-id=\"9102c4c\" data-element_type=\"section\">\n\t\t\t\t\t\t<div class=\"elementor-container elementor-column-gap-default\">\n\t\t\t\t\t<div class=\"elementor-column elementor-col-100 elementor-top-column elementor-element elementor-element-50f9f46\" data-id=\"50f9f46\" data-element_type=\"column\">\n\t\t\t<div class=\"elementor-widget-wrap elementor-element-populated\">\n\t\t\t\t\t\t<div class=\"elementor-element elementor-element-9f74984 elementor-widget elementor-widget-heading\" data-id=\"9f74984\" data-element_type=\"widget\" id=\"objectifs\" data-widget_type=\"heading.default\">\n\t\t\t\t<div class=\"elementor-widget-container\">\n\t\t\t\t\t<h2 class=\"elementor-heading-title elementor-size-default\">\u00c0 propos de la politique<\/h2>\t\t\t\t<\/div>\n\t\t\t\t<\/div>\n\t\t\t\t<div class=\"elementor-element elementor-element-7f33766 elementor-widget elementor-widget-text-editor\" data-id=\"7f33766\" data-element_type=\"widget\" data-widget_type=\"text-editor.default\">\n\t\t\t\t<div class=\"elementor-widget-container\">\n\t\t\t\t\t\t\t\t\t<p class=\"Courant\">Le Centre de recherche informatique de Montr\u00e9al (CRIM) est un centre de recherche appliqu\u00e9e et d\u2019expertise de pointe en intelligence artificielle et technologies de l\u2019information.<\/p><p class=\"Courant\">Le CRIM s\u2019engage \u00e0 prot\u00e9ger le droit \u00e0 la vie priv\u00e9e de toutes les personnes dont il recueille ou aurait recueilli des renseignements personnels.<\/p><p class=\"Courant\">La pr\u00e9sente politique est conforme \u00e0 la <b>Loi sur la protection des renseignements personnels dans le secteur priv\u00e9<\/b> et a pour objectif d\u2019expliquer la nature des informations collect\u00e9es, utilis\u00e9es ou partag\u00e9es, ainsi que les modalit\u00e9s et les raisons de leur traitement.<\/p><p>Veuillez consulter <a href=\"https:\/\/www.crim.ca\/wp-content\/uploads\/2025\/09\/POL12-POLITIQUE-sur-la-protection-des-renseignements-personnels-2025-06-13-version-site-web-1.pdf\">le document suivant en format PDF <\/a>afin d&#8217;acc\u00e9der \u00e0 la politique dans son int\u00e9gralit\u00e9.<\/p>\t\t\t\t\t\t\t\t<\/div>\n\t\t\t\t<\/div>\n\t\t\t\t\t<\/div>\n\t\t<\/div>\n\t\t\t\t\t<\/div>\n\t\t<\/section>\n\t\t\t\t<\/div>\n\t\t","protected":false},"excerpt":{"rendered":"<p>\u00c0 propos de la politique Le Centre de recherche informatique de Montr\u00e9al (CRIM) est un centre de recherche appliqu\u00e9e et d\u2019expertise de pointe en intelligence artificielle et technologies de l\u2019information. Le CRIM s\u2019engage \u00e0 prot\u00e9ger le droit \u00e0 la vie priv\u00e9e de toutes les personnes dont il recueille ou aurait recueilli des renseignements personnels. La [&hellip;]<\/p>\n","protected":false},"author":18,"featured_media":14435,"parent":0,"menu_order":0,"comment_status":"closed","ping_status":"closed","template":"","meta":{"_acf_changed":false,"footnotes":"","_links_to":"","_links_to_target":""},"class_list":["post-18862","page","type-page","status-publish","has-post-thumbnail","hentry"],"acf":[],"_links":{"self":[{"href":"https:\/\/www.crim.ca\/fr\/wp-json\/wp\/v2\/pages\/18862","targetHints":{"allow":["GET"]}}],"collection":[{"href":"https:\/\/www.crim.ca\/fr\/wp-json\/wp\/v2\/pages"}],"about":[{"href":"https:\/\/www.crim.ca\/fr\/wp-json\/wp\/v2\/types\/page"}],"author":[{"embeddable":true,"href":"https:\/\/www.crim.ca\/fr\/wp-json\/wp\/v2\/users\/18"}],"replies":[{"embeddable":true,"href":"https:\/\/www.crim.ca\/fr\/wp-json\/wp\/v2\/comments?post=18862"}],"version-history":[{"count":183,"href":"https:\/\/www.crim.ca\/fr\/wp-json\/wp\/v2\/pages\/18862\/revisions"}],"predecessor-version":[{"id":29263,"href":"https:\/\/www.crim.ca\/fr\/wp-json\/wp\/v2\/pages\/18862\/revisions\/29263"}],"wp:featuredmedia":[{"embeddable":true,"href":"https:\/\/www.crim.ca\/fr\/wp-json\/wp\/v2\/media\/14435"}],"wp:attachment":[{"href":"https:\/\/www.crim.ca\/fr\/wp-json\/wp\/v2\/media?parent=18862"}],"curies":[{"name":"wp","href":"https:\/\/api.w.org\/{rel}","templated":true}]}}