{"id":2105,"date":"2020-12-09T14:58:39","date_gmt":"2020-12-09T19:58:39","guid":{"rendered":"https:\/\/wpmanstage.com\/crim\/?page_id=2105"},"modified":"2023-08-18T11:56:01","modified_gmt":"2023-08-18T15:56:01","slug":"infolettres","status":"publish","type":"page","link":"https:\/\/www.crim.ca\/fr\/infolettres\/","title":{"rendered":"Infolettres"},"content":{"rendered":"\t\t<div data-elementor-type=\"wp-page\" data-elementor-id=\"2105\" class=\"elementor elementor-2105\" data-elementor-post-type=\"page\">\n\t\t\t\t\t\t<section class=\"elementor-section elementor-top-section elementor-element elementor-element-e603c1a elementor-section-boxed elementor-section-height-default elementor-section-height-default\" data-id=\"e603c1a\" data-element_type=\"section\">\n\t\t\t\t\t\t<div class=\"elementor-container elementor-column-gap-default\">\n\t\t\t\t\t<div class=\"elementor-column elementor-col-100 elementor-top-column elementor-element elementor-element-e4d71d7\" data-id=\"e4d71d7\" data-element_type=\"column\">\n\t\t\t<div class=\"elementor-widget-wrap elementor-element-populated\">\n\t\t\t\t\t\t<div class=\"elementor-element elementor-element-8d06bbc h2-tiret-gauche elementor-widget elementor-widget-heading\" data-id=\"8d06bbc\" data-element_type=\"widget\" data-widget_type=\"heading.default\">\n\t\t\t\t<div class=\"elementor-widget-container\">\n\t\t\t\t\t<h1 class=\"elementor-heading-title elementor-size-default\">Derniers bulletins d'information mensuels<\/h1>\t\t\t\t<\/div>\n\t\t\t\t<\/div>\n\t\t\t\t\t<\/div>\n\t\t<\/div>\n\t\t\t\t\t<\/div>\n\t\t<\/section>\n\t\t\t\t<section class=\"elementor-section elementor-top-section elementor-element elementor-element-5e36299d elementor-section-boxed elementor-section-height-default elementor-section-height-default\" data-id=\"5e36299d\" data-element_type=\"section\">\n\t\t\t\t\t\t<div class=\"elementor-container elementor-column-gap-default\">\n\t\t\t\t\t<div class=\"elementor-column elementor-col-50 elementor-top-column elementor-element elementor-element-1253c4b7\" data-id=\"1253c4b7\" data-element_type=\"column\">\n\t\t\t<div class=\"elementor-widget-wrap elementor-element-populated\">\n\t\t\t\t\t\t<div class=\"elementor-element elementor-element-5c389072 wpman-list elementor-widget elementor-widget-text-editor\" data-id=\"5c389072\" data-element_type=\"widget\" data-widget_type=\"text-editor.default\">\n\t\t\t\t<div class=\"elementor-widget-container\">\n\t\t\t\t\t\t\t\t\t<ul><li><a href=\"https:\/\/zc.vg\/F3WxB?m=0\">10 juillet 2023<\/a><\/li><li><a href=\"https:\/\/hlcj-zgph.campaign-view.com\/ua\/viewinbrowser?od=3zef1c9fa86fb6a7e0052553acfcaa648170cd35d589df22ca1f4e6c1fd1c2a1bf&amp;rd=1bef9a90ac573e51&amp;sd=1bef9a90ac573ba3&amp;n=11699e4c185f2d0&amp;mrd=1bef9a90ac573b91&amp;m=1\">16 mars 2023<\/a><\/li><li><a href=\"https:\/\/hlcj-zgph.campaign-view.com\/ua\/viewinbrowser?od=3zef1c9fa86fb6a7e0052553acfcaa648170cd35d589df22ca1f4e6c1fd1c2a1bf&amp;rd=1bef9a90ac514283&amp;sd=1bef9a90ac4d0dda&amp;n=11699e4bf556ed4&amp;mrd=1bef9a90ac4d0dc8&amp;m=1\">22 f\u00e9vrier 2023<\/a><\/li><li><a href=\"https:\/\/hlcj-zgph.campaign-view.com\/ua\/viewinbrowser?od=3zef1c9fa86fb6a7e0052553acfcaa648170cd35d589df22ca1f4e6c1fd1c2a1bf&amp;rd=1bef9a90ac46615c&amp;sd=1bef9a90ac465e95&amp;n=124296e01a8877&amp;mrd=1bef9a90ac465e83&amp;m=1\">25 janvier 2023<\/a><\/li><li><a href=\"https:\/\/hlcj-zgph.campaign-view.com\/ua\/viewinbrowser?od=3zef1c9fa86fb6a7e0052553acfcaa648170cd35d589df22ca1f4e6c1fd1c2a1bf&amp;rd=1bef9a90ac3c9af4&amp;sd=1bef9a90ac3c86c9&amp;n=11699e4c081083e&amp;mrd=1bef9a90ac3c86b7&amp;m=1\">19 d\u00e9cembre 2022<\/a><\/li><li><a href=\"https:\/\/hlcj-zgph.campaign-view.com\/ua\/viewinbrowser?od=3zef1c9fa86fb6a7e0052553acfcaa648170cd35d589df22ca1f4e6c1fd1c2a1bf&amp;rd=1bef9a90ac34a3af&amp;sd=1bef9a90ac34a0e9&amp;n=11699e4be6a69a0&amp;mrd=1bef9a90ac34a0cf&amp;m=1\">25 novembre 2022<\/a><\/li><\/ul>\t\t\t\t\t\t\t\t<\/div>\n\t\t\t\t<\/div>\n\t\t\t\t\t<\/div>\n\t\t<\/div>\n\t\t\t\t<div class=\"elementor-column elementor-col-50 elementor-top-column elementor-element elementor-element-15b305b\" data-id=\"15b305b\" data-element_type=\"column\">\n\t\t\t<div class=\"elementor-widget-wrap elementor-element-populated\">\n\t\t\t\t\t\t<div class=\"elementor-element elementor-element-91387aa wpman-list elementor-widget elementor-widget-text-editor\" data-id=\"91387aa\" data-element_type=\"widget\" data-widget_type=\"text-editor.default\">\n\t\t\t\t<div class=\"elementor-widget-container\">\n\t\t\t\t\t\t\t\t\t<ul><li><a href=\"https:\/\/hlcj-zgph.campaign-view.com\/ua\/viewinbrowser?od=3zef1c9fa86fb6a7e0052553acfcaa648170cd35d589df22ca1f4e6c1fd1c2a1bf&amp;rd=1bef9a90ac25a964&amp;sd=1bef9a90ac25a751&amp;n=11699e4bfec79e9&amp;mrd=1bef9a90ac25a73f&amp;m=1\">21 octobre 2022<\/a><\/li><li><a href=\"https:\/\/hlcj-cmpzourl.campaign-view.com\/ua\/viewinbrowser?od=3zef1c9fa86fb6a7e0052553acfcaa648170cd35d589df22ca1f4e6c1fd1c2a1bf&amp;rd=1bef9a90ac15253c&amp;sd=1bef9a90ac14983f&amp;n=11699e4c0bdbfca&amp;mrd=1bef9a90ac14982b&amp;m=1\">19 septembre 2022<\/a><\/li><li><a href=\"https:\/\/hlcj-cmpzourl.campaign-view.com\/ua\/viewinbrowser?od=3zef1c9fa86fb6a7e0052553acfcaa648170cd35d589df22ca1f4e6c1fd1c2a1bf&amp;rd=1bef9a90ac04f293&amp;sd=1bef9a90ac04f059&amp;n=11699e4c12ed906&amp;mrd=1bef9a90ac04f047&amp;m=1\">24 ao\u00fbt 2022<\/a><\/li><li><a href=\"https:\/\/hlcj-zgph.campaign-view.com\/ua\/viewinbrowser?od=3zef1c9fa86fb6a7e0052553acfcaa648170cd35d589df22ca1f4e6c1fd1c2a1bf&amp;rd=1bef9a90abf7e936&amp;sd=1bef9a90abf7c539&amp;n=11699e4c2e92ada&amp;mrd=1bef9a90abf7c527&amp;m=1\">09 juin 2022<\/a><\/li><li><a href=\"https:\/\/hlcj-cmpzourl.campaign-view.com\/ua\/viewinbrowser?od=3zef1c9fa86fb6a7e0052553acfcaa648170cd35d589df22ca1f4e6c1fd1c2a1bf&amp;rd=1bef9a90abf127f6&amp;sd=1bef9a90abf125e9&amp;n=11699e4beb2d170&amp;mrd=1bef9a90abf125d7&amp;m=1\">13 mai 2022<\/a><\/li><li><a href=\"https:\/\/hlcj-cmpzourl.campaign-view.com\/ua\/viewinbrowser?od=3zef1c9fa86fb6a7e0052553acfcaa648170cd35d589df22ca1f4e6c1fd1c2a1bf&amp;rd=1bef9a90abe773a5&amp;sd=1bef9a90abe77189&amp;n=11699e4bf48cd36&amp;mrd=1bef9a90abe77177&amp;m=1\">07 avril 2022<\/a><\/li><li><a href=\"https:\/\/hlcj-cmpzourl.campaign-view.com\/ua\/viewinbrowser?od=3zef1c9fa86fb6a7e0052553acfcaa648170cd35d589df22ca1f4e6c1fd1c2a1bf&amp;rd=1bef9a90abdbb921&amp;sd=1bef9a90abdbb5a1&amp;n=11699e4c1aec483&amp;mrd=1bef9a90abdbb58f&amp;m=1\">08 mars 2022<\/a><\/li><\/ul>\t\t\t\t\t\t\t\t<\/div>\n\t\t\t\t<\/div>\n\t\t\t\t\t<\/div>\n\t\t<\/div>\n\t\t\t\t\t<\/div>\n\t\t<\/section>\n\t\t\t\t<\/div>\n\t\t","protected":false},"excerpt":{"rendered":"<p>Derniers bulletins d&#8217;information mensuels 10 juillet 2023 16 mars 2023 22 f\u00e9vrier 2023 25 janvier 2023 19 d\u00e9cembre 2022 25 novembre 2022 21 octobre 2022 19 septembre 2022 24 ao\u00fbt 2022 09 juin 2022 13 mai 2022 07 avril 2022 08 mars 2022<\/p>\n","protected":false},"author":18,"featured_media":14911,"parent":0,"menu_order":0,"comment_status":"closed","ping_status":"closed","template":"","meta":{"_acf_changed":false,"footnotes":"","_links_to":"","_links_to_target":""},"class_list":["post-2105","page","type-page","status-publish","has-post-thumbnail","hentry"],"acf":[],"_links":{"self":[{"href":"https:\/\/www.crim.ca\/fr\/wp-json\/wp\/v2\/pages\/2105","targetHints":{"allow":["GET"]}}],"collection":[{"href":"https:\/\/www.crim.ca\/fr\/wp-json\/wp\/v2\/pages"}],"about":[{"href":"https:\/\/www.crim.ca\/fr\/wp-json\/wp\/v2\/types\/page"}],"author":[{"embeddable":true,"href":"https:\/\/www.crim.ca\/fr\/wp-json\/wp\/v2\/users\/18"}],"replies":[{"embeddable":true,"href":"https:\/\/www.crim.ca\/fr\/wp-json\/wp\/v2\/comments?post=2105"}],"version-history":[{"count":96,"href":"https:\/\/www.crim.ca\/fr\/wp-json\/wp\/v2\/pages\/2105\/revisions"}],"predecessor-version":[{"id":22826,"href":"https:\/\/www.crim.ca\/fr\/wp-json\/wp\/v2\/pages\/2105\/revisions\/22826"}],"wp:featuredmedia":[{"embeddable":true,"href":"https:\/\/www.crim.ca\/fr\/wp-json\/wp\/v2\/media\/14911"}],"wp:attachment":[{"href":"https:\/\/www.crim.ca\/fr\/wp-json\/wp\/v2\/media?parent=2105"}],"curies":[{"name":"wp","href":"https:\/\/api.w.org\/{rel}","templated":true}]}}