{"id":23070,"date":"2023-09-12T13:42:19","date_gmt":"2023-09-12T17:42:19","guid":{"rendered":"https:\/\/www.crim.ca\/?page_id=23070"},"modified":"2025-06-09T17:49:29","modified_gmt":"2025-06-09T21:49:29","slug":"offres-demploi-et-de-stage","status":"publish","type":"page","link":"https:\/\/www.crim.ca\/fr\/offres-demploi-et-de-stage\/","title":{"rendered":"Offres d\u2019emploi et de stage"},"content":{"rendered":"\t\t<div data-elementor-type=\"wp-page\" data-elementor-id=\"23070\" class=\"elementor elementor-23070\" data-elementor-post-type=\"page\">\n\t\t\t\t\t\t<section class=\"elementor-section elementor-top-section elementor-element elementor-element-752e8216 elementor-section-stretched gras-texte elementor-section-boxed elementor-section-height-default elementor-section-height-default\" data-id=\"752e8216\" data-element_type=\"section\" data-settings=\"{&quot;stretch_section&quot;:&quot;section-stretched&quot;,&quot;background_background&quot;:&quot;classic&quot;}\">\n\t\t\t\t\t\t<div class=\"elementor-container elementor-column-gap-default\">\n\t\t\t\t\t<div class=\"elementor-column elementor-col-100 elementor-top-column elementor-element elementor-element-197b81c9\" data-id=\"197b81c9\" data-element_type=\"column\">\n\t\t\t<div class=\"elementor-widget-wrap elementor-element-populated\">\n\t\t\t\t\t\t<div class=\"elementor-element elementor-element-24dde794 h2-tiret-gauche h2-tiret-gauche-bleu elementor-widget elementor-widget-heading\" data-id=\"24dde794\" data-element_type=\"widget\" data-widget_type=\"heading.default\">\n\t\t\t\t<div class=\"elementor-widget-container\">\n\t\t\t\t\t<h2 class=\"elementor-heading-title elementor-size-default\">Vous souhaitez travailler au CRIM?<\/h2>\t\t\t\t<\/div>\n\t\t\t\t<\/div>\n\t\t\t\t<div class=\"elementor-element elementor-element-a360986 elementor-widget elementor-widget-text-editor\" data-id=\"a360986\" data-element_type=\"widget\" data-widget_type=\"text-editor.default\">\n\t\t\t\t<div class=\"elementor-widget-container\">\n\t\t\t\t\t\t\t\t\t<p>Consultez r\u00e9guli\u00e8rement nos offres d\u2019emplois car de nouveaux postes sont p\u00e9riodiquement ajout\u00e9s.<\/p><p>Le CRIM est un employeur \u00e9quitable et la diversit\u00e9 lui tient \u00e0 c\u0153ur. Nous valorisons le d\u00e9veloppement d\u2019id\u00e9es en \u00e9quipe et cultivons un environnement de travail ouvert et respectueux des diff\u00e9rences. Nous encourageons tous(tes) les candidat(e)s \u00e0 postuler sur nos postes et nous nous engageons \u00e0 vous tenir au courant d\u00e8s qu\u2019une d\u00e9cision est prise, et ce, qu\u2019elle soit n\u00e9gative ou positive.<\/p><p><strong>IMPORTANT!<\/strong> <span style=\"text-decoration: underline\">Lors du d\u00e9p\u00f4t de votre candidature, vous allez \u00eatre amen\u00e9(e) \u00e0 remplir un questionnaire. Il ne vous sera pas possible de revenir en arri\u00e8re pour changer vos r\u00e9ponses.<\/span> Assurez-vous de prendre le temps n\u00e9cessaire pour bien r\u00e9pondre. Pour toute question relative au recrutement, merci de communiquer avec nous \u00e0 <strong><a href=\"mailto:emploi@crim.ca\">emploi@crim.ca<\/a><\/strong>.<\/p><p>Merci de votre int\u00e9r\u00eat envers le CRIM\u2009!<\/p>\t\t\t\t\t\t\t\t<\/div>\n\t\t\t\t<\/div>\n\t\t\t\t\t<\/div>\n\t\t<\/div>\n\t\t\t\t\t<\/div>\n\t\t<\/section>\n\t\t\t\t<section class=\"elementor-section elementor-top-section elementor-element elementor-element-2ed1801 elementor-section-stretched elementor-section-content-middle elementor-section-boxed elementor-section-height-default elementor-section-height-default\" data-id=\"2ed1801\" data-element_type=\"section\" data-settings=\"{&quot;stretch_section&quot;:&quot;section-stretched&quot;,&quot;background_background&quot;:&quot;classic&quot;}\">\n\t\t\t\t\t\t<div class=\"elementor-container elementor-column-gap-default\">\n\t\t\t\t\t<div class=\"elementor-column elementor-col-50 elementor-top-column elementor-element elementor-element-0da3a5a\" data-id=\"0da3a5a\" data-element_type=\"column\">\n\t\t\t<div class=\"elementor-widget-wrap elementor-element-populated\">\n\t\t\t\t\t\t<div class=\"elementor-element elementor-element-72307bb elementor-align-left elementor-mobile-align-center elementor-widget elementor-widget-button\" data-id=\"72307bb\" data-element_type=\"widget\" data-widget_type=\"button.default\">\n\t\t\t\t<div class=\"elementor-widget-container\">\n\t\t\t\t\t\t\t\t\t<div class=\"elementor-button-wrapper\">\n\t\t\t\t\t<a class=\"elementor-button elementor-button-link elementor-size-sm\" href=\"https:\/\/atlas.workland.com\/subscribe-settings\/crim\" target=\"_blank\">\n\t\t\t\t\t\t<span class=\"elementor-button-content-wrapper\">\n\t\t\t\t\t\t<span class=\"elementor-button-icon\">\n\t\t\t\t<svg aria-hidden=\"true\" class=\"e-font-icon-svg e-fas-bell\" viewBox=\"0 0 448 512\" xmlns=\"http:\/\/www.w3.org\/2000\/svg\"><path d=\"M224 512c35.32 0 63.97-28.65 63.97-64H160.03c0 35.35 28.65 64 63.97 64zm215.39-149.71c-19.32-20.76-55.47-51.99-55.47-154.29 0-77.7-54.48-139.9-127.94-155.16V32c0-17.67-14.32-32-31.98-32s-31.98 14.33-31.98 32v20.84C118.56 68.1 64.08 130.3 64.08 208c0 102.3-36.15 133.53-55.47 154.29-6 6.45-8.66 14.16-8.61 21.71.11 16.4 12.98 32 32.1 32h383.8c19.12 0 32-15.6 32.1-32 .05-7.55-2.61-15.27-8.61-21.71z\"><\/path><\/svg>\t\t\t<\/span>\n\t\t\t\t\t\t\t\t\t<span class=\"elementor-button-text\">Alerte emploi<\/span>\n\t\t\t\t\t<\/span>\n\t\t\t\t\t<\/a>\n\t\t\t\t<\/div>\n\t\t\t\t\t\t\t\t<\/div>\n\t\t\t\t<\/div>\n\t\t\t\t\t<\/div>\n\t\t<\/div>\n\t\t\t\t<div class=\"elementor-column elementor-col-50 elementor-top-column elementor-element elementor-element-e8bceba\" data-id=\"e8bceba\" data-element_type=\"column\">\n\t\t\t<div class=\"elementor-widget-wrap elementor-element-populated\">\n\t\t\t\t\t\t<div class=\"elementor-element elementor-element-ce97105 elementor-widget elementor-widget-spacer\" data-id=\"ce97105\" data-element_type=\"widget\" data-widget_type=\"spacer.default\">\n\t\t\t\t<div class=\"elementor-widget-container\">\n\t\t\t\t\t\t\t<div class=\"elementor-spacer\">\n\t\t\t<div class=\"elementor-spacer-inner\"><\/div>\n\t\t<\/div>\n\t\t\t\t\t\t<\/div>\n\t\t\t\t<\/div>\n\t\t\t\t<div class=\"elementor-element elementor-element-861d690 elementor-widget__width-auto elementor-view-default elementor-widget elementor-widget-icon\" data-id=\"861d690\" data-element_type=\"widget\" data-widget_type=\"icon.default\">\n\t\t\t\t<div class=\"elementor-widget-container\">\n\t\t\t\t\t\t\t<div class=\"elementor-icon-wrapper\">\n\t\t\t<a class=\"elementor-icon\" href=\"https:\/\/www.facebook.com\/CRIM-419393221455592\/\" target=\"_blank\">\n\t\t\t<svg aria-hidden=\"true\" class=\"e-font-icon-svg e-fab-facebook-f\" viewBox=\"0 0 320 512\" xmlns=\"http:\/\/www.w3.org\/2000\/svg\"><path d=\"M279.14 288l14.22-92.66h-88.91v-60.13c0-25.35 12.42-50.06 52.24-50.06h40.42V6.26S260.43 0 225.36 0c-73.22 0-121.08 44.38-121.08 124.72v70.62H22.89V288h81.39v224h100.17V288z\"><\/path><\/svg>\t\t\t<\/a>\n\t\t<\/div>\n\t\t\t\t\t\t<\/div>\n\t\t\t\t<\/div>\n\t\t\t\t<div class=\"elementor-element elementor-element-8103147 elementor-widget__width-auto elementor-view-default elementor-widget elementor-widget-icon\" data-id=\"8103147\" data-element_type=\"widget\" data-widget_type=\"icon.default\">\n\t\t\t\t<div class=\"elementor-widget-container\">\n\t\t\t\t\t\t\t<div class=\"elementor-icon-wrapper\">\n\t\t\t<a class=\"elementor-icon\" href=\"https:\/\/www.linkedin.com\/company\/crim\/\" target=\"_blank\">\n\t\t\t<svg aria-hidden=\"true\" class=\"e-font-icon-svg e-fab-linkedin-in\" viewBox=\"0 0 448 512\" xmlns=\"http:\/\/www.w3.org\/2000\/svg\"><path d=\"M100.28 448H7.4V148.9h92.88zM53.79 108.1C24.09 108.1 0 83.5 0 53.8a53.79 53.79 0 0 1 107.58 0c0 29.7-24.1 54.3-53.79 54.3zM447.9 448h-92.68V302.4c0-34.7-.7-79.2-48.29-79.2-48.29 0-55.69 37.7-55.69 76.7V448h-92.78V148.9h89.08v40.8h1.3c12.4-23.5 42.69-48.3 87.88-48.3 94 0 111.28 61.9 111.28 142.3V448z\"><\/path><\/svg>\t\t\t<\/a>\n\t\t<\/div>\n\t\t\t\t\t\t<\/div>\n\t\t\t\t<\/div>\n\t\t\t\t<div class=\"elementor-element elementor-element-7d9dec7 elementor-widget__width-auto elementor-view-default elementor-widget elementor-widget-icon\" data-id=\"7d9dec7\" data-element_type=\"widget\" data-widget_type=\"icon.default\">\n\t\t\t\t<div class=\"elementor-widget-container\">\n\t\t\t\t\t\t\t<div class=\"elementor-icon-wrapper\">\n\t\t\t<a class=\"elementor-icon\" href=\"https:\/\/twitter.com\/CRIM_ca\" target=\"_blank\">\n\t\t\t<svg aria-hidden=\"true\" class=\"e-font-icon-svg e-fab-twitter\" viewBox=\"0 0 512 512\" xmlns=\"http:\/\/www.w3.org\/2000\/svg\"><path d=\"M459.37 151.716c.325 4.548.325 9.097.325 13.645 0 138.72-105.583 298.558-298.558 298.558-59.452 0-114.68-17.219-161.137-47.106 8.447.974 16.568 1.299 25.34 1.299 49.055 0 94.213-16.568 130.274-44.832-46.132-.975-84.792-31.188-98.112-72.772 6.498.974 12.995 1.624 19.818 1.624 9.421 0 18.843-1.3 27.614-3.573-48.081-9.747-84.143-51.98-84.143-102.985v-1.299c13.969 7.797 30.214 12.67 47.431 13.319-28.264-18.843-46.781-51.005-46.781-87.391 0-19.492 5.197-37.36 14.294-52.954 51.655 63.675 129.3 105.258 216.365 109.807-1.624-7.797-2.599-15.918-2.599-24.04 0-57.828 46.782-104.934 104.934-104.934 30.213 0 57.502 12.67 76.67 33.137 23.715-4.548 46.456-13.32 66.599-25.34-7.798 24.366-24.366 44.833-46.132 57.827 21.117-2.273 41.584-8.122 60.426-16.243-14.292 20.791-32.161 39.308-52.628 54.253z\"><\/path><\/svg>\t\t\t<\/a>\n\t\t<\/div>\n\t\t\t\t\t\t<\/div>\n\t\t\t\t<\/div>\n\t\t\t\t<div class=\"elementor-element elementor-element-c47999c elementor-widget__width-auto elementor-view-default elementor-widget elementor-widget-icon\" data-id=\"c47999c\" data-element_type=\"widget\" data-widget_type=\"icon.default\">\n\t\t\t\t<div class=\"elementor-widget-container\">\n\t\t\t\t\t\t\t<div class=\"elementor-icon-wrapper\">\n\t\t\t<a class=\"elementor-icon\" href=\"https:\/\/www.youtube.com\/user\/wwwCRIMca\" target=\"_blank\">\n\t\t\t<svg aria-hidden=\"true\" class=\"e-font-icon-svg e-fab-youtube\" viewBox=\"0 0 576 512\" xmlns=\"http:\/\/www.w3.org\/2000\/svg\"><path d=\"M549.655 124.083c-6.281-23.65-24.787-42.276-48.284-48.597C458.781 64 288 64 288 64S117.22 64 74.629 75.486c-23.497 6.322-42.003 24.947-48.284 48.597-11.412 42.867-11.412 132.305-11.412 132.305s0 89.438 11.412 132.305c6.281 23.65 24.787 41.5 48.284 47.821C117.22 448 288 448 288 448s170.78 0 213.371-11.486c23.497-6.321 42.003-24.171 48.284-47.821 11.412-42.867 11.412-132.305 11.412-132.305s0-89.438-11.412-132.305zm-317.51 213.508V175.185l142.739 81.205-142.739 81.201z\"><\/path><\/svg>\t\t\t<\/a>\n\t\t<\/div>\n\t\t\t\t\t\t<\/div>\n\t\t\t\t<\/div>\n\t\t\t\t\t<\/div>\n\t\t<\/div>\n\t\t\t\t\t<\/div>\n\t\t<\/section>\n\t\t\t\t<section class=\"elementor-section elementor-top-section elementor-element elementor-element-58818aa elementor-section-stretched elementor-section-boxed elementor-section-height-default elementor-section-height-default\" data-id=\"58818aa\" data-element_type=\"section\" data-settings=\"{&quot;stretch_section&quot;:&quot;section-stretched&quot;,&quot;background_background&quot;:&quot;classic&quot;}\">\n\t\t\t\t\t\t<div class=\"elementor-container elementor-column-gap-default\">\n\t\t\t\t\t<div class=\"elementor-column elementor-col-100 elementor-top-column elementor-element elementor-element-4ab20c7\" data-id=\"4ab20c7\" data-element_type=\"column\">\n\t\t\t<div class=\"elementor-widget-wrap elementor-element-populated\">\n\t\t\t\t\t\t<div class=\"elementor-element elementor-element-bdc5339 elementor-widget elementor-widget-shortcode\" data-id=\"bdc5339\" data-element_type=\"widget\" data-widget_type=\"shortcode.default\">\n\t\t\t\t<div class=\"elementor-widget-container\">\n\t\t\t\t\t\t\t<div class=\"elementor-shortcode\"><style>\n\t@import url('https:\/\/fonts.googleapis.com\/css2?family=Raleway&#038;display=swap');<\/p>\n<p>  body {\n    font-family: Raleway, sans-serif;\n  }\n  .accordion {\n    width: 100%;\n    max-width: 800px;\n    margin: auto;\n  }\n  .accordion-item {\n    border-bottom: 1px solid #369BEB;\n  }\n  .accordion-header {\n    padding: 10px;\n    cursor: pointer;\n    position: relative;\n  }\n  .accordion-button {\n    border: none;\n    background: none!important;\n    padding: 0;\n    margin: 0;\n    width: 100%;\n\t\tcolor: #1E1E1E!important;\n    text-align: left;\n    font-size: 1.4em;\n    font-weight: 700;\n\t\tline-height: 1.4em;\n    cursor: pointer;\n  }\n  .accordion-button:focus {\n    outline: none;\n  }\n  .accordion-button::after {\n    content: '+';\n    position: absolute;\n    right: 20px;\n    font-size: 24px;\n    transition: transform 0.5s ease-in-out;\n  }\n  .accordion-button.active::after {\n    content: '-';\n  }\n  .accordion-collapse {\n    display: none;\n    padding: 10px;\n  }\n  .accordion-body {\n    margin-left:55px;\n\t\tmargin-bottom:35px;\n  }\n\t.accordion-body a {\n    display: block;\n    margin-bottom: 5px;\n    color: #1E1E1E;\n    text-decoration: underline;\n    font-size: 1em;\n\t\tfont-weight: 400;\n\t\tline-height: 1.4em;\n  }\n  .accordion-body a:hover {\n\t\tcolor:#00467E!important;\n  }\n<\/style>\n<div class=\"accordion\">\n<div class=\"accordion-item\">\n<div class=\"accordion-header\" id=\"heading23adaa457573eeb089c33214c90d3013\">\n<h5 class=\"mb-0\"><button class=\"accordion-button\" onclick=\"toggleAccordion('collapse23adaa457573eeb089c33214c90d3013')\">Emplois permanents<\/button><\/h5>\n<\/div>\n<div id=\"collapse23adaa457573eeb089c33214c90d3013\" class=\"accordion-collapse\" style=\"display:none;\">\n<div class=\"accordion-body\">\n<p>Aucune offre pour le moment<\/p>\n<\/div>\n<\/div>\n<\/div>\n<div class=\"accordion-item\">\n<div class=\"accordion-header\" id=\"headingc353cc89539116459541a3b35f3da287\">\n<h5 class=\"mb-0\"><button class=\"accordion-button\" onclick=\"toggleAccordion('collapsec353cc89539116459541a3b35f3da287')\">Emplois \u00e0 contrat<\/button><\/h5>\n<\/div>\n<div id=\"collapsec353cc89539116459541a3b35f3da287\" class=\"accordion-collapse\" style=\"display:none;\">\n<div class=\"accordion-body\">\n<p>Aucune offre pour le moment<\/p>\n<\/div>\n<\/div>\n<\/div>\n<div class=\"accordion-item\">\n<div class=\"accordion-header\" id=\"heading64c6da2436465d11573858d46056b95d\">\n<h5 class=\"mb-0\"><button class=\"accordion-button\" onclick=\"toggleAccordion('collapse64c6da2436465d11573858d46056b95d')\">Stages<\/button><\/h5>\n<\/div>\n<div id=\"collapse64c6da2436465d11573858d46056b95d\" class=\"accordion-collapse\" style=\"display:none;\">\n<div class=\"accordion-body\">\n<p>Aucune offre pour le moment<\/p>\n<\/div>\n<\/div>\n<\/div>\n<div class=\"accordion-item\">\n<div class=\"accordion-header\" id=\"headingc0850b4119c0ecc73cc96290a28c70ac\">\n<h5 class=\"mb-0\"><button class=\"accordion-button\" onclick=\"toggleAccordion('collapsec0850b4119c0ecc73cc96290a28c70ac')\">Candidatures spontan\u00e9es<\/button><\/h5>\n<\/div>\n<div id=\"collapsec0850b4119c0ecc73cc96290a28c70ac\" class=\"accordion-collapse\" style=\"display:none;\">\n<div class=\"accordion-body\">\n<p>Aucune offre pour le moment<\/p>\n<\/div>\n<\/div>\n<\/div>\n<\/div>\n<p><script>\n  function toggleAccordion(id) {\n    var accordions = document.getElementsByClassName('accordion-collapse');\n    var buttons = document.getElementsByClassName('accordion-button');\n    for (var i = 0; i < accordions.length; i++) {\n      if (accordions[i].id !== id) {\n        accordions[i].style.display = \"none\";\n        buttons[i].classList.remove('active');\n      }\n    }\n\n    var x = document.getElementById(id);\n    var button = document.querySelector('button[onclick=\"toggleAccordion(\\'' + id + '\\')\"]');\n    if (x.style.display === \"none\") {\n      x.style.display = \"block\";\n      button.classList.add('active');\n    } else {\n      x.style.display = \"none\";\n      button.classList.remove('active');\n    }\n  }\n<\/script><\/p>\n<\/div>\n\t\t\t\t\t\t<\/div>\n\t\t\t\t<\/div>\n\t\t\t\t\t<\/div>\n\t\t<\/div>\n\t\t\t\t\t<\/div>\n\t\t<\/section>\n\t\t\t\t<section data-dce-background-color=\"#F3F3F3\" class=\"elementor-section elementor-top-section elementor-element elementor-element-b04b5c7 elementor-section-stretched elementor-section-boxed elementor-section-height-default elementor-section-height-default\" data-id=\"b04b5c7\" data-element_type=\"section\" data-settings=\"{&quot;stretch_section&quot;:&quot;section-stretched&quot;,&quot;background_background&quot;:&quot;classic&quot;}\">\n\t\t\t\t\t\t<div class=\"elementor-container elementor-column-gap-default\">\n\t\t\t\t\t<div class=\"elementor-column elementor-col-100 elementor-top-column elementor-element elementor-element-aabe0cf\" data-id=\"aabe0cf\" data-element_type=\"column\">\n\t\t\t<div class=\"elementor-widget-wrap elementor-element-populated\">\n\t\t\t\t\t\t<div class=\"elementor-element elementor-element-3451699 elementor-widget elementor-widget-google_maps\" data-id=\"3451699\" data-element_type=\"widget\" data-widget_type=\"google_maps.default\">\n\t\t\t\t<div class=\"elementor-widget-container\">\n\t\t\t\t\t\t\t<div class=\"elementor-custom-embed\">\n\t\t\t<iframe loading=\"lazy\"\n\t\t\t\t\tsrc=\"https:\/\/maps.google.com\/maps?q=CRIM%20-%20Centre%20de%20Recherche%20Informatique%20de%20Montr%C3%A9al&#038;t=m&#038;z=19&#038;output=embed&#038;iwloc=near\"\n\t\t\t\t\ttitle=\"CRIM - Centre de Recherche Informatique de Montr\u00e9al\"\n\t\t\t\t\taria-label=\"CRIM - Centre de Recherche Informatique de Montr\u00e9al\"\n\t\t\t><\/iframe>\n\t\t<\/div>\n\t\t\t\t\t\t<\/div>\n\t\t\t\t<\/div>\n\t\t\t\t\t<\/div>\n\t\t<\/div>\n\t\t\t\t\t<\/div>\n\t\t<\/section>\n\t\t\t\t<\/div>\n\t\t","protected":false},"excerpt":{"rendered":"<p>Vous souhaitez travailler au CRIM? Consultez r\u00e9guli\u00e8rement nos offres d\u2019emplois car de nouveaux postes sont p\u00e9riodiquement ajout\u00e9s. Le CRIM est un employeur \u00e9quitable et la diversit\u00e9 lui tient \u00e0 c\u0153ur. Nous valorisons le d\u00e9veloppement d\u2019id\u00e9es en \u00e9quipe et cultivons un environnement de travail ouvert et respectueux des diff\u00e9rences. Nous encourageons tous(tes) les candidat(e)s \u00e0 postuler [&hellip;]<\/p>\n","protected":false},"author":34,"featured_media":24329,"parent":0,"menu_order":0,"comment_status":"closed","ping_status":"closed","template":"","meta":{"_acf_changed":false,"footnotes":"","_links_to":"","_links_to_target":""},"class_list":["post-23070","page","type-page","status-publish","has-post-thumbnail","hentry"],"acf":[],"_links":{"self":[{"href":"https:\/\/www.crim.ca\/fr\/wp-json\/wp\/v2\/pages\/23070","targetHints":{"allow":["GET"]}}],"collection":[{"href":"https:\/\/www.crim.ca\/fr\/wp-json\/wp\/v2\/pages"}],"about":[{"href":"https:\/\/www.crim.ca\/fr\/wp-json\/wp\/v2\/types\/page"}],"author":[{"embeddable":true,"href":"https:\/\/www.crim.ca\/fr\/wp-json\/wp\/v2\/users\/34"}],"replies":[{"embeddable":true,"href":"https:\/\/www.crim.ca\/fr\/wp-json\/wp\/v2\/comments?post=23070"}],"version-history":[{"count":156,"href":"https:\/\/www.crim.ca\/fr\/wp-json\/wp\/v2\/pages\/23070\/revisions"}],"predecessor-version":[{"id":26912,"href":"https:\/\/www.crim.ca\/fr\/wp-json\/wp\/v2\/pages\/23070\/revisions\/26912"}],"wp:featuredmedia":[{"embeddable":true,"href":"https:\/\/www.crim.ca\/fr\/wp-json\/wp\/v2\/media\/24329"}],"wp:attachment":[{"href":"https:\/\/www.crim.ca\/fr\/wp-json\/wp\/v2\/media?parent=23070"}],"curies":[{"name":"wp","href":"https:\/\/api.w.org\/{rel}","templated":true}]}}