{"id":26464,"date":"2025-06-09T11:35:10","date_gmt":"2025-06-09T15:35:10","guid":{"rendered":"https:\/\/www.crim.ca\/?page_id=26464"},"modified":"2025-07-11T14:23:45","modified_gmt":"2025-07-11T18:23:45","slug":"a-propos","status":"publish","type":"page","link":"https:\/\/www.crim.ca\/fr\/a-propos\/","title":{"rendered":"\u00c0 propos"},"content":{"rendered":"\t\t<div data-elementor-type=\"wp-page\" data-elementor-id=\"26464\" class=\"elementor elementor-26464\" data-elementor-post-type=\"page\">\n\t\t\t\t<div class=\"elementor-element elementor-element-65260a6 e-flex e-con-boxed e-con e-parent\" data-id=\"65260a6\" data-element_type=\"container\">\n\t\t\t\t\t<div class=\"e-con-inner\">\n\t\t<div class=\"elementor-element elementor-element-5cf6fb3 e-con-full e-flex e-con e-child\" data-id=\"5cf6fb3\" data-element_type=\"container\">\n\t\t\t\t<div class=\"elementor-element elementor-element-2a654ee wpman-list elementor-widget elementor-widget-text-editor\" data-id=\"2a654ee\" data-element_type=\"widget\" data-widget_type=\"text-editor.default\">\n\t\t\t\t<div class=\"elementor-widget-container\">\n\t\t\t\t\t\t\t\t\t<p>Le Centre de recherche informatique de Montr\u00e9al (CRIM) est un organisme sans but lucratif au service des entreprises et organisations qu\u00e9b\u00e9coises depuis <a href=\"\/fr\/histoire\/\">40 ans<\/a>. Acteur cl\u00e9 de l\u2019\u00e9cosyst\u00e8me d\u2019innovation en intelligence artificielle (IA) et en technologies de pointe, le CRIM se distingue par son approche unique en alliant rigueur scientifique et impact humain.<\/p>\t\t\t\t\t\t\t\t<\/div>\n\t\t\t\t<\/div>\n\t\t\t\t<\/div>\n\t\t\t\t\t<\/div>\n\t\t\t\t<\/div>\n\t\t<div class=\"elementor-element elementor-element-d059458 e-flex e-con-boxed e-con e-parent\" data-id=\"d059458\" data-element_type=\"container\">\n\t\t\t\t\t<div class=\"e-con-inner\">\n\t\t<div class=\"elementor-element elementor-element-be19e67 e-con-full e-flex e-con e-child\" data-id=\"be19e67\" data-element_type=\"container\">\n\t\t\t\t<div class=\"elementor-element elementor-element-b057ea2 h2-tiret-gauche h2-tiret-gauche-bleu elementor-widget elementor-widget-heading\" data-id=\"b057ea2\" data-element_type=\"widget\" data-widget_type=\"heading.default\">\n\t\t\t\t<div class=\"elementor-widget-container\">\n\t\t\t\t\t<h2 class=\"elementor-heading-title elementor-size-default\">Avec c\u0153ur, \u00e0 l\u2019avant-garde de l\u2019IA au Qu\u00e9bec, depuis 40 ans<\/h2>\t\t\t\t<\/div>\n\t\t\t\t<\/div>\n\t\t\t\t<div class=\"elementor-element elementor-element-31d3cd3 wpman-list elementor-widget elementor-widget-text-editor\" data-id=\"31d3cd3\" data-element_type=\"widget\" data-widget_type=\"text-editor.default\">\n\t\t\t\t<div class=\"elementor-widget-container\">\n\t\t\t\t\t\t\t\t\t<p>Notre principe d\u2019action,<strong> \u00ab l\u2019avant-gardisme avec c\u0153ur \u00bb<\/strong>, exprime notre volont\u00e9 d\u2019oser, et d\u2019innover, tout en demeurant profond\u00e9ment ancr\u00e9 dans les besoins de la soci\u00e9t\u00e9 et des organisations au Qu\u00e9bec. Ce principe incarne nos valeurs de progr\u00e8s, d\u2019innovation et de responsabilit\u00e9 sociale.<\/p><p>En cr\u00e9ant de la valeur socio-\u00e9conomique \u00e0 partir d\u2019avanc\u00e9es num\u00e9riques, nous utilisons la recherche appliqu\u00e9e, le d\u00e9veloppement exp\u00e9rimental et le transfert de connaissances afin d\u2019agir et innover.<\/p><p>Depuis 1985, notre <a href=\"\/fr\/la-mission-du-crim\/\">mission et notre impact<\/a> se font sentir au Qu\u00e9bec.<\/p>\t\t\t\t\t\t\t\t<\/div>\n\t\t\t\t<\/div>\n\t\t\t\t<\/div>\n\t\t\t\t\t<\/div>\n\t\t\t\t<\/div>\n\t\t<div class=\"elementor-element elementor-element-40bf06a e-flex e-con-boxed e-con e-parent\" data-id=\"40bf06a\" data-element_type=\"container\">\n\t\t\t\t\t<div class=\"e-con-inner\">\n\t\t<div class=\"elementor-element elementor-element-f65e7c2 e-con-full e-flex e-con e-child\" data-id=\"f65e7c2\" data-element_type=\"container\">\n\t\t\t\t<div class=\"elementor-element elementor-element-6c4d689 h2-tiret-gauche h2-tiret-gauche-bleu elementor-widget elementor-widget-heading\" data-id=\"6c4d689\" data-element_type=\"widget\" data-widget_type=\"heading.default\">\n\t\t\t\t<div class=\"elementor-widget-container\">\n\t\t\t\t\t<h2 class=\"elementor-heading-title elementor-size-default\">Ce que nous faisons<\/h2>\t\t\t\t<\/div>\n\t\t\t\t<\/div>\n\t\t\t\t<div class=\"elementor-element elementor-element-1408036 elementor-widget elementor-widget-heading\" data-id=\"1408036\" data-element_type=\"widget\" data-widget_type=\"heading.default\">\n\t\t\t\t<div class=\"elementor-widget-container\">\n\t\t\t\t\t<h3 class=\"elementor-heading-title elementor-size-default\">D\u00e9veloppement exp\u00e9rimental<\/h3>\t\t\t\t<\/div>\n\t\t\t\t<\/div>\n\t\t\t\t<div class=\"elementor-element elementor-element-849f5e4 wpman-list liste-crochet elementor-widget elementor-widget-text-editor\" data-id=\"849f5e4\" data-element_type=\"widget\" data-widget_type=\"text-editor.default\">\n\t\t\t\t<div class=\"elementor-widget-container\">\n\t\t\t\t\t\t\t\t\t<p>Nos experts s\u2019approprient les avanc\u00e9es scientifiques pour d\u00e9velopper des savoir-faire originaux, les partager avec la communaut\u00e9 et g\u00e9n\u00e9rer de nouvelles connaissances.<\/p><p>Nos travaux permettent aux PME de\u00a0:<\/p><ul><li>acc\u00e9der \u00e0 une expertise de pointe<\/li><li>acc\u00e9l\u00e9rer leur commercialisation<\/li><li>augmenter leur comp\u00e9titivit\u00e9<\/li><li>b\u00e9n\u00e9ficier de financement<\/li><\/ul>\t\t\t\t\t\t\t\t<\/div>\n\t\t\t\t<\/div>\n\t\t\t\t<div class=\"elementor-element elementor-element-bf61276 elementor-widget elementor-widget-heading\" data-id=\"bf61276\" data-element_type=\"widget\" data-widget_type=\"heading.default\">\n\t\t\t\t<div class=\"elementor-widget-container\">\n\t\t\t\t\t<h3 class=\"elementor-heading-title elementor-size-default\">Accompagnement<\/h3>\t\t\t\t<\/div>\n\t\t\t\t<\/div>\n\t\t\t\t<div class=\"elementor-element elementor-element-1927a36 wpman-list liste-crochet elementor-widget elementor-widget-text-editor\" data-id=\"1927a36\" data-element_type=\"widget\" data-widget_type=\"text-editor.default\">\n\t\t\t\t<div class=\"elementor-widget-container\">\n\t\t\t\t\t\t\t\t\t<p>Le CRIM augmente le niveau de connaissances et de savoir-faire des organisations par le transfert de connaissances. En 2023-2024, 109 interventions de ce type ont \u00e9t\u00e9 r\u00e9alis\u00e9es, notamment via le programme <a href=\"https:\/\/www.numeria.ai\/\">NUMERIA<\/a>, ax\u00e9 sur l\u2019adoption de l\u2019IA en industrie\u200b.<\/p><p>Le parcours <a href=\"https:\/\/activationia.crim.ca\/\">Activation IA<\/a> s\u2019adresse aux PME souhaitant amorcer ou structurer leur virage technologique. Ce programme, con\u00e7u par des experts de terrain, aide \u00e0 transformer l\u2019<strong>IA en un v\u00e9ritable levier de croissance<\/strong>, en outillant les PME pour en comprendre les fondements et en maximiser l\u2019impact.<\/p><p>\u00c0 titre de partenaire du <strong>Programme d\u2019aide \u00e0 la recherche industrielle du Conseil national de recherches du Canada (PARI CNRC),<\/strong> le CRIM fournit des conseils aux petites et moyennes entreprises, les aide \u00e0 nouer des relations et leur procure un soutien financier afin qu\u2019elles puissent innover davantage et exploiter commercialement leurs id\u00e9es.<\/p><p>En partageant notre savoir, nous :<\/p><ul><li>d\u00e9risquons les projets \u00e0 forte incertitude<\/li><li>renfor\u00e7ons l\u2019autonomie des \u00e9quipes internes des entreprises d\u2019ici<\/li><li>permettons aux entreprises de passer rapidement de l\u2019id\u00e9e au prototype<\/li><li>optimisons les choix technologiques<\/li><li>solidifions le maillage entre chercheurs, entreprises et institutions<\/li><\/ul>\t\t\t\t\t\t\t\t<\/div>\n\t\t\t\t<\/div>\n\t\t\t\t<\/div>\n\t\t\t\t\t<\/div>\n\t\t\t\t<\/div>\n\t\t<div class=\"elementor-element elementor-element-cc71c62 e-flex e-con-boxed e-con e-parent\" data-id=\"cc71c62\" data-element_type=\"container\">\n\t\t\t\t\t<div class=\"e-con-inner\">\n\t\t<div class=\"elementor-element elementor-element-58252aa e-con-full e-flex e-con e-child\" data-id=\"58252aa\" data-element_type=\"container\">\n\t\t\t\t<div class=\"elementor-element elementor-element-a7edb3a h2-tiret-gauche h2-tiret-gauche-bleu elementor-widget elementor-widget-heading\" data-id=\"a7edb3a\" data-element_type=\"widget\" data-widget_type=\"heading.default\">\n\t\t\t\t<div class=\"elementor-widget-container\">\n\t\t\t\t\t<h2 class=\"elementor-heading-title elementor-size-default\">Nos valeurs<\/h2>\t\t\t\t<\/div>\n\t\t\t\t<\/div>\n\t\t<div class=\"elementor-element elementor-element-0bcb1c3 e-con-full e-flex e-con e-child\" data-id=\"0bcb1c3\" data-element_type=\"container\">\n\t\t\t\t<div class=\"elementor-element elementor-element-9b1999e elementor-widget-mobile__width-inherit elementor-widget elementor-widget-image\" data-id=\"9b1999e\" data-element_type=\"widget\" data-widget_type=\"image.default\">\n\t\t\t\t<div class=\"elementor-widget-container\">\n\t\t\t\t\t\t\t\t\t\t\t\t\t\t\t<img fetchpriority=\"high\" decoding=\"async\" width=\"229\" height=\"229\" src=\"https:\/\/www.crim.ca\/wp-content\/uploads\/2025\/06\/nos-valeurs.png\" class=\"attachment-large size-large wp-image-26338\" alt=\"\" srcset=\"https:\/\/www.crim.ca\/wp-content\/uploads\/2025\/06\/nos-valeurs.png 229w, https:\/\/www.crim.ca\/wp-content\/uploads\/2025\/06\/nos-valeurs-150x150.png 150w\" sizes=\"(max-width: 229px) 100vw, 229px\" \/>\t\t\t\t\t\t\t\t\t\t\t\t\t\t\t<\/div>\n\t\t\t\t<\/div>\n\t\t\t\t<div class=\"elementor-element elementor-element-a723438 texte-valeurs elementor-widget elementor-widget-text-editor\" data-id=\"a723438\" data-element_type=\"widget\" data-widget_type=\"text-editor.default\">\n\t\t\t\t<div class=\"elementor-widget-container\">\n\t\t\t\t\t\t\t\t\t<h3><strong>Int\u00e9grit\u00e9\u00a0<\/strong><\/h3><p>Agir sans compromis dans l\u2019int\u00e9r\u00eat des clients, des employ\u00e9s et du public.<\/p><h3><strong>Confiance<\/strong><\/h3><p>La base du succ\u00e8s du CRIM.<\/p><h3><strong>Avant-gardisme avec c\u0153ur\u00a0<\/strong><\/h3><p>Innover avec courage et humanit\u00e9.<\/p>\t\t\t\t\t\t\t\t<\/div>\n\t\t\t\t<\/div>\n\t\t\t\t<\/div>\n\t\t\t\t<\/div>\n\t\t\t\t\t<\/div>\n\t\t\t\t<\/div>\n\t\t\t\t<\/div>\n\t\t","protected":false},"excerpt":{"rendered":"<p>Le Centre de recherche informatique de Montr\u00e9al (CRIM) est un organisme sans but lucratif au service des entreprises et organisations qu\u00e9b\u00e9coises depuis 40 ans. Acteur cl\u00e9 de l\u2019\u00e9cosyst\u00e8me d\u2019innovation en intelligence artificielle (IA) et en technologies de pointe, le CRIM se distingue par son approche unique en alliant rigueur scientifique et impact humain. Avec c\u0153ur, [&hellip;]<\/p>\n","protected":false},"author":34,"featured_media":14435,"parent":0,"menu_order":0,"comment_status":"closed","ping_status":"closed","template":"","meta":{"_acf_changed":false,"footnotes":"","_links_to":"","_links_to_target":""},"class_list":["post-26464","page","type-page","status-publish","has-post-thumbnail","hentry"],"acf":[],"_links":{"self":[{"href":"https:\/\/www.crim.ca\/fr\/wp-json\/wp\/v2\/pages\/26464","targetHints":{"allow":["GET"]}}],"collection":[{"href":"https:\/\/www.crim.ca\/fr\/wp-json\/wp\/v2\/pages"}],"about":[{"href":"https:\/\/www.crim.ca\/fr\/wp-json\/wp\/v2\/types\/page"}],"author":[{"embeddable":true,"href":"https:\/\/www.crim.ca\/fr\/wp-json\/wp\/v2\/users\/34"}],"replies":[{"embeddable":true,"href":"https:\/\/www.crim.ca\/fr\/wp-json\/wp\/v2\/comments?post=26464"}],"version-history":[{"count":19,"href":"https:\/\/www.crim.ca\/fr\/wp-json\/wp\/v2\/pages\/26464\/revisions"}],"predecessor-version":[{"id":27331,"href":"https:\/\/www.crim.ca\/fr\/wp-json\/wp\/v2\/pages\/26464\/revisions\/27331"}],"wp:featuredmedia":[{"embeddable":true,"href":"https:\/\/www.crim.ca\/fr\/wp-json\/wp\/v2\/media\/14435"}],"wp:attachment":[{"href":"https:\/\/www.crim.ca\/fr\/wp-json\/wp\/v2\/media?parent=26464"}],"curies":[{"name":"wp","href":"https:\/\/api.w.org\/{rel}","templated":true}]}}