{"id":26469,"date":"2025-06-09T11:37:39","date_gmt":"2025-06-09T15:37:39","guid":{"rendered":"https:\/\/www.crim.ca\/?page_id=26469"},"modified":"2025-06-09T11:38:06","modified_gmt":"2025-06-09T15:38:06","slug":"histoire","status":"publish","type":"page","link":"https:\/\/www.crim.ca\/fr\/histoire\/","title":{"rendered":"Histoire"},"content":{"rendered":"\t\t<div data-elementor-type=\"wp-page\" data-elementor-id=\"26469\" class=\"elementor elementor-26469\" data-elementor-post-type=\"page\">\n\t\t\t\t<div class=\"elementor-element elementor-element-eacee7c e-flex e-con-boxed e-con e-parent\" data-id=\"eacee7c\" data-element_type=\"container\">\n\t\t\t\t\t<div class=\"e-con-inner\">\n\t\t\t\t<div class=\"elementor-element elementor-element-17c5b29 elementor-widget elementor-widget-eael-content-timeline\" data-id=\"17c5b29\" data-element_type=\"widget\" data-widget_type=\"eael-content-timeline.default\">\n\t\t\t\t<div class=\"elementor-widget-container\">\n\t\t\t\t\t\t\t<div id=\"eael-content-timeline-17c5b29\" class=\"content-timeline-layout-center date-position- horizontal-timeline-wrapper\" data-slide_to_scroll=\"{&quot;desktop&quot;:1,&quot;tablet&quot;:1,&quot;mobile&quot;:1}\">\n\t\t\t<div class=\"eael-content-timeline-container\">\n\t\t\t\t<div class=\"eael-content-timeline-container\">\n\t\t\t\t\t\t\t\t\t\t\t\t\t\t\t\t\t\t\t\t\t\t\t<div class=\"eael-content-timeline-block\">\n    <div class=\"eael-content-timeline-line\">\n        <div class=\"eael-content-timeline-inner\"><\/div>\n    <\/div>\n    <div class=\"eael-content-timeline-img eael-picture \"><\/div><div class=\"eael-content-timeline-content\"><h2 class=\"eael-timeline-title\"><a href=\"\"> Les d\u00e9buts d\u2019une vision <\/a><\/h2><p>L\u2019ann\u00e9e 1985 marque un tournant. Le 1er juin, deux grandes \u00e9quipes de recherche sont lanc\u00e9es : l\u2019\u00e9quipe VLSI dirig\u00e9e par le Dr Nicholas Rumin (McGill) et l\u2019\u00e9quipe T\u00e9l\u00e9matique dirig\u00e9e par le Dr Gregor Bochmann (Universit\u00e9 de Montr\u00e9al). Un financement de 2,7 millions de dollars du MESSQ propulse ces projets sur cinq ans.<\/p><p>\u00c0 l\u2019automne, le CRIM s\u2019installe au centre-ville de Montr\u00e9al et inaugure officiellement ses nouveaux locaux le 31 octobre.<\/p><p>Cette inauguration co\u00efncide avec l\u2019arriv\u00e9e d\u2019un supermini-ordinateur VAX 8600 et la mise en place d\u2019un r\u00e9seau DECNET reliant les universit\u00e9s partenaires.<\/p><span class=\"eael-date\">1985<\/span><\/div><\/div>\t\t\t\t\t\t\t\t\t\t\t\t\t\t\t\t\t\t<div class=\"eael-content-timeline-block\">\n    <div class=\"eael-content-timeline-line\">\n        <div class=\"eael-content-timeline-inner\"><\/div>\n    <\/div>\n    <div class=\"eael-content-timeline-img eael-picture \"><\/div><div class=\"eael-content-timeline-content\"><h2 class=\"eael-timeline-title\"><a href=\"\">De nouveaux laboratoires, de nouveaux projets<\/a><\/h2><p>L\u2019ann\u00e9e 1988 est marqu\u00e9e par l\u2019arriv\u00e9e de Pierre Coulombe \u00e0 la t\u00eate du CRIM. Le Centre inaugure ses laboratoires en avril en pr\u00e9sence du ministre de l\u2019Enseignement sup\u00e9rieur et de la Science. De nombreux projets prennent forme : reconnaissance vocale, diagnostic d\u2019appareillage \u00e9lectrique, pr\u00e9vision m\u00e9t\u00e9orologique, et plus encore<\/p><span class=\"eael-date\">1988<\/span><\/div><\/div>\t\t\t\t\t\t\t\t\t\t\t\t\t\t\t\t\t\t<div class=\"eael-content-timeline-block\">\n    <div class=\"eael-content-timeline-line\">\n        <div class=\"eael-content-timeline-inner\"><\/div>\n    <\/div>\n    <div class=\"eael-content-timeline-img eael-picture \"><\/div><div class=\"eael-content-timeline-content\"><h2 class=\"eael-timeline-title\"><a href=\"\">Diversification des projets<\/a><\/h2><p>Le CRIM d\u00e9veloppe des projets d\u2019envergure avec Hydro-Qu\u00e9bec, IBM, DMR, CGI et l\u2019IREQ. Le Centre se positionne comme un catalyseur de projets collaboratifs \u00e0 forte composante technologique.<\/p><span class=\"eael-date\">1991<\/span><\/div><\/div>\t\t\t\t\t\t\t\t\t\t\t\t\t\t\t\t\t\t<div class=\"eael-content-timeline-block\">\n    <div class=\"eael-content-timeline-line\">\n        <div class=\"eael-content-timeline-inner\"><\/div>\n    <\/div>\n    <div class=\"eael-content-timeline-img eael-picture \"><\/div><div class=\"eael-content-timeline-content\"><h2 class=\"eael-timeline-title\"><a href=\"\">R\u00e9organisation et renforcement des projets de R-D<\/a><\/h2><p>L\u2019ann\u00e9e 1997-1998 a \u00e9t\u00e9 marqu\u00e9e par une r\u00e9organisation interne strat\u00e9gique afin d\u2019optimiser la coordination des \u00e9quipes de recherche. Cette r\u00e9organisation a permis au CRIM de r\u00e9aliser 65 projets dans divers domaines, allant du d\u00e9veloppement technologique \u00e0 l\u2019accompagnement des entreprises.<\/p><span class=\"eael-date\">1997<\/span><\/div><\/div>\t\t\t\t\t\t\t\t\t\t\t\t\t\t\t\t\t\t<div class=\"eael-content-timeline-block\">\n    <div class=\"eael-content-timeline-line\">\n        <div class=\"eael-content-timeline-inner\"><\/div>\n    <\/div>\n    <div class=\"eael-content-timeline-img eael-picture \"><\/div><div class=\"eael-content-timeline-content\"><h2 class=\"eael-timeline-title\"><a href=\"\">Renforcement des activit\u00e9s de R-D et de la formation<\/a><\/h2><p>L'ann\u00e9e 2002-2003 a \u00e9t\u00e9 marqu\u00e9e par une croissance continue des projets de R-D et de la formation. Le CRIM a collabor\u00e9 \u00e0 68 projets de R-D. Les partenariats avec le CRIQ et Precarn Associates Inc. ont continu\u00e9 \u00e0 jouer un r\u00f4le strat\u00e9gique dans l'\u00e9largissement du r\u00e9seau du CRIM. L\u2019engagement du CRIM envers l\u2019excellence en R-D et la formation a \u00e9t\u00e9 pleinement d\u00e9montr\u00e9 \u00e0 travers ses diverses initiatives.<\/p><span class=\"eael-date\">2002<\/span><\/div><\/div>\t\t\t\t\t\t\t\t\t\t\t\t\t\t\t\t\t\t<div class=\"eael-content-timeline-block\">\n    <div class=\"eael-content-timeline-line\">\n        <div class=\"eael-content-timeline-inner\"><\/div>\n    <\/div>\n    <div class=\"eael-content-timeline-img eael-picture \"><\/div><div class=\"eael-content-timeline-content\"><h2 class=\"eael-timeline-title\"><a href=\"\">Des invit\u00e9s d'envergure<\/a><\/h2><div class=\"wp-block-group is-layout-flow wp-block-group-is-layout-flow\"><p>La quatri\u00e8me \u00e9dition de la conf\u00e9rence <strong>La Boule de cristal du CRIM<\/strong> s\u2019est tenue les 15 et 16 f\u00e9vrier 2007 au Palais des congr\u00e8s de Montr\u00e9al et a accueilli 17 conf\u00e9renciers et pan\u00e9listes, dont Steve Wozniak, co-fondateur de la soci\u00e9t\u00e9 Apple.\u00a0<\/p><\/div><span class=\"eael-date\">2007<\/span><\/div><\/div>\t\t\t\t\t\t\t\t\t\t\t\t\t\t\t\t\t\t<div class=\"eael-content-timeline-block\">\n    <div class=\"eael-content-timeline-line\">\n        <div class=\"eael-content-timeline-inner\"><\/div>\n    <\/div>\n    <div class=\"eael-content-timeline-img eael-picture \"><\/div><div class=\"eael-content-timeline-content\"><h2 class=\"eael-timeline-title\"><a href=\"\">Virage vers la valorisation commerciale<\/a><\/h2><p>Le CRIM d\u00e9m\u00e9nage ses bureaux du centre-ville de Montr\u00e9al vers ses locaux actuels du quartier Parc-Extension.<\/p><p class=\"p1\"><span class=\"s1\">L\u2019ann\u00e9e a permis au CRIM de raffiner son offre et de garnir son coffre \u00e0 outils technologiques afin de r\u00e9pondre aux besoins des entreprises.<\/span><\/p><span class=\"eael-date\">2009<\/span><\/div><\/div>\t\t\t\t\t\t\t\t\t\t\t\t\t\t\t\t\t\t<div class=\"eael-content-timeline-block\">\n    <div class=\"eael-content-timeline-line\">\n        <div class=\"eael-content-timeline-inner\"><\/div>\n    <\/div>\n    <div class=\"eael-content-timeline-img eael-picture \"><\/div><div class=\"eael-content-timeline-content\"><h2 class=\"eael-timeline-title\"><a href=\"\">Transformation strat\u00e9gique et repositionnement<\/a><\/h2><div class=\"page\"><div class=\"layoutArea\"><div class=\"column\"><p>Le CRIM a obtenu le statut de centre<br \/>de recherche public, avec la reconnaissance par<br \/>le ministe\u0300re de l\u2019E\u0301conomie, de l\u2019Innovation et des Exportations (MEIE), venant ainsi confirmer le ro\u0302le historique et strate\u0301gique de ses services de recherche applique\u0301e.<\/p><\/div><\/div><\/div><span class=\"eael-date\">2014<\/span><\/div><\/div>\t\t\t\t\t\t\t\t\t\t\t\t\t\t\t\t\t\t<div class=\"eael-content-timeline-block\">\n    <div class=\"eael-content-timeline-line\">\n        <div class=\"eael-content-timeline-inner\"><\/div>\n    <\/div>\n    <div class=\"eael-content-timeline-img eael-picture \"><\/div><div class=\"eael-content-timeline-content\"><h2 class=\"eael-timeline-title\"><a href=\"\">Expansion physique et croissance organisationnelle <\/a><\/h2><p>Le CRIM r\u00e9alise une production scientifique diversifi\u00e9e, en pleine pand\u00e9mie, avec 184 clients desservis donc 59 % de PME.<\/p><span class=\"eael-date\">2020<\/span><\/div><\/div>\t\t\t\t\t\t\t\t\t\t\t\t\t\t\t\t\t\t<div class=\"eael-content-timeline-block\">\n    <div class=\"eael-content-timeline-line\">\n        <div class=\"eael-content-timeline-inner\"><\/div>\n    <\/div>\n    <div class=\"eael-content-timeline-img eael-picture \"><\/div><div class=\"eael-content-timeline-content\"><h2 class=\"eael-timeline-title\"><a href=\"\">Chef de file de l\u2019IA de confiance<\/a><\/h2><p>Le CRIM lance <a href=\"https:\/\/www.confianceia.ca\/\">Confiance IA<\/a>, un consortium majeur soutenu par un financement gouvernemental de 4,5 M$. Il renforce son leadership en ing\u00e9nierie de l\u2019IA fiable et \u00e9thique, multiplie les partenariats internationaux et joue un r\u00f4le central dans le d\u00e9ploiement industriel de l\u2019IA responsable.<\/p><span class=\"eael-date\">2023<\/span><\/div><\/div>\t\t\t\t<\/div>\n\t\t\t<\/div>\n\t\t<\/div>\n\t\t\t\t\t<\/div>\n\t\t\t\t<\/div>\n\t\t\t\t\t<\/div>\n\t\t\t\t<\/div>\n\t\t\t\t<\/div>\n\t\t","protected":false},"excerpt":{"rendered":"<p>Les d\u00e9buts d\u2019une vision L\u2019ann\u00e9e 1985 marque un tournant. Le 1er juin, deux grandes \u00e9quipes de recherche sont lanc\u00e9es : l\u2019\u00e9quipe VLSI dirig\u00e9e par le Dr Nicholas Rumin (McGill) et l\u2019\u00e9quipe T\u00e9l\u00e9matique dirig\u00e9e par le Dr Gregor Bochmann (Universit\u00e9 de Montr\u00e9al). Un financement de 2,7 millions de dollars du MESSQ propulse ces projets sur cinq [&hellip;]<\/p>\n","protected":false},"author":34,"featured_media":14435,"parent":0,"menu_order":0,"comment_status":"closed","ping_status":"closed","template":"","meta":{"_acf_changed":false,"footnotes":"","_links_to":"","_links_to_target":""},"class_list":["post-26469","page","type-page","status-publish","has-post-thumbnail","hentry"],"acf":[],"_links":{"self":[{"href":"https:\/\/www.crim.ca\/fr\/wp-json\/wp\/v2\/pages\/26469","targetHints":{"allow":["GET"]}}],"collection":[{"href":"https:\/\/www.crim.ca\/fr\/wp-json\/wp\/v2\/pages"}],"about":[{"href":"https:\/\/www.crim.ca\/fr\/wp-json\/wp\/v2\/types\/page"}],"author":[{"embeddable":true,"href":"https:\/\/www.crim.ca\/fr\/wp-json\/wp\/v2\/users\/34"}],"replies":[{"embeddable":true,"href":"https:\/\/www.crim.ca\/fr\/wp-json\/wp\/v2\/comments?post=26469"}],"version-history":[{"count":4,"href":"https:\/\/www.crim.ca\/fr\/wp-json\/wp\/v2\/pages\/26469\/revisions"}],"predecessor-version":[{"id":26473,"href":"https:\/\/www.crim.ca\/fr\/wp-json\/wp\/v2\/pages\/26469\/revisions\/26473"}],"wp:featuredmedia":[{"embeddable":true,"href":"https:\/\/www.crim.ca\/fr\/wp-json\/wp\/v2\/media\/14435"}],"wp:attachment":[{"href":"https:\/\/www.crim.ca\/fr\/wp-json\/wp\/v2\/media?parent=26469"}],"curies":[{"name":"wp","href":"https:\/\/api.w.org\/{rel}","templated":true}]}}