{"id":26475,"date":"2025-06-09T11:41:22","date_gmt":"2025-06-09T15:41:22","guid":{"rendered":"https:\/\/www.crim.ca\/?page_id=26475"},"modified":"2025-07-11T14:25:22","modified_gmt":"2025-07-11T18:25:22","slug":"la-mission-du-crim","status":"publish","type":"page","link":"https:\/\/www.crim.ca\/fr\/la-mission-du-crim\/","title":{"rendered":"La mission du CRIM"},"content":{"rendered":"\t\t<div data-elementor-type=\"wp-page\" data-elementor-id=\"26475\" class=\"elementor elementor-26475\" data-elementor-post-type=\"page\">\n\t\t\t\t<div class=\"elementor-element elementor-element-a66f294 e-flex e-con-boxed e-con e-parent\" data-id=\"a66f294\" data-element_type=\"container\">\n\t\t\t\t\t<div class=\"e-con-inner\">\n\t\t<div class=\"elementor-element elementor-element-354ca53 e-con-full e-flex e-con e-child\" data-id=\"354ca53\" data-element_type=\"container\">\n\t\t\t\t<div class=\"elementor-element elementor-element-f19e111 elementor-widget-mobile__width-inherit elementor-widget elementor-widget-image\" data-id=\"f19e111\" data-element_type=\"widget\" data-widget_type=\"image.default\">\n\t\t\t\t<div class=\"elementor-widget-container\">\n\t\t\t\t\t\t\t\t\t\t\t\t\t\t\t<img decoding=\"async\" width=\"279\" height=\"175\" src=\"https:\/\/www.crim.ca\/wp-content\/uploads\/2025\/06\/quebec.avif\" class=\"attachment-medium_large size-medium_large wp-image-26344\" alt=\"\" \/>\t\t\t\t\t\t\t\t\t\t\t\t\t\t\t<\/div>\n\t\t\t\t<\/div>\n\t\t\t\t<\/div>\n\t\t<div class=\"elementor-element elementor-element-1ee3438 e-con-full e-flex e-con e-child\" data-id=\"1ee3438\" data-element_type=\"container\">\n\t\t\t\t<div class=\"elementor-element elementor-element-9d98b0b elementor-widget elementor-widget-heading\" data-id=\"9d98b0b\" data-element_type=\"widget\" data-widget_type=\"heading.default\">\n\t\t\t\t<div class=\"elementor-widget-container\">\n\t\t\t\t\t<h2 class=\"elementor-heading-title elementor-size-default\">Innover avec c\u0153ur, transformer le Qu\u00e9bec<\/h2>\t\t\t\t<\/div>\n\t\t\t\t<\/div>\n\t\t\t\t<div class=\"elementor-element elementor-element-41b72cd elementor-widget elementor-widget-text-editor\" data-id=\"41b72cd\" data-element_type=\"widget\" data-widget_type=\"text-editor.default\">\n\t\t\t\t<div class=\"elementor-widget-container\">\n\t\t\t\t\t\t\t\t\t<p>Au <strong>CRIM<\/strong>, notre mission est de faire progresser la soci\u00e9t\u00e9 qu\u00e9b\u00e9coise en mobilisant l\u2019intelligence artificielle et les technologies de pointe, au service de l\u2019innovation, de la productivit\u00e9 et du bien commun.<\/p><p>Ce qui nous distingue? Nous sommes en <strong>avant-garde<\/strong>, <strong>avec c\u0153ur<\/strong>. La rigueur scientifique, l\u2019audace technologique et l\u2019engagement humain guident chacune de nos actions.<\/p>\t\t\t\t\t\t\t\t<\/div>\n\t\t\t\t<\/div>\n\t\t\t\t<\/div>\n\t\t\t\t\t<\/div>\n\t\t\t\t<\/div>\n\t\t<div class=\"elementor-element elementor-element-8e350e7 e-flex e-con-boxed e-con e-parent\" data-id=\"8e350e7\" data-element_type=\"container\">\n\t\t\t\t\t<div class=\"e-con-inner\">\n\t\t<div class=\"elementor-element elementor-element-31c7f2d e-con-full e-flex e-con e-child\" data-id=\"31c7f2d\" data-element_type=\"container\">\n\t\t\t\t<div class=\"elementor-element elementor-element-e67c779 h2-tiret-gauche h2-tiret-gauche-bleu elementor-widget elementor-widget-heading\" data-id=\"e67c779\" data-element_type=\"widget\" data-widget_type=\"heading.default\">\n\t\t\t\t<div class=\"elementor-widget-container\">\n\t\t\t\t\t<h2 class=\"elementor-heading-title elementor-size-default\">Repousser les limites, pour les besoins des entreprises, des citoyens et de la soci\u00e9t\u00e9<\/h2>\t\t\t\t<\/div>\n\t\t\t\t<\/div>\n\t\t\t\t<div class=\"elementor-element elementor-element-f891f42 wpman-list liste-crochet elementor-widget elementor-widget-text-editor\" data-id=\"f891f42\" data-element_type=\"widget\" data-widget_type=\"text-editor.default\">\n\t\t\t\t<div class=\"elementor-widget-container\">\n\t\t\t\t\t\t\t\t\t<p>\u00c0 titre de <strong>centre de recherche appliqu\u00e9e<\/strong>, le CRIM agit comme un v\u00e9ritable catalyseur d\u2019innovation pour les entreprises qu\u00e9b\u00e9coises. Gr\u00e2ce au soutien du <strong>minist\u00e8re de l\u2019\u00c9conomie, de l\u2019Innovation et de l\u2019\u00c9nergie du Qu\u00e9bec<\/strong>, nous accompagnons des organisations de toutes tailles dans leurs projets technologiques.<\/p>\t\t\t\t\t\t\t\t<\/div>\n\t\t\t\t<\/div>\n\t\t\t\t<\/div>\n\t\t<div class=\"elementor-element elementor-element-4bf5da1 e-con-full e-flex e-con e-child\" data-id=\"4bf5da1\" data-element_type=\"container\">\n\t\t\t\t<div class=\"elementor-element elementor-element-76d3562 elementor-widget elementor-widget-heading\" data-id=\"76d3562\" data-element_type=\"widget\" data-widget_type=\"heading.default\">\n\t\t\t\t<div class=\"elementor-widget-container\">\n\t\t\t\t\t<h3 class=\"elementor-heading-title elementor-size-default\">Un impact \u00e9conomique tangible<\/h3>\t\t\t\t<\/div>\n\t\t\t\t<\/div>\n\t\t\t\t<div class=\"elementor-element elementor-element-f60df28 wpman-list elementor-widget elementor-widget-text-editor\" data-id=\"f60df28\" data-element_type=\"widget\" data-widget_type=\"text-editor.default\">\n\t\t\t\t<div class=\"elementor-widget-container\">\n\t\t\t\t\t\t\t\t\t<p>Nous construisons, en collaboration avec nos partenaires, des projets technologiques sur mesure qui r\u00e9duisent les incertitudes, acc\u00e9l\u00e8rent la commercialisation et renforcent la comp\u00e9titivit\u00e9 des entreprises\u200b.<\/p><ul><li>En 2024-2025, le CRIM a desservi <strong>200 organisations,<\/strong> dont <strong>53% de PME<\/strong>.<\/li><li>Les entreprises avec lesquelles nous collaborons constatent un <strong>renforcement de leur capacit\u00e9 d\u2019innovation<\/strong>, une <strong>hausse de leurs revenus<\/strong> et une <strong>meilleure comp\u00e9titivit\u00e9<\/strong> sur leurs march\u00e9s.\u00a0<\/li><\/ul>\t\t\t\t\t\t\t\t<\/div>\n\t\t\t\t<\/div>\n\t\t\t\t<\/div>\n\t\t\t\t\t<\/div>\n\t\t\t\t<\/div>\n\t\t<div class=\"elementor-element elementor-element-319080b e-flex e-con-boxed e-con e-parent\" data-id=\"319080b\" data-element_type=\"container\">\n\t\t\t\t\t<div class=\"e-con-inner\">\n\t\t<div class=\"elementor-element elementor-element-323583b e-con-full e-flex e-con e-child\" data-id=\"323583b\" data-element_type=\"container\">\n\t\t<div class=\"elementor-element elementor-element-0b5a70e e-con-full e-flex e-con e-child\" data-id=\"0b5a70e\" data-element_type=\"container\">\n\t\t\t\t<div class=\"elementor-element elementor-element-b4ae008 h2-tiret-gauche h2-tiret-gauche-bleu elementor-widget elementor-widget-heading\" data-id=\"b4ae008\" data-element_type=\"widget\" data-widget_type=\"heading.default\">\n\t\t\t\t<div class=\"elementor-widget-container\">\n\t\t\t\t\t<h2 class=\"elementor-heading-title elementor-size-default\">Une IA \u00e9thique, fiable et utile<\/h2>\t\t\t\t<\/div>\n\t\t\t\t<\/div>\n\t\t\t\t<div class=\"elementor-element elementor-element-1be2e76 wpman-list liste-grandcrochet elementor-widget elementor-widget-text-editor\" data-id=\"1be2e76\" data-element_type=\"widget\" data-widget_type=\"text-editor.default\">\n\t\t\t\t<div class=\"elementor-widget-container\">\n\t\t\t\t\t\t\t\t\t<p>Le CRIM s\u2019engage activement pour une IA \u00e9thique, responsable et durable en r\u00e9ponse aux d\u00e9fis de soci\u00e9t\u00e9 majeurs pos\u00e9s par l\u2019intelligence artificielle :<\/p>\t\t\t\t\t\t\t\t<\/div>\n\t\t\t\t<\/div>\n\t\t\t\t<\/div>\n\t\t<div class=\"elementor-element elementor-element-281733e e-con-full e-flex e-con e-child\" data-id=\"281733e\" data-element_type=\"container\" data-settings=\"{&quot;background_background&quot;:&quot;classic&quot;}\">\n\t\t\t\t<div class=\"elementor-element elementor-element-9a976b1 elementor-widget-mobile__width-inherit elementor-widget elementor-widget-image\" data-id=\"9a976b1\" data-element_type=\"widget\" data-widget_type=\"image.default\">\n\t\t\t\t<div class=\"elementor-widget-container\">\n\t\t\t\t\t\t\t\t\t\t\t\t\t\t\t<img decoding=\"async\" width=\"40\" height=\"39\" src=\"https:\/\/www.crim.ca\/wp-content\/uploads\/2025\/06\/grandcrochet.png\" class=\"attachment-medium_large size-medium_large wp-image-26326\" alt=\"\" \/>\t\t\t\t\t\t\t\t\t\t\t\t\t\t\t<\/div>\n\t\t\t\t<\/div>\n\t\t\t\t<div class=\"elementor-element elementor-element-c4744bd texte-valeurs elementor-widget elementor-widget-text-editor\" data-id=\"c4744bd\" data-element_type=\"widget\" data-widget_type=\"text-editor.default\">\n\t\t\t\t<div class=\"elementor-widget-container\">\n\t\t\t\t\t\t\t\t\t<p>Participation \u00e0 la grande <strong>consultation publique sur l\u2019encadrement de l\u2019IA<\/strong> men\u00e9e par le Conseil de l\u2019innovation du Qu\u00e9bec.<\/p>\t\t\t\t\t\t\t\t<\/div>\n\t\t\t\t<\/div>\n\t\t\t\t<\/div>\n\t\t<div class=\"elementor-element elementor-element-bc56cfe e-con-full e-flex e-con e-child\" data-id=\"bc56cfe\" data-element_type=\"container\" data-settings=\"{&quot;background_background&quot;:&quot;classic&quot;}\">\n\t\t\t\t<div class=\"elementor-element elementor-element-03c2f44 elementor-widget-mobile__width-inherit elementor-widget elementor-widget-image\" data-id=\"03c2f44\" data-element_type=\"widget\" data-widget_type=\"image.default\">\n\t\t\t\t<div class=\"elementor-widget-container\">\n\t\t\t\t\t\t\t\t\t\t\t\t\t\t\t<img decoding=\"async\" width=\"40\" height=\"39\" src=\"https:\/\/www.crim.ca\/wp-content\/uploads\/2025\/06\/grandcrochet.png\" class=\"attachment-medium_large size-medium_large wp-image-26326\" alt=\"\" \/>\t\t\t\t\t\t\t\t\t\t\t\t\t\t\t<\/div>\n\t\t\t\t<\/div>\n\t\t\t\t<div class=\"elementor-element elementor-element-51c9074 texte-valeurs elementor-widget elementor-widget-text-editor\" data-id=\"51c9074\" data-element_type=\"widget\" data-widget_type=\"text-editor.default\">\n\t\t\t\t<div class=\"elementor-widget-container\">\n\t\t\t\t\t\t\t\t\t<p>Contribution au <strong>consortium Confiance IA<\/strong>, pour d\u00e9velopper des outils et des m\u00e9thodes permettant de concevoir des syst\u00e8mes d\u2019IA fiables, robustes et \u00e9quitables.<\/p>\t\t\t\t\t\t\t\t<\/div>\n\t\t\t\t<\/div>\n\t\t\t\t<\/div>\n\t\t<div class=\"elementor-element elementor-element-6a712ad e-con-full e-flex e-con e-child\" data-id=\"6a712ad\" data-element_type=\"container\" data-settings=\"{&quot;background_background&quot;:&quot;classic&quot;}\">\n\t\t\t\t<div class=\"elementor-element elementor-element-80e8765 elementor-widget-mobile__width-inherit elementor-widget elementor-widget-image\" data-id=\"80e8765\" data-element_type=\"widget\" data-widget_type=\"image.default\">\n\t\t\t\t<div class=\"elementor-widget-container\">\n\t\t\t\t\t\t\t\t\t\t\t\t\t\t\t<img decoding=\"async\" width=\"40\" height=\"39\" src=\"https:\/\/www.crim.ca\/wp-content\/uploads\/2025\/06\/grandcrochet.png\" class=\"attachment-medium_large size-medium_large wp-image-26326\" alt=\"\" \/>\t\t\t\t\t\t\t\t\t\t\t\t\t\t\t<\/div>\n\t\t\t\t<\/div>\n\t\t\t\t<div class=\"elementor-element elementor-element-a85adb3 texte-valeurs elementor-widget elementor-widget-text-editor\" data-id=\"a85adb3\" data-element_type=\"widget\" data-widget_type=\"text-editor.default\">\n\t\t\t\t<div class=\"elementor-widget-container\">\n\t\t\t\t\t\t\t\t\t<p>Collaboration avec le <strong>laboratoire d\u2019int\u00e9grit\u00e9 de l\u2019information de l\u2019Universit\u00e9 d\u2019Ottawa<\/strong> pour contrer la d\u00e9sinformation amplifi\u00e9e par l\u2019IA g\u00e9n\u00e9rative.<\/p>\t\t\t\t\t\t\t\t<\/div>\n\t\t\t\t<\/div>\n\t\t\t\t<\/div>\n\t\t\t\t<\/div>\n\t\t\t\t\t<\/div>\n\t\t\t\t<\/div>\n\t\t<div class=\"elementor-element elementor-element-ab3d032 e-flex e-con-boxed e-con e-parent\" data-id=\"ab3d032\" data-element_type=\"container\">\n\t\t\t\t\t<div class=\"e-con-inner\">\n\t\t<div class=\"elementor-element elementor-element-dbfe1d5 e-con-full e-flex e-con e-child\" data-id=\"dbfe1d5\" data-element_type=\"container\">\n\t\t\t\t<div class=\"elementor-element elementor-element-81311a5 elementor-position-left elementor-position-left elementor-vertical-align-middle elementor-vertical-align-middle wpman-list elementor-widget elementor-widget-image-box\" data-id=\"81311a5\" data-element_type=\"widget\" data-widget_type=\"image-box.default\">\n\t\t\t\t<div class=\"elementor-widget-container\">\n\t\t\t\t\t<div class=\"elementor-image-box-wrapper\"><figure class=\"elementor-image-box-img\"><img decoding=\"async\" width=\"151\" height=\"152\" src=\"https:\/\/www.crim.ca\/wp-content\/uploads\/2025\/06\/lemonde.svg\" class=\"attachment-medium_large size-medium_large wp-image-26378\" alt=\"\" \/><\/figure><div class=\"elementor-image-box-content\"><h3 class=\"elementor-image-box-title\">L\u2019innovation technologique au service du bien commun<\/h3><p class=\"elementor-image-box-description\">Notre mission inclut un impact positif sur la soci\u00e9t\u00e9 : \n<ul>\n<li>Avec le portail donneesclimatiques.ca, nous mettons des donn\u00e9es scientifiques accessibles \u00e0 la disposition de tous pour mieux planifier l\u2019adaptation aux changements climatiques. <\/li>\n<li>Nous travaillons pour que les technologies soient des leviers de r\u00e9silience, d\u2019inclusion et de d\u00e9veloppement durable. <\/li>\n<ul><\/p><\/div><\/div>\t\t\t\t<\/div>\n\t\t\t\t<\/div>\n\t\t\t\t<\/div>\n\t\t\t\t\t<\/div>\n\t\t\t\t<\/div>\n\t\t<div class=\"elementor-element elementor-element-4f9b54d e-flex e-con-boxed e-con e-parent\" data-id=\"4f9b54d\" data-element_type=\"container\">\n\t\t\t\t\t<div class=\"e-con-inner\">\n\t\t<div class=\"elementor-element elementor-element-4bbe9da e-con-full e-flex e-con e-child\" data-id=\"4bbe9da\" data-element_type=\"container\">\n\t\t\t\t<div class=\"elementor-element elementor-element-a3bca36 h2-tiret-gauche h2-tiret-gauche-bleu elementor-widget elementor-widget-heading\" data-id=\"a3bca36\" data-element_type=\"widget\" data-widget_type=\"heading.default\">\n\t\t\t\t<div class=\"elementor-widget-container\">\n\t\t\t\t\t<h2 class=\"elementor-heading-title elementor-size-default\">Une organisation agile, engag\u00e9e et tourn\u00e9e vers l\u2019avenir<\/h2>\t\t\t\t<\/div>\n\t\t\t\t<\/div>\n\t\t\t\t<div class=\"elementor-element elementor-element-47451cd wpman-list elementor-widget elementor-widget-text-editor\" data-id=\"47451cd\" data-element_type=\"widget\" data-widget_type=\"text-editor.default\">\n\t\t\t\t<div class=\"elementor-widget-container\">\n\t\t\t\t\t\t\t\t\t<p>Le CRIM est reconnu pour sa capacit\u00e9 \u00e0 s\u2019ajuster rapidement \u00e0 un environnement scientifique et technologique en constante \u00e9volution, gr\u00e2ce \u00e0 une \u00e9quipe multidisciplinaire, une culture de collaboration et un engagement constant envers la cr\u00e9ation de valeur, autant \u00e9conomique que sociale.<\/p><p>Nous avan\u00e7ons avec c\u0153ur, en innovant, pour contribuer \u00e0 b\u00e2tir un Qu\u00e9bec plus performant, plus durable et plus humain.<\/p>\t\t\t\t\t\t\t\t<\/div>\n\t\t\t\t<\/div>\n\t\t\t\t<\/div>\n\t\t<div class=\"elementor-element elementor-element-6245f89 e-con-full e-flex e-con e-child\" data-id=\"6245f89\" data-element_type=\"container\">\n\t\t\t\t<div class=\"elementor-element elementor-element-f11fdab elementor-widget-mobile__width-inherit elementor-widget elementor-widget-image\" data-id=\"f11fdab\" data-element_type=\"widget\" data-widget_type=\"image.default\">\n\t\t\t\t<div class=\"elementor-widget-container\">\n\t\t\t\t\t\t\t\t\t\t\t\t\t\t\t<img loading=\"lazy\" decoding=\"async\" width=\"308\" height=\"205\" src=\"https:\/\/www.crim.ca\/wp-content\/uploads\/2025\/06\/db54f3e7fad4ea3e4b6a20e712593bcfb3a2255b.avif\" class=\"attachment-medium_large size-medium_large wp-image-26320\" alt=\"\" srcset=\"https:\/\/www.crim.ca\/wp-content\/uploads\/2025\/06\/db54f3e7fad4ea3e4b6a20e712593bcfb3a2255b.avif 308w, https:\/\/www.crim.ca\/wp-content\/uploads\/2025\/06\/db54f3e7fad4ea3e4b6a20e712593bcfb3a2255b-300x200.avif 300w\" sizes=\"(max-width: 308px) 100vw, 308px\" \/>\t\t\t\t\t\t\t\t\t\t\t\t\t\t\t<\/div>\n\t\t\t\t<\/div>\n\t\t\t\t<\/div>\n\t\t\t\t\t<\/div>\n\t\t\t\t<\/div>\n\t\t\t\t<\/div>\n\t\t","protected":false},"excerpt":{"rendered":"<p>Innover avec c\u0153ur, transformer le Qu\u00e9bec Au CRIM, notre mission est de faire progresser la soci\u00e9t\u00e9 qu\u00e9b\u00e9coise en mobilisant l\u2019intelligence artificielle et les technologies de pointe, au service de l\u2019innovation, de la productivit\u00e9 et du bien commun. Ce qui nous distingue? Nous sommes en avant-garde, avec c\u0153ur. La rigueur scientifique, l\u2019audace technologique et l\u2019engagement humain [&hellip;]<\/p>\n","protected":false},"author":34,"featured_media":14435,"parent":0,"menu_order":0,"comment_status":"closed","ping_status":"closed","template":"","meta":{"_acf_changed":false,"footnotes":"","_links_to":"","_links_to_target":""},"class_list":["post-26475","page","type-page","status-publish","has-post-thumbnail","hentry"],"acf":[],"_links":{"self":[{"href":"https:\/\/www.crim.ca\/fr\/wp-json\/wp\/v2\/pages\/26475","targetHints":{"allow":["GET"]}}],"collection":[{"href":"https:\/\/www.crim.ca\/fr\/wp-json\/wp\/v2\/pages"}],"about":[{"href":"https:\/\/www.crim.ca\/fr\/wp-json\/wp\/v2\/types\/page"}],"author":[{"embeddable":true,"href":"https:\/\/www.crim.ca\/fr\/wp-json\/wp\/v2\/users\/34"}],"replies":[{"embeddable":true,"href":"https:\/\/www.crim.ca\/fr\/wp-json\/wp\/v2\/comments?post=26475"}],"version-history":[{"count":13,"href":"https:\/\/www.crim.ca\/fr\/wp-json\/wp\/v2\/pages\/26475\/revisions"}],"predecessor-version":[{"id":27334,"href":"https:\/\/www.crim.ca\/fr\/wp-json\/wp\/v2\/pages\/26475\/revisions\/27334"}],"wp:featuredmedia":[{"embeddable":true,"href":"https:\/\/www.crim.ca\/fr\/wp-json\/wp\/v2\/media\/14435"}],"wp:attachment":[{"href":"https:\/\/www.crim.ca\/fr\/wp-json\/wp\/v2\/media?parent=26475"}],"curies":[{"name":"wp","href":"https:\/\/api.w.org\/{rel}","templated":true}]}}