{"id":26537,"date":"2025-06-09T13:22:04","date_gmt":"2025-06-09T17:22:04","guid":{"rendered":"https:\/\/www.crim.ca\/?page_id=26537"},"modified":"2025-08-05T07:44:14","modified_gmt":"2025-08-05T11:44:14","slug":"systeme-qualite","status":"publish","type":"page","link":"https:\/\/www.crim.ca\/fr\/systeme-qualite\/","title":{"rendered":"Syst\u00e8me qualit\u00e9"},"content":{"rendered":"\t\t<div data-elementor-type=\"wp-page\" data-elementor-id=\"26537\" class=\"elementor elementor-26537\" data-elementor-post-type=\"page\">\n\t\t\t\t<div class=\"elementor-element elementor-element-d915ede e-flex e-con-boxed e-con e-parent\" data-id=\"d915ede\" data-element_type=\"container\">\n\t\t\t\t\t<div class=\"e-con-inner\">\n\t\t<div class=\"elementor-element elementor-element-4858498 e-con-full e-flex e-con e-child\" data-id=\"4858498\" data-element_type=\"container\">\n\t\t\t\t<div class=\"elementor-element elementor-element-68efeaa h2-tiret-gauche h2-tiret-gauche-bleu elementor-widget elementor-widget-heading\" data-id=\"68efeaa\" data-element_type=\"widget\" data-widget_type=\"heading.default\">\n\t\t\t\t<div class=\"elementor-widget-container\">\n\t\t\t\t\t<h2 class=\"elementor-heading-title elementor-size-default\">Une culture de l\u2019excellence \u00e0 chaque \u00e9tape<\/h2>\t\t\t\t<\/div>\n\t\t\t\t<\/div>\n\t\t\t\t<div class=\"elementor-element elementor-element-69d4143 wpman-list elementor-widget elementor-widget-text-editor\" data-id=\"69d4143\" data-element_type=\"widget\" data-widget_type=\"text-editor.default\">\n\t\t\t\t<div class=\"elementor-widget-container\">\n\t\t\t\t\t\t\t\t\t<p>Le syst\u00e8me qualit\u00e9 du CRIM agit comme un v\u00e9ritable levier de soutien \u00e0 la r\u00e9alisation des projets, en assurant un encadrement rigoureux \u00e0 chaque \u00e9tape et en garantissant la fiabilit\u00e9, la tra\u00e7abilit\u00e9 et la valeur du travail accompli.<\/p>\t\t\t\t\t\t\t\t<\/div>\n\t\t\t\t<\/div>\n\t\t\t\t<\/div>\n\t\t\t\t\t<\/div>\n\t\t\t\t<\/div>\n\t\t<div class=\"elementor-element elementor-element-820225c e-flex e-con-boxed e-con e-parent\" data-id=\"820225c\" data-element_type=\"container\">\n\t\t\t\t\t<div class=\"e-con-inner\">\n\t\t<div class=\"elementor-element elementor-element-e06ef26 e-con-full e-flex e-con e-child\" data-id=\"e06ef26\" data-element_type=\"container\">\n\t\t\t\t<div class=\"elementor-element elementor-element-37229bc h2-tiret-gauche h2-tiret-gauche-bleu elementor-widget elementor-widget-heading\" data-id=\"37229bc\" data-element_type=\"widget\" data-widget_type=\"heading.default\">\n\t\t\t\t<div class=\"elementor-widget-container\">\n\t\t\t\t\t<h2 class=\"elementor-heading-title elementor-size-default\">Une culture de l\u2019excellence \u00e0 chaque \u00e9tape<\/h2>\t\t\t\t<\/div>\n\t\t\t\t<\/div>\n\t\t\t\t<div class=\"elementor-element elementor-element-8273da9 wpman-list elementor-widget elementor-widget-text-editor\" data-id=\"8273da9\" data-element_type=\"widget\" data-widget_type=\"text-editor.default\">\n\t\t\t\t<div class=\"elementor-widget-container\">\n\t\t\t\t\t\t\t\t\t<p>Au CRIM, la qualit\u00e9 guide chacune de nos actions, de la planification jusqu\u2019\u00e0 la livraison de nos projets.<\/p><p>Notre <strong>engagement envers l\u2019am\u00e9lioration continue<\/strong> est total et s\u2019applique \u00e0 toutes les facettes de nos activit\u00e9s.<\/p><p>Gr\u00e2ce \u00e0 nos <strong>\u00e9quipes chevronn\u00e9es<\/strong>, \u00e0 notre <strong>r\u00e9seau de partenaires<\/strong> et \u00e0 notre expertise scientifique en IA toujours actualis\u00e9e, nous offrons aux entreprises qu\u00e9b\u00e9coises des solutions concr\u00e8tes, fiables et adapt\u00e9es \u00e0 une grande diversit\u00e9 de secteurs.<\/p>\t\t\t\t\t\t\t\t<\/div>\n\t\t\t\t<\/div>\n\t\t\t\t<div class=\"elementor-element elementor-element-74fffcb h2-tiret-gauche h2-tiret-gauche-bleu elementor-widget elementor-widget-heading\" data-id=\"74fffcb\" data-element_type=\"widget\" data-widget_type=\"heading.default\">\n\t\t\t\t<div class=\"elementor-widget-container\">\n\t\t\t\t\t<h2 class=\"elementor-heading-title elementor-size-default\">Une expertise reconnue, un impact r\u00e9el<\/h2>\t\t\t\t<\/div>\n\t\t\t\t<\/div>\n\t\t\t\t<div class=\"elementor-element elementor-element-c0191fd wpman-list elementor-widget elementor-widget-text-editor\" data-id=\"c0191fd\" data-element_type=\"widget\" data-widget_type=\"text-editor.default\">\n\t\t\t\t<div class=\"elementor-widget-container\">\n\t\t\t\t\t\t\t\t\t<p>Depuis plusieurs ann\u00e9es, le CRIM contribue activement au d\u00e9veloppement \u00e9conomique du Qu\u00e9bec en\u202f:<\/p><ul><li>cr\u00e9ant des outils technologiques sp\u00e9cialis\u00e9s ;<\/li><li>livrant des solutions structurantes \u00e0 ses clients ;<\/li><li>promouvant de mani\u00e8re proactive les meilleures pratiques et les derni\u00e8res innovations en IA<\/li><\/ul>\t\t\t\t\t\t\t\t<\/div>\n\t\t\t\t<\/div>\n\t\t\t\t<div class=\"elementor-element elementor-element-f3d6a8f wpman-list elementor-widget elementor-widget-text-editor\" data-id=\"f3d6a8f\" data-element_type=\"widget\" data-widget_type=\"text-editor.default\">\n\t\t\t\t<div class=\"elementor-widget-container\">\n\t\t\t\t\t\t\t\t\t<p>Nous sommes un <strong>v\u00e9ritable catalyseur de performance<\/strong> et nous aidons nos partenaires \u00e0 int\u00e9grer les plus hauts standards de qualit\u00e9 dans leurs projets.<\/p>\t\t\t\t\t\t\t\t<\/div>\n\t\t\t\t<\/div>\n\t\t\t\t<div class=\"elementor-element elementor-element-1f6ea10 h2-tiret-gauche h2-tiret-gauche-bleu elementor-widget elementor-widget-heading\" data-id=\"1f6ea10\" data-element_type=\"widget\" data-widget_type=\"heading.default\">\n\t\t\t\t<div class=\"elementor-widget-container\">\n\t\t\t\t\t<h2 class=\"elementor-heading-title elementor-size-default\">Une culture de l\u2019excellence \u00e0 chaque \u00e9tape<\/h2>\t\t\t\t<\/div>\n\t\t\t\t<\/div>\n\t\t\t\t<div class=\"elementor-element elementor-element-afaf1aa wpman-list elementor-widget elementor-widget-text-editor\" data-id=\"afaf1aa\" data-element_type=\"widget\" data-widget_type=\"text-editor.default\">\n\t\t\t\t<div class=\"elementor-widget-container\">\n\t\t\t\t\t\t\t\t\t<ul><li>cr\u00e9ant des outils technologiques sp\u00e9cialis\u00e9s ;<\/li><li>livrant des solutions structurantes \u00e0 ses clients ;<\/li><li>promouvant de mani\u00e8re proactive les meilleures pratiques et les derni\u00e8res innovations en IA<\/li><\/ul><p>Nous sommes un <strong>v\u00e9ritable catalyseur de performance<\/strong> et nous aidons nos partenaires \u00e0 int\u00e9grer les plus hauts standards de qualit\u00e9 dans leurs projets.<\/p>\t\t\t\t\t\t\t\t<\/div>\n\t\t\t\t<\/div>\n\t\t\t\t<\/div>\n\t\t\t\t\t<\/div>\n\t\t\t\t<\/div>\n\t\t<div class=\"elementor-element elementor-element-acd52ef e-flex e-con-boxed e-con e-parent\" data-id=\"acd52ef\" data-element_type=\"container\">\n\t\t\t\t\t<div class=\"e-con-inner\">\n\t\t<div class=\"elementor-element elementor-element-9948997 e-con-full e-flex e-con e-child\" data-id=\"9948997\" data-element_type=\"container\">\n\t\t\t\t<div class=\"elementor-element elementor-element-61346b1 h2-tiret-gauche h2-tiret-gauche-bleu elementor-widget elementor-widget-heading\" data-id=\"61346b1\" data-element_type=\"widget\" data-widget_type=\"heading.default\">\n\t\t\t\t<div class=\"elementor-widget-container\">\n\t\t\t\t\t<h2 class=\"elementor-heading-title elementor-size-default\">Nos principes directeurs<\/h2>\t\t\t\t<\/div>\n\t\t\t\t<\/div>\n\t\t<div class=\"elementor-element elementor-element-887b648 e-con-full e-flex e-con e-child\" data-id=\"887b648\" data-element_type=\"container\">\n\t\t\t\t<div class=\"elementor-element elementor-element-7c21e78 elementor-widget-mobile__width-inherit elementor-widget elementor-widget-image\" data-id=\"7c21e78\" data-element_type=\"widget\" data-widget_type=\"image.default\">\n\t\t\t\t<div class=\"elementor-widget-container\">\n\t\t\t\t\t\t\t\t\t\t\t\t\t\t\t<img decoding=\"async\" width=\"68\" height=\"70\" src=\"https:\/\/www.crim.ca\/wp-content\/uploads\/2025\/06\/with-icon.png\" class=\"attachment-large size-large wp-image-26352\" alt=\"\" \/>\t\t\t\t\t\t\t\t\t\t\t\t\t\t\t<\/div>\n\t\t\t\t<\/div>\n\t\t\t\t<div class=\"elementor-element elementor-element-b4373d7 texte-valeurs elementor-widget elementor-widget-text-editor\" data-id=\"b4373d7\" data-element_type=\"widget\" data-widget_type=\"text-editor.default\">\n\t\t\t\t<div class=\"elementor-widget-container\">\n\t\t\t\t\t\t\t\t\t<h3>Satisfaction des clients, membres et partenaires<\/h3><p>Nos livrables doivent r\u00e9pondre aux attentes et respecter les contraintes \u00e9conomiques<\/p>\t\t\t\t\t\t\t\t<\/div>\n\t\t\t\t<\/div>\n\t\t\t\t<\/div>\n\t\t<div class=\"elementor-element elementor-element-f061e3c e-con-full e-flex e-con e-child\" data-id=\"f061e3c\" data-element_type=\"container\">\n\t\t\t\t<div class=\"elementor-element elementor-element-80ecdea elementor-widget-mobile__width-inherit elementor-widget elementor-widget-image\" data-id=\"80ecdea\" data-element_type=\"widget\" data-widget_type=\"image.default\">\n\t\t\t\t<div class=\"elementor-widget-container\">\n\t\t\t\t\t\t\t\t\t\t\t\t\t\t\t<img decoding=\"async\" width=\"68\" height=\"70\" src=\"https:\/\/www.crim.ca\/wp-content\/uploads\/2025\/06\/with-icon-Copy.png\" class=\"attachment-large size-large wp-image-26356\" alt=\"\" \/>\t\t\t\t\t\t\t\t\t\t\t\t\t\t\t<\/div>\n\t\t\t\t<\/div>\n\t\t\t\t<div class=\"elementor-element elementor-element-a60351f texte-valeurs elementor-widget elementor-widget-text-editor\" data-id=\"a60351f\" data-element_type=\"widget\" data-widget_type=\"text-editor.default\">\n\t\t\t\t<div class=\"elementor-widget-container\">\n\t\t\t\t\t\t\t\t\t<h3>Conformit\u00e9 et pr\u00e9vention des d\u00e9fauts<\/h3><p>Nous respectons scrupuleusement les sp\u00e9cifications promises tout en priorisant la qualit\u00e9 d\u00e8s la conception.<\/p>\t\t\t\t\t\t\t\t<\/div>\n\t\t\t\t<\/div>\n\t\t\t\t<\/div>\n\t\t<div class=\"elementor-element elementor-element-7c5b3b5 e-con-full e-flex e-con e-child\" data-id=\"7c5b3b5\" data-element_type=\"container\">\n\t\t\t\t<div class=\"elementor-element elementor-element-da0ea3a elementor-widget-mobile__width-inherit elementor-widget elementor-widget-image\" data-id=\"da0ea3a\" data-element_type=\"widget\" data-widget_type=\"image.default\">\n\t\t\t\t<div class=\"elementor-widget-container\">\n\t\t\t\t\t\t\t\t\t\t\t\t\t\t\t<img decoding=\"async\" width=\"68\" height=\"70\" src=\"https:\/\/www.crim.ca\/wp-content\/uploads\/2025\/06\/with-icon-Copy-2.png\" class=\"attachment-large size-large wp-image-26360\" alt=\"\" \/>\t\t\t\t\t\t\t\t\t\t\t\t\t\t\t<\/div>\n\t\t\t\t<\/div>\n\t\t\t\t<div class=\"elementor-element elementor-element-e959ae3 texte-valeurs elementor-widget elementor-widget-text-editor\" data-id=\"e959ae3\" data-element_type=\"widget\" data-widget_type=\"text-editor.default\">\n\t\t\t\t<div class=\"elementor-widget-container\">\n\t\t\t\t\t\t\t\t\t<h3>Suivi de la performance<\/h3><p>La qualit\u00e9 est \u00e9valu\u00e9e r\u00e9guli\u00e8rement \u00e0 l\u2019aide d\u2019indicateurs et enrichie par les retours de nos parties prenantes.<\/p>\t\t\t\t\t\t\t\t<\/div>\n\t\t\t\t<\/div>\n\t\t\t\t<\/div>\n\t\t<div class=\"elementor-element elementor-element-285bb58 e-con-full e-flex e-con e-child\" data-id=\"285bb58\" data-element_type=\"container\">\n\t\t\t\t<div class=\"elementor-element elementor-element-9d970bb elementor-widget-mobile__width-inherit elementor-widget elementor-widget-image\" data-id=\"9d970bb\" data-element_type=\"widget\" data-widget_type=\"image.default\">\n\t\t\t\t<div class=\"elementor-widget-container\">\n\t\t\t\t\t\t\t\t\t\t\t\t\t\t\t<img loading=\"lazy\" decoding=\"async\" width=\"68\" height=\"70\" src=\"https:\/\/www.crim.ca\/wp-content\/uploads\/2025\/06\/with-icon-Copy-3.png\" class=\"attachment-large size-large wp-image-26364\" alt=\"\" \/>\t\t\t\t\t\t\t\t\t\t\t\t\t\t\t<\/div>\n\t\t\t\t<\/div>\n\t\t\t\t<div class=\"elementor-element elementor-element-b47ffaa texte-valeurs elementor-widget elementor-widget-text-editor\" data-id=\"b47ffaa\" data-element_type=\"widget\" data-widget_type=\"text-editor.default\">\n\t\t\t\t<div class=\"elementor-widget-container\">\n\t\t\t\t\t\t\t\t\t<h3>Formation continue du personnel<\/h3><p>En collaborant avec le CRIM, vous b\u00e9n\u00e9ficiez d\u2019une structure \u00e9prouv\u00e9e et d\u2019un accompagnement ax\u00e9 sur la fiabilit\u00e9, la performance et la satisfaction.<\/p>\t\t\t\t\t\t\t\t<\/div>\n\t\t\t\t<\/div>\n\t\t\t\t<\/div>\n\t\t\t\t<\/div>\n\t\t\t\t\t<\/div>\n\t\t\t\t<\/div>\n\t\t<div class=\"elementor-element elementor-element-0cd089f e-flex e-con-boxed e-con e-parent\" data-id=\"0cd089f\" data-element_type=\"container\">\n\t\t\t\t\t<div class=\"e-con-inner\">\n\t\t<div class=\"elementor-element elementor-element-7a5e2da e-con-full icone-pdf e-flex e-con e-child\" data-id=\"7a5e2da\" data-element_type=\"container\">\n\t\t\t\t<div class=\"elementor-element elementor-element-7146a6b h2-tiret-gauche h2-tiret-gauche-bleu elementor-widget elementor-widget-heading\" data-id=\"7146a6b\" data-element_type=\"widget\" data-widget_type=\"heading.default\">\n\t\t\t\t<div class=\"elementor-widget-container\">\n\t\t\t\t\t<h2 class=\"elementor-heading-title elementor-size-default\">Certification ISO<\/h2>\t\t\t\t<\/div>\n\t\t\t\t<\/div>\n\t\t<div class=\"elementor-element elementor-element-4032de9 e-con-full e-flex e-con e-child\" data-id=\"4032de9\" data-element_type=\"container\">\n\t\t\t\t<div class=\"elementor-element elementor-element-72861c1 wpman-list elementor-widget elementor-widget-text-editor\" data-id=\"72861c1\" data-element_type=\"widget\" data-widget_type=\"text-editor.default\">\n\t\t\t\t<div class=\"elementor-widget-container\">\n\t\t\t\t\t\t\t\t\t<div class=\"content_panel--textContent--uGoXz common--well--J0WtH\" dir=\"auto\" data-testid=\"textContent\">Le CRIM est certifi\u00e9 <strong>ISO 9001:2015<\/strong> pour ses hauts standards de qualit\u00e9, tant dans ses activit\u00e9s d&#8217;affaires que dans ses relations avec ses partenaires.<\/div>\t\t\t\t\t\t\t\t<\/div>\n\t\t\t\t<\/div>\n\t\t\t\t<div class=\"elementor-element elementor-element-84a8f07 elementor-widget elementor-widget-image\" data-id=\"84a8f07\" data-element_type=\"widget\" data-widget_type=\"image.default\">\n\t\t\t\t<div class=\"elementor-widget-container\">\n\t\t\t\t\t\t\t\t\t\t\t\t\t\t\t<img loading=\"lazy\" decoding=\"async\" width=\"104\" height=\"105\" src=\"https:\/\/www.crim.ca\/wp-content\/uploads\/2025\/06\/iso9001.jpg\" class=\"attachment-medium size-medium wp-image-26334\" alt=\"\" \/>\t\t\t\t\t\t\t\t\t\t\t\t\t\t\t<\/div>\n\t\t\t\t<\/div>\n\t\t\t\t<\/div>\n\t\t<div class=\"elementor-element elementor-element-1972a33 e-con-full e-flex e-con e-child\" data-id=\"1972a33\" data-element_type=\"container\">\n\t\t<div data-eael-wrapper-link=\"{&quot;url&quot;:&quot;https:\\\/\\\/rapportannuel.crim.ca\\\/&quot;,&quot;is_external&quot;:&quot;on&quot;,&quot;nofollow&quot;:&quot;&quot;}\" class=\"elementor-element elementor-element-e0c5d6b e-con-full e-flex e-con e-child\" data-id=\"e0c5d6b\" data-element_type=\"container\">\n\t\t\t\t<div class=\"elementor-element elementor-element-24fca86 elementor-widget elementor-widget-image\" data-id=\"24fca86\" data-element_type=\"widget\" data-widget_type=\"image.default\">\n\t\t\t\t<div class=\"elementor-widget-container\">\n\t\t\t\t\t\t\t\t\t\t\t\t\t\t\t<img loading=\"lazy\" decoding=\"async\" width=\"32\" height=\"38\" src=\"https:\/\/www.crim.ca\/wp-content\/uploads\/2025\/06\/download.svg\" class=\"attachment-large size-large wp-image-26374\" alt=\"\" \/>\t\t\t\t\t\t\t\t\t\t\t\t\t\t\t<\/div>\n\t\t\t\t<\/div>\n\t\t\t\t<div class=\"elementor-element elementor-element-e8d1305 elementor-widget elementor-widget-heading\" data-id=\"e8d1305\" data-element_type=\"widget\" data-widget_type=\"heading.default\">\n\t\t\t\t<div class=\"elementor-widget-container\">\n\t\t\t\t\t<div class=\"elementor-heading-title elementor-size-default\"><a href=\"https:\/\/www.crim.ca\/wp-content\/uploads\/2025\/05\/Certificat_enregistrement_ISO_9001_2015.pdf\">Certificat d'enregistrement ISO (PDF)<\/a><\/div>\t\t\t\t<\/div>\n\t\t\t\t<\/div>\n\t\t\t\t<\/div>\n\t\t<div data-eael-wrapper-link=\"{&quot;url&quot;:&quot;https:\\\/\\\/rapportannuel.crim.ca\\\/&quot;,&quot;is_external&quot;:&quot;on&quot;,&quot;nofollow&quot;:&quot;&quot;}\" class=\"elementor-element elementor-element-227bc1d e-con-full e-flex e-con e-child\" data-id=\"227bc1d\" data-element_type=\"container\">\n\t\t\t\t<div class=\"elementor-element elementor-element-8ae2d52 elementor-widget elementor-widget-image\" data-id=\"8ae2d52\" data-element_type=\"widget\" data-widget_type=\"image.default\">\n\t\t\t\t<div class=\"elementor-widget-container\">\n\t\t\t\t\t\t\t\t\t\t\t\t\t\t\t<img loading=\"lazy\" decoding=\"async\" width=\"32\" height=\"38\" src=\"https:\/\/www.crim.ca\/wp-content\/uploads\/2025\/06\/download.svg\" class=\"attachment-large size-large wp-image-26374\" alt=\"\" \/>\t\t\t\t\t\t\t\t\t\t\t\t\t\t\t<\/div>\n\t\t\t\t<\/div>\n\t\t\t\t<div class=\"elementor-element elementor-element-99fcd86 elementor-widget elementor-widget-heading\" data-id=\"99fcd86\" data-element_type=\"widget\" data-widget_type=\"heading.default\">\n\t\t\t\t<div class=\"elementor-widget-container\">\n\t\t\t\t\t<div class=\"elementor-heading-title elementor-size-default\"><a href=\"https:\/\/www.crim.ca\/wp-content\/uploads\/2022\/09\/Politique-qualite-CRIM.pdf\">Politique de qualit\u00e9 (PDF)<\/a><\/div>\t\t\t\t<\/div>\n\t\t\t\t<\/div>\n\t\t\t\t<\/div>\n\t\t\t\t<\/div>\n\t\t\t\t<\/div>\n\t\t\t\t\t<\/div>\n\t\t\t\t<\/div>\n\t\t<div class=\"elementor-element elementor-element-3c875c4 e-flex e-con-boxed e-con e-parent\" data-id=\"3c875c4\" data-element_type=\"container\">\n\t\t\t\t\t<div class=\"e-con-inner\">\n\t\t<div class=\"elementor-element elementor-element-58fd6da e-con-full e-flex e-con e-child\" data-id=\"58fd6da\" data-element_type=\"container\">\n\t\t\t\t<div class=\"elementor-element elementor-element-3ea0c39 h2-tiret-gauche h2-tiret-gauche-bleu elementor-widget elementor-widget-heading\" data-id=\"3ea0c39\" data-element_type=\"widget\" data-widget_type=\"heading.default\">\n\t\t\t\t<div class=\"elementor-widget-container\">\n\t\t\t\t\t<h2 class=\"elementor-heading-title elementor-size-default\">Une approche certifi\u00e9e pour vous offrir le meilleur<\/h2>\t\t\t\t<\/div>\n\t\t\t\t<\/div>\n\t\t\t\t<div class=\"elementor-element elementor-element-916e574 wpman-list elementor-widget elementor-widget-text-editor\" data-id=\"916e574\" data-element_type=\"widget\" data-widget_type=\"text-editor.default\">\n\t\t\t\t<div class=\"elementor-widget-container\">\n\t\t\t\t\t\t\t\t\t<p>En collaborant avec le CRIM, vous b\u00e9n\u00e9ficiez d\u2019une structure \u00e9prouv\u00e9e et d\u2019un accompagnement ax\u00e9 sur la fiabilit\u00e9, la performance et la satisfaction.<\/p>\t\t\t\t\t\t\t\t<\/div>\n\t\t\t\t<\/div>\n\t\t\t\t<\/div>\n\t\t\t\t\t<\/div>\n\t\t\t\t<\/div>\n\t\t\t\t<\/div>\n\t\t","protected":false},"excerpt":{"rendered":"<p>Une culture de l\u2019excellence \u00e0 chaque \u00e9tape Le syst\u00e8me qualit\u00e9 du CRIM agit comme un v\u00e9ritable levier de soutien \u00e0 la r\u00e9alisation des projets, en assurant un encadrement rigoureux \u00e0 chaque \u00e9tape et en garantissant la fiabilit\u00e9, la tra\u00e7abilit\u00e9 et la valeur du travail accompli. Une culture de l\u2019excellence \u00e0 chaque \u00e9tape Au CRIM, la [&hellip;]<\/p>\n","protected":false},"author":34,"featured_media":14435,"parent":0,"menu_order":0,"comment_status":"closed","ping_status":"closed","template":"","meta":{"_acf_changed":false,"footnotes":"","_links_to":"","_links_to_target":""},"class_list":["post-26537","page","type-page","status-publish","has-post-thumbnail","hentry"],"acf":[],"_links":{"self":[{"href":"https:\/\/www.crim.ca\/fr\/wp-json\/wp\/v2\/pages\/26537","targetHints":{"allow":["GET"]}}],"collection":[{"href":"https:\/\/www.crim.ca\/fr\/wp-json\/wp\/v2\/pages"}],"about":[{"href":"https:\/\/www.crim.ca\/fr\/wp-json\/wp\/v2\/types\/page"}],"author":[{"embeddable":true,"href":"https:\/\/www.crim.ca\/fr\/wp-json\/wp\/v2\/users\/34"}],"replies":[{"embeddable":true,"href":"https:\/\/www.crim.ca\/fr\/wp-json\/wp\/v2\/comments?post=26537"}],"version-history":[{"count":16,"href":"https:\/\/www.crim.ca\/fr\/wp-json\/wp\/v2\/pages\/26537\/revisions"}],"predecessor-version":[{"id":27599,"href":"https:\/\/www.crim.ca\/fr\/wp-json\/wp\/v2\/pages\/26537\/revisions\/27599"}],"wp:featuredmedia":[{"embeddable":true,"href":"https:\/\/www.crim.ca\/fr\/wp-json\/wp\/v2\/media\/14435"}],"wp:attachment":[{"href":"https:\/\/www.crim.ca\/fr\/wp-json\/wp\/v2\/media?parent=26537"}],"curies":[{"name":"wp","href":"https:\/\/api.w.org\/{rel}","templated":true}]}}