{"id":26545,"date":"2025-06-09T13:26:13","date_gmt":"2025-06-09T17:26:13","guid":{"rendered":"https:\/\/www.crim.ca\/?page_id=26545"},"modified":"2025-06-09T17:52:48","modified_gmt":"2025-06-09T21:52:48","slug":"partenaire-de-confiance","status":"publish","type":"page","link":"https:\/\/www.crim.ca\/fr\/partenaire-de-confiance\/","title":{"rendered":"Partenaire de confiance"},"content":{"rendered":"\t\t<div data-elementor-type=\"wp-page\" data-elementor-id=\"26545\" class=\"elementor elementor-26545\" data-elementor-post-type=\"page\">\n\t\t\t\t<div class=\"elementor-element elementor-element-d59d8eb e-flex e-con-boxed e-con e-parent\" data-id=\"d59d8eb\" data-element_type=\"container\">\n\t\t\t\t\t<div class=\"e-con-inner\">\n\t\t<div class=\"elementor-element elementor-element-b8aacb9 e-con-full e-flex e-con e-child\" data-id=\"b8aacb9\" data-element_type=\"container\">\n\t\t\t\t<div class=\"elementor-element elementor-element-455ce16 h2-tiret-gauche h2-tiret-gauche-bleu elementor-widget elementor-widget-heading\" data-id=\"455ce16\" data-element_type=\"widget\" data-widget_type=\"heading.default\">\n\t\t\t\t<div class=\"elementor-widget-container\">\n\t\t\t\t\t<h2 class=\"elementor-heading-title elementor-size-default\">L\u2019IA de confiance, une approche \u00ab Trust by Design \u00bb<\/h2>\t\t\t\t<\/div>\n\t\t\t\t<\/div>\n\t\t<div class=\"elementor-element elementor-element-b8ba32b e-con-full e-flex e-con e-child\" data-id=\"b8ba32b\" data-element_type=\"container\">\n\t\t\t\t<div class=\"elementor-element elementor-element-4feeb1a wpman-list elementor-widget elementor-widget-text-editor\" data-id=\"4feeb1a\" data-element_type=\"widget\" data-widget_type=\"text-editor.default\">\n\t\t\t\t<div class=\"elementor-widget-container\">\n\t\t\t\t\t\t\t\t\t<p>Nous croyons que l\u2019IA de confiance doit \u00eatre int\u00e9gr\u00e9e d\u00e8s la phase de conception, et non appliqu\u00e9e en solution \u00ab post hoc \u00bb.<br \/><br \/>Cette d\u00e9marche, appel\u00e9e <strong>Trust by Design<\/strong>, vise \u00e0 consid\u00e9rer d\u00e8s le d\u00e9part tous les \u00e9l\u00e9ments indispensables pour instaurer une v\u00e9ritable confiance dans les solutions d\u2019intelligence artificielle.<\/p><p>En choisissant de collaborer avec le CRIM, vous optez pour un accompagnement expert dans la mise en \u0153uvre d\u2019une IA qui se construit avec soin et int\u00e9grit\u00e9. Nous vous invitons \u00e0 explorer notre guide et \u00e0 nous rejoindre pour b\u00e2tir ensemble l\u2019avenir d\u2019une intelligence artificielle respectueuse, s\u00e9curis\u00e9e et performante.<\/p>\t\t\t\t\t\t\t\t<\/div>\n\t\t\t\t<\/div>\n\t\t\t\t<div class=\"elementor-element elementor-element-bbf882d elementor-widget elementor-widget-image\" data-id=\"bbf882d\" data-element_type=\"widget\" data-widget_type=\"image.default\">\n\t\t\t\t<div class=\"elementor-widget-container\">\n\t\t\t\t\t\t\t\t\t\t\t\t\t\t\t<img decoding=\"async\" width=\"166\" height=\"166\" src=\"https:\/\/www.crim.ca\/wp-content\/uploads\/2025\/06\/Group-3.png\" class=\"attachment-medium_large size-medium_large wp-image-26332\" alt=\"\" srcset=\"https:\/\/www.crim.ca\/wp-content\/uploads\/2025\/06\/Group-3.png 166w, https:\/\/www.crim.ca\/wp-content\/uploads\/2025\/06\/Group-3-150x150.png 150w\" sizes=\"(max-width: 166px) 100vw, 166px\" \/>\t\t\t\t\t\t\t\t\t\t\t\t\t\t\t<\/div>\n\t\t\t\t<\/div>\n\t\t\t\t<\/div>\n\t\t\t\t<\/div>\n\t\t\t\t\t<\/div>\n\t\t\t\t<\/div>\n\t\t<div class=\"elementor-element elementor-element-1aac8ac e-flex e-con-boxed e-con e-parent\" data-id=\"1aac8ac\" data-element_type=\"container\">\n\t\t\t\t\t<div class=\"e-con-inner\">\n\t\t<div class=\"elementor-element elementor-element-bc912a4 e-con-full e-flex e-con e-child\" data-id=\"bc912a4\" data-element_type=\"container\">\n\t\t\t\t<div class=\"elementor-element elementor-element-442c1dc h2-tiret-gauche h2-tiret-gauche-bleu elementor-widget elementor-widget-heading\" data-id=\"442c1dc\" data-element_type=\"widget\" data-widget_type=\"heading.default\">\n\t\t\t\t<div class=\"elementor-widget-container\">\n\t\t\t\t\t<h2 class=\"elementor-heading-title elementor-size-default\">Des principes forts pour une IA performante<\/h2>\t\t\t\t<\/div>\n\t\t\t\t<\/div>\n\t\t<div class=\"elementor-element elementor-element-cd2ac15 e-con-full e-flex e-con e-child\" data-id=\"cd2ac15\" data-element_type=\"container\">\n\t\t\t\t<div class=\"elementor-element elementor-element-7f974e0 texte-valeurs elementor-widget elementor-widget-text-editor\" data-id=\"7f974e0\" data-element_type=\"widget\" data-widget_type=\"text-editor.default\">\n\t\t\t\t<div class=\"elementor-widget-container\">\n\t\t\t\t\t\t\t\t\t<p>Au c\u0153ur de l\u2019IA de confiance se trouvent plusieurs \u00e9l\u00e9ments essentiels :<\/p>\t\t\t\t\t\t\t\t<\/div>\n\t\t\t\t<\/div>\n\t\t\t\t<\/div>\n\t\t<div class=\"elementor-element elementor-element-0a1653d e-con-full e-flex e-con e-child\" data-id=\"0a1653d\" data-element_type=\"container\">\n\t\t\t\t<div class=\"elementor-element elementor-element-8aaa8a1 elementor-widget-mobile__width-inherit elementor-widget elementor-widget-image\" data-id=\"8aaa8a1\" data-element_type=\"widget\" data-widget_type=\"image.default\">\n\t\t\t\t<div class=\"elementor-widget-container\">\n\t\t\t\t\t\t\t\t\t\t\t\t\t\t\t<img decoding=\"async\" width=\"68\" height=\"70\" src=\"https:\/\/www.crim.ca\/wp-content\/uploads\/2025\/06\/with-icon-1.png\" class=\"attachment-medium_large size-medium_large wp-image-26354\" alt=\"\" \/>\t\t\t\t\t\t\t\t\t\t\t\t\t\t\t<\/div>\n\t\t\t\t<\/div>\n\t\t\t\t<div class=\"elementor-element elementor-element-ac8924d texte-valeurs elementor-widget elementor-widget-text-editor\" data-id=\"ac8924d\" data-element_type=\"widget\" data-widget_type=\"text-editor.default\">\n\t\t\t\t<div class=\"elementor-widget-container\">\n\t\t\t\t\t\t\t\t\t<h3>Robustesse<\/h3><p>Concevoir des syst\u00e8mes capables de r\u00e9sister aux d\u00e9fis, m\u00eame dans des conditions changeantes.<\/p>\t\t\t\t\t\t\t\t<\/div>\n\t\t\t\t<\/div>\n\t\t\t\t<\/div>\n\t\t<div class=\"elementor-element elementor-element-278fcbe e-con-full e-flex e-con e-child\" data-id=\"278fcbe\" data-element_type=\"container\">\n\t\t\t\t<div class=\"elementor-element elementor-element-4d09f6b elementor-widget-mobile__width-inherit elementor-widget elementor-widget-image\" data-id=\"4d09f6b\" data-element_type=\"widget\" data-widget_type=\"image.default\">\n\t\t\t\t<div class=\"elementor-widget-container\">\n\t\t\t\t\t\t\t\t\t\t\t\t\t\t\t<img decoding=\"async\" width=\"68\" height=\"70\" src=\"https:\/\/www.crim.ca\/wp-content\/uploads\/2025\/06\/with-icon-Copy-1.png\" class=\"attachment-medium_large size-medium_large wp-image-26358\" alt=\"\" \/>\t\t\t\t\t\t\t\t\t\t\t\t\t\t\t<\/div>\n\t\t\t\t<\/div>\n\t\t\t\t<div class=\"elementor-element elementor-element-160b36d texte-valeurs elementor-widget elementor-widget-text-editor\" data-id=\"160b36d\" data-element_type=\"widget\" data-widget_type=\"text-editor.default\">\n\t\t\t\t<div class=\"elementor-widget-container\">\n\t\t\t\t\t\t\t\t\t<h3>Fiabilit\u00e9<\/h3>\nGarantir que les solutions d\u2019IA produisent des r\u00e9sultats constants et pr\u00e9visibles.\t\t\t\t\t\t\t\t<\/div>\n\t\t\t\t<\/div>\n\t\t\t\t<\/div>\n\t\t<div class=\"elementor-element elementor-element-79a4f89 e-con-full e-flex e-con e-child\" data-id=\"79a4f89\" data-element_type=\"container\">\n\t\t\t\t<div class=\"elementor-element elementor-element-ff2b9b2 elementor-widget-mobile__width-inherit elementor-widget elementor-widget-image\" data-id=\"ff2b9b2\" data-element_type=\"widget\" data-widget_type=\"image.default\">\n\t\t\t\t<div class=\"elementor-widget-container\">\n\t\t\t\t\t\t\t\t\t\t\t\t\t\t\t<img loading=\"lazy\" decoding=\"async\" width=\"68\" height=\"70\" src=\"https:\/\/www.crim.ca\/wp-content\/uploads\/2025\/06\/with-icon-Copy-2-1.png\" class=\"attachment-medium_large size-medium_large wp-image-26362\" alt=\"\" \/>\t\t\t\t\t\t\t\t\t\t\t\t\t\t\t<\/div>\n\t\t\t\t<\/div>\n\t\t\t\t<div class=\"elementor-element elementor-element-3ac5dd2 texte-valeurs elementor-widget elementor-widget-text-editor\" data-id=\"3ac5dd2\" data-element_type=\"widget\" data-widget_type=\"text-editor.default\">\n\t\t\t\t<div class=\"elementor-widget-container\">\n\t\t\t\t\t\t\t\t\t<h3>Gestion des risques<\/h3>\nIdentifier et att\u00e9nuer les risques d\u00e8s la phase de conception, afin d\u2019\u00e9viter des probl\u00e8mes potentiels.\t\t\t\t\t\t\t\t<\/div>\n\t\t\t\t<\/div>\n\t\t\t\t<\/div>\n\t\t<div class=\"elementor-element elementor-element-a5e6fe3 e-con-full e-flex e-con e-child\" data-id=\"a5e6fe3\" data-element_type=\"container\">\n\t\t\t\t<div class=\"elementor-element elementor-element-fbbf90e elementor-widget-mobile__width-inherit elementor-widget elementor-widget-image\" data-id=\"fbbf90e\" data-element_type=\"widget\" data-widget_type=\"image.default\">\n\t\t\t\t<div class=\"elementor-widget-container\">\n\t\t\t\t\t\t\t\t\t\t\t\t\t\t\t<img loading=\"lazy\" decoding=\"async\" width=\"68\" height=\"70\" src=\"https:\/\/www.crim.ca\/wp-content\/uploads\/2025\/06\/with-icon-Copy-3-1.png\" class=\"attachment-medium_large size-medium_large wp-image-26366\" alt=\"\" \/>\t\t\t\t\t\t\t\t\t\t\t\t\t\t\t<\/div>\n\t\t\t\t<\/div>\n\t\t\t\t<div class=\"elementor-element elementor-element-40c41f7 texte-valeurs elementor-widget elementor-widget-text-editor\" data-id=\"40c41f7\" data-element_type=\"widget\" data-widget_type=\"text-editor.default\">\n\t\t\t\t<div class=\"elementor-widget-container\">\n\t\t\t\t\t\t\t\t\t<h3>S\u00e9curit\u00e9<\/h3>\nMettre en place des m\u00e9canismes de protection tout au long du cycle de vie du produit.\t\t\t\t\t\t\t\t<\/div>\n\t\t\t\t<\/div>\n\t\t\t\t<\/div>\n\t\t<div class=\"elementor-element elementor-element-cfe5946 e-con-full e-flex e-con e-child\" data-id=\"cfe5946\" data-element_type=\"container\">\n\t\t\t\t<div class=\"elementor-element elementor-element-555bd4d elementor-widget-mobile__width-inherit elementor-widget elementor-widget-image\" data-id=\"555bd4d\" data-element_type=\"widget\" data-widget_type=\"image.default\">\n\t\t\t\t<div class=\"elementor-widget-container\">\n\t\t\t\t\t\t\t\t\t\t\t\t\t\t\t<img loading=\"lazy\" decoding=\"async\" width=\"68\" height=\"70\" src=\"https:\/\/www.crim.ca\/wp-content\/uploads\/2025\/06\/with-icon-Copy-4.png\" class=\"attachment-large size-large wp-image-26368\" alt=\"\" \/>\t\t\t\t\t\t\t\t\t\t\t\t\t\t\t<\/div>\n\t\t\t\t<\/div>\n\t\t\t\t<div class=\"elementor-element elementor-element-b6171f8 texte-valeurs elementor-widget elementor-widget-text-editor\" data-id=\"b6171f8\" data-element_type=\"widget\" data-widget_type=\"text-editor.default\">\n\t\t\t\t<div class=\"elementor-widget-container\">\n\t\t\t\t\t\t\t\t\t<h3>Adaptabilit\u00e9<\/h3>\nPr\u00e9voir une \u00e9volution continue pour accompagner les changements dans l\u2019environnement et les besoins des utilisateurs.\t\t\t\t\t\t\t\t<\/div>\n\t\t\t\t<\/div>\n\t\t\t\t<\/div>\n\t\t<div class=\"elementor-element elementor-element-02926f6 e-con-full e-flex e-con e-child\" data-id=\"02926f6\" data-element_type=\"container\">\n\t\t\t\t<div class=\"elementor-element elementor-element-94676c2 texte-valeurs elementor-widget elementor-widget-text-editor\" data-id=\"94676c2\" data-element_type=\"widget\" data-widget_type=\"text-editor.default\">\n\t\t\t\t<div class=\"elementor-widget-container\">\n\t\t\t\t\t\t\t\t\tEn int\u00e9grant ces principes dans votre processus de d\u00e9veloppement, vous cr\u00e9ez non seulement un produit ou service plus performant, mais vous installez aussi un cercle vertueux qui favorise gains de productivit\u00e9, croissance des ventes et satisfaction accrue des utilisateurs. \t\t\t\t\t\t\t\t<\/div>\n\t\t\t\t<\/div>\n\t\t\t\t<\/div>\n\t\t\t\t<\/div>\n\t\t\t\t\t<\/div>\n\t\t\t\t<\/div>\n\t\t<div class=\"elementor-element elementor-element-a99408f e-flex e-con-boxed e-con e-parent\" data-id=\"a99408f\" data-element_type=\"container\">\n\t\t\t\t\t<div class=\"e-con-inner\">\n\t\t<div class=\"elementor-element elementor-element-1d5144d e-con-full e-flex e-con e-child\" data-id=\"1d5144d\" data-element_type=\"container\">\n\t\t\t\t<div class=\"elementor-element elementor-element-f57ca76 h2-tiret-gauche h2-tiret-gauche-bleu elementor-widget elementor-widget-heading\" data-id=\"f57ca76\" data-element_type=\"widget\" data-widget_type=\"heading.default\">\n\t\t\t\t<div class=\"elementor-widget-container\">\n\t\t\t\t\t<h2 class=\"elementor-heading-title elementor-size-default\">Un cycle de d\u00e9veloppement pens\u00e9 pour l\u2019excellence<\/h2>\t\t\t\t<\/div>\n\t\t\t\t<\/div>\n\t\t\t\t<div class=\"elementor-element elementor-element-7f905e1 wpman-list elementor-widget elementor-widget-text-editor\" data-id=\"7f905e1\" data-element_type=\"widget\" data-widget_type=\"text-editor.default\">\n\t\t\t\t<div class=\"elementor-widget-container\">\n\t\t\t\t\t\t\t\t\t<p>Adopter une d\u00e9marche d\u2019IA de confiance d\u00e8s la conception permet de b\u00e9n\u00e9ficier de nombreux avantages :<\/p>\t\t\t\t\t\t\t\t<\/div>\n\t\t\t\t<\/div>\n\t\t<div class=\"elementor-element elementor-element-d3673ed e-con-full e-flex e-con e-child\" data-id=\"d3673ed\" data-element_type=\"container\">\n\t\t\t\t<div class=\"elementor-element elementor-element-5aea80e elementor-widget-mobile__width-inherit elementor-widget elementor-widget-image\" data-id=\"5aea80e\" data-element_type=\"widget\" data-widget_type=\"image.default\">\n\t\t\t\t<div class=\"elementor-widget-container\">\n\t\t\t\t\t\t\t\t\t\t\t\t\t\t\t<img loading=\"lazy\" decoding=\"async\" width=\"34\" height=\"20\" src=\"https:\/\/www.crim.ca\/wp-content\/uploads\/2025\/06\/Rectangle.png\" class=\"attachment-medium_large size-medium_large wp-image-26348\" alt=\"\" \/>\t\t\t\t\t\t\t\t\t\t\t\t\t\t\t<\/div>\n\t\t\t\t<\/div>\n\t\t\t\t<div class=\"elementor-element elementor-element-d3e0bac texte-valeurs elementor-widget elementor-widget-text-editor\" data-id=\"d3e0bac\" data-element_type=\"widget\" data-widget_type=\"text-editor.default\">\n\t\t\t\t<div class=\"elementor-widget-container\">\n\t\t\t\t\t\t\t\t\t<h3>Des produits et services sup\u00e9rieurs<\/h3><p>Gr\u00e2ce \u00e0 une conception r\u00e9fl\u00e9chie, l\u2019IA de confiance produit des r\u00e9sultats optimaux, bien au-del\u00e0 d\u2019une simple am\u00e9lioration superficielle.<\/p>\t\t\t\t\t\t\t\t<\/div>\n\t\t\t\t<\/div>\n\t\t\t\t<\/div>\n\t\t<div class=\"elementor-element elementor-element-cd6e6dc e-con-full e-flex e-con e-child\" data-id=\"cd6e6dc\" data-element_type=\"container\">\n\t\t\t\t<div class=\"elementor-element elementor-element-4f98704 elementor-widget-mobile__width-inherit elementor-widget elementor-widget-image\" data-id=\"4f98704\" data-element_type=\"widget\" data-widget_type=\"image.default\">\n\t\t\t\t<div class=\"elementor-widget-container\">\n\t\t\t\t\t\t\t\t\t\t\t\t\t\t\t<img loading=\"lazy\" decoding=\"async\" width=\"34\" height=\"20\" src=\"https:\/\/www.crim.ca\/wp-content\/uploads\/2025\/06\/Rectangle.png\" class=\"attachment-medium_large size-medium_large wp-image-26348\" alt=\"\" \/>\t\t\t\t\t\t\t\t\t\t\t\t\t\t\t<\/div>\n\t\t\t\t<\/div>\n\t\t\t\t<div class=\"elementor-element elementor-element-5a3c8de texte-valeurs elementor-widget elementor-widget-text-editor\" data-id=\"5a3c8de\" data-element_type=\"widget\" data-widget_type=\"text-editor.default\">\n\t\t\t\t<div class=\"elementor-widget-container\">\n\t\t\t\t\t\t\t\t\t<h3>Des gains mesurables<\/h3>\nUne meilleure productivit\u00e9 et l\u2019optimisation des processus, menant \u00e0 des \u00e9conomies et une croissance tangible pour votre organisation.\t\t\t\t\t\t\t\t<\/div>\n\t\t\t\t<\/div>\n\t\t\t\t<\/div>\n\t\t<div class=\"elementor-element elementor-element-3024feb e-con-full e-flex e-con e-child\" data-id=\"3024feb\" data-element_type=\"container\">\n\t\t\t\t<div class=\"elementor-element elementor-element-c0ed136 elementor-widget-mobile__width-inherit elementor-widget elementor-widget-image\" data-id=\"c0ed136\" data-element_type=\"widget\" data-widget_type=\"image.default\">\n\t\t\t\t<div class=\"elementor-widget-container\">\n\t\t\t\t\t\t\t\t\t\t\t\t\t\t\t<img loading=\"lazy\" decoding=\"async\" width=\"34\" height=\"20\" src=\"https:\/\/www.crim.ca\/wp-content\/uploads\/2025\/06\/Rectangle.png\" class=\"attachment-medium_large size-medium_large wp-image-26348\" alt=\"\" \/>\t\t\t\t\t\t\t\t\t\t\t\t\t\t\t<\/div>\n\t\t\t\t<\/div>\n\t\t\t\t<div class=\"elementor-element elementor-element-3a48265 texte-valeurs elementor-widget elementor-widget-text-editor\" data-id=\"3a48265\" data-element_type=\"widget\" data-widget_type=\"text-editor.default\">\n\t\t\t\t<div class=\"elementor-widget-container\">\n\t\t\t\t\t\t\t\t\t<h3>Une satisfaction accrue<\/h3>\nDes applications con\u00e7ues avec soin engendrent une exp\u00e9rience utilisateur optimis\u00e9e, essentielle pour fid\u00e9liser et engager vos clients.\t\t\t\t\t\t\t\t<\/div>\n\t\t\t\t<\/div>\n\t\t\t\t<\/div>\n\t\t\t\t<\/div>\n\t\t\t\t\t<\/div>\n\t\t\t\t<\/div>\n\t\t<div class=\"elementor-element elementor-element-31b11c7 e-flex e-con-boxed e-con e-parent\" data-id=\"31b11c7\" data-element_type=\"container\">\n\t\t\t\t\t<div class=\"e-con-inner\">\n\t\t<div class=\"elementor-element elementor-element-a22b4a9 e-con-full e-flex e-con e-child\" data-id=\"a22b4a9\" data-element_type=\"container\">\n\t\t\t\t<div class=\"elementor-element elementor-element-a7147a8 h2-tiret-gauche h2-tiret-gauche-bleu elementor-widget elementor-widget-heading\" data-id=\"a7147a8\" data-element_type=\"widget\" data-widget_type=\"heading.default\">\n\t\t\t\t<div class=\"elementor-widget-container\">\n\t\t\t\t\t<h2 class=\"elementor-heading-title elementor-size-default\">L\u2019expertise du CRIM au service de l\u2019innovation<\/h2>\t\t\t\t<\/div>\n\t\t\t\t<\/div>\n\t\t<div class=\"elementor-element elementor-element-91bbfed e-con-full e-flex e-con e-child\" data-id=\"91bbfed\" data-element_type=\"container\">\n\t\t\t\t<div class=\"elementor-element elementor-element-9ce8b40 wpman-list elementor-widget elementor-widget-text-editor\" data-id=\"9ce8b40\" data-element_type=\"widget\" data-widget_type=\"text-editor.default\">\n\t\t\t\t<div class=\"elementor-widget-container\">\n\t\t\t\t\t\t\t\t\tEn tant qu\u2019organisme \u00e0 but non lucratif, neutre et ind\u00e9pendant, le CRIM est id\u00e9alement positionn\u00e9 pour vous accompagner dans vos projets d\u2019innovation avec de l\u2019IA : \t\t\t\t\t\t\t\t<\/div>\n\t\t\t\t<\/div>\n\t\t\t\t<\/div>\n\t\t<div class=\"elementor-element elementor-element-d97268c e-con-full e-flex e-con e-child\" data-id=\"d97268c\" data-element_type=\"container\">\n\t\t\t\t<div class=\"elementor-element elementor-element-3b948aa elementor-widget-mobile__width-inherit elementor-widget elementor-widget-image\" data-id=\"3b948aa\" data-element_type=\"widget\" data-widget_type=\"image.default\">\n\t\t\t\t<div class=\"elementor-widget-container\">\n\t\t\t\t\t\t\t\t\t\t\t\t\t\t\t<img loading=\"lazy\" decoding=\"async\" width=\"38\" height=\"38\" src=\"https:\/\/www.crim.ca\/wp-content\/uploads\/2025\/06\/Group.png\" class=\"attachment-medium_large size-medium_large wp-image-26330\" alt=\"\" \/>\t\t\t\t\t\t\t\t\t\t\t\t\t\t\t<\/div>\n\t\t\t\t<\/div>\n\t\t\t\t<div class=\"elementor-element elementor-element-000f67d texte-valeurs elementor-widget elementor-widget-text-editor\" data-id=\"000f67d\" data-element_type=\"widget\" data-widget_type=\"text-editor.default\">\n\t\t\t\t<div class=\"elementor-widget-container\">\n\t\t\t\t\t\t\t\t\t<h3>Un avis objectif<\/h3>\nSans affiliation aux fournisseurs de solutions, nous offrons une analyse impartiale sur les limitations et risques li\u00e9s \u00e0 l\u2019usage de l\u2019IA.\t\t\t\t\t\t\t\t<\/div>\n\t\t\t\t<\/div>\n\t\t\t\t<\/div>\n\t\t<div class=\"elementor-element elementor-element-7197d31 e-con-full e-flex e-con e-child\" data-id=\"7197d31\" data-element_type=\"container\">\n\t\t\t\t<div class=\"elementor-element elementor-element-9dbb601 elementor-widget-mobile__width-inherit elementor-widget elementor-widget-image\" data-id=\"9dbb601\" data-element_type=\"widget\" data-widget_type=\"image.default\">\n\t\t\t\t<div class=\"elementor-widget-container\">\n\t\t\t\t\t\t\t\t\t\t\t\t\t\t\t<img loading=\"lazy\" decoding=\"async\" width=\"38\" height=\"38\" src=\"https:\/\/www.crim.ca\/wp-content\/uploads\/2025\/06\/Group.png\" class=\"attachment-medium_large size-medium_large wp-image-26330\" alt=\"\" \/>\t\t\t\t\t\t\t\t\t\t\t\t\t\t\t<\/div>\n\t\t\t\t<\/div>\n\t\t\t\t<div class=\"elementor-element elementor-element-9ff6851 texte-valeurs elementor-widget elementor-widget-text-editor\" data-id=\"9ff6851\" data-element_type=\"widget\" data-widget_type=\"text-editor.default\">\n\t\t\t\t<div class=\"elementor-widget-container\">\n\t\t\t\t\t\t\t\t\t<h3>Un guide pratique<\/h3>\nNous mettons \u00e0 disposition un cycle de d\u00e9veloppement complet et informatif pour vous aider \u00e0 concevoir des solutions d\u2019IA performantes et dignes de confiance. \t\t\t\t\t\t\t\t<\/div>\n\t\t\t\t<\/div>\n\t\t\t\t<\/div>\n\t\t<div class=\"elementor-element elementor-element-f675db9 e-con-full e-flex e-con e-child\" data-id=\"f675db9\" data-element_type=\"container\">\n\t\t\t\t<div class=\"elementor-element elementor-element-e22ea7c elementor-widget-mobile__width-inherit elementor-widget elementor-widget-image\" data-id=\"e22ea7c\" data-element_type=\"widget\" data-widget_type=\"image.default\">\n\t\t\t\t<div class=\"elementor-widget-container\">\n\t\t\t\t\t\t\t\t\t\t\t\t\t\t\t<img loading=\"lazy\" decoding=\"async\" width=\"38\" height=\"38\" src=\"https:\/\/www.crim.ca\/wp-content\/uploads\/2025\/06\/Group.png\" class=\"attachment-medium_large size-medium_large wp-image-26330\" alt=\"\" \/>\t\t\t\t\t\t\t\t\t\t\t\t\t\t\t<\/div>\n\t\t\t\t<\/div>\n\t\t\t\t<div class=\"elementor-element elementor-element-9d935f5 texte-valeurs elementor-widget elementor-widget-text-editor\" data-id=\"9d935f5\" data-element_type=\"widget\" data-widget_type=\"text-editor.default\">\n\t\t\t\t<div class=\"elementor-widget-container\">\n\t\t\t\t\t\t\t\t\t<h3>Un partenaire engag\u00e9<\/h3><p>Notre mission est de vous fournir les outils et le savoir-faire n\u00e9cessaires pour transformer vos projets en r\u00e9ussites concr\u00e8tes.<\/p>\t\t\t\t\t\t\t\t<\/div>\n\t\t\t\t<\/div>\n\t\t\t\t<\/div>\n\t\t\t\t<\/div>\n\t\t\t\t\t<\/div>\n\t\t\t\t<\/div>\n\t\t<div class=\"elementor-element elementor-element-283e7dc e-flex e-con-boxed e-con e-parent\" data-id=\"283e7dc\" data-element_type=\"container\">\n\t\t\t\t\t<div class=\"e-con-inner\">\n\t\t<div class=\"elementor-element elementor-element-1f080b1 e-con-full e-flex e-con e-child\" data-id=\"1f080b1\" data-element_type=\"container\">\n\t\t\t\t<div class=\"elementor-element elementor-element-508d408 elementor-cta--layout-image-left elementor-cta--mobile-layout-image-above elementor-cta--skin-classic elementor-animated-content elementor-bg-transform elementor-bg-transform-zoom-in elementor-widget elementor-widget-call-to-action\" data-id=\"508d408\" data-element_type=\"widget\" data-widget_type=\"call-to-action.default\">\n\t\t\t\t<div class=\"elementor-widget-container\">\n\t\t\t\t\t\t\t<div class=\"elementor-cta\">\n\t\t\t\t\t<div class=\"elementor-cta__bg-wrapper\">\n\t\t\t\t<div class=\"elementor-cta__bg elementor-bg\" style=\"background-image: url(https:\/\/www.crim.ca\/wp-content\/uploads\/2025\/06\/e6f232d1ebf9fedd27f02a538f45cefec59fd41e.avif);\" role=\"img\" aria-label=\"e6f232d1ebf9fedd27f02a538f45cefec59fd41e\"><\/div>\n\t\t\t\t<div class=\"elementor-cta__bg-overlay\"><\/div>\n\t\t\t<\/div>\n\t\t\t\t\t\t\t<div class=\"elementor-cta__content\">\n\t\t\t\t\n\t\t\t\t\t\t\t\t\t<h2 class=\"elementor-cta__title elementor-cta__content-item elementor-content-item\">\n\t\t\t\t\t\tDevenez notre partenaire de confiance\t\t\t\t\t<\/h2>\n\t\t\t\t\n\t\t\t\t\n\t\t\t\t\t\t\t\t\t<div class=\"elementor-cta__button-wrapper elementor-cta__content-item elementor-content-item \">\n\t\t\t\t\t<a class=\"elementor-cta__button elementor-button elementor-size-\" href=\"https:\/\/www.crim.ca\/fr\/contact\/\">\n\t\t\t\t\t\tContactez-nous d\u00e8s aujourd\u2019hui\t\t\t\t\t<\/a>\n\t\t\t\t\t<\/div>\n\t\t\t\t\t\t\t<\/div>\n\t\t\t\t\t\t<\/div>\n\t\t\t\t\t\t<\/div>\n\t\t\t\t<\/div>\n\t\t\t\t<\/div>\n\t\t\t\t\t<\/div>\n\t\t\t\t<\/div>\n\t\t\t\t<\/div>\n\t\t","protected":false},"excerpt":{"rendered":"<p>L\u2019IA de confiance, une approche \u00ab Trust by Design \u00bb Nous croyons que l\u2019IA de confiance doit \u00eatre int\u00e9gr\u00e9e d\u00e8s la phase de conception, et non appliqu\u00e9e en solution \u00ab post hoc \u00bb. Cette d\u00e9marche, appel\u00e9e Trust by Design, vise \u00e0 consid\u00e9rer d\u00e8s le d\u00e9part tous les \u00e9l\u00e9ments indispensables pour instaurer une v\u00e9ritable confiance dans [&hellip;]<\/p>\n","protected":false},"author":34,"featured_media":14435,"parent":0,"menu_order":0,"comment_status":"closed","ping_status":"closed","template":"","meta":{"_acf_changed":false,"footnotes":"","_links_to":"","_links_to_target":""},"class_list":["post-26545","page","type-page","status-publish","has-post-thumbnail","hentry"],"acf":[],"_links":{"self":[{"href":"https:\/\/www.crim.ca\/fr\/wp-json\/wp\/v2\/pages\/26545","targetHints":{"allow":["GET"]}}],"collection":[{"href":"https:\/\/www.crim.ca\/fr\/wp-json\/wp\/v2\/pages"}],"about":[{"href":"https:\/\/www.crim.ca\/fr\/wp-json\/wp\/v2\/types\/page"}],"author":[{"embeddable":true,"href":"https:\/\/www.crim.ca\/fr\/wp-json\/wp\/v2\/users\/34"}],"replies":[{"embeddable":true,"href":"https:\/\/www.crim.ca\/fr\/wp-json\/wp\/v2\/comments?post=26545"}],"version-history":[{"count":10,"href":"https:\/\/www.crim.ca\/fr\/wp-json\/wp\/v2\/pages\/26545\/revisions"}],"predecessor-version":[{"id":26915,"href":"https:\/\/www.crim.ca\/fr\/wp-json\/wp\/v2\/pages\/26545\/revisions\/26915"}],"wp:featuredmedia":[{"embeddable":true,"href":"https:\/\/www.crim.ca\/fr\/wp-json\/wp\/v2\/media\/14435"}],"wp:attachment":[{"href":"https:\/\/www.crim.ca\/fr\/wp-json\/wp\/v2\/media?parent=26545"}],"curies":[{"name":"wp","href":"https:\/\/api.w.org\/{rel}","templated":true}]}}