{"id":26574,"date":"2025-06-09T13:52:21","date_gmt":"2025-06-09T17:52:21","guid":{"rendered":"https:\/\/www.crim.ca\/?page_id=26574"},"modified":"2025-06-09T17:59:14","modified_gmt":"2025-06-09T21:59:14","slug":"science-et-recherche","status":"publish","type":"page","link":"https:\/\/www.crim.ca\/fr\/science-et-recherche\/","title":{"rendered":"Science et recherche"},"content":{"rendered":"\t\t<div data-elementor-type=\"wp-page\" data-elementor-id=\"26574\" class=\"elementor elementor-26574\" data-elementor-post-type=\"page\">\n\t\t\t\t<div class=\"elementor-element elementor-element-36f9371 e-flex e-con-boxed e-con e-parent\" data-id=\"36f9371\" data-element_type=\"container\" data-settings=\"{&quot;animation&quot;:&quot;none&quot;}\">\n\t\t\t\t\t<div class=\"e-con-inner\">\n\t\t<div data-dce-background-image-url=\"https:\/\/www.crim.ca\/wp-content\/uploads\/2025\/06\/photo-science-recherche.jpg\" class=\"elementor-element elementor-element-4f60abe e-con-full e-flex e-con e-child\" data-id=\"4f60abe\" data-element_type=\"container\" data-settings=\"{&quot;background_background&quot;:&quot;classic&quot;}\">\n\t\t\t\t<div class=\"elementor-element elementor-element-8a84f16 elementor-widget elementor-widget-heading\" data-id=\"8a84f16\" data-element_type=\"widget\" data-widget_type=\"heading.default\">\n\t\t\t\t<div class=\"elementor-widget-container\">\n\t\t\t\t\t<h2 class=\"elementor-heading-title elementor-size-default\">L\u2019innovation appliqu\u00e9e au service de la soci\u00e9t\u00e9<\/h2>\t\t\t\t<\/div>\n\t\t\t\t<\/div>\n\t\t\t\t<\/div>\n\t\t<div class=\"elementor-element elementor-element-6b0a671 e-con-full e-flex e-con e-child\" data-id=\"6b0a671\" data-element_type=\"container\" data-settings=\"{&quot;background_background&quot;:&quot;classic&quot;}\">\n\t\t\t\t<div class=\"elementor-element elementor-element-272347a elementor-widget elementor-widget-text-editor\" data-id=\"272347a\" data-element_type=\"widget\" data-widget_type=\"text-editor.default\">\n\t\t\t\t<div class=\"elementor-widget-container\">\n\t\t\t\t\t\t\t\t\t<h4>Au CRIM, la science est appliqu\u00e9e avec c\u0153ur et rigueur.<\/h4>\t\t\t\t\t\t\t\t<\/div>\n\t\t\t\t<\/div>\n\t\t\t\t<div class=\"elementor-element elementor-element-6a1fc8c elementor-widget elementor-widget-text-editor\" data-id=\"6a1fc8c\" data-element_type=\"widget\" data-widget_type=\"text-editor.default\">\n\t\t\t\t<div class=\"elementor-widget-container\">\n\t\t\t\t\t\t\t\t\t<p>Notre mission est claire : offrir un service de recherche et d\u00e9veloppement en intelligence artificielle, principalement au b\u00e9n\u00e9fice des PME qu\u00e9b\u00e9coises. Nous transformons les avanc\u00e9es technologiques en solutions concr\u00e8tes qui contribuent au progr\u00e8s des entreprises et de la soci\u00e9t\u00e9 qu\u00e9b\u00e9coise.<\/p><p>Notre approche est appliqu\u00e9e, collaborative, rigoureuse et responsable. Elle repose sur la combinaison de donn\u00e9es, d\u2019algorithmes et d\u2019un encadrement \u00e9thique pour b\u00e2tir une IA fiable, utile et transparente.<\/p><p>Chaque ann\u00e9e, plus de 80 entreprises sont accompagn\u00e9es dans leur transformation num\u00e9rique, leur adoption responsable des technologies et leur qu\u00eate de comp\u00e9titivit\u00e9.<\/p>\t\t\t\t\t\t\t\t<\/div>\n\t\t\t\t<\/div>\n\t\t\t\t<\/div>\n\t\t\t\t\t<\/div>\n\t\t\t\t<\/div>\n\t\t<div class=\"elementor-element elementor-element-299eecd e-flex e-con-boxed e-con e-parent\" data-id=\"299eecd\" data-element_type=\"container\">\n\t\t\t\t\t<div class=\"e-con-inner\">\n\t\t<div class=\"elementor-element elementor-element-3602d79 e-con-full e-flex e-con e-child\" data-id=\"3602d79\" data-element_type=\"container\">\n\t\t\t\t<div class=\"elementor-element elementor-element-9520980 wpman-list elementor-widget elementor-widget-text-editor\" data-id=\"9520980\" data-element_type=\"widget\" data-widget_type=\"text-editor.default\">\n\t\t\t\t<div class=\"elementor-widget-container\">\n\t\t\t\t\t\t\t\t\t<p>Le CRIM se distingue \u00e9galement par son rayonnement scientifique. Nos experts participent activement \u00e0 la diffusion de la recherche appliqu\u00e9e et au dialogue avec les milieux industriels et scientifiques, tant au Qu\u00e9bec qu\u2019\u00e0 l\u2019international. L\u2019ann\u00e9e 2024 a \u00e9t\u00e9 particuli\u00e8rement riche en contributions, avec des publications notables dans des domaines vari\u00e9s tels que :<\/p><ul><li>la reconnaissance \u00e9motionnelle multimodale,<\/li><li>la v\u00e9rification du locuteur,<\/li><li>l\u2019IA pour l\u2019accessibilit\u00e9,<\/li><li>l\u2019int\u00e9gration des standards g\u00e9ospatiaux.<\/li><\/ul><p>Nos travaux ont \u00e9t\u00e9 pr\u00e9sent\u00e9s dans des conf\u00e9rences internationales prestigieuses comme IEEE CVPR, ISCA ICASSP et NeurIPS. Parmi les recherches marquantes, on retrouve :<\/p><ul><li>l\u2019utilisation de l\u2019attention crois\u00e9e pour la fusion audio-visuelle dans la reconnaissance \u00e9motionnelle,<\/li><li>l\u2019\u00e9tude de la robustesse des syst\u00e8mes de v\u00e9rification du locuteur face au bruit d\u2019\u00e9tiquetage,<\/li><li>l\u2019exploration des mod\u00e8les de diffusion pour la d\u00e9tection d\u2019hypertrucages.<\/li><\/ul><p>Le CRIM s\u2019engage aussi dans les r\u00e9flexions \u00e9thiques entourant l\u2019IA, notamment \u00e0 travers des s\u00e9minaires sur l\u2019IA responsable. Cet engagement t\u00e9moigne de notre volont\u00e9 de faire progresser la science tout en r\u00e9pondant aux enjeux soci\u00e9taux actuels.<\/p>\t\t\t\t\t\t\t\t<\/div>\n\t\t\t\t<\/div>\n\t\t\t\t<\/div>\n\t\t\t\t\t<\/div>\n\t\t\t\t<\/div>\n\t\t\t\t<\/div>\n\t\t","protected":false},"excerpt":{"rendered":"<p>L\u2019innovation appliqu\u00e9e au service de la soci\u00e9t\u00e9 Au CRIM, la science est appliqu\u00e9e avec c\u0153ur et rigueur. Notre mission est claire : offrir un service de recherche et d\u00e9veloppement en intelligence artificielle, principalement au b\u00e9n\u00e9fice des PME qu\u00e9b\u00e9coises. Nous transformons les avanc\u00e9es technologiques en solutions concr\u00e8tes qui contribuent au progr\u00e8s des entreprises et de la [&hellip;]<\/p>\n","protected":false},"author":34,"featured_media":14435,"parent":0,"menu_order":0,"comment_status":"closed","ping_status":"closed","template":"","meta":{"_acf_changed":false,"footnotes":"","_links_to":"","_links_to_target":""},"class_list":["post-26574","page","type-page","status-publish","has-post-thumbnail","hentry"],"acf":[],"_links":{"self":[{"href":"https:\/\/www.crim.ca\/fr\/wp-json\/wp\/v2\/pages\/26574","targetHints":{"allow":["GET"]}}],"collection":[{"href":"https:\/\/www.crim.ca\/fr\/wp-json\/wp\/v2\/pages"}],"about":[{"href":"https:\/\/www.crim.ca\/fr\/wp-json\/wp\/v2\/types\/page"}],"author":[{"embeddable":true,"href":"https:\/\/www.crim.ca\/fr\/wp-json\/wp\/v2\/users\/34"}],"replies":[{"embeddable":true,"href":"https:\/\/www.crim.ca\/fr\/wp-json\/wp\/v2\/comments?post=26574"}],"version-history":[{"count":8,"href":"https:\/\/www.crim.ca\/fr\/wp-json\/wp\/v2\/pages\/26574\/revisions"}],"predecessor-version":[{"id":26925,"href":"https:\/\/www.crim.ca\/fr\/wp-json\/wp\/v2\/pages\/26574\/revisions\/26925"}],"wp:featuredmedia":[{"embeddable":true,"href":"https:\/\/www.crim.ca\/fr\/wp-json\/wp\/v2\/media\/14435"}],"wp:attachment":[{"href":"https:\/\/www.crim.ca\/fr\/wp-json\/wp\/v2\/media?parent=26574"}],"curies":[{"name":"wp","href":"https:\/\/api.w.org\/{rel}","templated":true}]}}