{"id":26588,"date":"2025-06-09T14:04:10","date_gmt":"2025-06-09T18:04:10","guid":{"rendered":"https:\/\/www.crim.ca\/?page_id=26588"},"modified":"2025-06-09T20:50:20","modified_gmt":"2025-06-10T00:50:20","slug":"expertises-competences","status":"publish","type":"page","link":"https:\/\/www.crim.ca\/fr\/expertises-competences\/","title":{"rendered":"Expertises (comp\u00e9tences)"},"content":{"rendered":"\t\t<div data-elementor-type=\"wp-page\" data-elementor-id=\"26588\" class=\"elementor elementor-26588\" data-elementor-post-type=\"page\">\n\t\t\t\t<div class=\"elementor-element elementor-element-9e28237 e-flex e-con-boxed e-con e-parent\" data-id=\"9e28237\" data-element_type=\"container\">\n\t\t\t\t\t<div class=\"e-con-inner\">\n\t\t<div class=\"elementor-element elementor-element-7906ba7 e-con-full e-flex e-con e-child\" data-id=\"7906ba7\" data-element_type=\"container\">\n\t\t\t\t<div class=\"elementor-element elementor-element-2e8a59c h2-tiret-gauche h2-tiret-gauche-orange elementor-widget elementor-widget-heading\" data-id=\"2e8a59c\" data-element_type=\"widget\" data-widget_type=\"heading.default\">\n\t\t\t\t<div class=\"elementor-widget-container\">\n\t\t\t\t\t<h2 class=\"elementor-heading-title elementor-size-default\">Des expertises strat\u00e9giques en IA, science des donn\u00e9es et R&amp;D<\/h2>\t\t\t\t<\/div>\n\t\t\t\t<\/div>\n\t\t\t\t<div class=\"elementor-element elementor-element-a250f18 wpman-list liste-crochet elementor-widget elementor-widget-text-editor\" data-id=\"a250f18\" data-element_type=\"widget\" data-widget_type=\"text-editor.default\">\n\t\t\t\t<div class=\"elementor-widget-container\">\n\t\t\t\t\t\t\t\t\t<p>Nos expertises couvrent l\u2019ensemble du spectre de la R-D en IA appliqu\u00e9e, avec une capacit\u00e9 unique \u00e0 conjuguer d\u00e9veloppement exp\u00e9rimental, science des donn\u00e9es et accompagnement technologique.<\/p><p>Nous d\u00e9risquons les projets complexes, structurons les d\u00e9fis technologiques et b\u00e2tissons des solutions adapt\u00e9es \u00e0 vos enjeux concrets. Chaque expertise est mobilis\u00e9e avec une exigence de rigueur, d\u2019\u00e9thique et d\u2019impact.<\/p>\t\t\t\t\t\t\t\t<\/div>\n\t\t\t\t<\/div>\n\t\t\t\t<div class=\"elementor-element elementor-element-4ffd332 elementor-widget elementor-widget-heading\" data-id=\"4ffd332\" data-element_type=\"widget\" data-widget_type=\"heading.default\">\n\t\t\t\t<div class=\"elementor-widget-container\">\n\t\t\t\t\t<h3 class=\"elementor-heading-title elementor-size-default\">Domaines principaux<\/h3>\t\t\t\t<\/div>\n\t\t\t\t<\/div>\n\t\t\t\t<\/div>\n\t\t\t\t\t<\/div>\n\t\t\t\t<\/div>\n\t\t<div class=\"elementor-element elementor-element-a913a4f bloc-jaune e-flex e-con-boxed e-con e-parent\" data-id=\"a913a4f\" data-element_type=\"container\" data-settings=\"{&quot;background_background&quot;:&quot;classic&quot;}\">\n\t\t\t\t\t<div class=\"e-con-inner\">\n\t\t<div class=\"elementor-element elementor-element-2aa63b2 e-con-full e-flex e-con e-child\" data-id=\"2aa63b2\" data-element_type=\"container\">\n\t\t<div class=\"elementor-element elementor-element-ffddacb e-con-full e-flex e-con e-child\" data-id=\"ffddacb\" data-element_type=\"container\" data-settings=\"{&quot;background_background&quot;:&quot;classic&quot;}\">\n\t\t\t\t<div class=\"elementor-element elementor-element-3b6a8e6 elementor-position-top elementor-widget elementor-widget-image-box\" data-id=\"3b6a8e6\" data-element_type=\"widget\" data-widget_type=\"image-box.default\">\n\t\t\t\t<div class=\"elementor-widget-container\">\n\t\t\t\t\t<div class=\"elementor-image-box-wrapper\"><figure class=\"elementor-image-box-img\"><a href=\"\/fr\/ia-de-confiance\/\" tabindex=\"-1\"><img decoding=\"async\" width=\"76\" height=\"101\" src=\"https:\/\/www.crim.ca\/wp-content\/uploads\/2025\/06\/IA-icon.svg\" class=\"attachment-full size-full wp-image-26376\" alt=\"\" \/><\/a><\/figure><div class=\"elementor-image-box-content\"><h3 class=\"elementor-image-box-title\"><a href=\"\/fr\/ia-de-confiance\/\">Intelligence artificielle de confiance<\/a><\/h3><\/div><\/div>\t\t\t\t<\/div>\n\t\t\t\t<\/div>\n\t\t\t\t<\/div>\n\t\t<div class=\"elementor-element elementor-element-d3e8fc1 e-con-full e-flex e-con e-child\" data-id=\"d3e8fc1\" data-element_type=\"container\" data-settings=\"{&quot;background_background&quot;:&quot;classic&quot;}\">\n\t\t\t\t<div class=\"elementor-element elementor-element-cc309d6 elementor-position-top elementor-widget elementor-widget-image-box\" data-id=\"cc309d6\" data-element_type=\"widget\" data-widget_type=\"image-box.default\">\n\t\t\t\t<div class=\"elementor-widget-container\">\n\t\t\t\t\t<div class=\"elementor-image-box-wrapper\"><figure class=\"elementor-image-box-img\"><a href=\"\/fr\/machine-learning\/\" tabindex=\"-1\"><img decoding=\"async\" width=\"114\" height=\"106\" src=\"https:\/\/www.crim.ca\/wp-content\/uploads\/2025\/06\/apprentissage-auto-icon-copy-6.svg\" class=\"attachment-full size-full wp-image-26370\" alt=\"\" \/><\/a><\/figure><div class=\"elementor-image-box-content\"><h3 class=\"elementor-image-box-title\"><a href=\"\/fr\/machine-learning\/\">Apprentissage automatique (machine learning)<\/a><\/h3><\/div><\/div>\t\t\t\t<\/div>\n\t\t\t\t<\/div>\n\t\t\t\t<\/div>\n\t\t<div class=\"elementor-element elementor-element-02fddd5 e-con-full e-flex e-con e-child\" data-id=\"02fddd5\" data-element_type=\"container\" data-settings=\"{&quot;background_background&quot;:&quot;classic&quot;}\">\n\t\t\t\t<div class=\"elementor-element elementor-element-8d02850 elementor-position-top elementor-widget elementor-widget-image-box\" data-id=\"8d02850\" data-element_type=\"widget\" data-widget_type=\"image-box.default\">\n\t\t\t\t<div class=\"elementor-widget-container\">\n\t\t\t\t\t<div class=\"elementor-image-box-wrapper\"><figure class=\"elementor-image-box-img\"><a href=\"\/fr\/science-des-donnees\/\" tabindex=\"-1\"><img decoding=\"async\" width=\"112\" height=\"112\" src=\"https:\/\/www.crim.ca\/wp-content\/uploads\/2025\/06\/science-des-donnees.svg\" class=\"attachment-full size-full wp-image-26392\" alt=\"\" \/><\/a><\/figure><div class=\"elementor-image-box-content\"><h3 class=\"elementor-image-box-title\"><a href=\"\/fr\/science-des-donnees\/\">Science des donn\u00e9es<\/a><\/h3><\/div><\/div>\t\t\t\t<\/div>\n\t\t\t\t<\/div>\n\t\t\t\t<\/div>\n\t\t<div class=\"elementor-element elementor-element-d40d969 e-con-full e-flex e-con e-child\" data-id=\"d40d969\" data-element_type=\"container\" data-settings=\"{&quot;background_background&quot;:&quot;classic&quot;}\">\n\t\t\t\t<div class=\"elementor-element elementor-element-cb6625d elementor-position-top elementor-widget elementor-widget-image-box\" data-id=\"cb6625d\" data-element_type=\"widget\" data-widget_type=\"image-box.default\">\n\t\t\t\t<div class=\"elementor-widget-container\">\n\t\t\t\t\t<div class=\"elementor-image-box-wrapper\"><figure class=\"elementor-image-box-img\"><a href=\"\/fr\/desinformation\/\" tabindex=\"-1\"><img loading=\"lazy\" decoding=\"async\" width=\"107\" height=\"107\" src=\"https:\/\/www.crim.ca\/wp-content\/uploads\/2025\/06\/verification-des-faits.svg\" class=\"attachment-full size-full wp-image-26394\" alt=\"\" \/><\/a><\/figure><div class=\"elementor-image-box-content\"><h3 class=\"elementor-image-box-title\"><a href=\"\/fr\/desinformation\/\">Lutte contre la d\u00e9sinformation<\/a><\/h3><\/div><\/div>\t\t\t\t<\/div>\n\t\t\t\t<\/div>\n\t\t\t\t<\/div>\n\t\t<div class=\"elementor-element elementor-element-dc3cfaf e-con-full e-flex e-con e-child\" data-id=\"dc3cfaf\" data-element_type=\"container\" data-settings=\"{&quot;background_background&quot;:&quot;classic&quot;}\">\n\t\t\t\t<div class=\"elementor-element elementor-element-f48d8b8 elementor-position-top elementor-widget elementor-widget-image-box\" data-id=\"f48d8b8\" data-element_type=\"widget\" data-widget_type=\"image-box.default\">\n\t\t\t\t<div class=\"elementor-widget-container\">\n\t\t\t\t\t<div class=\"elementor-image-box-wrapper\"><figure class=\"elementor-image-box-img\"><a href=\"\/fr\/architecture-logicielle\" tabindex=\"-1\"><img loading=\"lazy\" decoding=\"async\" width=\"88\" height=\"88\" src=\"https:\/\/www.crim.ca\/wp-content\/uploads\/2025\/06\/architecture.svg\" class=\"attachment-full size-full wp-image-26372\" alt=\"\" \/><\/a><\/figure><div class=\"elementor-image-box-content\"><h3 class=\"elementor-image-box-title\"><a href=\"\/fr\/architecture-logicielle\">Architecture logicielle<\/a><\/h3><\/div><\/div>\t\t\t\t<\/div>\n\t\t\t\t<\/div>\n\t\t\t\t<\/div>\n\t\t\t\t<\/div>\n\t\t\t\t\t<\/div>\n\t\t\t\t<\/div>\n\t\t\t\t<\/div>\n\t\t","protected":false},"excerpt":{"rendered":"<p>Des expertises strat\u00e9giques en IA, science des donn\u00e9es et R&amp;D Nos expertises couvrent l\u2019ensemble du spectre de la R-D en IA appliqu\u00e9e, avec une capacit\u00e9 unique \u00e0 conjuguer d\u00e9veloppement exp\u00e9rimental, science des donn\u00e9es et accompagnement technologique. Nous d\u00e9risquons les projets complexes, structurons les d\u00e9fis technologiques et b\u00e2tissons des solutions adapt\u00e9es \u00e0 vos enjeux concrets. Chaque [&hellip;]<\/p>\n","protected":false},"author":34,"featured_media":14435,"parent":0,"menu_order":0,"comment_status":"closed","ping_status":"closed","template":"","meta":{"_acf_changed":false,"footnotes":"","_links_to":"","_links_to_target":""},"class_list":["post-26588","page","type-page","status-publish","has-post-thumbnail","hentry"],"acf":[],"_links":{"self":[{"href":"https:\/\/www.crim.ca\/fr\/wp-json\/wp\/v2\/pages\/26588","targetHints":{"allow":["GET"]}}],"collection":[{"href":"https:\/\/www.crim.ca\/fr\/wp-json\/wp\/v2\/pages"}],"about":[{"href":"https:\/\/www.crim.ca\/fr\/wp-json\/wp\/v2\/types\/page"}],"author":[{"embeddable":true,"href":"https:\/\/www.crim.ca\/fr\/wp-json\/wp\/v2\/users\/34"}],"replies":[{"embeddable":true,"href":"https:\/\/www.crim.ca\/fr\/wp-json\/wp\/v2\/comments?post=26588"}],"version-history":[{"count":13,"href":"https:\/\/www.crim.ca\/fr\/wp-json\/wp\/v2\/pages\/26588\/revisions"}],"predecessor-version":[{"id":26989,"href":"https:\/\/www.crim.ca\/fr\/wp-json\/wp\/v2\/pages\/26588\/revisions\/26989"}],"wp:featuredmedia":[{"embeddable":true,"href":"https:\/\/www.crim.ca\/fr\/wp-json\/wp\/v2\/media\/14435"}],"wp:attachment":[{"href":"https:\/\/www.crim.ca\/fr\/wp-json\/wp\/v2\/media?parent=26588"}],"curies":[{"name":"wp","href":"https:\/\/api.w.org\/{rel}","templated":true}]}}