{"id":26619,"date":"2025-06-09T14:17:53","date_gmt":"2025-06-09T18:17:53","guid":{"rendered":"https:\/\/www.crim.ca\/?page_id=26619"},"modified":"2025-06-09T14:18:29","modified_gmt":"2025-06-09T18:18:29","slug":"machine-learning","status":"publish","type":"page","link":"https:\/\/www.crim.ca\/fr\/machine-learning\/","title":{"rendered":"Machine Learning"},"content":{"rendered":"\t\t<div data-elementor-type=\"wp-page\" data-elementor-id=\"26619\" class=\"elementor elementor-26619\" data-elementor-post-type=\"page\">\n\t\t\t\t<div class=\"elementor-element elementor-element-a661c57 e-flex e-con-boxed e-con e-parent\" data-id=\"a661c57\" data-element_type=\"container\">\n\t\t\t\t\t<div class=\"e-con-inner\">\n\t\t<div class=\"elementor-element elementor-element-f7a479c e-con-full e-flex e-con e-child\" data-id=\"f7a479c\" data-element_type=\"container\">\n\t\t\t\t<div class=\"elementor-element elementor-element-87a17f9 h2-tiret-gauche h2-tiret-gauche-orange elementor-widget elementor-widget-heading\" data-id=\"87a17f9\" data-element_type=\"widget\" data-widget_type=\"heading.default\">\n\t\t\t\t<div class=\"elementor-widget-container\">\n\t\t\t\t\t<h2 class=\"elementor-heading-title elementor-size-default\">Apprentissage automatique<\/h2>\t\t\t\t<\/div>\n\t\t\t\t<\/div>\n\t\t\t\t<div class=\"elementor-element elementor-element-ac9956e wpman-list titre-h3-marge elementor-widget elementor-widget-text-editor\" data-id=\"ac9956e\" data-element_type=\"widget\" data-widget_type=\"text-editor.default\">\n\t\t\t\t<div class=\"elementor-widget-container\">\n\t\t\t\t\t\t\t\t\t<h3>Des algorithmes sur mesure pour des donn\u00e9es r\u00e9elles<\/h3><p>L\u2019apprentissage automatique (ou machine learning) est une m\u00e9thode cl\u00e9 de l\u2019intelligence artificielle. Elle consiste \u00e0 d\u00e9velopper des algorithmes capables d\u2019apprendre \u00e0 ex\u00e9cuter des t\u00e2ches sans \u00eatre explicitement programm\u00e9s.<\/p><p>En absorbant un large volume de donn\u00e9es, ces mod\u00e8les s\u2019ajustent progressivement pour am\u00e9liorer leurs performances.<\/p><p>Au CRIM, nous concevons des mod\u00e8les d\u2019apprentissage supervis\u00e9, non supervis\u00e9 et par renforcement, entra\u00een\u00e9s sur des donn\u00e9es concr\u00e8tes \u2014 souvent h\u00e9t\u00e9rog\u00e8nes ou incompl\u00e8tes.<\/p><p>Gr\u00e2ce \u00e0 notre expertise en traitement, enrichissement et structuration des donn\u00e9es, nous aidons les entreprises \u00e0 tirer pleinement parti de leurs actifs num\u00e9riques<\/p>\t\t\t\t\t\t\t\t<\/div>\n\t\t\t\t<\/div>\n\t\t\t\t<\/div>\n\t\t\t\t\t<\/div>\n\t\t\t\t<\/div>\n\t\t<div class=\"elementor-element elementor-element-e05dff7 e-flex e-con-boxed e-con e-parent\" data-id=\"e05dff7\" data-element_type=\"container\">\n\t\t\t\t\t<div class=\"e-con-inner\">\n\t\t<div class=\"elementor-element elementor-element-0508a69 e-con-full e-flex e-con e-child\" data-id=\"0508a69\" data-element_type=\"container\">\n\t\t\t\t<div class=\"elementor-element elementor-element-debf9da h2-tiret-gauche h2-tiret-gauche-orange elementor-widget elementor-widget-heading\" data-id=\"debf9da\" data-element_type=\"widget\" data-widget_type=\"heading.default\">\n\t\t\t\t<div class=\"elementor-widget-container\">\n\t\t\t\t\t<h2 class=\"elementor-heading-title elementor-size-default\">Nos solutions<\/h2>\t\t\t\t<\/div>\n\t\t\t\t<\/div>\n\t\t\t\t<div class=\"elementor-element elementor-element-07b00aa wpman-list elementor-widget elementor-widget-text-editor\" data-id=\"07b00aa\" data-element_type=\"widget\" data-widget_type=\"text-editor.default\">\n\t\t\t\t<div class=\"elementor-widget-container\">\n\t\t\t\t\t\t\t\t\t<p>Nos solutions permettent d\u2019automatiser des processus, de pr\u00e9dire des comportements, de segmenter des populations ou encore de recommander des actions avec pr\u00e9cision.<\/p><p>Chaque mod\u00e8le est con\u00e7u sur mesure, en tenant compte des contraintes sp\u00e9cifiques de chaque projet, pour garantir des r\u00e9sultats fiables, utiles et adapt\u00e9s aux besoins r\u00e9els.<\/p>\t\t\t\t\t\t\t\t<\/div>\n\t\t\t\t<\/div>\n\t\t\t\t<\/div>\n\t\t\t\t\t<\/div>\n\t\t\t\t<\/div>\n\t\t\t\t<\/div>\n\t\t","protected":false},"excerpt":{"rendered":"<p>Apprentissage automatique Des algorithmes sur mesure pour des donn\u00e9es r\u00e9elles L\u2019apprentissage automatique (ou machine learning) est une m\u00e9thode cl\u00e9 de l\u2019intelligence artificielle. Elle consiste \u00e0 d\u00e9velopper des algorithmes capables d\u2019apprendre \u00e0 ex\u00e9cuter des t\u00e2ches sans \u00eatre explicitement programm\u00e9s. En absorbant un large volume de donn\u00e9es, ces mod\u00e8les s\u2019ajustent progressivement pour am\u00e9liorer leurs performances. Au CRIM, [&hellip;]<\/p>\n","protected":false},"author":34,"featured_media":14435,"parent":0,"menu_order":0,"comment_status":"closed","ping_status":"closed","template":"","meta":{"_acf_changed":false,"footnotes":"","_links_to":"","_links_to_target":""},"class_list":["post-26619","page","type-page","status-publish","has-post-thumbnail","hentry"],"acf":[],"_links":{"self":[{"href":"https:\/\/www.crim.ca\/fr\/wp-json\/wp\/v2\/pages\/26619","targetHints":{"allow":["GET"]}}],"collection":[{"href":"https:\/\/www.crim.ca\/fr\/wp-json\/wp\/v2\/pages"}],"about":[{"href":"https:\/\/www.crim.ca\/fr\/wp-json\/wp\/v2\/types\/page"}],"author":[{"embeddable":true,"href":"https:\/\/www.crim.ca\/fr\/wp-json\/wp\/v2\/users\/34"}],"replies":[{"embeddable":true,"href":"https:\/\/www.crim.ca\/fr\/wp-json\/wp\/v2\/comments?post=26619"}],"version-history":[{"count":4,"href":"https:\/\/www.crim.ca\/fr\/wp-json\/wp\/v2\/pages\/26619\/revisions"}],"predecessor-version":[{"id":26624,"href":"https:\/\/www.crim.ca\/fr\/wp-json\/wp\/v2\/pages\/26619\/revisions\/26624"}],"wp:featuredmedia":[{"embeddable":true,"href":"https:\/\/www.crim.ca\/fr\/wp-json\/wp\/v2\/media\/14435"}],"wp:attachment":[{"href":"https:\/\/www.crim.ca\/fr\/wp-json\/wp\/v2\/media?parent=26619"}],"curies":[{"name":"wp","href":"https:\/\/api.w.org\/{rel}","templated":true}]}}