{"id":26634,"date":"2025-06-09T14:25:18","date_gmt":"2025-06-09T18:25:18","guid":{"rendered":"https:\/\/www.crim.ca\/?page_id=26634"},"modified":"2025-06-09T14:25:55","modified_gmt":"2025-06-09T18:25:55","slug":"expertises-de-lequipe-scientifique","status":"publish","type":"page","link":"https:\/\/www.crim.ca\/fr\/expertises-de-lequipe-scientifique\/","title":{"rendered":"Expertises de l\u2019\u00e9quipe scientifique"},"content":{"rendered":"\t\t<div data-elementor-type=\"wp-page\" data-elementor-id=\"26634\" class=\"elementor elementor-26634\" data-elementor-post-type=\"page\">\n\t\t\t\t<div class=\"elementor-element elementor-element-74c7496 e-flex e-con-boxed e-con e-parent\" data-id=\"74c7496\" data-element_type=\"container\">\n\t\t\t\t\t<div class=\"e-con-inner\">\n\t\t<div class=\"elementor-element elementor-element-3527568 e-con-full e-flex e-con e-child\" data-id=\"3527568\" data-element_type=\"container\">\n\t\t\t\t<div class=\"elementor-element elementor-element-75f39a5 h2-tiret-gauche h2-tiret-gauche-orange elementor-widget elementor-widget-heading\" data-id=\"75f39a5\" data-element_type=\"widget\" data-widget_type=\"heading.default\">\n\t\t\t\t<div class=\"elementor-widget-container\">\n\t\t\t\t\t<h2 class=\"elementor-heading-title elementor-size-default\">Une force multidisciplinaire au service de l\u2019innovation<\/h2>\t\t\t\t<\/div>\n\t\t\t\t<\/div>\n\t\t\t\t<div class=\"elementor-element elementor-element-7a23f8d wpman-list elementor-widget elementor-widget-text-editor\" data-id=\"7a23f8d\" data-element_type=\"widget\" data-widget_type=\"text-editor.default\">\n\t\t\t\t<div class=\"elementor-widget-container\">\n\t\t\t\t\t\t\t\t\t<p>L\u2019\u00e9quipe scientifique du CRIM regroupe des chercheurs aux expertises compl\u00e9mentaires, ancr\u00e9es dans la r\u00e9alit\u00e9 des organisations.<\/p><p>Ensemble, ils couvrent un large \u00e9ventail de domaines strat\u00e9giques, incluant :<\/p><ul><li>l\u2019intelligence artificielle (IA)<\/li><li>l\u2019apprentissage automatique (machine learning)<\/li><li>la science des donn\u00e9es<\/li><li>le traitement du langage naturel (NLP)<\/li><li>la vision par ordinateur<\/li><li>le traitement de la parole<\/li><li>les statistiques avanc\u00e9es<\/li><li>la cybers\u00e9curit\u00e9<\/li><li>l\u2019architecture logicielle<\/li><\/ul><p>Cette diversit\u00e9 permet de r\u00e9pondre \u00e0 des probl\u00e9matiques complexes avec des approches int\u00e9gr\u00e9es, rigoureuses et adapt\u00e9es aux besoins du terrain. Les chercheurs sont soutenus par un r\u00e9seau interne de chefs de pratique, garants de la coh\u00e9rence scientifique et du lien entre les expertises techniques et les r\u00e9alit\u00e9s du march\u00e9.<\/p><p>Gr\u00e2ce \u00e0 cette structure, le CRIM renforce la comp\u00e9titivit\u00e9 des organisations, favorise l\u2019adoption responsable des technologies et contribue activement au progr\u00e8s de la soci\u00e9t\u00e9 qu\u00e9b\u00e9coise.<\/p>\t\t\t\t\t\t\t\t<\/div>\n\t\t\t\t<\/div>\n\t\t\t\t<\/div>\n\t\t\t\t\t<\/div>\n\t\t\t\t<\/div>\n\t\t\t\t<\/div>\n\t\t","protected":false},"excerpt":{"rendered":"<p>Une force multidisciplinaire au service de l\u2019innovation L\u2019\u00e9quipe scientifique du CRIM regroupe des chercheurs aux expertises compl\u00e9mentaires, ancr\u00e9es dans la r\u00e9alit\u00e9 des organisations. Ensemble, ils couvrent un large \u00e9ventail de domaines strat\u00e9giques, incluant : l\u2019intelligence artificielle (IA) l\u2019apprentissage automatique (machine learning) la science des donn\u00e9es le traitement du langage naturel (NLP) la vision par ordinateur [&hellip;]<\/p>\n","protected":false},"author":34,"featured_media":14435,"parent":0,"menu_order":0,"comment_status":"closed","ping_status":"closed","template":"","meta":{"_acf_changed":false,"footnotes":"","_links_to":"","_links_to_target":""},"class_list":["post-26634","page","type-page","status-publish","has-post-thumbnail","hentry"],"acf":[],"_links":{"self":[{"href":"https:\/\/www.crim.ca\/fr\/wp-json\/wp\/v2\/pages\/26634","targetHints":{"allow":["GET"]}}],"collection":[{"href":"https:\/\/www.crim.ca\/fr\/wp-json\/wp\/v2\/pages"}],"about":[{"href":"https:\/\/www.crim.ca\/fr\/wp-json\/wp\/v2\/types\/page"}],"author":[{"embeddable":true,"href":"https:\/\/www.crim.ca\/fr\/wp-json\/wp\/v2\/users\/34"}],"replies":[{"embeddable":true,"href":"https:\/\/www.crim.ca\/fr\/wp-json\/wp\/v2\/comments?post=26634"}],"version-history":[{"count":4,"href":"https:\/\/www.crim.ca\/fr\/wp-json\/wp\/v2\/pages\/26634\/revisions"}],"predecessor-version":[{"id":26638,"href":"https:\/\/www.crim.ca\/fr\/wp-json\/wp\/v2\/pages\/26634\/revisions\/26638"}],"wp:featuredmedia":[{"embeddable":true,"href":"https:\/\/www.crim.ca\/fr\/wp-json\/wp\/v2\/media\/14435"}],"wp:attachment":[{"href":"https:\/\/www.crim.ca\/fr\/wp-json\/wp\/v2\/media?parent=26634"}],"curies":[{"name":"wp","href":"https:\/\/api.w.org\/{rel}","templated":true}]}}