{"id":26639,"date":"2025-06-09T14:26:53","date_gmt":"2025-06-09T18:26:53","guid":{"rendered":"https:\/\/www.crim.ca\/?page_id=26639"},"modified":"2026-01-08T14:03:11","modified_gmt":"2026-01-08T19:03:11","slug":"conseil-scientifique","status":"publish","type":"page","link":"https:\/\/www.crim.ca\/fr\/conseil-scientifique\/","title":{"rendered":"Conseil scientifique"},"content":{"rendered":"\t\t<div data-elementor-type=\"wp-page\" data-elementor-id=\"26639\" class=\"elementor elementor-26639\" data-elementor-post-type=\"page\">\n\t\t\t\t<div class=\"elementor-element elementor-element-6bf6ed1 e-flex e-con-boxed e-con e-parent\" data-id=\"6bf6ed1\" data-element_type=\"container\">\n\t\t\t\t\t<div class=\"e-con-inner\">\n\t\t<div class=\"elementor-element elementor-element-4a1904c e-con-full e-flex e-con e-child\" data-id=\"4a1904c\" data-element_type=\"container\">\n\t\t\t\t<div class=\"elementor-element elementor-element-7680383 h2-tiret-gauche h2-tiret-gauche-orange elementor-widget elementor-widget-heading\" data-id=\"7680383\" data-element_type=\"widget\" data-widget_type=\"heading.default\">\n\t\t\t\t<div class=\"elementor-widget-container\">\n\t\t\t\t\t<h2 class=\"elementor-heading-title elementor-size-default\">Une gouvernance strat\u00e9gique de la recherche<\/h2>\t\t\t\t<\/div>\n\t\t\t\t<\/div>\n\t\t\t\t<div class=\"elementor-element elementor-element-08af65e wpman-list liste-crochet elementor-widget elementor-widget-text-editor\" data-id=\"08af65e\" data-element_type=\"widget\" data-widget_type=\"text-editor.default\">\n\t\t\t\t<div class=\"elementor-widget-container\">\n\t\t\t\t\t\t\t\t\t<p>Le conseil scientifique du CRIM joue un r\u00f4le central dans l\u2019orientation, l\u2019\u00e9valuation et la qualit\u00e9 de nos activit\u00e9s de recherche. Il guide nos choix scientifiques, valide nos principes \u00e9thiques et veille \u00e0 la pertinence sociale et \u00e9conomique de nos projets.<\/p><p>Compos\u00e9 de membres internes et d\u2019experts externes reconnus aux niveaux national et international, ce conseil incarne \u00e0 la fois l\u2019excellence acad\u00e9mique et une vision strat\u00e9gique de l\u2019innovation technologique.<\/p><p>En collaboration avec la direction scientifique, il participe \u00e0 la d\u00e9finition des grandes orientations du CRIM et s\u2019assure que nos travaux r\u00e9pondent aux plus hauts standards de rigueur et d\u2019impact.<\/p><p>Chaque ann\u00e9e, le conseil scientifique \u00e9value la qualit\u00e9 et la pertinence de notre programmation scientifique. Il peut recommander ou ent\u00e9riner des ajustements afin de garantir que nos projets demeurent align\u00e9s avec les besoins des milieux preneurs et les enjeux \u00e9mergents de la soci\u00e9t\u00e9.<\/p>\t\t\t\t\t\t\t\t<\/div>\n\t\t\t\t<\/div>\n\t\t\t\t<\/div>\n\t\t\t\t\t<\/div>\n\t\t\t\t<\/div>\n\t\t<div class=\"elementor-element elementor-element-71f482a e-flex e-con-boxed e-con e-parent\" data-id=\"71f482a\" data-element_type=\"container\" data-settings=\"{&quot;background_background&quot;:&quot;classic&quot;}\">\n\t\t\t\t\t<div class=\"e-con-inner\">\n\t\t<div class=\"elementor-element elementor-element-e45cf61 e-con-full e-flex e-con e-child\" data-id=\"e45cf61\" data-element_type=\"container\">\n\t\t\t\t<div class=\"elementor-element elementor-element-99d0a47 h2-tiret-gauche h2-tiret-gauche-orange elementor-widget elementor-widget-heading\" data-id=\"99d0a47\" data-element_type=\"widget\" data-widget_type=\"heading.default\">\n\t\t\t\t<div class=\"elementor-widget-container\">\n\t\t\t\t\t<h2 class=\"elementor-heading-title elementor-size-default\">Conseil scientifique<\/h2>\t\t\t\t<\/div>\n\t\t\t\t<\/div>\n\t\t\t\t<div class=\"elementor-element elementor-element-a6589cb elementor-widget elementor-widget-heading\" data-id=\"a6589cb\" data-element_type=\"widget\" data-widget_type=\"heading.default\">\n\t\t\t\t<div class=\"elementor-widget-container\">\n\t\t\t\t\t<span class=\"elementor-heading-title elementor-size-default\">Moulay Akhloufi, Ph. D.<\/span>\t\t\t\t<\/div>\n\t\t\t\t<\/div>\n\t\t\t\t<div class=\"elementor-element elementor-element-47df4bb elementor-widget elementor-widget-heading\" data-id=\"47df4bb\" data-element_type=\"widget\" data-widget_type=\"heading.default\">\n\t\t\t\t<div class=\"elementor-widget-container\">\n\t\t\t\t\t<span class=\"elementor-heading-title elementor-size-default\">Professeur, D\u00e9partement d\u2019informatique, Universit\u00e9 de Moncton, Nouveau-Brunswick, Pr\u00e9sident du Conseil scientifique<\/span>\t\t\t\t<\/div>\n\t\t\t\t<\/div>\n\t\t\t\t<div class=\"elementor-element elementor-element-756d241 elementor-widget elementor-widget-heading\" data-id=\"756d241\" data-element_type=\"widget\" data-widget_type=\"heading.default\">\n\t\t\t\t<div class=\"elementor-widget-container\">\n\t\t\t\t\t<span class=\"elementor-heading-title elementor-size-default\">Jean-Fran\u00e7ois Bonastre, Ph. D.<\/span>\t\t\t\t<\/div>\n\t\t\t\t<\/div>\n\t\t\t\t<div class=\"elementor-element elementor-element-512e313 elementor-widget elementor-widget-heading\" data-id=\"512e313\" data-element_type=\"widget\" data-widget_type=\"heading.default\">\n\t\t\t\t<div class=\"elementor-widget-container\">\n\t\t\t\t\t<span class=\"elementor-heading-title elementor-size-default\">Directeur de recherche, AMIAD \u2013 P\u00f4le recherche de Palaiseau, Professeur associ\u00e9 au LIA, Avignon Universit\u00e9, France<\/span>\t\t\t\t<\/div>\n\t\t\t\t<\/div>\n\t\t\t\t<div class=\"elementor-element elementor-element-ae9ebee elementor-widget elementor-widget-heading\" data-id=\"ae9ebee\" data-element_type=\"widget\" data-widget_type=\"heading.default\">\n\t\t\t\t<div class=\"elementor-widget-container\">\n\t\t\t\t\t<span class=\"elementor-heading-title elementor-size-default\">Jean-Christophe Deprez<\/span>\t\t\t\t<\/div>\n\t\t\t\t<\/div>\n\t\t\t\t<div data-dce-title-color=\"#1E1E1E\" class=\"elementor-element elementor-element-f9ad9a6 elementor-widget elementor-widget-heading\" data-id=\"f9ad9a6\" data-element_type=\"widget\" data-widget_type=\"heading.default\">\n\t\t\t\t<div class=\"elementor-widget-container\">\n\t\t\t\t\t<span class=\"elementor-heading-title elementor-size-default\">Directeur de la Recherche et de l\u2019Innovation, Centre d\u2019excellence en Technologies de l\u2019Information et de la Communication (CETIC)\nBelgique\n<\/span>\t\t\t\t<\/div>\n\t\t\t\t<\/div>\n\t\t\t\t<div class=\"elementor-element elementor-element-0ac06b6 elementor-widget elementor-widget-heading\" data-id=\"0ac06b6\" data-element_type=\"widget\" data-widget_type=\"heading.default\">\n\t\t\t\t<div class=\"elementor-widget-container\">\n\t\t\t\t\t<span class=\"elementor-heading-title elementor-size-default\">S\u00e9bastien Desroches, MBA<\/span>\t\t\t\t<\/div>\n\t\t\t\t<\/div>\n\t\t\t\t<div data-dce-title-color=\"#1E1E1E\" class=\"elementor-element elementor-element-e8a6bac elementor-widget elementor-widget-heading\" data-id=\"e8a6bac\" data-element_type=\"widget\" data-widget_type=\"heading.default\">\n\t\t\t\t<div class=\"elementor-widget-container\">\n\t\t\t\t\t<span class=\"elementor-heading-title elementor-size-default\">Directeur principal \u2013 Services mondiaux en incitatifs \u00e0 l\u2019innovation et \u00e0 l\u2019investissement, Deloitte Canada, Montr\u00e9al<\/span>\t\t\t\t<\/div>\n\t\t\t\t<\/div>\n\t\t\t\t<div class=\"elementor-element elementor-element-6cb6b69 elementor-widget elementor-widget-heading\" data-id=\"6cb6b69\" data-element_type=\"widget\" data-widget_type=\"heading.default\">\n\t\t\t\t<div class=\"elementor-widget-container\">\n\t\t\t\t\t<span class=\"elementor-heading-title elementor-size-default\">Anthony Larcher<\/span>\t\t\t\t<\/div>\n\t\t\t\t<\/div>\n\t\t\t\t<div data-dce-title-color=\"#1E1E1E\" class=\"elementor-element elementor-element-24ca842 elementor-widget elementor-widget-heading\" data-id=\"24ca842\" data-element_type=\"widget\" data-widget_type=\"heading.default\">\n\t\t\t\t<div class=\"elementor-widget-container\">\n\t\t\t\t\t<span class=\"elementor-heading-title elementor-size-default\">Directeur de l\u2019Institut Informatique Claude Chappe, Coordinateur du projet H2020 MSCA RISE Esperanto, Le Mans Universit\u00e9, France\n<\/span>\t\t\t\t<\/div>\n\t\t\t\t<\/div>\n\t\t\t\t<div class=\"elementor-element elementor-element-c4dd0f5 elementor-widget elementor-widget-heading\" data-id=\"c4dd0f5\" data-element_type=\"widget\" data-widget_type=\"heading.default\">\n\t\t\t\t<div class=\"elementor-widget-container\">\n\t\t\t\t\t<span class=\"elementor-heading-title elementor-size-default\">Dominic Picard, MBA<\/span>\t\t\t\t<\/div>\n\t\t\t\t<\/div>\n\t\t\t\t<div data-dce-title-color=\"#1E1E1E\" class=\"elementor-element elementor-element-b556d8c elementor-widget elementor-widget-heading\" data-id=\"b556d8c\" data-element_type=\"widget\" data-widget_type=\"heading.default\">\n\t\t\t\t<div class=\"elementor-widget-container\">\n\t\t\t\t\t<span class=\"elementor-heading-title elementor-size-default\">Directeur principal, Services incitatifs fiscaux, KPMG S.E.N.C.R.L, Montr\u00e9al<\/span>\t\t\t\t<\/div>\n\t\t\t\t<\/div>\n\t\t\t\t<\/div>\n\t\t\t\t\t<\/div>\n\t\t\t\t<\/div>\n\t\t\t\t<\/div>\n\t\t","protected":false},"excerpt":{"rendered":"<p>Une gouvernance strat\u00e9gique de la recherche Le conseil scientifique du CRIM joue un r\u00f4le central dans l\u2019orientation, l\u2019\u00e9valuation et la qualit\u00e9 de nos activit\u00e9s de recherche. Il guide nos choix scientifiques, valide nos principes \u00e9thiques et veille \u00e0 la pertinence sociale et \u00e9conomique de nos projets. Compos\u00e9 de membres internes et d\u2019experts externes reconnus aux [&hellip;]<\/p>\n","protected":false},"author":34,"featured_media":14435,"parent":0,"menu_order":0,"comment_status":"closed","ping_status":"closed","template":"","meta":{"_acf_changed":false,"footnotes":"","_links_to":"","_links_to_target":""},"class_list":["post-26639","page","type-page","status-publish","has-post-thumbnail","hentry"],"acf":[],"_links":{"self":[{"href":"https:\/\/www.crim.ca\/fr\/wp-json\/wp\/v2\/pages\/26639","targetHints":{"allow":["GET"]}}],"collection":[{"href":"https:\/\/www.crim.ca\/fr\/wp-json\/wp\/v2\/pages"}],"about":[{"href":"https:\/\/www.crim.ca\/fr\/wp-json\/wp\/v2\/types\/page"}],"author":[{"embeddable":true,"href":"https:\/\/www.crim.ca\/fr\/wp-json\/wp\/v2\/users\/34"}],"replies":[{"embeddable":true,"href":"https:\/\/www.crim.ca\/fr\/wp-json\/wp\/v2\/comments?post=26639"}],"version-history":[{"count":7,"href":"https:\/\/www.crim.ca\/fr\/wp-json\/wp\/v2\/pages\/26639\/revisions"}],"predecessor-version":[{"id":28313,"href":"https:\/\/www.crim.ca\/fr\/wp-json\/wp\/v2\/pages\/26639\/revisions\/28313"}],"wp:featuredmedia":[{"embeddable":true,"href":"https:\/\/www.crim.ca\/fr\/wp-json\/wp\/v2\/media\/14435"}],"wp:attachment":[{"href":"https:\/\/www.crim.ca\/fr\/wp-json\/wp\/v2\/media?parent=26639"}],"curies":[{"name":"wp","href":"https:\/\/api.w.org\/{rel}","templated":true}]}}