{"id":26644,"date":"2025-06-09T14:28:14","date_gmt":"2025-06-09T18:28:14","guid":{"rendered":"https:\/\/www.crim.ca\/?page_id=26644"},"modified":"2025-10-23T15:46:05","modified_gmt":"2025-10-23T19:46:05","slug":"projets-internes","status":"publish","type":"page","link":"https:\/\/www.crim.ca\/fr\/projets-internes\/","title":{"rendered":"Projets internes"},"content":{"rendered":"\t\t<div data-elementor-type=\"wp-page\" data-elementor-id=\"26644\" class=\"elementor elementor-26644\" data-elementor-post-type=\"page\">\n\t\t\t\t<div class=\"elementor-element elementor-element-50d91b4 e-flex e-con-boxed e-con e-parent\" data-id=\"50d91b4\" data-element_type=\"container\">\n\t\t\t\t\t<div class=\"e-con-inner\">\n\t\t<div class=\"elementor-element elementor-element-1a8c92a e-con-full e-flex e-con e-child\" data-id=\"1a8c92a\" data-element_type=\"container\">\n\t\t\t\t<div class=\"elementor-element elementor-element-240007a h2-tiret-gauche h2-tiret-gauche-orange elementor-widget elementor-widget-heading\" data-id=\"240007a\" data-element_type=\"widget\" data-widget_type=\"heading.default\">\n\t\t\t\t<div class=\"elementor-widget-container\">\n\t\t\t\t\t<h2 class=\"elementor-heading-title elementor-size-default\">Innover, exp\u00e9rimenter, transmettre<\/h2>\t\t\t\t<\/div>\n\t\t\t\t<\/div>\n\t\t\t\t<div class=\"elementor-element elementor-element-7b9335a wpman-list elementor-widget elementor-widget-text-editor\" data-id=\"7b9335a\" data-element_type=\"widget\" data-widget_type=\"text-editor.default\">\n\t\t\t\t<div class=\"elementor-widget-container\">\n\t\t\t\t\t\t\t\t\t<p>Les projets internes du CRIM incarnent une recherche proactive et exploratoire. Ils permettent \u00e0 nos \u00e9quipes de tester des technologies \u00e9mergentes, de structurer des d\u00e9monstrateurs, de perfectionner leur expertise et de pr\u00e9parer l\u2019avenir.<\/p><p>Ces initiatives donnent naissance \u00e0 des prototypes, des outils open source ou des projets de transfert de connaissances qui enrichissent l\u2019ensemble de notre \u00e9cosyst\u00e8me.<\/p>\t\t\t\t\t\t\t\t<\/div>\n\t\t\t\t<\/div>\n\t\t\t\t<\/div>\n\t\t\t\t\t<\/div>\n\t\t\t\t<\/div>\n\t\t<div class=\"elementor-element elementor-element-21ce874 e-flex e-con-boxed e-con e-parent\" data-id=\"21ce874\" data-element_type=\"container\">\n\t\t\t\t\t<div class=\"e-con-inner\">\n\t\t<div class=\"elementor-element elementor-element-4c31a04 e-con-full e-flex e-con e-child\" data-id=\"4c31a04\" data-element_type=\"container\">\n\t\t\t\t<div class=\"elementor-element elementor-element-dc1bc0b h2-tiret-gauche h2-tiret-gauche-orange elementor-widget elementor-widget-heading\" data-id=\"dc1bc0b\" data-element_type=\"widget\" data-widget_type=\"heading.default\">\n\t\t\t\t<div class=\"elementor-widget-container\">\n\t\t\t\t\t<h2 class=\"elementor-heading-title elementor-size-default\">Un terrain d\u2019exp\u00e9rimentation vivant<\/h2>\t\t\t\t<\/div>\n\t\t\t\t<\/div>\n\t\t\t\t<div class=\"elementor-element elementor-element-e46bd7e wpman-list elementor-widget elementor-widget-text-editor\" data-id=\"e46bd7e\" data-element_type=\"widget\" data-widget_type=\"text-editor.default\">\n\t\t\t\t<div class=\"elementor-widget-container\">\n\t\t\t\t\t\t\t\t\t<p>Parmi ces projets, les projets patrimoines occupent une place particuli\u00e8re. Pr\u00e9sent\u00e9s lors d\u2019\u00e9v\u00e9nements exclusifs, ils mettent en valeur la m\u00e9moire et l\u2019histoire technologique tout en servant de laboratoire d\u2019exp\u00e9rimentation pour nos chercheurs.<\/p><p>Bien plus que des vitrines historiques, ils permettent de :<\/p><ul><li>d\u00e9couvrir de nouvelles approches,<\/li><li>tester des technologies de pointe,<\/li><li>contribuer activement \u00e0 la recherche scientifique au Qu\u00e9bec,<\/li><li>rester \u00e0 l\u2019\u00e9coute des besoins concrets des entreprises et organisations.<\/li><li>Des objectifs clairs et structurants<\/li><\/ul><p>Les projets internes poursuivent des objectifs strat\u00e9giques :<\/p><ul><li>Le d\u00e9veloppement de comp\u00e9tences<\/li><li>Le rayonnement scientifique<\/li><li>Le d\u00e9veloppement des affaires<\/li><li>L\u2019excellence op\u00e9rationnelle<\/li><\/ul><p>Chaque projet est \u00e9valu\u00e9 par un comit\u00e9 et doit produire des livrables.<\/p>\t\t\t\t\t\t\t\t<\/div>\n\t\t\t\t<\/div>\n\t\t\t\t<\/div>\n\t\t\t\t\t<\/div>\n\t\t\t\t<\/div>\n\t\t<div class=\"elementor-element elementor-element-521bc41 e-flex e-con-boxed e-con e-parent\" data-id=\"521bc41\" data-element_type=\"container\">\n\t\t\t\t\t<div class=\"e-con-inner\">\n\t\t<div class=\"elementor-element elementor-element-1abd939 e-con-full e-flex e-con e-child\" data-id=\"1abd939\" data-element_type=\"container\">\n\t\t\t\t<div class=\"elementor-element elementor-element-d42fef7 h2-tiret-gauche h2-tiret-gauche-orange elementor-widget elementor-widget-heading\" data-id=\"d42fef7\" data-element_type=\"widget\" data-widget_type=\"heading.default\">\n\t\t\t\t<div class=\"elementor-widget-container\">\n\t\t\t\t\t<h2 class=\"elementor-heading-title elementor-size-default\">L\u2019innovation de l\u2019int\u00e9rieur<\/h2>\t\t\t\t<\/div>\n\t\t\t\t<\/div>\n\t\t\t\t<div class=\"elementor-element elementor-element-76ebe59 wpman-list elementor-widget elementor-widget-text-editor\" data-id=\"76ebe59\" data-element_type=\"widget\" data-widget_type=\"text-editor.default\">\n\t\t\t\t<div class=\"elementor-widget-container\">\n\t\t\t\t\t\t\t\t\t<p>Ces projets offrent une occasion unique de plonger au c\u0153ur du CRIM, de rencontrer les experts qui les portent et de comprendre comment la recherche appliqu\u00e9e peut nourrir l\u2019innovation, la m\u00e9moire technologique et le d\u00e9veloppement collectif.<\/p>\t\t\t\t\t\t\t\t<\/div>\n\t\t\t\t<\/div>\n\t\t\t\t<div class=\"elementor-element elementor-element-4c212f1 elementor-widget elementor-widget-button\" data-id=\"4c212f1\" data-element_type=\"widget\" data-widget_type=\"button.default\">\n\t\t\t\t<div class=\"elementor-widget-container\">\n\t\t\t\t\t\t\t\t\t<div class=\"elementor-button-wrapper\">\n\t\t\t\t\t<a class=\"elementor-button elementor-button-link elementor-size-sm\" href=\"\/fr\/projets-realises\/\">\n\t\t\t\t\t\t<span class=\"elementor-button-content-wrapper\">\n\t\t\t\t\t\t\t\t\t<span class=\"elementor-button-text\">Voir les projets r\u00e9alis\u00e9s<\/span>\n\t\t\t\t\t<\/span>\n\t\t\t\t\t<\/a>\n\t\t\t\t<\/div>\n\t\t\t\t\t\t\t\t<\/div>\n\t\t\t\t<\/div>\n\t\t\t\t<\/div>\n\t\t\t\t\t<\/div>\n\t\t\t\t<\/div>\n\t\t<div class=\"elementor-element elementor-element-e535860 e-flex e-con-boxed e-con e-parent\" data-id=\"e535860\" data-element_type=\"container\">\n\t\t\t\t\t<div class=\"e-con-inner\">\n\t\t<div class=\"elementor-element elementor-element-a39a83c e-con-full e-flex e-con e-child\" data-id=\"a39a83c\" data-element_type=\"container\">\n\t\t\t\t<div class=\"elementor-element elementor-element-ca88dd1 h2-tiret-gauche h2-tiret-gauche-orange elementor-widget elementor-widget-heading\" data-id=\"ca88dd1\" data-element_type=\"widget\" data-widget_type=\"heading.default\">\n\t\t\t\t<div class=\"elementor-widget-container\">\n\t\t\t\t\t<h2 class=\"elementor-heading-title elementor-size-default\">Rencontrez les humains derri\u00e8re nos projets internes<\/h2>\t\t\t\t<\/div>\n\t\t\t\t<\/div>\n\t\t\t\t<div class=\"elementor-element elementor-element-cdf40b4 wpman-list elementor-widget elementor-widget-text-editor\" data-id=\"cdf40b4\" data-element_type=\"widget\" data-widget_type=\"text-editor.default\">\n\t\t\t\t<div class=\"elementor-widget-container\">\n\t\t\t\t\t\t\t\t\t<p>Ces projets offrent une occasion unique de plonger au c\u0153ur du CRIM, de rencontrer les experts qui les portent et de comprendre comment la recherche appliqu\u00e9e peut nourrir l\u2019innovation, la m\u00e9moire technologique et le d\u00e9veloppement collectif.<\/p><ul><li><span style=\"text-decoration: underline\"><a href=\"https:\/\/www.crim.ca\/fr\/banc-essai-parole\/\">Le Banc d\u2019essai de grands mod\u00e8les de parole en fran\u00e7ais qu\u00e9b\u00e9cois spontan\u00e9 : entrevue avec Gilles Boulianne et Amira Morsli<\/a><\/span><\/li><li><span style=\"text-decoration: underline\"><a href=\"https:\/\/www.crim.ca\/fr\/le-crim-de-linterieur-nos-projets-internes\/\">Le CRIM de l\u2019int\u00e9rieur : nos projets internes, entrevue avec Martin Sotir<\/a><\/span><\/li><\/ul>\t\t\t\t\t\t\t\t<\/div>\n\t\t\t\t<\/div>\n\t\t\t\t<\/div>\n\t\t\t\t\t<\/div>\n\t\t\t\t<\/div>\n\t\t\t\t<\/div>\n\t\t","protected":false},"excerpt":{"rendered":"<p>Innover, exp\u00e9rimenter, transmettre Les projets internes du CRIM incarnent une recherche proactive et exploratoire. Ils permettent \u00e0 nos \u00e9quipes de tester des technologies \u00e9mergentes, de structurer des d\u00e9monstrateurs, de perfectionner leur expertise et de pr\u00e9parer l\u2019avenir. Ces initiatives donnent naissance \u00e0 des prototypes, des outils open source ou des projets de transfert de connaissances qui [&hellip;]<\/p>\n","protected":false},"author":34,"featured_media":14435,"parent":0,"menu_order":0,"comment_status":"closed","ping_status":"closed","template":"","meta":{"_acf_changed":false,"footnotes":"","_links_to":"","_links_to_target":""},"class_list":["post-26644","page","type-page","status-publish","has-post-thumbnail","hentry"],"acf":[],"_links":{"self":[{"href":"https:\/\/www.crim.ca\/fr\/wp-json\/wp\/v2\/pages\/26644","targetHints":{"allow":["GET"]}}],"collection":[{"href":"https:\/\/www.crim.ca\/fr\/wp-json\/wp\/v2\/pages"}],"about":[{"href":"https:\/\/www.crim.ca\/fr\/wp-json\/wp\/v2\/types\/page"}],"author":[{"embeddable":true,"href":"https:\/\/www.crim.ca\/fr\/wp-json\/wp\/v2\/users\/34"}],"replies":[{"embeddable":true,"href":"https:\/\/www.crim.ca\/fr\/wp-json\/wp\/v2\/comments?post=26644"}],"version-history":[{"count":10,"href":"https:\/\/www.crim.ca\/fr\/wp-json\/wp\/v2\/pages\/26644\/revisions"}],"predecessor-version":[{"id":28147,"href":"https:\/\/www.crim.ca\/fr\/wp-json\/wp\/v2\/pages\/26644\/revisions\/28147"}],"wp:featuredmedia":[{"embeddable":true,"href":"https:\/\/www.crim.ca\/fr\/wp-json\/wp\/v2\/media\/14435"}],"wp:attachment":[{"href":"https:\/\/www.crim.ca\/fr\/wp-json\/wp\/v2\/media?parent=26644"}],"curies":[{"name":"wp","href":"https:\/\/api.w.org\/{rel}","templated":true}]}}