{"id":26649,"date":"2025-06-09T14:31:09","date_gmt":"2025-06-09T18:31:09","guid":{"rendered":"https:\/\/www.crim.ca\/?page_id=26649"},"modified":"2025-06-09T19:28:21","modified_gmt":"2025-06-09T23:28:21","slug":"publications-scientifiques","status":"publish","type":"page","link":"https:\/\/www.crim.ca\/fr\/publications-scientifiques\/","title":{"rendered":"Publications scientifiques"},"content":{"rendered":"\t\t<div data-elementor-type=\"wp-page\" data-elementor-id=\"26649\" class=\"elementor elementor-26649\" data-elementor-post-type=\"page\">\n\t\t\t\t<div class=\"elementor-element elementor-element-f38a256 e-flex e-con-boxed e-con e-parent\" data-id=\"f38a256\" data-element_type=\"container\">\n\t\t\t\t\t<div class=\"e-con-inner\">\n\t\t<div class=\"elementor-element elementor-element-844cf52 e-con-full e-flex e-con e-child\" data-id=\"844cf52\" data-element_type=\"container\">\n\t\t\t\t<div class=\"elementor-element elementor-element-c41831b h2-tiret-gauche h2-tiret-gauche-orange elementor-widget elementor-widget-heading\" data-id=\"c41831b\" data-element_type=\"widget\" data-widget_type=\"heading.default\">\n\t\t\t\t<div class=\"elementor-widget-container\">\n\t\t\t\t\t<h2 class=\"elementor-heading-title elementor-size-default\">Diffuser la science, faire progresser la connaissance<\/h2>\t\t\t\t<\/div>\n\t\t\t\t<\/div>\n\t\t\t\t<div class=\"elementor-element elementor-element-cdbb68e wpman-list titre-h3-marge elementor-widget elementor-widget-text-editor\" data-id=\"cdbb68e\" data-element_type=\"widget\" data-widget_type=\"text-editor.default\">\n\t\t\t\t<div class=\"elementor-widget-container\">\n\t\t\t\t\t\t\t\t\t<p>La diffusion des connaissances scientifiques est au c\u0153ur de la mission du CRIM. Chaque ann\u00e9e, nos chercheurs publient dans des revues sp\u00e9cialis\u00e9es et pr\u00e9sentent leurs travaux dans des conf\u00e9rences internationales de renom. Ces publications renforcent notre l\u00e9gitimit\u00e9 scientifique, alimentent le d\u00e9veloppement de l\u2019intelligence artificielle responsable et contribuent activement \u00e0 l\u2019avancement de la recherche appliqu\u00e9e.<\/p><p>L\u2019ann\u00e9e 2024 a \u00e9t\u00e9 particuli\u00e8rement riche en contributions. Le CRIM s\u2019est illustr\u00e9 dans des domaines vari\u00e9s tels que :<\/p><ul><li>la reconnaissance \u00e9motionnelle multimodale,<\/li><li>la v\u00e9rification du locuteur,<\/li><li>l\u2019intelligence artificielle pour l\u2019accessibilit\u00e9,<\/li><li>l\u2019int\u00e9gration des standards g\u00e9ospatiaux.<\/li><\/ul><p>Nos travaux ont \u00e9t\u00e9 pr\u00e9sent\u00e9s dans des \u00e9v\u00e9nements scientifiques prestigieux comme IEEE CVPR, ISCA ICASSP et NeurIPS.<\/p><h3>Des recherches r\u00e9centes marquantes<\/h3><ul><li>l\u2019utilisation de l\u2019attention crois\u00e9e pour la fusion audio-visuelle dans la reconnaissance \u00e9motionnelle,<\/li><li>l\u2019\u00e9tude de la robustesse des syst\u00e8mes de v\u00e9rification du locuteur face au bruit d\u2019\u00e9tiquetage,<\/li><li>des contributions \u00e0 la litt\u00e9rature sur les mod\u00e8les de diffusion pour la d\u00e9tection d\u2019hypertrucages.<\/li><\/ul><p>Au-del\u00e0 des avanc\u00e9es techniques, le CRIM participe activement aux discussions sur les enjeux \u00e9thiques de l\u2019IA, notamment \u00e0 travers des s\u00e9minaires sur l\u2019intelligence artificielle responsable. Ces r\u00e9alisations t\u00e9moignent de notre engagement \u00e0 mener des recherches de pointe tout en veillant \u00e0 ce que les innovations technologiques r\u00e9pondent aux besoins soci\u00e9taux et \u00e9thiques actuels.<\/p>\t\t\t\t\t\t\t\t<\/div>\n\t\t\t\t<\/div>\n\t\t\t\t<div class=\"elementor-element elementor-element-d16a263 elementor-widget elementor-widget-button\" data-id=\"d16a263\" data-element_type=\"widget\" data-widget_type=\"button.default\">\n\t\t\t\t<div class=\"elementor-widget-container\">\n\t\t\t\t\t\t\t\t\t<div class=\"elementor-button-wrapper\">\n\t\t\t\t\t<a class=\"elementor-button elementor-button-link elementor-size-sm\" href=\"\/fr\/publications-scientifiques-archive\/\">\n\t\t\t\t\t\t<span class=\"elementor-button-content-wrapper\">\n\t\t\t\t\t\t\t\t\t<span class=\"elementor-button-text\">Voir les publications scientifiques<\/span>\n\t\t\t\t\t<\/span>\n\t\t\t\t\t<\/a>\n\t\t\t\t<\/div>\n\t\t\t\t\t\t\t\t<\/div>\n\t\t\t\t<\/div>\n\t\t\t\t<\/div>\n\t\t\t\t\t<\/div>\n\t\t\t\t<\/div>\n\t\t\t\t<\/div>\n\t\t","protected":false},"excerpt":{"rendered":"<p>Diffuser la science, faire progresser la connaissance La diffusion des connaissances scientifiques est au c\u0153ur de la mission du CRIM. Chaque ann\u00e9e, nos chercheurs publient dans des revues sp\u00e9cialis\u00e9es et pr\u00e9sentent leurs travaux dans des conf\u00e9rences internationales de renom. Ces publications renforcent notre l\u00e9gitimit\u00e9 scientifique, alimentent le d\u00e9veloppement de l\u2019intelligence artificielle responsable et contribuent activement [&hellip;]<\/p>\n","protected":false},"author":34,"featured_media":14435,"parent":0,"menu_order":0,"comment_status":"closed","ping_status":"closed","template":"","meta":{"_acf_changed":false,"footnotes":"","_links_to":"","_links_to_target":""},"class_list":["post-26649","page","type-page","status-publish","has-post-thumbnail","hentry"],"acf":[],"_links":{"self":[{"href":"https:\/\/www.crim.ca\/fr\/wp-json\/wp\/v2\/pages\/26649","targetHints":{"allow":["GET"]}}],"collection":[{"href":"https:\/\/www.crim.ca\/fr\/wp-json\/wp\/v2\/pages"}],"about":[{"href":"https:\/\/www.crim.ca\/fr\/wp-json\/wp\/v2\/types\/page"}],"author":[{"embeddable":true,"href":"https:\/\/www.crim.ca\/fr\/wp-json\/wp\/v2\/users\/34"}],"replies":[{"embeddable":true,"href":"https:\/\/www.crim.ca\/fr\/wp-json\/wp\/v2\/comments?post=26649"}],"version-history":[{"count":10,"href":"https:\/\/www.crim.ca\/fr\/wp-json\/wp\/v2\/pages\/26649\/revisions"}],"predecessor-version":[{"id":26973,"href":"https:\/\/www.crim.ca\/fr\/wp-json\/wp\/v2\/pages\/26649\/revisions\/26973"}],"wp:featuredmedia":[{"embeddable":true,"href":"https:\/\/www.crim.ca\/fr\/wp-json\/wp\/v2\/media\/14435"}],"wp:attachment":[{"href":"https:\/\/www.crim.ca\/fr\/wp-json\/wp\/v2\/media?parent=26649"}],"curies":[{"name":"wp","href":"https:\/\/api.w.org\/{rel}","templated":true}]}}