{"id":26659,"date":"2025-06-09T14:32:59","date_gmt":"2025-06-09T18:32:59","guid":{"rendered":"https:\/\/www.crim.ca\/?page_id=26659"},"modified":"2025-06-09T14:33:30","modified_gmt":"2025-06-09T18:33:30","slug":"seminaires-rd","status":"publish","type":"page","link":"https:\/\/www.crim.ca\/fr\/seminaires-rd\/","title":{"rendered":"S\u00e9minaires R&#038;D"},"content":{"rendered":"\t\t<div data-elementor-type=\"wp-page\" data-elementor-id=\"26659\" class=\"elementor elementor-26659\" data-elementor-post-type=\"page\">\n\t\t\t\t<div class=\"elementor-element elementor-element-68febf3 e-flex e-con-boxed e-con e-parent\" data-id=\"68febf3\" data-element_type=\"container\">\n\t\t\t\t\t<div class=\"e-con-inner\">\n\t\t<div class=\"elementor-element elementor-element-05f09f0 e-con-full e-flex e-con e-child\" data-id=\"05f09f0\" data-element_type=\"container\">\n\t\t\t\t<div class=\"elementor-element elementor-element-126ec0a h2-tiret-gauche h2-tiret-gauche-orange elementor-widget elementor-widget-heading\" data-id=\"126ec0a\" data-element_type=\"widget\" data-widget_type=\"heading.default\">\n\t\t\t\t<div class=\"elementor-widget-container\">\n\t\t\t\t\t<h2 class=\"elementor-heading-title elementor-size-default\">Partager la recherche, catalyser les id\u00e9es<\/h2>\t\t\t\t<\/div>\n\t\t\t\t<\/div>\n\t\t\t\t<div class=\"elementor-element elementor-element-88a54b6 wpman-list titre-h3-marge elementor-widget elementor-widget-text-editor\" data-id=\"88a54b6\" data-element_type=\"widget\" data-widget_type=\"text-editor.default\">\n\t\t\t\t<div class=\"elementor-widget-container\">\n\t\t\t\t\t\t\t\t\t<p>Les s\u00e9minaires R&amp;D du CRIM sont des espaces d\u2019\u00e9change et de r\u00e9flexion ouverts \u00e0 nos \u00e9quipes, \u00e0 nos partenaires et au public. Ils permettent de d\u00e9couvrir nos projets en cours, d\u2019explorer les enjeux actuels de la science appliqu\u00e9e et de nourrir une culture d\u2019innovation collective.<\/p><p>Chaque rencontre met en lumi\u00e8re des travaux de recherche concrets, des d\u00e9fis technologiques \u00e9mergents et des approches m\u00e9thodologiques novatrices.<\/p>\t\t\t\t\t\t\t\t<\/div>\n\t\t\t\t<\/div>\n\t\t\t\t<\/div>\n\t\t\t\t\t<\/div>\n\t\t\t\t<\/div>\n\t\t<div class=\"elementor-element elementor-element-59d2653 e-flex e-con-boxed e-con e-parent\" data-id=\"59d2653\" data-element_type=\"container\">\n\t\t\t\t\t<div class=\"e-con-inner\">\n\t\t<div class=\"elementor-element elementor-element-7b67457 e-con-full e-flex e-con e-child\" data-id=\"7b67457\" data-element_type=\"container\">\n\t\t\t\t<div class=\"elementor-element elementor-element-7dfcb29 h2-tiret-gauche h2-tiret-gauche-orange elementor-widget elementor-widget-heading\" data-id=\"7dfcb29\" data-element_type=\"widget\" data-widget_type=\"heading.default\">\n\t\t\t\t<div class=\"elementor-widget-container\">\n\t\t\t\t\t<h2 class=\"elementor-heading-title elementor-size-default\">Quelques exemples r\u00e9cents<\/h2>\t\t\t\t<\/div>\n\t\t\t\t<\/div>\n\t\t\t\t<div class=\"elementor-element elementor-element-496a0da wpman-list titre-h3-marge elementor-widget elementor-widget-text-editor\" data-id=\"496a0da\" data-element_type=\"widget\" data-widget_type=\"text-editor.default\">\n\t\t\t\t<div class=\"elementor-widget-container\">\n\t\t\t\t\t\t\t\t\t<h3>Langage naturel, exigences et agilit\u00e9 : mariage heureux ? (novembre 2024)<\/h3><p>Cette pr\u00e9sentation explore comment les approches de traitement du langage naturel peuvent aider \u00e0 extraire des mod\u00e8les conceptuels \u00e0 partir de r\u00e9cits utilisateurs dans un contexte de d\u00e9veloppement agile.<\/p><p>Trois techniques sont compar\u00e9es : les approches \u00e0 base de r\u00e8gles, les mod\u00e8les de langage de grande taille (LLM) et les champs al\u00e9atoires conditionnels (CRF). Une perspective est \u00e9galement propos\u00e9e sur l\u2019int\u00e9gration de pratiques de s\u00fbret\u00e9 logicielle dans les applications d\u2019IA.<\/p><h3>Comprendre et adresser le blanchiment \u00e9thique en apprentissage machine (janvier 2025)<\/h3><p>Une r\u00e9flexion critique sur les pratiques de d\u00e9veloppement en IA, mettant en lumi\u00e8re les risques de blanchiment \u00e9thique et les moyens de les pr\u00e9venir dans les projets d\u2019apprentissage automatique.<\/p><h3>Attention Models for Robust Audio-Visual Learning (f\u00e9vrier 2025)<\/h3><p>Cette pr\u00e9sentation aborde les d\u00e9fis du traitement automatique de la parole dans des environnements \u00e0 donn\u00e9es rares ou non annot\u00e9es. Elle propose un panorama des approches utilis\u00e9es au CRIM, incluant l\u2019adaptation de mod\u00e8les, l\u2019apprentissage auto-supervis\u00e9, les mod\u00e8les massivement multilingues et la g\u00e9n\u00e9ration de donn\u00e9es synth\u00e9tiques.<\/p>\t\t\t\t\t\t\t\t<\/div>\n\t\t\t\t<\/div>\n\t\t\t\t<\/div>\n\t\t\t\t\t<\/div>\n\t\t\t\t<\/div>\n\t\t<div class=\"elementor-element elementor-element-060524a e-flex e-con-boxed e-con e-parent\" data-id=\"060524a\" data-element_type=\"container\">\n\t\t\t\t\t<div class=\"e-con-inner\">\n\t\t<div class=\"elementor-element elementor-element-6119c42 e-con-full e-flex e-con e-child\" data-id=\"6119c42\" data-element_type=\"container\">\n\t\t\t\t<div class=\"elementor-element elementor-element-07490c3 h2-tiret-gauche h2-tiret-gauche-orange elementor-widget elementor-widget-heading\" data-id=\"07490c3\" data-element_type=\"widget\" data-widget_type=\"heading.default\">\n\t\t\t\t<div class=\"elementor-widget-container\">\n\t\t\t\t\t<h2 class=\"elementor-heading-title elementor-size-default\">Partage, stimulation, avancement<\/h2>\t\t\t\t<\/div>\n\t\t\t\t<\/div>\n\t\t\t\t<div class=\"elementor-element elementor-element-c3f2b34 wpman-list titre-h3-marge elementor-widget elementor-widget-text-editor\" data-id=\"c3f2b34\" data-element_type=\"widget\" data-widget_type=\"text-editor.default\">\n\t\t\t\t<div class=\"elementor-widget-container\">\n\t\t\t\t\t\t\t\t\t<p>Ces s\u00e9minaires illustrent l\u2019engagement du CRIM \u00e0 partager ses avanc\u00e9es, \u00e0 stimuler la r\u00e9flexion collective et \u00e0 faire progresser la recherche appliqu\u00e9e en intelligence artificielle.<\/p>\t\t\t\t\t\t\t\t<\/div>\n\t\t\t\t<\/div>\n\t\t\t\t<\/div>\n\t\t\t\t\t<\/div>\n\t\t\t\t<\/div>\n\t\t\t\t<\/div>\n\t\t","protected":false},"excerpt":{"rendered":"<p>Partager la recherche, catalyser les id\u00e9es Les s\u00e9minaires R&amp;D du CRIM sont des espaces d\u2019\u00e9change et de r\u00e9flexion ouverts \u00e0 nos \u00e9quipes, \u00e0 nos partenaires et au public. Ils permettent de d\u00e9couvrir nos projets en cours, d\u2019explorer les enjeux actuels de la science appliqu\u00e9e et de nourrir une culture d\u2019innovation collective. Chaque rencontre met en [&hellip;]<\/p>\n","protected":false},"author":34,"featured_media":14435,"parent":0,"menu_order":0,"comment_status":"closed","ping_status":"closed","template":"","meta":{"_acf_changed":false,"footnotes":"","_links_to":"","_links_to_target":""},"class_list":["post-26659","page","type-page","status-publish","has-post-thumbnail","hentry"],"acf":[],"_links":{"self":[{"href":"https:\/\/www.crim.ca\/fr\/wp-json\/wp\/v2\/pages\/26659","targetHints":{"allow":["GET"]}}],"collection":[{"href":"https:\/\/www.crim.ca\/fr\/wp-json\/wp\/v2\/pages"}],"about":[{"href":"https:\/\/www.crim.ca\/fr\/wp-json\/wp\/v2\/types\/page"}],"author":[{"embeddable":true,"href":"https:\/\/www.crim.ca\/fr\/wp-json\/wp\/v2\/users\/34"}],"replies":[{"embeddable":true,"href":"https:\/\/www.crim.ca\/fr\/wp-json\/wp\/v2\/comments?post=26659"}],"version-history":[{"count":4,"href":"https:\/\/www.crim.ca\/fr\/wp-json\/wp\/v2\/pages\/26659\/revisions"}],"predecessor-version":[{"id":26663,"href":"https:\/\/www.crim.ca\/fr\/wp-json\/wp\/v2\/pages\/26659\/revisions\/26663"}],"wp:featuredmedia":[{"embeddable":true,"href":"https:\/\/www.crim.ca\/fr\/wp-json\/wp\/v2\/media\/14435"}],"wp:attachment":[{"href":"https:\/\/www.crim.ca\/fr\/wp-json\/wp\/v2\/media?parent=26659"}],"curies":[{"name":"wp","href":"https:\/\/api.w.org\/{rel}","templated":true}]}}