{"id":26666,"date":"2025-06-09T14:36:19","date_gmt":"2025-06-09T18:36:19","guid":{"rendered":"https:\/\/www.crim.ca\/?page_id=26666"},"modified":"2025-06-09T18:09:57","modified_gmt":"2025-06-09T22:09:57","slug":"affaires-et-projets","status":"publish","type":"page","link":"https:\/\/www.crim.ca\/fr\/affaires-et-projets\/","title":{"rendered":"Affaires et projets"},"content":{"rendered":"\t\t<div data-elementor-type=\"wp-page\" data-elementor-id=\"26666\" class=\"elementor elementor-26666\" data-elementor-post-type=\"page\">\n\t\t\t\t<div class=\"elementor-element elementor-element-82e198d e-flex e-con-boxed e-con e-parent\" data-id=\"82e198d\" data-element_type=\"container\" data-settings=\"{&quot;animation&quot;:&quot;none&quot;}\">\n\t\t\t\t\t<div class=\"e-con-inner\">\n\t\t<div data-dce-background-image-url=\"https:\/\/www.crim.ca\/wp-content\/uploads\/2025\/06\/photo-affaire-projets.jpg\" class=\"elementor-element elementor-element-ca8281c e-con-full e-flex e-con e-child\" data-id=\"ca8281c\" data-element_type=\"container\" data-settings=\"{&quot;background_background&quot;:&quot;classic&quot;}\">\n\t\t\t\t<div class=\"elementor-element elementor-element-6ef2bdd elementor-widget elementor-widget-heading\" data-id=\"6ef2bdd\" data-element_type=\"widget\" data-widget_type=\"heading.default\">\n\t\t\t\t<div class=\"elementor-widget-container\">\n\t\t\t\t\t<h2 class=\"elementor-heading-title elementor-size-default\">Au c\u0153ur du CRIM\u202f: l'IA \u00e0 votre port\u00e9e<\/h2>\t\t\t\t<\/div>\n\t\t\t\t<\/div>\n\t\t\t\t<\/div>\n\t\t<div class=\"elementor-element elementor-element-04aad17 e-con-full e-flex e-con e-child\" data-id=\"04aad17\" data-element_type=\"container\" data-settings=\"{&quot;background_background&quot;:&quot;classic&quot;}\">\n\t\t\t\t<div class=\"elementor-element elementor-element-9e771ea elementor-widget elementor-widget-text-editor\" data-id=\"9e771ea\" data-element_type=\"widget\" data-widget_type=\"text-editor.default\">\n\t\t\t\t<div class=\"elementor-widget-container\">\n\t\t\t\t\t\t\t\t\t<h4>Vous avez une id\u00e9e de projet en IA, mais vous ne savez pas quels moyens prendre pour transformer votre id\u00e9e en projet? Le CRIM est l\u00e0, avec ses moyens scientifiques et ses moyens techniques.<\/h4>\t\t\t\t\t\t\t\t<\/div>\n\t\t\t\t<\/div>\n\t\t\t\t<div class=\"elementor-element elementor-element-d7976af elementor-widget elementor-widget-heading\" data-id=\"d7976af\" data-element_type=\"widget\" data-widget_type=\"heading.default\">\n\t\t\t\t<div class=\"elementor-widget-container\">\n\t\t\t\t\t<h3 class=\"elementor-heading-title elementor-size-default\">Nous d\u00e9risquons vos projets en\u00a0IA<\/h3>\t\t\t\t<\/div>\n\t\t\t\t<\/div>\n\t\t\t\t<div class=\"elementor-element elementor-element-719a24c elementor-widget elementor-widget-text-editor\" data-id=\"719a24c\" data-element_type=\"widget\" data-widget_type=\"text-editor.default\">\n\t\t\t\t<div class=\"elementor-widget-container\">\n\t\t\t\t\t\t\t\t\t<p>Le CRIM met ses 40 ans d\u2019exp\u00e9rience \u00e0 votre disposition afin de trouver des r\u00e9ponses aux questions qui concernent vos projets; combien votre projet en IA co\u00fbtera ou est-ce que la technologie est suffisamment avanc\u00e9e afin de r\u00e9aliser votre projet?<\/p>\t\t\t\t\t\t\t\t<\/div>\n\t\t\t\t<\/div>\n\t\t\t\t<div class=\"elementor-element elementor-element-1c64283 elementor-widget elementor-widget-heading\" data-id=\"1c64283\" data-element_type=\"widget\" data-widget_type=\"heading.default\">\n\t\t\t\t<div class=\"elementor-widget-container\">\n\t\t\t\t\t<h3 class=\"elementor-heading-title elementor-size-default\">Experts en gestion de risques et\u00a0d\u2019incertitudes<\/h3>\t\t\t\t<\/div>\n\t\t\t\t<\/div>\n\t\t\t\t<div class=\"elementor-element elementor-element-13d5004 elementor-widget elementor-widget-text-editor\" data-id=\"13d5004\" data-element_type=\"widget\" data-widget_type=\"text-editor.default\">\n\t\t\t\t<div class=\"elementor-widget-container\">\n\t\t\t\t\t\t\t\t\t<p>Nous sommes \u00e0 l\u2019avant-garde de la science et de la technologie en IA. Travailler avec le CRIM, c\u2019est b\u00e9n\u00e9ficier de notre ma\u00eetrise de la gestion des risques et de l\u2019incertitude dans le d\u00e9veloppement exp\u00e9rimental.\u00a0<\/p>\t\t\t\t\t\t\t\t<\/div>\n\t\t\t\t<\/div>\n\t\t\t\t<div class=\"elementor-element elementor-element-23e2d3c elementor-widget elementor-widget-button\" data-id=\"23e2d3c\" data-element_type=\"widget\" data-widget_type=\"button.default\">\n\t\t\t\t<div class=\"elementor-widget-container\">\n\t\t\t\t\t\t\t\t\t<div class=\"elementor-button-wrapper\">\n\t\t\t\t\t<a class=\"elementor-button elementor-button-link elementor-size-sm\" href=\"\/fr\/notre-offre\/\">\n\t\t\t\t\t\t<span class=\"elementor-button-content-wrapper\">\n\t\t\t\t\t\t\t\t\t<span class=\"elementor-button-text\">D\u00e9couvrez notre offre<\/span>\n\t\t\t\t\t<\/span>\n\t\t\t\t\t<\/a>\n\t\t\t\t<\/div>\n\t\t\t\t\t\t\t\t<\/div>\n\t\t\t\t<\/div>\n\t\t\t\t<\/div>\n\t\t\t\t\t<\/div>\n\t\t\t\t<\/div>\n\t\t<div class=\"elementor-element elementor-element-ed18107 e-flex e-con-boxed e-con e-parent\" data-id=\"ed18107\" data-element_type=\"container\" data-settings=\"{&quot;background_background&quot;:&quot;classic&quot;}\">\n\t\t\t\t\t<div class=\"e-con-inner\">\n\t\t<div class=\"elementor-element elementor-element-776d1a3 e-con-full e-flex e-con e-child\" data-id=\"776d1a3\" data-element_type=\"container\">\n\t\t\t\t<div class=\"elementor-element elementor-element-42faee4 elementor-widget elementor-widget-heading\" data-id=\"42faee4\" data-element_type=\"widget\" data-widget_type=\"heading.default\">\n\t\t\t\t<div class=\"elementor-widget-container\">\n\t\t\t\t\t<h2 class=\"elementor-heading-title elementor-size-default\">Au service de vos objectifs d\u2019affaires<\/h2>\t\t\t\t<\/div>\n\t\t\t\t<\/div>\n\t\t\t\t<div class=\"elementor-element elementor-element-b192a52 wpman-list liste-crochet elementor-widget elementor-widget-text-editor\" data-id=\"b192a52\" data-element_type=\"widget\" data-widget_type=\"text-editor.default\">\n\t\t\t\t<div class=\"elementor-widget-container\">\n\t\t\t\t\t\t\t\t\t<p><strong>Vous avez identifi\u00e9 un objectif d\u2019affaire \u00e0 atteindre ou une am\u00e9lioration de vos processus?<br \/><\/strong> Nous sommes l\u00e0 pour vous \u00e9pauler dans l\u2019identification des avanc\u00e9es technologiques \u00e0 votre disposition. Par la suite, les experts du CRIM vous aideront \u00e0 d\u00e9finir la probl\u00e9matique et les besoins pour lesquels nous pourrons vous aider.<\/p>\t\t\t\t\t\t\t\t<\/div>\n\t\t\t\t<\/div>\n\t\t\t\t<div class=\"elementor-element elementor-element-527c022 elementor-widget elementor-widget-button\" data-id=\"527c022\" data-element_type=\"widget\" data-widget_type=\"button.default\">\n\t\t\t\t<div class=\"elementor-widget-container\">\n\t\t\t\t\t\t\t\t\t<div class=\"elementor-button-wrapper\">\n\t\t\t\t\t<a class=\"elementor-button elementor-button-link elementor-size-sm\" href=\"https:\/\/rdv.crim.ca\/#\/customer\/rdvaveclecrim\">\n\t\t\t\t\t\t<span class=\"elementor-button-content-wrapper\">\n\t\t\t\t\t\t\t\t\t<span class=\"elementor-button-text\">Prenez rendez-vous avec un de nos conseillers<\/span>\n\t\t\t\t\t<\/span>\n\t\t\t\t\t<\/a>\n\t\t\t\t<\/div>\n\t\t\t\t\t\t\t\t<\/div>\n\t\t\t\t<\/div>\n\t\t\t\t<\/div>\n\t\t\t\t\t<\/div>\n\t\t\t\t<\/div>\n\t\t<div class=\"elementor-element elementor-element-aafa87d e-flex e-con-boxed e-con e-parent\" data-id=\"aafa87d\" data-element_type=\"container\">\n\t\t\t\t\t<div class=\"e-con-inner\">\n\t\t<div class=\"elementor-element elementor-element-9824fa6 e-con-full e-flex e-con e-child\" data-id=\"9824fa6\" data-element_type=\"container\">\n\t\t\t\t<div class=\"elementor-element elementor-element-cf0bf29 h2-tiret-gauche h2-tiret-gauche-turquoise elementor-widget elementor-widget-heading\" data-id=\"cf0bf29\" data-element_type=\"widget\" id=\"couleur-turquoise\" data-widget_type=\"heading.default\">\n\t\t\t\t<div class=\"elementor-widget-container\">\n\t\t\t\t\t<h2 class=\"elementor-heading-title elementor-size-default\">Au nexus de votre exp\u00e9rience et de la science<\/h2>\t\t\t\t<\/div>\n\t\t\t\t<\/div>\n\t\t\t\t<div class=\"elementor-element elementor-element-6555a45 wpman-list liste-crochet elementor-widget elementor-widget-text-editor\" data-id=\"6555a45\" data-element_type=\"widget\" data-widget_type=\"text-editor.default\">\n\t\t\t\t<div class=\"elementor-widget-container\">\n\t\t\t\t\t\t\t\t\t<p>Nous combinons votre connaissance de votre entreprise aux connaissances de nos scientifiques, afin de cr\u00e9er la valeur que vous attendez. Gr\u00e2ce \u00e0 nos experts, vous pourrez interroger votre probl\u00e9matique de fa\u00e7on \u00e0 recontextualiser la probl\u00e9matique. Nos processus vous assurent des \u00e9conomies gr\u00e2ce \u00e0 la traduction technologique de vos probl\u00e8mes.\u00a0<\/p>\t\t\t\t\t\t\t\t<\/div>\n\t\t\t\t<\/div>\n\t\t\t\t<div class=\"elementor-element elementor-element-0825c0f elementor-widget elementor-widget-heading\" data-id=\"0825c0f\" data-element_type=\"widget\" data-widget_type=\"heading.default\">\n\t\t\t\t<div class=\"elementor-widget-container\">\n\t\t\t\t\t<h3 class=\"elementor-heading-title elementor-size-default\">La traduction technologique<\/h3>\t\t\t\t<\/div>\n\t\t\t\t<\/div>\n\t\t\t\t<div class=\"elementor-element elementor-element-8688ac3 wpman-list elementor-widget elementor-widget-text-editor\" data-id=\"8688ac3\" data-element_type=\"widget\" data-widget_type=\"text-editor.default\">\n\t\t\t\t<div class=\"elementor-widget-container\">\n\t\t\t\t\t\t\t\t\t<p>Par exemple, si votre entreprise fait face \u00e0 des probl\u00e8mes de production li\u00e9s \u00e0 l&#8217;arr\u00eat fr\u00e9quent de vos machines, cela qui entra\u00eene des co\u00fbts \u00e9lev\u00e9s. En analysant les donn\u00e9es disponibles et en collaborant avec nos experts, vous pourrez identifier la source du probl\u00e8me et mettre en place des actions correctives. Cette d\u00e9marche a permis de d\u00e9montrer que des am\u00e9liorations \u00e9taient possibles, illustrant l&#8217;importance de bien comprendre et de d\u00e9composer les probl\u00e8mes pour trouver des solutions efficaces.<\/p>\t\t\t\t\t\t\t\t<\/div>\n\t\t\t\t<\/div>\n\t\t\t\t<\/div>\n\t\t\t\t\t<\/div>\n\t\t\t\t<\/div>\n\t\t<div class=\"elementor-element elementor-element-339d73b e-flex e-con-boxed e-con e-parent\" data-id=\"339d73b\" data-element_type=\"container\" data-settings=\"{&quot;background_background&quot;:&quot;classic&quot;}\">\n\t\t\t\t\t<div class=\"e-con-inner\">\n\t\t<div class=\"elementor-element elementor-element-3af3196 e-con-full e-flex e-con e-child\" data-id=\"3af3196\" data-element_type=\"container\">\n\t\t<div data-dce-background-image-url=\"https:\/\/www.crim.ca\/wp-content\/uploads\/2025\/06\/quebec.png\" class=\"elementor-element elementor-element-bd52433 e-con-full e-flex e-con e-child\" data-id=\"bd52433\" data-element_type=\"container\" data-settings=\"{&quot;background_background&quot;:&quot;classic&quot;}\">\n\t\t\t\t<div class=\"elementor-element elementor-element-cd76de6 elementor-widget__width-initial elementor-widget elementor-widget-heading\" data-id=\"cd76de6\" data-element_type=\"widget\" data-widget_type=\"heading.default\">\n\t\t\t\t<div class=\"elementor-widget-container\">\n\t\t\t\t\t<h2 class=\"elementor-heading-title elementor-size-default\">Un savoir-faire unique, au service des affaires au Qu\u00e9bec<\/h2>\t\t\t\t<\/div>\n\t\t\t\t<\/div>\n\t\t\t\t<div class=\"elementor-element elementor-element-b4810e9 wpman-list liste-crochet elementor-widget__width-initial elementor-widget elementor-widget-text-editor\" data-id=\"b4810e9\" data-element_type=\"widget\" data-widget_type=\"text-editor.default\">\n\t\t\t\t<div class=\"elementor-widget-container\">\n\t\t\t\t\t\t\t\t\t<p>Comme notre \u00e9quipe de chercheurs est r\u00e9put\u00e9e pour sa gestion du risque et de l\u2019incertitude, vous aurez acc\u00e8s \u00e0 la m\u00e9thodologie de nos scientifiques et \u00e0 l\u2019ensemble de nos savoirs. Notre \u00e9quipe est respectueuse des co\u00fbts, des d\u00e9lais, des objectifs, tout en d\u00e9risquant le processus, pour atteindre vos objectifs finaux.<\/p>\t\t\t\t\t\t\t\t<\/div>\n\t\t\t\t<\/div>\n\t\t\t\t<\/div>\n\t\t\t\t<\/div>\n\t\t\t\t\t<\/div>\n\t\t\t\t<\/div>\n\t\t<div class=\"elementor-element elementor-element-219f0bb e-flex e-con-boxed e-con e-parent\" data-id=\"219f0bb\" data-element_type=\"container\">\n\t\t\t\t\t<div class=\"e-con-inner\">\n\t\t<div class=\"elementor-element elementor-element-9d5d7dc e-con-full e-flex e-con e-child\" data-id=\"9d5d7dc\" data-element_type=\"container\">\n\t\t\t\t<div class=\"elementor-element elementor-element-db6dd9a h2-tiret-gauche elementor-widget elementor-widget-heading\" data-id=\"db6dd9a\" data-element_type=\"widget\" id=\"couleur-turquoise\" data-widget_type=\"heading.default\">\n\t\t\t\t<div class=\"elementor-widget-container\">\n\t\t\t\t\t<h2 class=\"elementor-heading-title elementor-size-default\">Au c\u0153ur des transferts de connaissance<\/h2>\t\t\t\t<\/div>\n\t\t\t\t<\/div>\n\t\t\t\t<div class=\"elementor-element elementor-element-241eba9 wpman-list liste-crochet elementor-widget elementor-widget-text-editor\" data-id=\"241eba9\" data-element_type=\"widget\" data-widget_type=\"text-editor.default\">\n\t\t\t\t<div class=\"elementor-widget-container\">\n\t\t\t\t\t\t\t\t\t<p>Nos projets sont de v\u00e9ritables collaborations dans lesquelles nous ins\u00e9rons le transfert de nos connaissances. Pour les entreprises, c\u2019est une v\u00e9ritable aventure exp\u00e9rientielle autour de la R&amp;D qui vous attend, o\u00f9 nous travaillons de concert avec vous vers un m\u00eame r\u00e9sultat.\u00a0<\/p><p>Nous transf\u00e9rons notre expertise \u00e0 votre \u00e9quipe, ce qui lui permet de recevoir les cl\u00e9s du projet, tout en comprenant ce que nous avons d\u00e9velopp\u00e9, en toute autonomie. La mont\u00e9e en comp\u00e9tence de votre \u00e9quipe a une immense valeur dans nos projets.\u00a0<\/p>\t\t\t\t\t\t\t\t<\/div>\n\t\t\t\t<\/div>\n\t\t\t\t<div class=\"elementor-element elementor-element-bca7628 elementor-widget elementor-widget-heading\" data-id=\"bca7628\" data-element_type=\"widget\" data-widget_type=\"heading.default\">\n\t\t\t\t<div class=\"elementor-widget-container\">\n\t\t\t\t\t<h3 class=\"elementor-heading-title elementor-size-default\">L\u2019industrie de la connaissance<\/h3>\t\t\t\t<\/div>\n\t\t\t\t<\/div>\n\t\t\t\t<div class=\"elementor-element elementor-element-63135b4 wpman-list elementor-widget elementor-widget-text-editor\" data-id=\"63135b4\" data-element_type=\"widget\" data-widget_type=\"text-editor.default\">\n\t\t\t\t<div class=\"elementor-widget-container\">\n\t\t\t\t\t\t\t\t\t<p>Nos connaissances sont compl\u00e9mentaires aux v\u00f4tres; en alliant le savoir-faire aux connaissances, nous passons \u00e0 l\u2019action, en sachant comment conceptualiser le projet de l\u2019id\u00e9ation \u00e0 la livraison.\u00a0<\/p>\t\t\t\t\t\t\t\t<\/div>\n\t\t\t\t<\/div>\n\t\t\t\t<\/div>\n\t\t\t\t\t<\/div>\n\t\t\t\t<\/div>\n\t\t<div class=\"elementor-element elementor-element-1d793c4 e-flex e-con-boxed e-con e-parent\" data-id=\"1d793c4\" data-element_type=\"container\" data-settings=\"{&quot;background_background&quot;:&quot;classic&quot;}\">\n\t\t\t\t\t<div class=\"e-con-inner\">\n\t\t<div data-dce-background-image-url=\"https:\/\/www.crim.ca\/wp-content\/uploads\/2025\/06\/personnaliser-icone.png\" class=\"elementor-element elementor-element-c995142 e-con-full e-flex e-con e-child\" data-id=\"c995142\" data-element_type=\"container\" data-settings=\"{&quot;background_background&quot;:&quot;classic&quot;}\">\n\t\t\t\t<div class=\"elementor-element elementor-element-194f078 elementor-widget elementor-widget-heading\" data-id=\"194f078\" data-element_type=\"widget\" data-widget_type=\"heading.default\">\n\t\t\t\t<div class=\"elementor-widget-container\">\n\t\t\t\t\t<h2 class=\"elementor-heading-title elementor-size-default\">Un accompagnement personnalis\u00e9 \u00e0 vos besoins<\/h2>\t\t\t\t<\/div>\n\t\t\t\t<\/div>\n\t\t\t\t<div class=\"elementor-element elementor-element-6f19565 wpman-list liste-crochet elementor-widget elementor-widget-text-editor\" data-id=\"6f19565\" data-element_type=\"widget\" data-widget_type=\"text-editor.default\">\n\t\t\t\t<div class=\"elementor-widget-container\">\n\t\t\t\t\t\t\t\t\t<p>Tout est unique : nos clients, leurs projets et les solutions. Nous ne reproduisons jamais une solution que nous avons r\u00e9alis\u00e9e dans le pass\u00e9. La propri\u00e9t\u00e9 intellectuelle d\u00e9velopp\u00e9e dans le cadre de notre collaboration vous appartient, ce qui augmente votre comp\u00e9titivit\u00e9.<\/p>\t\t\t\t\t\t\t\t<\/div>\n\t\t\t\t<\/div>\n\t\t\t\t<\/div>\n\t\t\t\t\t<\/div>\n\t\t\t\t<\/div>\n\t\t\t\t<\/div>\n\t\t","protected":false},"excerpt":{"rendered":"<p>Au c\u0153ur du CRIM\u202f: l&#8217;IA \u00e0 votre port\u00e9e Vous avez une id\u00e9e de projet en IA, mais vous ne savez pas quels moyens prendre pour transformer votre id\u00e9e en projet? Le CRIM est l\u00e0, avec ses moyens scientifiques et ses moyens techniques. Nous d\u00e9risquons vos projets en\u00a0IA Le CRIM met ses 40 ans d\u2019exp\u00e9rience \u00e0 [&hellip;]<\/p>\n","protected":false},"author":34,"featured_media":14435,"parent":0,"menu_order":0,"comment_status":"closed","ping_status":"closed","template":"","meta":{"_acf_changed":false,"footnotes":"","_links_to":"","_links_to_target":""},"class_list":["post-26666","page","type-page","status-publish","has-post-thumbnail","hentry"],"acf":[],"_links":{"self":[{"href":"https:\/\/www.crim.ca\/fr\/wp-json\/wp\/v2\/pages\/26666","targetHints":{"allow":["GET"]}}],"collection":[{"href":"https:\/\/www.crim.ca\/fr\/wp-json\/wp\/v2\/pages"}],"about":[{"href":"https:\/\/www.crim.ca\/fr\/wp-json\/wp\/v2\/types\/page"}],"author":[{"embeddable":true,"href":"https:\/\/www.crim.ca\/fr\/wp-json\/wp\/v2\/users\/34"}],"replies":[{"embeddable":true,"href":"https:\/\/www.crim.ca\/fr\/wp-json\/wp\/v2\/comments?post=26666"}],"version-history":[{"count":8,"href":"https:\/\/www.crim.ca\/fr\/wp-json\/wp\/v2\/pages\/26666\/revisions"}],"predecessor-version":[{"id":29355,"href":"https:\/\/www.crim.ca\/fr\/wp-json\/wp\/v2\/pages\/26666\/revisions\/29355"}],"wp:featuredmedia":[{"embeddable":true,"href":"https:\/\/www.crim.ca\/fr\/wp-json\/wp\/v2\/media\/14435"}],"wp:attachment":[{"href":"https:\/\/www.crim.ca\/fr\/wp-json\/wp\/v2\/media?parent=26666"}],"curies":[{"name":"wp","href":"https:\/\/api.w.org\/{rel}","templated":true}]}}