{"id":26672,"date":"2025-06-09T14:39:55","date_gmt":"2025-06-09T18:39:55","guid":{"rendered":"https:\/\/www.crim.ca\/?page_id=26672"},"modified":"2025-06-09T19:35:48","modified_gmt":"2025-06-09T23:35:48","slug":"notre-offre","status":"publish","type":"page","link":"https:\/\/www.crim.ca\/fr\/notre-offre\/","title":{"rendered":"Notre offre"},"content":{"rendered":"\t\t<div data-elementor-type=\"wp-page\" data-elementor-id=\"26672\" class=\"elementor elementor-26672\" data-elementor-post-type=\"page\">\n\t\t\t\t<div class=\"elementor-element elementor-element-c0c5596 e-flex e-con-boxed e-con e-parent\" data-id=\"c0c5596\" data-element_type=\"container\" data-settings=\"{&quot;background_background&quot;:&quot;classic&quot;}\">\n\t\t\t\t\t<div class=\"e-con-inner\">\n\t\t<div data-eael-wrapper-link=\"{&quot;url&quot;:&quot;\\\/fr\\\/accompagnement\\\/&quot;,&quot;is_external&quot;:&quot;&quot;,&quot;nofollow&quot;:&quot;&quot;}\" class=\"elementor-element elementor-element-d438575 e-con-full e-flex e-con e-child\" data-id=\"d438575\" data-element_type=\"container\" data-settings=\"{&quot;background_background&quot;:&quot;classic&quot;}\">\n\t\t<div class=\"elementor-element elementor-element-b793980 e-con-full e-flex e-con e-child\" data-id=\"b793980\" data-element_type=\"container\">\n\t\t\t\t<div class=\"elementor-element elementor-element-b460f5c elementor-widget elementor-widget-heading\" data-id=\"b460f5c\" data-element_type=\"widget\" id=\"couleur-turquoise\" data-widget_type=\"heading.default\">\n\t\t\t\t<div class=\"elementor-widget-container\">\n\t\t\t\t\t<h2 class=\"elementor-heading-title elementor-size-default\">Accompagnement<\/h2>\t\t\t\t<\/div>\n\t\t\t\t<\/div>\n\t\t\t\t<div class=\"elementor-element elementor-element-e4a2667 wpman-list liste-crochet elementor-widget elementor-widget-text-editor\" data-id=\"e4a2667\" data-element_type=\"widget\" data-widget_type=\"text-editor.default\">\n\t\t\t\t<div class=\"elementor-widget-container\">\n\t\t\t\t\t\t\t\t\t<p>Gr\u00e2ce \u00e0 un accompagnement ax\u00e9 sur le transfert de connaissances et de technologies de pointe, le CRIM aide les organisations \u00e0 passer \u00e0 l\u2019action. Il livre des solutions technologiques structurantes et partage les meilleures pratiques pour maximiser leur impact social et atteindre l\u2019excellence num\u00e9rique.<\/p>\t\t\t\t\t\t\t\t<\/div>\n\t\t\t\t<\/div>\n\t\t\t\t<\/div>\n\t\t<div class=\"elementor-element elementor-element-14d8bd4 e-con-full e-flex e-con e-child\" data-id=\"14d8bd4\" data-element_type=\"container\">\n\t\t\t\t<div class=\"elementor-element elementor-element-6dd1248 elementor-widget__width-auto elementor-absolute elementor-view-default elementor-widget elementor-widget-icon\" data-id=\"6dd1248\" data-element_type=\"widget\" data-settings=\"{&quot;_position&quot;:&quot;absolute&quot;}\" data-widget_type=\"icon.default\">\n\t\t\t\t<div class=\"elementor-widget-container\">\n\t\t\t\t\t\t\t<div class=\"elementor-icon-wrapper\">\n\t\t\t<a class=\"elementor-icon\" href=\"\/fr\/accompagnement\/\">\n\t\t\t<svg aria-hidden=\"true\" class=\"e-font-icon-svg e-fas-caret-right\" viewBox=\"0 0 192 512\" xmlns=\"http:\/\/www.w3.org\/2000\/svg\"><path d=\"M0 384.662V127.338c0-17.818 21.543-26.741 34.142-14.142l128.662 128.662c7.81 7.81 7.81 20.474 0 28.284L34.142 398.804C21.543 411.404 0 402.48 0 384.662z\"><\/path><\/svg>\t\t\t<\/a>\n\t\t<\/div>\n\t\t\t\t\t\t<\/div>\n\t\t\t\t<\/div>\n\t\t\t\t<div class=\"elementor-element elementor-element-b9b739c elementor-widget elementor-widget-image\" data-id=\"b9b739c\" data-element_type=\"widget\" data-widget_type=\"image.default\">\n\t\t\t\t<div class=\"elementor-widget-container\">\n\t\t\t\t\t\t\t\t\t\t\t\t\t\t\t\t<a href=\"\/fr\/accompagnement\/\">\n\t\t\t\t\t\t\t<img decoding=\"async\" width=\"164\" height=\"164\" src=\"https:\/\/www.crim.ca\/wp-content\/uploads\/2025\/06\/1.jpg\" class=\"attachment-large size-large wp-image-26304\" alt=\"\" srcset=\"https:\/\/www.crim.ca\/wp-content\/uploads\/2025\/06\/1.jpg 164w, https:\/\/www.crim.ca\/wp-content\/uploads\/2025\/06\/1-150x150.jpg 150w\" sizes=\"(max-width: 164px) 100vw, 164px\" \/>\t\t\t\t\t\t\t\t<\/a>\n\t\t\t\t\t\t\t\t\t\t\t\t\t\t\t<\/div>\n\t\t\t\t<\/div>\n\t\t\t\t<\/div>\n\t\t\t\t<\/div>\n\t\t<div data-eael-wrapper-link=\"{&quot;url&quot;:&quot;https:\\\/\\\/www.crim.ca\\\/fr\\\/innovation-industrielle\\\/&quot;,&quot;is_external&quot;:&quot;&quot;,&quot;nofollow&quot;:&quot;&quot;}\" class=\"elementor-element elementor-element-8db2a9a e-con-full e-flex e-con e-child\" data-id=\"8db2a9a\" data-element_type=\"container\" data-settings=\"{&quot;background_background&quot;:&quot;classic&quot;}\">\n\t\t<div data-eael-wrapper-link=\"{&quot;url&quot;:&quot;https:\\\/\\\/preproduction.crim.ca\\\/fr\\\/innovation-industrielle\\\/&quot;,&quot;is_external&quot;:&quot;&quot;,&quot;nofollow&quot;:&quot;&quot;}\" class=\"elementor-element elementor-element-fc95b64 e-con-full e-flex e-con e-child\" data-id=\"fc95b64\" data-element_type=\"container\">\n\t\t\t\t<div class=\"elementor-element elementor-element-3d4fb04 elementor-widget elementor-widget-heading\" data-id=\"3d4fb04\" data-element_type=\"widget\" id=\"couleur-turquoise\" data-widget_type=\"heading.default\">\n\t\t\t\t<div class=\"elementor-widget-container\">\n\t\t\t\t\t<h2 class=\"elementor-heading-title elementor-size-default\">Innovation Industrielle<\/h2>\t\t\t\t<\/div>\n\t\t\t\t<\/div>\n\t\t\t\t<div class=\"elementor-element elementor-element-9e90547 wpman-list liste-crochet elementor-widget elementor-widget-text-editor\" data-id=\"9e90547\" data-element_type=\"widget\" data-widget_type=\"text-editor.default\">\n\t\t\t\t<div class=\"elementor-widget-container\">\n\t\t\t\t\t\t\t\t\t<p data-start=\"105\" data-end=\"831\">Le Centre de recherche informatique de Montr\u00e9al (CRIM) incarne pleinement le r\u00f4le d\u2019un Centre d\u2019innovation industrielle (CII), aussi connu sous l\u2019appellation Research and Technology Organisation (RTO). Organisme sans but lucratif, le CRIM mobilise un large \u00e9ventail de savoirs, d\u2019expertises et d\u2019infrastructures pour mener des activit\u00e9s de recherche et d\u00e9veloppement en collaboration avec des partenaires publics et priv\u00e9s, quels que soient leur secteur ou leur taille. Cette approche collaborative g\u00e9n\u00e8re des innovations technologiques et sociales \u00e0 fort impact, en concevant des solutions syst\u00e9miques qui favorisent \u00e0 la fois la comp\u00e9titivit\u00e9 \u00e9conomique, le bien-\u00eatre collectif et l\u2019alignement avec les priorit\u00e9s soci\u00e9tales.<\/p>\t\t\t\t\t\t\t\t<\/div>\n\t\t\t\t<\/div>\n\t\t\t\t<\/div>\n\t\t<div class=\"elementor-element elementor-element-802a1ba e-con-full e-flex e-con e-child\" data-id=\"802a1ba\" data-element_type=\"container\">\n\t\t\t\t<div class=\"elementor-element elementor-element-a9b3b99 elementor-widget__width-auto elementor-absolute elementor-view-default elementor-widget elementor-widget-icon\" data-id=\"a9b3b99\" data-element_type=\"widget\" data-settings=\"{&quot;_position&quot;:&quot;absolute&quot;}\" data-widget_type=\"icon.default\">\n\t\t\t\t<div class=\"elementor-widget-container\">\n\t\t\t\t\t\t\t<div class=\"elementor-icon-wrapper\">\n\t\t\t<a class=\"elementor-icon\" href=\"\/fr\/innovation-industrielle\/\">\n\t\t\t<svg aria-hidden=\"true\" class=\"e-font-icon-svg e-fas-caret-right\" viewBox=\"0 0 192 512\" xmlns=\"http:\/\/www.w3.org\/2000\/svg\"><path d=\"M0 384.662V127.338c0-17.818 21.543-26.741 34.142-14.142l128.662 128.662c7.81 7.81 7.81 20.474 0 28.284L34.142 398.804C21.543 411.404 0 402.48 0 384.662z\"><\/path><\/svg>\t\t\t<\/a>\n\t\t<\/div>\n\t\t\t\t\t\t<\/div>\n\t\t\t\t<\/div>\n\t\t\t\t<div class=\"elementor-element elementor-element-0505864 elementor-widget elementor-widget-image\" data-id=\"0505864\" data-element_type=\"widget\" data-widget_type=\"image.default\">\n\t\t\t\t<div class=\"elementor-widget-container\">\n\t\t\t\t\t\t\t\t\t\t\t\t\t\t\t\t<a href=\"\/fr\/innovation-industrielle\/\">\n\t\t\t\t\t\t\t<img decoding=\"async\" width=\"164\" height=\"164\" src=\"https:\/\/www.crim.ca\/wp-content\/uploads\/2025\/06\/11.jpg\" class=\"attachment-large size-large wp-image-26306\" alt=\"\" srcset=\"https:\/\/www.crim.ca\/wp-content\/uploads\/2025\/06\/11.jpg 164w, https:\/\/www.crim.ca\/wp-content\/uploads\/2025\/06\/11-150x150.jpg 150w\" sizes=\"(max-width: 164px) 100vw, 164px\" \/>\t\t\t\t\t\t\t\t<\/a>\n\t\t\t\t\t\t\t\t\t\t\t\t\t\t\t<\/div>\n\t\t\t\t<\/div>\n\t\t\t\t<\/div>\n\t\t\t\t<\/div>\n\t\t<div data-eael-wrapper-link=\"{&quot;url&quot;:&quot;https:\\\/\\\/www.crim.ca\\\/fr\\\/grandes-entreprises\\\/&quot;,&quot;is_external&quot;:&quot;&quot;,&quot;nofollow&quot;:&quot;&quot;}\" class=\"elementor-element elementor-element-85d3db7 e-con-full e-flex e-con e-child\" data-id=\"85d3db7\" data-element_type=\"container\" data-settings=\"{&quot;background_background&quot;:&quot;classic&quot;}\">\n\t\t<div data-eael-wrapper-link=\"{&quot;url&quot;:&quot;https:\\\/\\\/preproduction.crim.ca\\\/fr\\\/grandes-entreprises\\\/&quot;,&quot;is_external&quot;:&quot;&quot;,&quot;nofollow&quot;:&quot;&quot;}\" class=\"elementor-element elementor-element-49e7e88 e-con-full e-flex e-con e-child\" data-id=\"49e7e88\" data-element_type=\"container\">\n\t\t\t\t<div class=\"elementor-element elementor-element-0ec1c6c elementor-widget elementor-widget-heading\" data-id=\"0ec1c6c\" data-element_type=\"widget\" id=\"couleur-turquoise\" data-widget_type=\"heading.default\">\n\t\t\t\t<div class=\"elementor-widget-container\">\n\t\t\t\t\t<h2 class=\"elementor-heading-title elementor-size-default\">Collaboration grandes entreprises<\/h2>\t\t\t\t<\/div>\n\t\t\t\t<\/div>\n\t\t\t\t<div class=\"elementor-element elementor-element-1d00fdf wpman-list liste-crochet elementor-widget elementor-widget-text-editor\" data-id=\"1d00fdf\" data-element_type=\"widget\" data-widget_type=\"text-editor.default\">\n\t\t\t\t<div class=\"elementor-widget-container\">\n\t\t\t\t\t\t\t\t\t<p data-pm-slice=\"0 0 []\">Faisons de l\u2019IA un levier strat\u00e9gique et bien plus qu&#8217;une simple tendance technologique. Nous collaborons avec des leaders visionnaires qui transforment durablement votre entreprise. Nous vous aidons \u00e0 poser les bonnes questions, \u00e0 structurer les \u00e9tapes cl\u00e9s et \u00e0 faire avancer l\u2019innovation avec rigueur et transparence.<\/p>\t\t\t\t\t\t\t\t<\/div>\n\t\t\t\t<\/div>\n\t\t\t\t<\/div>\n\t\t<div class=\"elementor-element elementor-element-76ef2da e-con-full e-flex e-con e-child\" data-id=\"76ef2da\" data-element_type=\"container\">\n\t\t\t\t<div class=\"elementor-element elementor-element-65c9e1b elementor-widget__width-auto elementor-absolute elementor-view-default elementor-widget elementor-widget-icon\" data-id=\"65c9e1b\" data-element_type=\"widget\" data-settings=\"{&quot;_position&quot;:&quot;absolute&quot;}\" data-widget_type=\"icon.default\">\n\t\t\t\t<div class=\"elementor-widget-container\">\n\t\t\t\t\t\t\t<div class=\"elementor-icon-wrapper\">\n\t\t\t<a class=\"elementor-icon\" href=\"\/fr\/grandes-entreprises\/\">\n\t\t\t<svg aria-hidden=\"true\" class=\"e-font-icon-svg e-fas-caret-right\" viewBox=\"0 0 192 512\" xmlns=\"http:\/\/www.w3.org\/2000\/svg\"><path d=\"M0 384.662V127.338c0-17.818 21.543-26.741 34.142-14.142l128.662 128.662c7.81 7.81 7.81 20.474 0 28.284L34.142 398.804C21.543 411.404 0 402.48 0 384.662z\"><\/path><\/svg>\t\t\t<\/a>\n\t\t<\/div>\n\t\t\t\t\t\t<\/div>\n\t\t\t\t<\/div>\n\t\t\t\t<div class=\"elementor-element elementor-element-a1abda8 elementor-widget elementor-widget-image\" data-id=\"a1abda8\" data-element_type=\"widget\" data-widget_type=\"image.default\">\n\t\t\t\t<div class=\"elementor-widget-container\">\n\t\t\t\t\t\t\t\t\t\t\t\t\t\t\t\t<a href=\"\/fr\/grandes-entreprises\/\">\n\t\t\t\t\t\t\t<img decoding=\"async\" width=\"164\" height=\"164\" src=\"https:\/\/www.crim.ca\/wp-content\/uploads\/2025\/06\/12.jpg\" class=\"attachment-large size-large wp-image-26308\" alt=\"\" srcset=\"https:\/\/www.crim.ca\/wp-content\/uploads\/2025\/06\/12.jpg 164w, https:\/\/www.crim.ca\/wp-content\/uploads\/2025\/06\/12-150x150.jpg 150w\" sizes=\"(max-width: 164px) 100vw, 164px\" \/>\t\t\t\t\t\t\t\t<\/a>\n\t\t\t\t\t\t\t\t\t\t\t\t\t\t\t<\/div>\n\t\t\t\t<\/div>\n\t\t\t\t<\/div>\n\t\t\t\t<\/div>\n\t\t<div data-eael-wrapper-link=\"{&quot;url&quot;:&quot;https:\\\/\\\/www.crim.ca\\\/fr\\\/financement\\\/&quot;,&quot;is_external&quot;:&quot;&quot;,&quot;nofollow&quot;:&quot;&quot;}\" class=\"elementor-element elementor-element-9ef1497 e-con-full e-flex e-con e-child\" data-id=\"9ef1497\" data-element_type=\"container\" data-settings=\"{&quot;background_background&quot;:&quot;classic&quot;}\">\n\t\t<div data-eael-wrapper-link=\"{&quot;url&quot;:&quot;https:\\\/\\\/preproduction.crim.ca\\\/fr\\\/financement\\\/&quot;,&quot;is_external&quot;:&quot;&quot;,&quot;nofollow&quot;:&quot;&quot;}\" class=\"elementor-element elementor-element-f50acae e-con-full e-flex e-con e-child\" data-id=\"f50acae\" data-element_type=\"container\">\n\t\t\t\t<div class=\"elementor-element elementor-element-164d75a elementor-widget elementor-widget-heading\" data-id=\"164d75a\" data-element_type=\"widget\" id=\"couleur-turquoise\" data-widget_type=\"heading.default\">\n\t\t\t\t<div class=\"elementor-widget-container\">\n\t\t\t\t\t<h2 class=\"elementor-heading-title elementor-size-default\">Financement<\/h2>\t\t\t\t<\/div>\n\t\t\t\t<\/div>\n\t\t\t\t<div class=\"elementor-element elementor-element-d8d2414 wpman-list liste-crochet elementor-widget elementor-widget-text-editor\" data-id=\"d8d2414\" data-element_type=\"widget\" data-widget_type=\"text-editor.default\">\n\t\t\t\t<div class=\"elementor-widget-container\">\n\t\t\t\t\t\t\t\t\t<article class=\"text-token-text-primary w-full\" dir=\"auto\" data-testid=\"conversation-turn-4\" data-scroll-anchor=\"true\"><div class=\"text-base my-auto mx-auto py-5 [--thread-content-margin:--spacing(4)] @[37rem]:[--thread-content-margin:--spacing(6)] @[72rem]:[--thread-content-margin:--spacing(16)] px-(--thread-content-margin)\"><div class=\"[--thread-content-max-width:32rem] @[34rem]:[--thread-content-max-width:40rem] @[64rem]:[--thread-content-max-width:48rem] mx-auto flex max-w-(--thread-content-max-width) flex-1 text-base gap-4 md:gap-5 lg:gap-6 group\/turn-messages focus-visible:outline-hidden\"><div class=\"group\/conversation-turn relative flex w-full min-w-0 flex-col agent-turn\"><div class=\"relative flex-col gap-1 md:gap-3\"><div class=\"flex max-w-full flex-col grow\"><div class=\"min-h-8 text-message relative flex w-full flex-col items-end gap-2 text-start break-words whitespace-normal [.text-message+&amp;]:mt-5\" dir=\"auto\" data-message-author-role=\"assistant\" data-message-id=\"d4acd187-fbcf-4b88-8d7f-2c2fcc911d61\" data-message-model-slug=\"gpt-4o\"><div class=\"flex w-full flex-col gap-1 empty:hidden first:pt-[3px]\"><div class=\"markdown prose dark:prose-invert w-full break-words light\"><p data-start=\"0\" data-end=\"234\" data-is-last-node=\"\" data-is-only-node=\"\">Avec 40 ans d\u2019exp\u00e9rience, le CRIM connecte efficacement les organisations aux bons partenaires financiers, des banques aux programmes gouvernementaux. Son r\u00e9seau acc\u00e9l\u00e8re vos d\u00e9marches, r\u00e9duit vos co\u00fbts et simplifie la mise en march\u00e9.<\/p><\/div><\/div><\/div><\/div><\/div><\/div><\/div><\/div><\/article>\t\t\t\t\t\t\t\t<\/div>\n\t\t\t\t<\/div>\n\t\t\t\t<\/div>\n\t\t<div class=\"elementor-element elementor-element-9a05b09 e-con-full e-flex e-con e-child\" data-id=\"9a05b09\" data-element_type=\"container\">\n\t\t\t\t<div class=\"elementor-element elementor-element-28978cb elementor-widget__width-auto elementor-absolute elementor-view-default elementor-widget elementor-widget-icon\" data-id=\"28978cb\" data-element_type=\"widget\" data-settings=\"{&quot;_position&quot;:&quot;absolute&quot;}\" data-widget_type=\"icon.default\">\n\t\t\t\t<div class=\"elementor-widget-container\">\n\t\t\t\t\t\t\t<div class=\"elementor-icon-wrapper\">\n\t\t\t<a class=\"elementor-icon\" href=\"\/fr\/financement\/\">\n\t\t\t<svg aria-hidden=\"true\" class=\"e-font-icon-svg e-fas-caret-right\" viewBox=\"0 0 192 512\" xmlns=\"http:\/\/www.w3.org\/2000\/svg\"><path d=\"M0 384.662V127.338c0-17.818 21.543-26.741 34.142-14.142l128.662 128.662c7.81 7.81 7.81 20.474 0 28.284L34.142 398.804C21.543 411.404 0 402.48 0 384.662z\"><\/path><\/svg>\t\t\t<\/a>\n\t\t<\/div>\n\t\t\t\t\t\t<\/div>\n\t\t\t\t<\/div>\n\t\t\t\t<div class=\"elementor-element elementor-element-ff755a7 elementor-widget elementor-widget-image\" data-id=\"ff755a7\" data-element_type=\"widget\" data-widget_type=\"image.default\">\n\t\t\t\t<div class=\"elementor-widget-container\">\n\t\t\t\t\t\t\t\t\t\t\t\t\t\t\t\t<a href=\"\/fr\/financement\/\">\n\t\t\t\t\t\t\t<img loading=\"lazy\" decoding=\"async\" width=\"164\" height=\"164\" src=\"https:\/\/www.crim.ca\/wp-content\/uploads\/2025\/06\/13.jpg\" class=\"attachment-large size-large wp-image-26310\" alt=\"\" srcset=\"https:\/\/www.crim.ca\/wp-content\/uploads\/2025\/06\/13.jpg 164w, https:\/\/www.crim.ca\/wp-content\/uploads\/2025\/06\/13-150x150.jpg 150w\" sizes=\"(max-width: 164px) 100vw, 164px\" \/>\t\t\t\t\t\t\t\t<\/a>\n\t\t\t\t\t\t\t\t\t\t\t\t\t\t\t<\/div>\n\t\t\t\t<\/div>\n\t\t\t\t<\/div>\n\t\t\t\t<\/div>\n\t\t<div data-eael-wrapper-link=\"{&quot;url&quot;:&quot;\\\/fr\\\/votre-profil-ia\\\/&quot;,&quot;is_external&quot;:&quot;&quot;,&quot;nofollow&quot;:&quot;&quot;}\" class=\"elementor-element elementor-element-774944b e-con-full elementor-hidden-desktop elementor-hidden-tablet elementor-hidden-mobile e-flex e-con e-child\" data-id=\"774944b\" data-element_type=\"container\" data-settings=\"{&quot;background_background&quot;:&quot;classic&quot;}\">\n\t\t<div class=\"elementor-element elementor-element-4e550f8 e-con-full e-flex e-con e-child\" data-id=\"4e550f8\" data-element_type=\"container\">\n\t\t\t\t<div class=\"elementor-element elementor-element-a0321b3 elementor-widget elementor-widget-heading\" data-id=\"a0321b3\" data-element_type=\"widget\" id=\"couleur-turquoise\" data-widget_type=\"heading.default\">\n\t\t\t\t<div class=\"elementor-widget-container\">\n\t\t\t\t\t<h2 class=\"elementor-heading-title elementor-size-default\">Votre profil IA<\/h2>\t\t\t\t<\/div>\n\t\t\t\t<\/div>\n\t\t\t\t<div class=\"elementor-element elementor-element-0d7aac2 wpman-list liste-crochet elementor-widget elementor-widget-text-editor\" data-id=\"0d7aac2\" data-element_type=\"widget\" data-widget_type=\"text-editor.default\">\n\t\t\t\t<div class=\"elementor-widget-container\">\n\t\t\t\t\t\t\t\t\t<p>Lorem ipsum dolor sit amet, consectetuer adipiscing elit. Aenean commodo ligula eget dolor. Aenean massa. Cum sociis natoque penatibus et magnis dis parturient montes, nascetur ridiculus mus. Donec quam felis, ultricies nec, pellentesque eu, pretium quis, sem. Nulla consequat massa quis enim. Donec pede justo, fringilla vel, aliquet nec, vulputate eget, arcu. In enim justo, rhoncus ut, imperdiet a, venenatis vitae, justo. Nullam dictum felis eu pede mollis pretium. Integer tincidunt. Nullam dictum felis eu pede mollis pretium. Integer tincidunt. Nullam dictum felis eu pede mollis pretium. Integer tincidunt.\u00a0<\/p>\t\t\t\t\t\t\t\t<\/div>\n\t\t\t\t<\/div>\n\t\t\t\t<\/div>\n\t\t<div class=\"elementor-element elementor-element-d85ebff e-con-full e-flex e-con e-child\" data-id=\"d85ebff\" data-element_type=\"container\">\n\t\t\t\t<div class=\"elementor-element elementor-element-a3cbeb5 elementor-widget__width-auto elementor-absolute elementor-view-default elementor-widget elementor-widget-icon\" data-id=\"a3cbeb5\" data-element_type=\"widget\" data-settings=\"{&quot;_position&quot;:&quot;absolute&quot;}\" data-widget_type=\"icon.default\">\n\t\t\t\t<div class=\"elementor-widget-container\">\n\t\t\t\t\t\t\t<div class=\"elementor-icon-wrapper\">\n\t\t\t<div class=\"elementor-icon\">\n\t\t\t<svg aria-hidden=\"true\" class=\"e-font-icon-svg e-fas-caret-right\" viewBox=\"0 0 192 512\" xmlns=\"http:\/\/www.w3.org\/2000\/svg\"><path d=\"M0 384.662V127.338c0-17.818 21.543-26.741 34.142-14.142l128.662 128.662c7.81 7.81 7.81 20.474 0 28.284L34.142 398.804C21.543 411.404 0 402.48 0 384.662z\"><\/path><\/svg>\t\t\t<\/div>\n\t\t<\/div>\n\t\t\t\t\t\t<\/div>\n\t\t\t\t<\/div>\n\t\t\t\t<div class=\"elementor-element elementor-element-c759d80 elementor-widget elementor-widget-image\" data-id=\"c759d80\" data-element_type=\"widget\" data-widget_type=\"image.default\">\n\t\t\t\t<div class=\"elementor-widget-container\">\n\t\t\t\t\t\t\t\t\t\t\t\t\t\t\t<img loading=\"lazy\" decoding=\"async\" width=\"164\" height=\"164\" src=\"https:\/\/www.crim.ca\/wp-content\/uploads\/2025\/06\/14.jpg\" class=\"attachment-large size-large wp-image-26312\" alt=\"\" srcset=\"https:\/\/www.crim.ca\/wp-content\/uploads\/2025\/06\/14.jpg 164w, https:\/\/www.crim.ca\/wp-content\/uploads\/2025\/06\/14-150x150.jpg 150w\" sizes=\"(max-width: 164px) 100vw, 164px\" \/>\t\t\t\t\t\t\t\t\t\t\t\t\t\t\t<\/div>\n\t\t\t\t<\/div>\n\t\t\t\t<\/div>\n\t\t\t\t<\/div>\n\t\t\t\t\t<\/div>\n\t\t\t\t<\/div>\n\t\t\t\t<\/div>\n\t\t","protected":false},"excerpt":{"rendered":"<p>Accompagnement Gr\u00e2ce \u00e0 un accompagnement ax\u00e9 sur le transfert de connaissances et de technologies de pointe, le CRIM aide les organisations \u00e0 passer \u00e0 l\u2019action. Il livre des solutions technologiques structurantes et partage les meilleures pratiques pour maximiser leur impact social et atteindre l\u2019excellence num\u00e9rique. Innovation Industrielle Le Centre de recherche informatique de Montr\u00e9al (CRIM) [&hellip;]<\/p>\n","protected":false},"author":34,"featured_media":14435,"parent":0,"menu_order":0,"comment_status":"closed","ping_status":"closed","template":"","meta":{"_acf_changed":false,"footnotes":"","_links_to":"","_links_to_target":""},"class_list":["post-26672","page","type-page","status-publish","has-post-thumbnail","hentry"],"acf":[],"_links":{"self":[{"href":"https:\/\/www.crim.ca\/fr\/wp-json\/wp\/v2\/pages\/26672","targetHints":{"allow":["GET"]}}],"collection":[{"href":"https:\/\/www.crim.ca\/fr\/wp-json\/wp\/v2\/pages"}],"about":[{"href":"https:\/\/www.crim.ca\/fr\/wp-json\/wp\/v2\/types\/page"}],"author":[{"embeddable":true,"href":"https:\/\/www.crim.ca\/fr\/wp-json\/wp\/v2\/users\/34"}],"replies":[{"embeddable":true,"href":"https:\/\/www.crim.ca\/fr\/wp-json\/wp\/v2\/comments?post=26672"}],"version-history":[{"count":16,"href":"https:\/\/www.crim.ca\/fr\/wp-json\/wp\/v2\/pages\/26672\/revisions"}],"predecessor-version":[{"id":26979,"href":"https:\/\/www.crim.ca\/fr\/wp-json\/wp\/v2\/pages\/26672\/revisions\/26979"}],"wp:featuredmedia":[{"embeddable":true,"href":"https:\/\/www.crim.ca\/fr\/wp-json\/wp\/v2\/media\/14435"}],"wp:attachment":[{"href":"https:\/\/www.crim.ca\/fr\/wp-json\/wp\/v2\/media?parent=26672"}],"curies":[{"name":"wp","href":"https:\/\/api.w.org\/{rel}","templated":true}]}}