{"id":26687,"date":"2025-06-09T14:47:44","date_gmt":"2025-06-09T18:47:44","guid":{"rendered":"https:\/\/www.crim.ca\/?page_id=26687"},"modified":"2025-09-25T08:47:45","modified_gmt":"2025-09-25T12:47:45","slug":"innovation-industrielle","status":"publish","type":"page","link":"https:\/\/www.crim.ca\/fr\/innovation-industrielle\/","title":{"rendered":"Innovation industrielle"},"content":{"rendered":"\t\t<div data-elementor-type=\"wp-page\" data-elementor-id=\"26687\" class=\"elementor elementor-26687\" data-elementor-post-type=\"page\">\n\t\t\t\t<div class=\"elementor-element elementor-element-778be09 e-flex e-con-boxed e-con e-parent\" data-id=\"778be09\" data-element_type=\"container\">\n\t\t\t\t\t<div class=\"e-con-inner\">\n\t\t<div class=\"elementor-element elementor-element-6b4ee3b e-con-full e-flex e-con e-child\" data-id=\"6b4ee3b\" data-element_type=\"container\">\n\t\t\t\t<div class=\"elementor-element elementor-element-bf22be5 h2-tiret-gauche elementor-widget elementor-widget-heading\" data-id=\"bf22be5\" data-element_type=\"widget\" id=\"couleur-turquoise\" data-widget_type=\"heading.default\">\n\t\t\t\t<div class=\"elementor-widget-container\">\n\t\t\t\t\t<h2 class=\"elementor-heading-title elementor-size-default\">Partenaire en innovation industrielle et intelligence artificielle<\/h2>\t\t\t\t<\/div>\n\t\t\t\t<\/div>\n\t\t\t\t<div class=\"elementor-element elementor-element-fdf511b wpman-list liste-crochet elementor-widget elementor-widget-text-editor\" data-id=\"fdf511b\" data-element_type=\"widget\" data-widget_type=\"text-editor.default\">\n\t\t\t\t<div class=\"elementor-widget-container\">\n\t\t\t\t\t\t\t\t\t<p>Le CRIM rassemble connaissances, comp\u00e9tences et infrastructures pour mener des projets de recherche et d\u00e9veloppement avec des partenaires publics et industriels. En int\u00e9grant l\u2019intelligence artificielle, nous accompagnons des initiatives innovantes dans divers secteurs, comme la gestion des infrastructures d\u2019eau, l\u2019immobilier et les syst\u00e8mes municipaux, afin d\u2019offrir des solutions technologiques et sociales concr\u00e8tes qui renforcent l\u2019impact \u00e9conomique et soci\u00e9tal de ses partenaires.<\/p><p>Nous construisons, en collaboration avec nos partenaires, des projets technologiques sur mesure qui r\u00e9duisent les incertitudes, acc\u00e9l\u00e8rent la commercialisation et renforcent la comp\u00e9titivit\u00e9 des entreprises\u200b.<\/p><p>Au quotidien\u00a0:<\/p><ul><li>nous testons et validons des solutions innovantes avant leur mise en march\u00e9<\/li><li>nous aidons les organisations qu\u00e9b\u00e9coises \u00e0 moderniser rapidement leurs services<\/li><li>nous cr\u00e9ons un effet structurant durable sur l\u2019\u00e9cosyst\u00e8me qu\u00e9b\u00e9cois de recherche en jouant un r\u00f4le d\u2019incubateur d\u2019expertise<\/li><li>nous veillons \u00e0 ce que les technologies que nous d\u00e9veloppons soient utiles, accessibles et adapt\u00e9es aux besoins r\u00e9els des organisations<\/li><\/ul>\t\t\t\t\t\t\t\t<\/div>\n\t\t\t\t<\/div>\n\t\t\t\t<\/div>\n\t\t\t\t\t<\/div>\n\t\t\t\t<\/div>\n\t\t<div class=\"elementor-element elementor-element-0192cff e-flex e-con-boxed e-con e-parent\" data-id=\"0192cff\" data-element_type=\"container\">\n\t\t\t\t\t<div class=\"e-con-inner\">\n\t\t<div class=\"elementor-element elementor-element-7a68557 e-con-full e-flex e-con e-child\" data-id=\"7a68557\" data-element_type=\"container\">\n\t\t\t\t<div class=\"elementor-element elementor-element-a1484bb h2-tiret-gauche elementor-widget elementor-widget-heading\" data-id=\"a1484bb\" data-element_type=\"widget\" id=\"couleur-turquoise\" data-widget_type=\"heading.default\">\n\t\t\t\t<div class=\"elementor-widget-container\">\n\t\t\t\t\t<h2 class=\"elementor-heading-title elementor-size-default\">De l\u2019id\u00e9ation au prototype : une co-construction personnalis\u00e9e et transfert de connaissances<\/h2>\t\t\t\t<\/div>\n\t\t\t\t<\/div>\n\t\t\t\t<div class=\"elementor-element elementor-element-9060069 wpman-list liste-crochet elementor-widget elementor-widget-text-editor\" data-id=\"9060069\" data-element_type=\"widget\" data-widget_type=\"text-editor.default\">\n\t\t\t\t<div class=\"elementor-widget-container\">\n\t\t\t\t\t\t\t\t\t<p><span data-teams=\"true\">Nous accompagnons chaque entreprise d\u00e8s la phase d\u2019id\u00e9ation pour transformer une id\u00e9e en une preuve de concept ou un prototype tangible. <\/span><\/p><p><span data-teams=\"true\">Notre approche se distingue par la co-construction avec les experts techniques de nos clients. Nous veillons \u00e0 ce que l\u2019entreprise s\u2019approprie pleinement la solution gr\u00e2ce \u00e0 un transfert de connaissances, \u00e9vitant ainsi la livraison d\u2019une \u00ab bo\u00eete noire \u00bb.<\/span><\/p>\t\t\t\t\t\t\t\t<\/div>\n\t\t\t\t<\/div>\n\t\t\t\t<\/div>\n\t\t\t\t\t<\/div>\n\t\t\t\t<\/div>\n\t\t<div class=\"elementor-element elementor-element-9f78b07 e-flex e-con-boxed e-con e-parent\" data-id=\"9f78b07\" data-element_type=\"container\">\n\t\t\t\t\t<div class=\"e-con-inner\">\n\t\t<div class=\"elementor-element elementor-element-87adcf6 e-con-full e-flex e-con e-child\" data-id=\"87adcf6\" data-element_type=\"container\">\n\t\t\t\t<div class=\"elementor-element elementor-element-a3ff437 h2-tiret-gauche elementor-widget elementor-widget-heading\" data-id=\"a3ff437\" data-element_type=\"widget\" id=\"couleur-turquoise\" data-widget_type=\"heading.default\">\n\t\t\t\t<div class=\"elementor-widget-container\">\n\t\t\t\t\t<h2 class=\"elementor-heading-title elementor-size-default\">Renforcer la productivit\u00e9, la comp\u00e9titivit\u00e9 et l\u2019alignement strat\u00e9gique<\/h2>\t\t\t\t<\/div>\n\t\t\t\t<\/div>\n\t\t\t\t<div class=\"elementor-element elementor-element-3e2bf63 wpman-list liste-crochet elementor-widget elementor-widget-text-editor\" data-id=\"3e2bf63\" data-element_type=\"widget\" data-widget_type=\"text-editor.default\">\n\t\t\t\t<div class=\"elementor-widget-container\">\n\t\t\t\t\t\t\t\t\t<p>Le d\u00e9veloppement exp\u00e9rimental au CRIM est con\u00e7u pour renforcer la productivit\u00e9 et la comp\u00e9titivit\u00e9 de nos partenaires. <br \/><br \/>En s\u2019appuyant sur les besoins d\u2019affaires, nous permettons aux entreprises d\u2019innover de mani\u00e8re cibl\u00e9e et pertinente. Cela se traduit par une meilleure efficacit\u00e9 op\u00e9rationnelle, une adaptation plus rapide aux d\u00e9fis du march\u00e9, et un avantage concurrentiel renforc\u00e9.<\/p>\t\t\t\t\t\t\t\t<\/div>\n\t\t\t\t<\/div>\n\t\t\t\t<\/div>\n\t\t\t\t\t<\/div>\n\t\t\t\t<\/div>\n\t\t<div class=\"elementor-element elementor-element-f5e9a0c e-flex e-con-boxed e-con e-parent\" data-id=\"f5e9a0c\" data-element_type=\"container\">\n\t\t\t\t\t<div class=\"e-con-inner\">\n\t\t<div class=\"elementor-element elementor-element-719401e e-con-full e-flex e-con e-child\" data-id=\"719401e\" data-element_type=\"container\">\n\t\t\t\t<div class=\"elementor-element elementor-element-64feedc h2-tiret-gauche elementor-widget elementor-widget-heading\" data-id=\"64feedc\" data-element_type=\"widget\" id=\"couleur-turquoise\" data-widget_type=\"heading.default\">\n\t\t\t\t<div class=\"elementor-widget-container\">\n\t\t\t\t\t<h2 class=\"elementor-heading-title elementor-size-default\">Un levier d\u2019innovation align\u00e9 sur vos objectifs d\u2019affaires<\/h2>\t\t\t\t<\/div>\n\t\t\t\t<\/div>\n\t\t\t\t<div class=\"elementor-element elementor-element-e85977f wpman-list liste-crochet elementor-widget elementor-widget-text-editor\" data-id=\"e85977f\" data-element_type=\"widget\" data-widget_type=\"text-editor.default\">\n\t\t\t\t<div class=\"elementor-widget-container\">\n\t\t\t\t\t\t\t\t\t<p>En int\u00e9grant le d\u00e9veloppement exp\u00e9rimental dans leur strat\u00e9gie, les entreprises b\u00e9n\u00e9ficient d\u2019une approche qui r\u00e9pond pr\u00e9cis\u00e9ment \u00e0 leurs enjeux d\u2019affaires. Chaque prototype et solution d\u00e9velopp\u00e9e est pens\u00e9e pour maximiser la valeur ajout\u00e9e, tout en assurant un alignement strat\u00e9gique fort avec les objectifs de l\u2019entreprise.<\/p>\t\t\t\t\t\t\t\t<\/div>\n\t\t\t\t<\/div>\n\t\t\t\t<\/div>\n\t\t\t\t\t<\/div>\n\t\t\t\t<\/div>\n\t\t<div class=\"elementor-element elementor-element-5223d58 e-flex e-con-boxed e-con e-parent\" data-id=\"5223d58\" data-element_type=\"container\">\n\t\t\t\t\t<div class=\"e-con-inner\">\n\t\t<div class=\"elementor-element elementor-element-cce4227 e-con-full e-flex e-con e-child\" data-id=\"cce4227\" data-element_type=\"container\">\n\t\t\t\t<div class=\"elementor-element elementor-element-b72f805 h2-tiret-gauche elementor-widget elementor-widget-heading\" data-id=\"b72f805\" data-element_type=\"widget\" id=\"couleur-turquoise\" data-widget_type=\"heading.default\">\n\t\t\t\t<div class=\"elementor-widget-container\">\n\t\t\t\t\t<h2 class=\"elementor-heading-title elementor-size-default\">Une approche transparente et un partage de la propri\u00e9t\u00e9 intellectuelle<\/h2>\t\t\t\t<\/div>\n\t\t\t\t<\/div>\n\t\t\t\t<div class=\"elementor-element elementor-element-88127de wpman-list liste-crochet elementor-widget elementor-widget-text-editor\" data-id=\"88127de\" data-element_type=\"widget\" data-widget_type=\"text-editor.default\">\n\t\t\t\t<div class=\"elementor-widget-container\">\n\t\t\t\t\t\t\t\t\t<p>En plus de la transparence, nous accordons une importance particuli\u00e8re \u00e0 la question de la propri\u00e9t\u00e9 intellectuelle. Les solutions d\u00e9velopp\u00e9es en collaboration avec le CRIM respectent des modalit\u00e9s claires pour que nos clients d\u00e9tiennent la pleine ma\u00eetrise des innovations cr\u00e9\u00e9es.<\/p><p>Ainsi, l\u2019entreprise peut exploiter et faire \u00e9voluer les solutions en toute confiance, tout en b\u00e9n\u00e9ficiant de l\u2019accompagnement de nos \u00e9quipes.<\/p>\t\t\t\t\t\t\t\t<\/div>\n\t\t\t\t<\/div>\n\t\t\t\t<\/div>\n\t\t\t\t\t<\/div>\n\t\t\t\t<\/div>\n\t\t<div class=\"elementor-element elementor-element-fe63551 e-flex e-con-boxed e-con e-parent\" data-id=\"fe63551\" data-element_type=\"container\">\n\t\t\t\t\t<div class=\"e-con-inner\">\n\t\t<div class=\"elementor-element elementor-element-e5a1fa6 e-con-full e-flex e-con e-child\" data-id=\"e5a1fa6\" data-element_type=\"container\">\n\t\t\t\t<div class=\"elementor-element elementor-element-629d70b h2-tiret-gauche elementor-widget elementor-widget-heading\" data-id=\"629d70b\" data-element_type=\"widget\" id=\"couleur-turquoise\" data-widget_type=\"heading.default\">\n\t\t\t\t<div class=\"elementor-widget-container\">\n\t\t\t\t\t<h2 class=\"elementor-heading-title elementor-size-default\">Comment Bridgestone Canada optimise sa production gr\u00e2ce \u00e0 l'intelligence artificielle<\/h2>\t\t\t\t<\/div>\n\t\t\t\t<\/div>\n\t\t\t\t<div class=\"elementor-element elementor-element-9407170 wpman-list liste-crochet elementor-widget elementor-widget-text-editor\" data-id=\"9407170\" data-element_type=\"widget\" data-widget_type=\"text-editor.default\">\n\t\t\t\t<div class=\"elementor-widget-container\">\n\t\t\t\t\t\t\t\t\t<p>Dans notre s\u00e9rie <a href=\"\/fr\/succes-ia\/\">Succ\u00e8s IA<\/a>, d\u00e9couvrez comment l\u2019IA, combin\u00e9e \u00e0 une approche humaine et collaborative, peut transformer des d\u00e9fis industriels en opportunit\u00e9s chez Bridgestone Canada avec une fabrication plus agile et durable, renfor\u00e7ant son leadership et son innovation dans le secteur manufacturier.<\/p>\t\t\t\t\t\t\t\t<\/div>\n\t\t\t\t<\/div>\n\t\t\t\t<div class=\"elementor-element elementor-element-1ef8f35 elementor-widget elementor-widget-video\" data-id=\"1ef8f35\" data-element_type=\"widget\" data-settings=\"{&quot;youtube_url&quot;:&quot;https:\\\/\\\/www.youtube.com\\\/watch?v=Ig73ghwZxdE&quot;,&quot;video_type&quot;:&quot;youtube&quot;,&quot;controls&quot;:&quot;yes&quot;}\" data-widget_type=\"video.default\">\n\t\t\t\t<div class=\"elementor-widget-container\">\n\t\t\t\t\t\t\t<div class=\"elementor-wrapper elementor-open-inline\">\n\t\t\t<div class=\"elementor-video\"><\/div>\t\t<\/div>\n\t\t\t\t\t\t<\/div>\n\t\t\t\t<\/div>\n\t\t\t\t<div data-dce-title-color=\"#000000\" class=\"elementor-element elementor-element-dbaabcb elementor-widget elementor-widget-heading\" data-id=\"dbaabcb\" data-element_type=\"widget\" data-widget_type=\"heading.default\">\n\t\t\t\t<div class=\"elementor-widget-container\">\n\t\t\t\t\t<h2 class=\"elementor-heading-title elementor-size-default\">L'innovation en action<\/h2>\t\t\t\t<\/div>\n\t\t\t\t<\/div>\n\t\t<div class=\"elementor-element elementor-element-4ecba45 e-grid e-con-full e-con e-child\" data-id=\"4ecba45\" data-element_type=\"container\">\n\t\t\t\t<div class=\"elementor-element elementor-element-93ea3fb elementor-widget elementor-widget-video\" data-id=\"93ea3fb\" data-element_type=\"widget\" data-settings=\"{&quot;youtube_url&quot;:&quot;https:\\\/\\\/www.youtube.com\\\/watch?app=desktop&amp;v=i0J452irW4s&quot;,&quot;video_type&quot;:&quot;youtube&quot;,&quot;controls&quot;:&quot;yes&quot;}\" data-widget_type=\"video.default\">\n\t\t\t\t<div class=\"elementor-widget-container\">\n\t\t\t\t\t\t\t<div class=\"elementor-wrapper elementor-open-inline\">\n\t\t\t<div class=\"elementor-video\"><\/div>\t\t<\/div>\n\t\t\t\t\t\t<\/div>\n\t\t\t\t<\/div>\n\t\t\t\t<div class=\"elementor-element elementor-element-bf788c6 elementor-widget elementor-widget-video\" data-id=\"bf788c6\" data-element_type=\"widget\" data-settings=\"{&quot;youtube_url&quot;:&quot;https:\\\/\\\/www.youtube.com\\\/watch?v=xkm7GjLoDV8&quot;,&quot;video_type&quot;:&quot;youtube&quot;,&quot;controls&quot;:&quot;yes&quot;}\" data-widget_type=\"video.default\">\n\t\t\t\t<div class=\"elementor-widget-container\">\n\t\t\t\t\t\t\t<div class=\"elementor-wrapper elementor-open-inline\">\n\t\t\t<div class=\"elementor-video\"><\/div>\t\t<\/div>\n\t\t\t\t\t\t<\/div>\n\t\t\t\t<\/div>\n\t\t\t\t<div class=\"elementor-element elementor-element-3eafa29 elementor-widget elementor-widget-video\" data-id=\"3eafa29\" data-element_type=\"widget\" data-settings=\"{&quot;youtube_url&quot;:&quot;https:\\\/\\\/www.youtube.com\\\/watch?v=_lO8u6A8DJ8&quot;,&quot;video_type&quot;:&quot;youtube&quot;,&quot;controls&quot;:&quot;yes&quot;}\" data-widget_type=\"video.default\">\n\t\t\t\t<div class=\"elementor-widget-container\">\n\t\t\t\t\t\t\t<div class=\"elementor-wrapper elementor-open-inline\">\n\t\t\t<div class=\"elementor-video\"><\/div>\t\t<\/div>\n\t\t\t\t\t\t<\/div>\n\t\t\t\t<\/div>\n\t\t\t\t<\/div>\n\t\t\t\t<\/div>\n\t\t\t\t\t<\/div>\n\t\t\t\t<\/div>\n\t\t<div class=\"elementor-element elementor-element-9e277f7 e-flex e-con-boxed e-con e-parent\" data-id=\"9e277f7\" data-element_type=\"container\">\n\t\t\t\t\t<div class=\"e-con-inner\">\n\t\t\t\t\t<\/div>\n\t\t\t\t<\/div>\n\t\t\t\t<\/div>\n\t\t","protected":false},"excerpt":{"rendered":"<p>Partenaire en innovation industrielle et intelligence artificielle Le CRIM rassemble connaissances, comp\u00e9tences et infrastructures pour mener des projets de recherche et d\u00e9veloppement avec des partenaires publics et industriels. En int\u00e9grant l\u2019intelligence artificielle, nous accompagnons des initiatives innovantes dans divers secteurs, comme la gestion des infrastructures d\u2019eau, l\u2019immobilier et les syst\u00e8mes municipaux, afin d\u2019offrir des solutions [&hellip;]<\/p>\n","protected":false},"author":34,"featured_media":14435,"parent":0,"menu_order":0,"comment_status":"closed","ping_status":"closed","template":"","meta":{"_acf_changed":false,"footnotes":"","_links_to":"","_links_to_target":""},"class_list":["post-26687","page","type-page","status-publish","has-post-thumbnail","hentry"],"acf":[],"_links":{"self":[{"href":"https:\/\/www.crim.ca\/fr\/wp-json\/wp\/v2\/pages\/26687","targetHints":{"allow":["GET"]}}],"collection":[{"href":"https:\/\/www.crim.ca\/fr\/wp-json\/wp\/v2\/pages"}],"about":[{"href":"https:\/\/www.crim.ca\/fr\/wp-json\/wp\/v2\/types\/page"}],"author":[{"embeddable":true,"href":"https:\/\/www.crim.ca\/fr\/wp-json\/wp\/v2\/users\/34"}],"replies":[{"embeddable":true,"href":"https:\/\/www.crim.ca\/fr\/wp-json\/wp\/v2\/comments?post=26687"}],"version-history":[{"count":28,"href":"https:\/\/www.crim.ca\/fr\/wp-json\/wp\/v2\/pages\/26687\/revisions"}],"predecessor-version":[{"id":27967,"href":"https:\/\/www.crim.ca\/fr\/wp-json\/wp\/v2\/pages\/26687\/revisions\/27967"}],"wp:featuredmedia":[{"embeddable":true,"href":"https:\/\/www.crim.ca\/fr\/wp-json\/wp\/v2\/media\/14435"}],"wp:attachment":[{"href":"https:\/\/www.crim.ca\/fr\/wp-json\/wp\/v2\/media?parent=26687"}],"curies":[{"name":"wp","href":"https:\/\/api.w.org\/{rel}","templated":true}]}}