{"id":26695,"date":"2025-06-09T14:50:20","date_gmt":"2025-06-09T18:50:20","guid":{"rendered":"https:\/\/www.crim.ca\/?page_id=26695"},"modified":"2025-07-24T14:55:21","modified_gmt":"2025-07-24T18:55:21","slug":"grandes-entreprises","status":"publish","type":"page","link":"https:\/\/www.crim.ca\/fr\/grandes-entreprises\/","title":{"rendered":"Collaboration grandes entreprises"},"content":{"rendered":"\t\t<div data-elementor-type=\"wp-page\" data-elementor-id=\"26695\" class=\"elementor elementor-26695\" data-elementor-post-type=\"page\">\n\t\t\t\t<div class=\"elementor-element elementor-element-1ba97dc e-flex e-con-boxed e-con e-parent\" data-id=\"1ba97dc\" data-element_type=\"container\" data-settings=\"{&quot;animation&quot;:&quot;none&quot;}\">\n\t\t\t\t\t<div class=\"e-con-inner\">\n\t\t<div class=\"elementor-element elementor-element-61152a9 e-con-full e-flex e-con e-child\" data-id=\"61152a9\" data-element_type=\"container\" data-settings=\"{&quot;background_background&quot;:&quot;classic&quot;}\">\n\t\t\t\t<div class=\"elementor-element elementor-element-1f3355a elementor-widget elementor-widget-image\" data-id=\"1f3355a\" data-element_type=\"widget\" data-widget_type=\"image.default\">\n\t\t\t\t<div class=\"elementor-widget-container\">\n\t\t\t\t\t\t\t\t\t\t\t\t\t\t\t<img decoding=\"async\" width=\"206\" height=\"187\" src=\"https:\/\/www.crim.ca\/wp-content\/uploads\/2025\/06\/grande-entreprise.png\" class=\"attachment-large size-large wp-image-26328\" alt=\"\" \/>\t\t\t\t\t\t\t\t\t\t\t\t\t\t\t<\/div>\n\t\t\t\t<\/div>\n\t\t\t\t<\/div>\n\t\t<div class=\"elementor-element elementor-element-f7de0e6 e-con-full e-flex e-con e-child\" data-id=\"f7de0e6\" data-element_type=\"container\" data-settings=\"{&quot;background_background&quot;:&quot;classic&quot;}\">\n\t\t<div class=\"elementor-element elementor-element-095acd8 e-con-full e-flex e-con e-child\" data-id=\"095acd8\" data-element_type=\"container\">\n\t\t\t\t<div class=\"elementor-element elementor-element-bf76466 elementor-widget elementor-widget-heading\" data-id=\"bf76466\" data-element_type=\"widget\" data-widget_type=\"heading.default\">\n\t\t\t\t<div class=\"elementor-widget-container\">\n\t\t\t\t\t<h2 class=\"elementor-heading-title elementor-size-default\">L\u2019IA comme levier strat\u00e9gique \u2014 pas juste une tendance<\/h2>\t\t\t\t<\/div>\n\t\t\t\t<\/div>\n\t\t\t\t<div class=\"elementor-element elementor-element-78bb119 wpman-list liste-crochet elementor-widget elementor-widget-text-editor\" data-id=\"78bb119\" data-element_type=\"widget\" data-widget_type=\"text-editor.default\">\n\t\t\t\t<div class=\"elementor-widget-container\">\n\t\t\t\t\t\t\t\t\t<p>Vos \u00e9quipes techniques et vos laboratoires internes d\u00e9veloppent des preuves de concept et des prototypes. Le CRIM est l\u00e0 pour aller plus loin. Nous ne vendons pas de solutions toutes faites : nous vous aidons \u00e0 poser les bonnes questions, \u00e0 structurer les bonnes \u00e9tapes et \u00e0 innover avec rigueur et impact.<\/p>\t\t\t\t\t\t\t\t<\/div>\n\t\t\t\t<\/div>\n\t\t\t\t<\/div>\n\t\t\t\t<\/div>\n\t\t\t\t\t<\/div>\n\t\t\t\t<\/div>\n\t\t<div class=\"elementor-element elementor-element-f99ed84 e-flex e-con-boxed e-con e-parent\" data-id=\"f99ed84\" data-element_type=\"container\">\n\t\t\t\t\t<div class=\"e-con-inner\">\n\t\t<div class=\"elementor-element elementor-element-cca3be9 e-con-full e-flex e-con e-child\" data-id=\"cca3be9\" data-element_type=\"container\">\n\t\t\t\t<div class=\"elementor-element elementor-element-ba33d0a h2-tiret-gauche elementor-widget elementor-widget-heading\" data-id=\"ba33d0a\" data-element_type=\"widget\" id=\"couleur-turquoise\" data-widget_type=\"heading.default\">\n\t\t\t\t<div class=\"elementor-widget-container\">\n\t\t\t\t\t<h2 class=\"elementor-heading-title elementor-size-default\">Donn\u00e9es : r\u00e9v\u00e9lez leur plein potentiel<\/h2>\t\t\t\t<\/div>\n\t\t\t\t<\/div>\n\t\t\t\t<div class=\"elementor-element elementor-element-3e5abc1 wpman-list elementor-widget elementor-widget-text-editor\" data-id=\"3e5abc1\" data-element_type=\"widget\" data-widget_type=\"text-editor.default\">\n\t\t\t\t<div class=\"elementor-widget-container\">\n\t\t\t\t\t\t\t\t\t<p>Votre entreprise poss\u00e8de d\u2019importantes bases de donn\u00e9es. Mais connaissez-vous r\u00e9ellement la valeur de ces donn\u00e9es?<\/p><p>Nos experts interviennent pour :<\/p><ul><li>d\u00e9tecter les sources \u00e0 forte valeur ajout\u00e9e;<\/li><li>d\u00e9finir leur potentiel de transformation en projets concrets;<\/li><li>identifier les leviers de comp\u00e9titivit\u00e9 cach\u00e9s.<\/li><\/ul><h4>Notre objectif : vous aider \u00e0 convertir vos donn\u00e9es en productivit\u00e9 et avantage strat\u00e9gique.<\/h4>\t\t\t\t\t\t\t\t<\/div>\n\t\t\t\t<\/div>\n\t\t\t\t<\/div>\n\t\t\t\t\t<\/div>\n\t\t\t\t<\/div>\n\t\t<div class=\"elementor-element elementor-element-6595966 e-flex e-con-boxed e-con e-parent\" data-id=\"6595966\" data-element_type=\"container\" data-settings=\"{&quot;background_background&quot;:&quot;classic&quot;}\">\n\t\t\t\t\t<div class=\"e-con-inner\">\n\t\t<div class=\"elementor-element elementor-element-3b3ad52 e-con-full e-flex e-con e-child\" data-id=\"3b3ad52\" data-element_type=\"container\">\n\t\t\t\t<div class=\"elementor-element elementor-element-a3d31c5 h2-tiret-gauche elementor-widget elementor-widget-heading\" data-id=\"a3d31c5\" data-element_type=\"widget\" id=\"couleur-turquoise\" data-widget_type=\"heading.default\">\n\t\t\t\t<div class=\"elementor-widget-container\">\n\t\t\t\t\t<h2 class=\"elementor-heading-title elementor-size-default\">Projets \u00e0 haute incertitude : acc\u00e9l\u00e9rez, d\u00e9risquez<\/h2>\t\t\t\t<\/div>\n\t\t\t\t<\/div>\n\t\t\t\t<div class=\"elementor-element elementor-element-dbeaec1 wpman-list elementor-widget elementor-widget-text-editor\" data-id=\"dbeaec1\" data-element_type=\"widget\" data-widget_type=\"text-editor.default\">\n\t\t\t\t<div class=\"elementor-widget-container\">\n\t\t\t\t\t\t\t\t\t<p>Les projets \u00e0 faible incertitude sont souvent g\u00e9r\u00e9s \u00e0 l\u2019interne. Pour ceux \u00e0 plus haut risque technologique ou scientifique, le CRIM devient votre alli\u00e9.<\/p><p>En collaborant avec vos \u00e9quipes, nous int\u00e9grons notre expertise \u00e0 la v\u00f4tre afin de :<\/p><ul><li>d\u00e9risquer les initiatives complexes;<\/li><li>acc\u00e9l\u00e9rer le d\u00e9veloppement;<\/li><li>maximiser l\u2019impact tout en contr\u00f4lant les co\u00fbts.<\/li><\/ul><h4>Un partenaire exp\u00e9riment\u00e9 peut faire toute la diff\u00e9rence quand les enjeux sont \u00e9lev\u00e9s.<\/h4>\t\t\t\t\t\t\t\t<\/div>\n\t\t\t\t<\/div>\n\t\t\t\t<\/div>\n\t\t\t\t\t<\/div>\n\t\t\t\t<\/div>\n\t\t<div class=\"elementor-element elementor-element-fc555a7 e-flex e-con-boxed e-con e-parent\" data-id=\"fc555a7\" data-element_type=\"container\">\n\t\t\t\t\t<div class=\"e-con-inner\">\n\t\t<div class=\"elementor-element elementor-element-1a6788e e-con-full e-flex e-con e-child\" data-id=\"1a6788e\" data-element_type=\"container\">\n\t\t\t\t<div class=\"elementor-element elementor-element-e04f043 h2-tiret-gauche elementor-widget elementor-widget-heading\" data-id=\"e04f043\" data-element_type=\"widget\" id=\"couleur-turquoise\" data-widget_type=\"heading.default\">\n\t\t\t\t<div class=\"elementor-widget-container\">\n\t\t\t\t\t<h2 class=\"elementor-heading-title elementor-size-default\">Une IA de confiance, robuste et explicable<\/h2>\t\t\t\t<\/div>\n\t\t\t\t<\/div>\n\t\t\t\t<div class=\"elementor-element elementor-element-4c79aa3 wpman-list liste-crochet elementor-widget elementor-widget-text-editor\" data-id=\"4c79aa3\" data-element_type=\"widget\" data-widget_type=\"text-editor.default\">\n\t\t\t\t<div class=\"elementor-widget-container\">\n\t\t\t\t\t\t\t\t\t<p>Vous voyez le potentiel de l\u2019IA dans certaines de vos activit\u00e9s, mais vous vous interrogez :<\/p>\t\t\t\t\t\t\t\t<\/div>\n\t\t\t\t<\/div>\n\t\t\t\t<div class=\"elementor-element elementor-element-c7134b2 wpman-list liste-crochet elementor-widget elementor-widget-text-editor\" data-id=\"c7134b2\" data-element_type=\"widget\" data-widget_type=\"text-editor.default\">\n\t\t\t\t<div class=\"elementor-widget-container\">\n\t\t\t\t\t\t\t\t\t<h5><em>\u00ab Mon mod\u00e8le est-il assez transparent? Assez robuste? Peut-il \u00eatre expliqu\u00e9 \u00e0 un non-sp\u00e9cialiste? \u00bb<\/em><\/h5>\t\t\t\t\t\t\t\t<\/div>\n\t\t\t\t<\/div>\n\t\t\t\t<div class=\"elementor-element elementor-element-dddac0d wpman-list liste-crochet elementor-widget elementor-widget-text-editor\" data-id=\"dddac0d\" data-element_type=\"widget\" data-widget_type=\"text-editor.default\">\n\t\t\t\t<div class=\"elementor-widget-container\">\n\t\t\t\t\t\t\t\t\t<p>Pour b\u00e2tir la confiance \u2014 aupr\u00e8s de vos \u00e9quipes comme de vos clients \u2014 il faut des fondations solides. Le CRIM vous accompagne dans cette d\u00e9marche avec :<\/p><ul><li>une expertise reconnue en IA responsable;<\/li><li>un partenariat actif avec l\u2019initiative <em>Confiance IA<\/em>.<\/li><\/ul><h4>Nous vous aidons \u00e0 int\u00e9grer une IA \u00e9thique, explicable et fiable, \u00e0 la hauteur de vos standards.<\/h4>\t\t\t\t\t\t\t\t<\/div>\n\t\t\t\t<\/div>\n\t\t\t\t<\/div>\n\t\t\t\t\t<\/div>\n\t\t\t\t<\/div>\n\t\t<div class=\"elementor-element elementor-element-5e43157 e-flex e-con-boxed e-con e-parent\" data-id=\"5e43157\" data-element_type=\"container\">\n\t\t\t\t\t<div class=\"e-con-inner\">\n\t\t<div class=\"elementor-element elementor-element-aa61067 e-con-full e-flex e-con e-child\" data-id=\"aa61067\" data-element_type=\"container\">\n\t\t\t\t<div class=\"elementor-element elementor-element-34181d8 h2-tiret-gauche elementor-widget elementor-widget-heading\" data-id=\"34181d8\" data-element_type=\"widget\" id=\"couleur-turquoise\" data-widget_type=\"heading.default\">\n\t\t\t\t<div class=\"elementor-widget-container\">\n\t\t\t\t\t<h2 class=\"elementor-heading-title elementor-size-default\">Discutons de votre projet<\/h2>\t\t\t\t<\/div>\n\t\t\t\t<\/div>\n\t\t<div class=\"elementor-element elementor-element-2a25df6 e-grid e-con-full e-con e-child\" data-id=\"2a25df6\" data-element_type=\"container\">\n\t\t<div class=\"elementor-element elementor-element-5786529 e-con-full e-flex e-con e-child\" data-id=\"5786529\" data-element_type=\"container\">\n\t\t\t\t<div class=\"elementor-element elementor-element-53f4a25 elementor-widget elementor-widget-heading\" data-id=\"53f4a25\" data-element_type=\"widget\" data-widget_type=\"heading.default\">\n\t\t\t\t<div class=\"elementor-widget-container\">\n\t\t\t\t\t<h3 class=\"elementor-heading-title elementor-size-default\"><span style=\"font-size: 25.6px\">Tatiana Ruiz, Ph.D.<\/span><\/h3>\t\t\t\t<\/div>\n\t\t\t\t<\/div>\n\t\t\t\t<div class=\"elementor-element elementor-element-1f47103 elementor-widget elementor-widget-text-editor\" data-id=\"1f47103\" data-element_type=\"widget\" data-widget_type=\"text-editor.default\">\n\t\t\t\t<div class=\"elementor-widget-container\">\n\t\t\t\t\t\t\t\t\t<p><strong> Conseill\u00e8re, Affaires, Grands comptes<\/strong><\/p>\t\t\t\t\t\t\t\t<\/div>\n\t\t\t\t<\/div>\n\t\t\t\t<div class=\"elementor-element elementor-element-15ca48b elementor-shape-rounded elementor-grid-0 e-grid-align-center elementor-widget elementor-widget-social-icons\" data-id=\"15ca48b\" data-element_type=\"widget\" data-widget_type=\"social-icons.default\">\n\t\t\t\t<div class=\"elementor-widget-container\">\n\t\t\t\t\t\t\t<div class=\"elementor-social-icons-wrapper elementor-grid\" role=\"list\">\n\t\t\t\t\t\t\t<span class=\"elementor-grid-item\" role=\"listitem\">\n\t\t\t\t\t<a class=\"elementor-icon elementor-social-icon elementor-social-icon-linkedin elementor-repeater-item-0ed70eb\" href=\"https:\/\/www.linkedin.com\/in\/tatiana-ruiz-phd\/\" target=\"_blank\">\n\t\t\t\t\t\t<span class=\"elementor-screen-only\">Linkedin<\/span>\n\t\t\t\t\t\t<svg aria-hidden=\"true\" class=\"e-font-icon-svg e-fab-linkedin\" viewBox=\"0 0 448 512\" xmlns=\"http:\/\/www.w3.org\/2000\/svg\"><path d=\"M416 32H31.9C14.3 32 0 46.5 0 64.3v383.4C0 465.5 14.3 480 31.9 480H416c17.6 0 32-14.5 32-32.3V64.3c0-17.8-14.4-32.3-32-32.3zM135.4 416H69V202.2h66.5V416zm-33.2-243c-21.3 0-38.5-17.3-38.5-38.5S80.9 96 102.2 96c21.2 0 38.5 17.3 38.5 38.5 0 21.3-17.2 38.5-38.5 38.5zm282.1 243h-66.4V312c0-24.8-.5-56.7-34.5-56.7-34.6 0-39.9 27-39.9 54.9V416h-66.4V202.2h63.7v29.2h.9c8.9-16.8 30.6-34.5 62.9-34.5 67.2 0 79.7 44.3 79.7 101.9V416z\"><\/path><\/svg>\t\t\t\t\t<\/a>\n\t\t\t\t<\/span>\n\t\t\t\t\t\t\t<span class=\"elementor-grid-item\" role=\"listitem\">\n\t\t\t\t\t<a class=\"elementor-icon elementor-social-icon elementor-social-icon-at elementor-repeater-item-4e4a44b\" href=\"mailto:tatiana.ruiz@crim.ca\" target=\"_blank\">\n\t\t\t\t\t\t<span class=\"elementor-screen-only\">At<\/span>\n\t\t\t\t\t\t<svg aria-hidden=\"true\" class=\"e-font-icon-svg e-fas-at\" viewBox=\"0 0 512 512\" xmlns=\"http:\/\/www.w3.org\/2000\/svg\"><path d=\"M256 8C118.941 8 8 118.919 8 256c0 137.059 110.919 248 248 248 48.154 0 95.342-14.14 135.408-40.223 12.005-7.815 14.625-24.288 5.552-35.372l-10.177-12.433c-7.671-9.371-21.179-11.667-31.373-5.129C325.92 429.757 291.314 440 256 440c-101.458 0-184-82.542-184-184S154.542 72 256 72c100.139 0 184 57.619 184 160 0 38.786-21.093 79.742-58.17 83.693-17.349-.454-16.91-12.857-13.476-30.024l23.433-121.11C394.653 149.75 383.308 136 368.225 136h-44.981a13.518 13.518 0 0 0-13.432 11.993l-.01.092c-14.697-17.901-40.448-21.775-59.971-21.775-74.58 0-137.831 62.234-137.831 151.46 0 65.303 36.785 105.87 96 105.87 26.984 0 57.369-15.637 74.991-38.333 9.522 34.104 40.613 34.103 70.71 34.103C462.609 379.41 504 307.798 504 232 504 95.653 394.023 8 256 8zm-21.68 304.43c-22.249 0-36.07-15.623-36.07-40.771 0-44.993 30.779-72.729 58.63-72.729 22.292 0 35.601 15.241 35.601 40.77 0 45.061-33.875 72.73-58.161 72.73z\"><\/path><\/svg>\t\t\t\t\t<\/a>\n\t\t\t\t<\/span>\n\t\t\t\t\t<\/div>\n\t\t\t\t\t\t<\/div>\n\t\t\t\t<\/div>\n\t\t\t\t<div class=\"elementor-element elementor-element-a38c5b5 elementor-widget elementor-widget-button\" data-id=\"a38c5b5\" data-element_type=\"widget\" data-widget_type=\"button.default\">\n\t\t\t\t<div class=\"elementor-widget-container\">\n\t\t\t\t\t\t\t\t\t<div class=\"elementor-button-wrapper\">\n\t\t\t\t\t<a class=\"elementor-button elementor-button-link elementor-size-sm\" href=\"mailto:tatiana.ruiz@crim.ca\">\n\t\t\t\t\t\t<span class=\"elementor-button-content-wrapper\">\n\t\t\t\t\t\t\t\t\t<span class=\"elementor-button-text\">Prendre rendez-vous avec Tatiana<\/span>\n\t\t\t\t\t<\/span>\n\t\t\t\t\t<\/a>\n\t\t\t\t<\/div>\n\t\t\t\t\t\t\t\t<\/div>\n\t\t\t\t<\/div>\n\t\t\t\t<\/div>\n\t\t\t\t<div class=\"elementor-element elementor-element-1992235 elementor-widget elementor-widget-image\" data-id=\"1992235\" data-element_type=\"widget\" data-widget_type=\"image.default\">\n\t\t\t\t<div class=\"elementor-widget-container\">\n\t\t\t\t\t\t\t\t\t\t\t\t\t\t\t<img fetchpriority=\"high\" decoding=\"async\" width=\"300\" height=\"300\" src=\"https:\/\/www.crim.ca\/wp-content\/uploads\/2025\/06\/522450b7-c0b4-4d07-9b83-4335213c785d-300x300.jpg\" class=\"attachment-medium size-medium wp-image-27035\" alt=\"\" srcset=\"https:\/\/www.crim.ca\/wp-content\/uploads\/2025\/06\/522450b7-c0b4-4d07-9b83-4335213c785d-300x300.jpg 300w, https:\/\/www.crim.ca\/wp-content\/uploads\/2025\/06\/522450b7-c0b4-4d07-9b83-4335213c785d-150x150.jpg 150w, https:\/\/www.crim.ca\/wp-content\/uploads\/2025\/06\/522450b7-c0b4-4d07-9b83-4335213c785d-768x768.jpg 768w, https:\/\/www.crim.ca\/wp-content\/uploads\/2025\/06\/522450b7-c0b4-4d07-9b83-4335213c785d.jpg 962w\" sizes=\"(max-width: 300px) 100vw, 300px\" \/>\t\t\t\t\t\t\t\t\t\t\t\t\t\t\t<\/div>\n\t\t\t\t<\/div>\n\t\t\t\t<\/div>\n\t\t\t\t<\/div>\n\t\t\t\t\t<\/div>\n\t\t\t\t<\/div>\n\t\t\t\t<\/div>\n\t\t","protected":false},"excerpt":{"rendered":"<p>L\u2019IA comme levier strat\u00e9gique \u2014 pas juste une tendance Vos \u00e9quipes techniques et vos laboratoires internes d\u00e9veloppent des preuves de concept et des prototypes. Le CRIM est l\u00e0 pour aller plus loin. Nous ne vendons pas de solutions toutes faites : nous vous aidons \u00e0 poser les bonnes questions, \u00e0 structurer les bonnes \u00e9tapes et [&hellip;]<\/p>\n","protected":false},"author":34,"featured_media":14435,"parent":0,"menu_order":0,"comment_status":"closed","ping_status":"closed","template":"","meta":{"_acf_changed":false,"footnotes":"","_links_to":"","_links_to_target":""},"class_list":["post-26695","page","type-page","status-publish","has-post-thumbnail","hentry"],"acf":[],"_links":{"self":[{"href":"https:\/\/www.crim.ca\/fr\/wp-json\/wp\/v2\/pages\/26695","targetHints":{"allow":["GET"]}}],"collection":[{"href":"https:\/\/www.crim.ca\/fr\/wp-json\/wp\/v2\/pages"}],"about":[{"href":"https:\/\/www.crim.ca\/fr\/wp-json\/wp\/v2\/types\/page"}],"author":[{"embeddable":true,"href":"https:\/\/www.crim.ca\/fr\/wp-json\/wp\/v2\/users\/34"}],"replies":[{"embeddable":true,"href":"https:\/\/www.crim.ca\/fr\/wp-json\/wp\/v2\/comments?post=26695"}],"version-history":[{"count":16,"href":"https:\/\/www.crim.ca\/fr\/wp-json\/wp\/v2\/pages\/26695\/revisions"}],"predecessor-version":[{"id":27520,"href":"https:\/\/www.crim.ca\/fr\/wp-json\/wp\/v2\/pages\/26695\/revisions\/27520"}],"wp:featuredmedia":[{"embeddable":true,"href":"https:\/\/www.crim.ca\/fr\/wp-json\/wp\/v2\/media\/14435"}],"wp:attachment":[{"href":"https:\/\/www.crim.ca\/fr\/wp-json\/wp\/v2\/media?parent=26695"}],"curies":[{"name":"wp","href":"https:\/\/api.w.org\/{rel}","templated":true}]}}