{"id":26705,"date":"2025-06-09T14:52:51","date_gmt":"2025-06-09T18:52:51","guid":{"rendered":"https:\/\/www.crim.ca\/?page_id=26705"},"modified":"2025-06-09T14:53:25","modified_gmt":"2025-06-09T18:53:25","slug":"financement","status":"publish","type":"page","link":"https:\/\/www.crim.ca\/fr\/financement\/","title":{"rendered":"Financement"},"content":{"rendered":"\t\t<div data-elementor-type=\"wp-page\" data-elementor-id=\"26705\" class=\"elementor elementor-26705\" data-elementor-post-type=\"page\">\n\t\t\t\t<div class=\"elementor-element elementor-element-bf32855 e-flex e-con-boxed e-con e-parent\" data-id=\"bf32855\" data-element_type=\"container\">\n\t\t\t\t\t<div class=\"e-con-inner\">\n\t\t<div class=\"elementor-element elementor-element-9f051a8 e-con-full e-flex e-con e-child\" data-id=\"9f051a8\" data-element_type=\"container\">\n\t\t\t\t<div class=\"elementor-element elementor-element-780c879 wpman-list liste-crochet elementor-widget elementor-widget-text-editor\" data-id=\"780c879\" data-element_type=\"widget\" data-widget_type=\"text-editor.default\">\n\t\t\t\t<div class=\"elementor-widget-container\">\n\t\t\t\t\t\t\t\t\t<p>Avec nos 40 ans d\u2019existence, le CRIM est une organisation interconnect\u00e9e avec l\u2019\u00e9cosyst\u00e8me qui l\u2019entoure. Nous travaillons avec l\u2019ensemble du dispositif financier, du milieu bancaire \u00e0 la subvention provinciale et f\u00e9d\u00e9rale.<\/p><p>Nous connaissons tous les programmes et les interlocuteurs, ce qui fait de nous des facilitateurs afin d\u2019effectuer une mise en relation en toute tranquillit\u00e9 d\u2019esprit.<\/p>\t\t\t\t\t\t\t\t<\/div>\n\t\t\t\t<\/div>\n\t\t\t\t<\/div>\n\t\t<div class=\"elementor-element elementor-element-99cdf64 e-con-full e-flex e-con e-child\" data-id=\"99cdf64\" data-element_type=\"container\">\n\t\t\t\t<div class=\"elementor-element elementor-element-f52a51b h2-tiret-gauche elementor-widget elementor-widget-heading\" data-id=\"f52a51b\" data-element_type=\"widget\" id=\"couleur-turquoise\" data-widget_type=\"heading.default\">\n\t\t\t\t<div class=\"elementor-widget-container\">\n\t\t\t\t\t<h2 class=\"elementor-heading-title elementor-size-default\">Notre avantage comp\u00e9titif<\/h2>\t\t\t\t<\/div>\n\t\t\t\t<\/div>\n\t\t\t\t<div class=\"elementor-element elementor-element-131ea6b wpman-list liste-crochet elementor-widget elementor-widget-text-editor\" data-id=\"131ea6b\" data-element_type=\"widget\" data-widget_type=\"text-editor.default\">\n\t\t\t\t<div class=\"elementor-widget-container\">\n\t\t\t\t\t\t\t\t\t<p>Notre r\u00e9seau vous permet d\u2019acc\u00e9l\u00e9rer votre processus de mise en march\u00e9.<\/p><p>Trouver les bons intervenants repr\u00e9sente un investissement. Le CRIM identifie d\u00e8s le d\u00e9part le meilleur partenaire de confiance pour vous, tout en effectuant la mise en relation, ce qui assure un gain de temps et une \u00e9conomie financi\u00e8re.<\/p>\t\t\t\t\t\t\t\t<\/div>\n\t\t\t\t<\/div>\n\t\t\t\t<\/div>\n\t\t\t\t\t<\/div>\n\t\t\t\t<\/div>\n\t\t\t\t<\/div>\n\t\t","protected":false},"excerpt":{"rendered":"<p>Avec nos 40 ans d\u2019existence, le CRIM est une organisation interconnect\u00e9e avec l\u2019\u00e9cosyst\u00e8me qui l\u2019entoure. Nous travaillons avec l\u2019ensemble du dispositif financier, du milieu bancaire \u00e0 la subvention provinciale et f\u00e9d\u00e9rale. Nous connaissons tous les programmes et les interlocuteurs, ce qui fait de nous des facilitateurs afin d\u2019effectuer une mise en relation en toute tranquillit\u00e9 [&hellip;]<\/p>\n","protected":false},"author":34,"featured_media":14435,"parent":0,"menu_order":0,"comment_status":"closed","ping_status":"closed","template":"","meta":{"_acf_changed":false,"footnotes":"","_links_to":"","_links_to_target":""},"class_list":["post-26705","page","type-page","status-publish","has-post-thumbnail","hentry"],"acf":[],"_links":{"self":[{"href":"https:\/\/www.crim.ca\/fr\/wp-json\/wp\/v2\/pages\/26705","targetHints":{"allow":["GET"]}}],"collection":[{"href":"https:\/\/www.crim.ca\/fr\/wp-json\/wp\/v2\/pages"}],"about":[{"href":"https:\/\/www.crim.ca\/fr\/wp-json\/wp\/v2\/types\/page"}],"author":[{"embeddable":true,"href":"https:\/\/www.crim.ca\/fr\/wp-json\/wp\/v2\/users\/34"}],"replies":[{"embeddable":true,"href":"https:\/\/www.crim.ca\/fr\/wp-json\/wp\/v2\/comments?post=26705"}],"version-history":[{"count":4,"href":"https:\/\/www.crim.ca\/fr\/wp-json\/wp\/v2\/pages\/26705\/revisions"}],"predecessor-version":[{"id":26709,"href":"https:\/\/www.crim.ca\/fr\/wp-json\/wp\/v2\/pages\/26705\/revisions\/26709"}],"wp:featuredmedia":[{"embeddable":true,"href":"https:\/\/www.crim.ca\/fr\/wp-json\/wp\/v2\/media\/14435"}],"wp:attachment":[{"href":"https:\/\/www.crim.ca\/fr\/wp-json\/wp\/v2\/media?parent=26705"}],"curies":[{"name":"wp","href":"https:\/\/api.w.org\/{rel}","templated":true}]}}