{"id":26710,"date":"2025-06-09T14:54:15","date_gmt":"2025-06-09T18:54:15","guid":{"rendered":"https:\/\/www.crim.ca\/?page_id=26710"},"modified":"2025-06-10T11:04:16","modified_gmt":"2025-06-10T15:04:16","slug":"bureau-de-projet","status":"publish","type":"page","link":"https:\/\/www.crim.ca\/fr\/bureau-de-projet\/","title":{"rendered":"Bureau de projet"},"content":{"rendered":"\t\t<div data-elementor-type=\"wp-page\" data-elementor-id=\"26710\" class=\"elementor elementor-26710\" data-elementor-post-type=\"page\">\n\t\t\t\t<div class=\"elementor-element elementor-element-cfed6a3 e-flex e-con-boxed e-con e-parent\" data-id=\"cfed6a3\" data-element_type=\"container\">\n\t\t\t\t\t<div class=\"e-con-inner\">\n\t\t<div class=\"elementor-element elementor-element-7f4f263 e-con-full e-flex e-con e-child\" data-id=\"7f4f263\" data-element_type=\"container\">\n\t\t\t\t<div class=\"elementor-element elementor-element-949fc97 h2-tiret-gauche elementor-widget elementor-widget-heading\" data-id=\"949fc97\" data-element_type=\"widget\" id=\"couleur-turquoise\" data-widget_type=\"heading.default\">\n\t\t\t\t<div class=\"elementor-widget-container\">\n\t\t\t\t\t<h2 class=\"elementor-heading-title elementor-size-default\">Une valeur ajout\u00e9e pour chaque projet en IA<\/h2>\t\t\t\t<\/div>\n\t\t\t\t<\/div>\n\t\t\t\t<div class=\"elementor-element elementor-element-103876f wpman-list liste-crochet elementor-widget elementor-widget-text-editor\" data-id=\"103876f\" data-element_type=\"widget\" data-widget_type=\"text-editor.default\">\n\t\t\t\t<div class=\"elementor-widget-container\">\n\t\t\t\t\t\t\t\t\t<p>Le Bureau de projet du CRIM met en place une m\u00e9thodologie de gestion rigoureuse pour assurer la livraison de votre projet d\u2019intelligence artificielle dans les d\u00e9lais et selon le budget \u00e9tabli. Mais au-del\u00e0 du respect des balises, notre r\u00f4le est d\u2019accompagner les \u00e9quipes dans des conditions optimales, pour garantir que chaque projet g\u00e9n\u00e8re une r\u00e9elle valeur pour le client.<\/p><p>Nous adaptons nos m\u00e9thodes \u2013 agiles ou traditionnelles \u2013 en fonction du type de projet et de son niveau d\u2019incertitude. Notre but : structurer sans rigidit\u00e9, pour mieux r\u00e9pondre aux objectifs sp\u00e9cifiques de chaque mandat.<\/p>\t\t\t\t\t\t\t\t<\/div>\n\t\t\t\t<\/div>\n\t\t\t\t<\/div>\n\t\t<div class=\"elementor-element elementor-element-1e48c53 e-con-full e-flex e-con e-child\" data-id=\"1e48c53\" data-element_type=\"container\">\n\t\t\t\t<div class=\"elementor-element elementor-element-d3d68ee h2-tiret-gauche elementor-widget elementor-widget-heading\" data-id=\"d3d68ee\" data-element_type=\"widget\" id=\"couleur-turquoise\" data-widget_type=\"heading.default\">\n\t\t\t\t<div class=\"elementor-widget-container\">\n\t\t\t\t\t<h2 class=\"elementor-heading-title elementor-size-default\">Un travail en \u00e9troite collaboration<\/h2>\t\t\t\t<\/div>\n\t\t\t\t<\/div>\n\t\t\t\t<div class=\"elementor-element elementor-element-2e1e949 wpman-list liste-crochet elementor-widget elementor-widget-text-editor\" data-id=\"2e1e949\" data-element_type=\"widget\" data-widget_type=\"text-editor.default\">\n\t\t\t\t<div class=\"elementor-widget-container\">\n\t\t\t\t\t\t\t\t\t<p>Gr\u00e2ce au Bureau de projet du CRIM, vos \u00e9quipes peuvent se concentrer sur leur c\u0153ur d\u2019expertise. Nous assurons le suivi, la coordination et l\u2019organisation des t\u00e2ches afin d\u2019\u00e9viter les pertes d\u2019\u00e9nergie ou les chevauchements inutiles.<\/p><p>Des rencontres r\u00e9guli\u00e8res avec vous assurent une communication fluide, un avancement bien balis\u00e9 et un ajustement rapide en cas de changement. En tant que centre de recherche industrielle, notre priorit\u00e9 est de livrer des solutions concr\u00e8tes, utiles et adapt\u00e9es \u00e0 vos besoins d\u2019affaires.<\/p>\t\t\t\t\t\t\t\t<\/div>\n\t\t\t\t<\/div>\n\t\t\t\t<\/div>\n\t\t<div class=\"elementor-element elementor-element-fc88994 e-con-full e-flex e-con e-child\" data-id=\"fc88994\" data-element_type=\"container\">\n\t\t\t\t<div class=\"elementor-element elementor-element-7fdfcfc h2-tiret-gauche elementor-widget elementor-widget-heading\" data-id=\"7fdfcfc\" data-element_type=\"widget\" id=\"couleur-turquoise\" data-widget_type=\"heading.default\">\n\t\t\t\t<div class=\"elementor-widget-container\">\n\t\t\t\t\t<h2 class=\"elementor-heading-title elementor-size-default\">Une expertise \u00e9prouv\u00e9e en gestion de projets complexes<\/h2>\t\t\t\t<\/div>\n\t\t\t\t<\/div>\n\t\t\t\t<div class=\"elementor-element elementor-element-df7b707 wpman-list liste-crochet elementor-widget elementor-widget-text-editor\" data-id=\"df7b707\" data-element_type=\"widget\" data-widget_type=\"text-editor.default\">\n\t\t\t\t<div class=\"elementor-widget-container\">\n\t\t\t\t\t\t\t\t\t<p>Notre \u00e9quipe est compos\u00e9e de gestionnaires de projets exp\u00e9riment\u00e9s, soutenus par une contr\u00f4leuse de projet d\u00e9di\u00e9e.<\/p><p>Ensemble, nous offrons\u00a0:<\/p>\t\t\t\t\t\t\t\t<\/div>\n\t\t\t\t<\/div>\n\t\t\t\t<div data-dce-text-color=\"#000508\" class=\"elementor-element elementor-element-bbb2dbb elementor-icon-list--layout-traditional elementor-list-item-link-full_width elementor-widget elementor-widget-icon-list\" data-id=\"bbb2dbb\" data-element_type=\"widget\" data-widget_type=\"icon-list.default\">\n\t\t\t\t<div class=\"elementor-widget-container\">\n\t\t\t\t\t\t\t<ul class=\"elementor-icon-list-items\">\n\t\t\t\t\t\t\t<li class=\"elementor-icon-list-item\">\n\t\t\t\t\t\t\t\t\t\t\t<span class=\"elementor-icon-list-icon\">\n\t\t\t\t\t\t\t<svg aria-hidden=\"true\" class=\"e-font-icon-svg e-fas-angle-right\" viewBox=\"0 0 256 512\" xmlns=\"http:\/\/www.w3.org\/2000\/svg\"><path d=\"M224.3 273l-136 136c-9.4 9.4-24.6 9.4-33.9 0l-22.6-22.6c-9.4-9.4-9.4-24.6 0-33.9l96.4-96.4-96.4-96.4c-9.4-9.4-9.4-24.6 0-33.9L54.3 103c9.4-9.4 24.6-9.4 33.9 0l136 136c9.5 9.4 9.5 24.6.1 34z\"><\/path><\/svg>\t\t\t\t\t\t<\/span>\n\t\t\t\t\t\t\t\t\t\t<span class=\"elementor-icon-list-text\">Une coordination agile entre partenaires et expertises<\/span>\n\t\t\t\t\t\t\t\t\t<\/li>\n\t\t\t\t\t\t\t\t<li class=\"elementor-icon-list-item\">\n\t\t\t\t\t\t\t\t\t\t\t<span class=\"elementor-icon-list-icon\">\n\t\t\t\t\t\t\t<svg aria-hidden=\"true\" class=\"e-font-icon-svg e-fas-angle-right\" viewBox=\"0 0 256 512\" xmlns=\"http:\/\/www.w3.org\/2000\/svg\"><path d=\"M224.3 273l-136 136c-9.4 9.4-24.6 9.4-33.9 0l-22.6-22.6c-9.4-9.4-9.4-24.6 0-33.9l96.4-96.4-96.4-96.4c-9.4-9.4-9.4-24.6 0-33.9L54.3 103c9.4-9.4 24.6-9.4 33.9 0l136 136c9.5 9.4 9.5 24.6.1 34z\"><\/path><\/svg>\t\t\t\t\t\t<\/span>\n\t\t\t\t\t\t\t\t\t\t<span class=\"elementor-icon-list-text\">Des structures de gouvernance claires et adaptables<\/span>\n\t\t\t\t\t\t\t\t\t<\/li>\n\t\t\t\t\t\t\t\t<li class=\"elementor-icon-list-item\">\n\t\t\t\t\t\t\t\t\t\t\t<span class=\"elementor-icon-list-icon\">\n\t\t\t\t\t\t\t<svg aria-hidden=\"true\" class=\"e-font-icon-svg e-fas-angle-right\" viewBox=\"0 0 256 512\" xmlns=\"http:\/\/www.w3.org\/2000\/svg\"><path d=\"M224.3 273l-136 136c-9.4 9.4-24.6 9.4-33.9 0l-22.6-22.6c-9.4-9.4-9.4-24.6 0-33.9l96.4-96.4-96.4-96.4c-9.4-9.4-9.4-24.6 0-33.9L54.3 103c9.4-9.4 24.6-9.4 33.9 0l136 136c9.5 9.4 9.5 24.6.1 34z\"><\/path><\/svg>\t\t\t\t\t\t<\/span>\n\t\t\t\t\t\t\t\t\t\t<span class=\"elementor-icon-list-text\">Un suivi rigoureux des budgets et une reddition de comptes transparente<\/span>\n\t\t\t\t\t\t\t\t\t<\/li>\n\t\t\t\t\t\t\t\t<li class=\"elementor-icon-list-item\">\n\t\t\t\t\t\t\t\t\t\t\t<span class=\"elementor-icon-list-icon\">\n\t\t\t\t\t\t\t<svg aria-hidden=\"true\" class=\"e-font-icon-svg e-fas-angle-right\" viewBox=\"0 0 256 512\" xmlns=\"http:\/\/www.w3.org\/2000\/svg\"><path d=\"M224.3 273l-136 136c-9.4 9.4-24.6 9.4-33.9 0l-22.6-22.6c-9.4-9.4-9.4-24.6 0-33.9l96.4-96.4-96.4-96.4c-9.4-9.4-9.4-24.6 0-33.9L54.3 103c9.4-9.4 24.6-9.4 33.9 0l136 136c9.5 9.4 9.5 24.6.1 34z\"><\/path><\/svg>\t\t\t\t\t\t<\/span>\n\t\t\t\t\t\t\t\t\t\t<span class=\"elementor-icon-list-text\">Une gestion optimale des ressources internes du CRIM<\/span>\n\t\t\t\t\t\t\t\t\t<\/li>\n\t\t\t\t\t\t\t\t<li class=\"elementor-icon-list-item\">\n\t\t\t\t\t\t\t\t\t\t\t<span class=\"elementor-icon-list-icon\">\n\t\t\t\t\t\t\t<svg aria-hidden=\"true\" class=\"e-font-icon-svg e-fas-angle-right\" viewBox=\"0 0 256 512\" xmlns=\"http:\/\/www.w3.org\/2000\/svg\"><path d=\"M224.3 273l-136 136c-9.4 9.4-24.6 9.4-33.9 0l-22.6-22.6c-9.4-9.4-9.4-24.6 0-33.9l96.4-96.4-96.4-96.4c-9.4-9.4-9.4-24.6 0-33.9L54.3 103c9.4-9.4 24.6-9.4 33.9 0l136 136c9.5 9.4 9.5 24.6.1 34z\"><\/path><\/svg>\t\t\t\t\t\t<\/span>\n\t\t\t\t\t\t\t\t\t\t<span class=\"elementor-icon-list-text\">Une m\u00e9thodologie de d\u00e9veloppement adapt\u00e9e aux particularit\u00e9s des projets de valorisation des donn\u00e9es <\/span>\n\t\t\t\t\t\t\t\t\t<\/li>\n\t\t\t\t\t\t<\/ul>\n\t\t\t\t\t\t<\/div>\n\t\t\t\t<\/div>\n\t\t\t\t<div class=\"elementor-element elementor-element-26035df wpman-list liste-crochet elementor-widget elementor-widget-text-editor\" data-id=\"26035df\" data-element_type=\"widget\" data-widget_type=\"text-editor.default\">\n\t\t\t\t<div class=\"elementor-widget-container\">\n\t\t\t\t\t\t\t\t\t<p>Qu\u2019il s\u2019agisse d&#8217;accompagnements de courte dur\u00e9e ou de projets de grande envergure, nous adaptons notre niveau d\u2019implication, toujours dans une logique de valeur ajout\u00e9e.<\/p>\t\t\t\t\t\t\t\t<\/div>\n\t\t\t\t<\/div>\n\t\t\t\t<\/div>\n\t\t<div class=\"elementor-element elementor-element-1f91c3e e-con-full e-flex e-con e-child\" data-id=\"1f91c3e\" data-element_type=\"container\">\n\t\t<div class=\"elementor-element elementor-element-fc277fc e-con-full e-flex e-con e-child\" data-id=\"fc277fc\" data-element_type=\"container\">\n\t\t\t\t<div class=\"elementor-element elementor-element-45e4ee3 h2-tiret-gauche elementor-widget elementor-widget-heading\" data-id=\"45e4ee3\" data-element_type=\"widget\" id=\"couleur-turquoise\" data-widget_type=\"heading.default\">\n\t\t\t\t<div class=\"elementor-widget-container\">\n\t\t\t\t\t<h2 class=\"elementor-heading-title elementor-size-default\">Ensemble, vers vos r\u00e9ussites<\/h2>\t\t\t\t<\/div>\n\t\t\t\t<\/div>\n\t\t\t\t<div class=\"elementor-element elementor-element-acf4a79 wpman-list liste-crochet elementor-widget elementor-widget-text-editor\" data-id=\"acf4a79\" data-element_type=\"widget\" data-widget_type=\"text-editor.default\">\n\t\t\t\t<div class=\"elementor-widget-container\">\n\t\t\t\t\t\t\t\t\t<p>Le Bureau de projet ne se limite pas \u00e0 du contr\u00f4le administratif : il structure, anime et soutient les projets pour en maximiser l\u2019impact. Nous organisons les d\u00e9marrages, planifions les sprints, animons les revues, assurons le suivi de la capacit\u00e9 des \u00e9quipes et cl\u00f4turons les projets avec m\u00e9thode.<\/p><p>Nous sommes les garants d\u2019un cadre coh\u00e9rent, mais flexible, pour faire de chaque projet un levier de transformation durable. Notre approche privil\u00e9gie la proximit\u00e9, la rigueur et l\u2019adaptabilit\u00e9 \u2013 pour que chaque collaboration soit un succ\u00e8s partag\u00e9.<\/p>\t\t\t\t\t\t\t\t<\/div>\n\t\t\t\t<\/div>\n\t\t\t\t<\/div>\n\t\t\t\t<\/div>\n\t\t\t\t\t<\/div>\n\t\t\t\t<\/div>\n\t\t\t\t<\/div>\n\t\t","protected":false},"excerpt":{"rendered":"<p>Une valeur ajout\u00e9e pour chaque projet en IA Le Bureau de projet du CRIM met en place une m\u00e9thodologie de gestion rigoureuse pour assurer la livraison de votre projet d\u2019intelligence artificielle dans les d\u00e9lais et selon le budget \u00e9tabli. Mais au-del\u00e0 du respect des balises, notre r\u00f4le est d\u2019accompagner les \u00e9quipes dans des conditions optimales, [&hellip;]<\/p>\n","protected":false},"author":34,"featured_media":14435,"parent":0,"menu_order":0,"comment_status":"closed","ping_status":"closed","template":"","meta":{"_acf_changed":false,"footnotes":"","_links_to":"","_links_to_target":""},"class_list":["post-26710","page","type-page","status-publish","has-post-thumbnail","hentry"],"acf":[],"_links":{"self":[{"href":"https:\/\/www.crim.ca\/fr\/wp-json\/wp\/v2\/pages\/26710","targetHints":{"allow":["GET"]}}],"collection":[{"href":"https:\/\/www.crim.ca\/fr\/wp-json\/wp\/v2\/pages"}],"about":[{"href":"https:\/\/www.crim.ca\/fr\/wp-json\/wp\/v2\/types\/page"}],"author":[{"embeddable":true,"href":"https:\/\/www.crim.ca\/fr\/wp-json\/wp\/v2\/users\/34"}],"replies":[{"embeddable":true,"href":"https:\/\/www.crim.ca\/fr\/wp-json\/wp\/v2\/comments?post=26710"}],"version-history":[{"count":10,"href":"https:\/\/www.crim.ca\/fr\/wp-json\/wp\/v2\/pages\/26710\/revisions"}],"predecessor-version":[{"id":27045,"href":"https:\/\/www.crim.ca\/fr\/wp-json\/wp\/v2\/pages\/26710\/revisions\/27045"}],"wp:featuredmedia":[{"embeddable":true,"href":"https:\/\/www.crim.ca\/fr\/wp-json\/wp\/v2\/media\/14435"}],"wp:attachment":[{"href":"https:\/\/www.crim.ca\/fr\/wp-json\/wp\/v2\/media?parent=26710"}],"curies":[{"name":"wp","href":"https:\/\/api.w.org\/{rel}","templated":true}]}}