{"id":26726,"date":"2025-06-09T15:02:10","date_gmt":"2025-06-09T19:02:10","guid":{"rendered":"https:\/\/www.crim.ca\/?page_id=26726"},"modified":"2025-06-09T15:02:49","modified_gmt":"2025-06-09T19:02:49","slug":"succes-ia","status":"publish","type":"page","link":"https:\/\/www.crim.ca\/fr\/succes-ia\/","title":{"rendered":"Succ\u00e8s IA"},"content":{"rendered":"\t\t<div data-elementor-type=\"wp-page\" data-elementor-id=\"26726\" class=\"elementor elementor-26726\" data-elementor-post-type=\"page\">\n\t\t\t\t<div class=\"elementor-element elementor-element-a742599 e-flex e-con-boxed e-con e-parent\" data-id=\"a742599\" data-element_type=\"container\">\n\t\t\t\t\t<div class=\"e-con-inner\">\n\t\t<div class=\"elementor-element elementor-element-541648c e-con-full e-flex e-con e-child\" data-id=\"541648c\" data-element_type=\"container\">\n\t\t\t\t<div class=\"elementor-element elementor-element-c61d73d h2-tiret-gauche elementor-widget elementor-widget-heading\" data-id=\"c61d73d\" data-element_type=\"widget\" id=\"couleur-turquoise\" data-widget_type=\"heading.default\">\n\t\t\t\t<div class=\"elementor-widget-container\">\n\t\t\t\t\t<h2 class=\"elementor-heading-title elementor-size-default\">Des projets concrets, des succ\u00e8s inspirants en IA<\/h2>\t\t\t\t<\/div>\n\t\t\t\t<\/div>\n\t\t\t\t<div class=\"elementor-element elementor-element-06fd44a elementor-widget elementor-widget-video\" data-id=\"06fd44a\" data-element_type=\"widget\" data-settings=\"{&quot;youtube_url&quot;:&quot;https:\\\/\\\/www.youtube.com\\\/watch?v=Ig73ghwZxdE&amp;list=PLzTuLsYmY5jmIxsjD6-DAd_4Epl25lln2&quot;,&quot;video_type&quot;:&quot;youtube&quot;,&quot;controls&quot;:&quot;yes&quot;}\" data-widget_type=\"video.default\">\n\t\t\t\t<div class=\"elementor-widget-container\">\n\t\t\t\t\t\t\t<div class=\"elementor-wrapper elementor-open-inline\">\n\t\t\t<div class=\"elementor-video\"><\/div>\t\t<\/div>\n\t\t\t\t\t\t<\/div>\n\t\t\t\t<\/div>\n\t\t\t\t<div class=\"elementor-element elementor-element-57f3997 wpman-list liste-crochet elementor-widget elementor-widget-text-editor\" data-id=\"57f3997\" data-element_type=\"widget\" data-widget_type=\"text-editor.default\">\n\t\t\t\t<div class=\"elementor-widget-container\">\n\t\t\t\t\t\t\t\t\t<p>Dans le cadre de son engagement \u00e0 faire rayonner l\u2019expertise qu\u00e9b\u00e9coise en intelligence artificielle, le CRIM pr\u00e9sente une s\u00e9rie de balados intitul\u00e9e <a href=\"https:\/\/succesia.buzzsprout.com\/\">\u00ab Succ\u00e8s IA \u00bb<\/a>.<\/p><p>Ce podcast immersif met en lumi\u00e8re des projets concrets et inspirants r\u00e9alis\u00e9s par les \u00e9quipes du CRIM en collaboration avec des entreprises d\u2019ici, comme Bridgestone Canada, SII Canada ou encore E-SMART.<br \/><br \/>\u00c0 travers chaque \u00e9pisode, les auditeurs d\u00e9couvrent comment l\u2019IA peut transformer des secteurs vari\u00e9s \u2014 de la fabrication industrielle \u00e0 l\u2019accessibilit\u00e9 urbaine, en passant par la gestion de flottes de v\u00e9hicules.<\/p><p>Fort de pr\u00e8s de 40 ans d\u2019existence, le CRIM, situ\u00e9 au c\u0153ur du quartier de l\u2019IA \u00e0 Montr\u00e9al, demeure un acteur de premier plan dans le d\u00e9veloppement de solutions sur mesure en intelligence artificielle.<\/p><p>Cette s\u00e9rie vise \u00e0 vulgariser les avanc\u00e9es technologiques et \u00e0 illustrer l\u2019impact concret de l\u2019IA sur les strat\u00e9gies d\u2019affaires et les d\u00e9fis op\u00e9rationnels des organisations. \u00ab Succ\u00e8s IA \u00bb s\u2019adresse \u00e0 tous ceux et celles qui souhaitent mieux comprendre l\u2019apport de l\u2019IA dans le monde r\u00e9el. Abonnez-vous d\u00e8s maintenant et partez \u00e0 la d\u00e9couverte de ces histoires \u00e0 succ\u00e8s qui fa\u00e7onnent l\u2019avenir.<\/p>\t\t\t\t\t\t\t\t<\/div>\n\t\t\t\t<\/div>\n\t\t\t\t<\/div>\n\t\t<div class=\"elementor-element elementor-element-ee06ab4 e-con-full e-flex e-con e-child\" data-id=\"ee06ab4\" data-element_type=\"container\">\n\t\t\t\t<div class=\"elementor-element elementor-element-55346c1 h2-tiret-gauche elementor-widget elementor-widget-heading\" data-id=\"55346c1\" data-element_type=\"widget\" id=\"couleur-turquoise\" data-widget_type=\"heading.default\">\n\t\t\t\t<div class=\"elementor-widget-container\">\n\t\t\t\t\t<h2 class=\"elementor-heading-title elementor-size-default\">Abonnez-vous gratuitement<\/h2>\t\t\t\t<\/div>\n\t\t\t\t<\/div>\n\t\t\t\t<div class=\"elementor-element elementor-element-0b78cbe elementor-widget elementor-widget-button\" data-id=\"0b78cbe\" data-element_type=\"widget\" data-widget_type=\"button.default\">\n\t\t\t\t<div class=\"elementor-widget-container\">\n\t\t\t\t\t\t\t\t\t<div class=\"elementor-button-wrapper\">\n\t\t\t\t\t<a class=\"elementor-button elementor-button-link elementor-size-sm\" href=\"https:\/\/succesia.buzzsprout.com\/2393675\/follow\">\n\t\t\t\t\t\t<span class=\"elementor-button-content-wrapper\">\n\t\t\t\t\t\t\t\t\t<span class=\"elementor-button-text\">Succ\u00e8s IA - en audio<\/span>\n\t\t\t\t\t<\/span>\n\t\t\t\t\t<\/a>\n\t\t\t\t<\/div>\n\t\t\t\t\t\t\t\t<\/div>\n\t\t\t\t<\/div>\n\t\t\t\t<div class=\"elementor-element elementor-element-bcb4070 elementor-widget elementor-widget-button\" data-id=\"bcb4070\" data-element_type=\"widget\" data-widget_type=\"button.default\">\n\t\t\t\t<div class=\"elementor-widget-container\">\n\t\t\t\t\t\t\t\t\t<div class=\"elementor-button-wrapper\">\n\t\t\t\t\t<a class=\"elementor-button elementor-button-link elementor-size-sm\" href=\"https:\/\/www.youtube.com\/watch?v=Ig73ghwZxdE&#038;list=PLzTuLsYmY5jmIxsjD6-DAd_4Epl25lln2\">\n\t\t\t\t\t\t<span class=\"elementor-button-content-wrapper\">\n\t\t\t\t\t\t\t\t\t<span class=\"elementor-button-text\">Succ\u00e8s IA - en vid\u00e9o<\/span>\n\t\t\t\t\t<\/span>\n\t\t\t\t\t<\/a>\n\t\t\t\t<\/div>\n\t\t\t\t\t\t\t\t<\/div>\n\t\t\t\t<\/div>\n\t\t\t\t<\/div>\n\t\t\t\t\t<\/div>\n\t\t\t\t<\/div>\n\t\t\t\t<\/div>\n\t\t","protected":false},"excerpt":{"rendered":"<p>Des projets concrets, des succ\u00e8s inspirants en IA https:\/\/www.youtube.com\/watch?v=Ig73ghwZxdE&#038;list=PLzTuLsYmY5jmIxsjD6-DAd_4Epl25lln2 Dans le cadre de son engagement \u00e0 faire rayonner l\u2019expertise qu\u00e9b\u00e9coise en intelligence artificielle, le CRIM pr\u00e9sente une s\u00e9rie de balados intitul\u00e9e \u00ab Succ\u00e8s IA \u00bb. Ce podcast immersif met en lumi\u00e8re des projets concrets et inspirants r\u00e9alis\u00e9s par les \u00e9quipes du CRIM en collaboration avec [&hellip;]<\/p>\n","protected":false},"author":34,"featured_media":14435,"parent":0,"menu_order":0,"comment_status":"closed","ping_status":"closed","template":"","meta":{"_acf_changed":false,"footnotes":"","_links_to":"","_links_to_target":""},"class_list":["post-26726","page","type-page","status-publish","has-post-thumbnail","hentry"],"acf":[],"_links":{"self":[{"href":"https:\/\/www.crim.ca\/fr\/wp-json\/wp\/v2\/pages\/26726","targetHints":{"allow":["GET"]}}],"collection":[{"href":"https:\/\/www.crim.ca\/fr\/wp-json\/wp\/v2\/pages"}],"about":[{"href":"https:\/\/www.crim.ca\/fr\/wp-json\/wp\/v2\/types\/page"}],"author":[{"embeddable":true,"href":"https:\/\/www.crim.ca\/fr\/wp-json\/wp\/v2\/users\/34"}],"replies":[{"embeddable":true,"href":"https:\/\/www.crim.ca\/fr\/wp-json\/wp\/v2\/comments?post=26726"}],"version-history":[{"count":4,"href":"https:\/\/www.crim.ca\/fr\/wp-json\/wp\/v2\/pages\/26726\/revisions"}],"predecessor-version":[{"id":26730,"href":"https:\/\/www.crim.ca\/fr\/wp-json\/wp\/v2\/pages\/26726\/revisions\/26730"}],"wp:featuredmedia":[{"embeddable":true,"href":"https:\/\/www.crim.ca\/fr\/wp-json\/wp\/v2\/media\/14435"}],"wp:attachment":[{"href":"https:\/\/www.crim.ca\/fr\/wp-json\/wp\/v2\/media?parent=26726"}],"curies":[{"name":"wp","href":"https:\/\/api.w.org\/{rel}","templated":true}]}}