{"id":27906,"date":"2025-09-23T11:35:13","date_gmt":"2025-09-23T15:35:13","guid":{"rendered":"https:\/\/www.crim.ca\/?page_id=27906"},"modified":"2025-09-23T15:20:17","modified_gmt":"2025-09-23T19:20:17","slug":"allin2025","status":"publish","type":"page","link":"https:\/\/www.crim.ca\/fr\/allin2025\/","title":{"rendered":"ALL IN 2025"},"content":{"rendered":"\t\t<div data-elementor-type=\"wp-page\" data-elementor-id=\"27906\" class=\"elementor elementor-27906\" data-elementor-post-type=\"page\">\n\t\t\t\t<div class=\"elementor-element elementor-element-09f33cf e-flex e-con-boxed e-con e-parent\" data-id=\"09f33cf\" data-element_type=\"container\">\n\t\t\t\t\t<div class=\"e-con-inner\">\n\t\t\t\t<div class=\"elementor-element elementor-element-10386a8 elementor-widget elementor-widget-image\" data-id=\"10386a8\" data-element_type=\"widget\" data-widget_type=\"image.default\">\n\t\t\t\t<div class=\"elementor-widget-container\">\n\t\t\t\t\t\t\t\t\t\t\t\t\t\t\t<img fetchpriority=\"high\" decoding=\"async\" width=\"1920\" height=\"1003\" src=\"https:\/\/www.crim.ca\/wp-content\/uploads\/2025\/09\/Partenaire_Ecosysteme_CRIM_FR-1.jpg\" class=\"attachment-full size-full wp-image-27915\" alt=\"Visuel promotionnel du CRIM partenaire \u00e9cosyst\u00e8me \u00e0 ALL IN 2025, indiquant les dates du 24 et 25 septembre 2025, avec un fond d\u00e9grad\u00e9 violet et orange.\" srcset=\"https:\/\/www.crim.ca\/wp-content\/uploads\/2025\/09\/Partenaire_Ecosysteme_CRIM_FR-1.jpg 1920w, https:\/\/www.crim.ca\/wp-content\/uploads\/2025\/09\/Partenaire_Ecosysteme_CRIM_FR-1-300x157.jpg 300w, https:\/\/www.crim.ca\/wp-content\/uploads\/2025\/09\/Partenaire_Ecosysteme_CRIM_FR-1-1024x535.jpg 1024w, https:\/\/www.crim.ca\/wp-content\/uploads\/2025\/09\/Partenaire_Ecosysteme_CRIM_FR-1-768x401.jpg 768w, https:\/\/www.crim.ca\/wp-content\/uploads\/2025\/09\/Partenaire_Ecosysteme_CRIM_FR-1-1536x802.jpg 1536w\" sizes=\"(max-width: 1920px) 100vw, 1920px\" \/>\t\t\t\t\t\t\t\t\t\t\t\t\t\t\t<\/div>\n\t\t\t\t<\/div>\n\t\t\t\t\t<\/div>\n\t\t\t\t<\/div>\n\t\t<div class=\"elementor-element elementor-element-1ee849d e-flex e-con-boxed e-con e-parent\" data-id=\"1ee849d\" data-element_type=\"container\">\n\t\t\t\t\t<div class=\"e-con-inner\">\n\t\t\t\t<div class=\"elementor-element elementor-element-bc0f94a elementor-widget elementor-widget-text-editor\" data-id=\"bc0f94a\" data-element_type=\"widget\" data-widget_type=\"text-editor.default\">\n\t\t\t\t<div class=\"elementor-widget-container\">\n\t\t\t\t\t\t\t\t\t<h1 class=\"elementor-heading-title elementor-size-default elementor-inline-editing pen\" style=\"color: #00467e;box-shadow: #ffffff 0px 0px 0px 0.2rem, #ffffff 0px 0px 0px 0.35rem !important\" data-elementor-setting-key=\"title\" data-pen-placeholder=\"\u00c9crivez ici...\">Merci!<\/h1><p>Merci d&#8217;\u00eatre pass\u00e9 par le kiosque du CRIM \u00e0 ALL IN 2025. Nous avons rassembl\u00e9 ces ressources afin de mieux vous outiller pour vos prochains projets en IA.<\/p>\t\t\t\t\t\t\t\t<\/div>\n\t\t\t\t<\/div>\n\t\t\t\t<div class=\"elementor-element elementor-element-0cc6b33 elementor-widget-divider--view-line elementor-widget elementor-widget-divider\" data-id=\"0cc6b33\" data-element_type=\"widget\" data-widget_type=\"divider.default\">\n\t\t\t\t<div class=\"elementor-widget-container\">\n\t\t\t\t\t\t\t<div class=\"elementor-divider\">\n\t\t\t<span class=\"elementor-divider-separator\">\n\t\t\t\t\t\t<\/span>\n\t\t<\/div>\n\t\t\t\t\t\t<\/div>\n\t\t\t\t<\/div>\n\t\t\t\t\t<\/div>\n\t\t\t\t<\/div>\n\t\t<div class=\"elementor-element elementor-element-d78c63e e-flex e-con-boxed e-con e-parent\" data-id=\"d78c63e\" data-element_type=\"container\">\n\t\t\t\t\t<div class=\"e-con-inner\">\n\t\t\t\t<div class=\"elementor-element elementor-element-58a703b elementor-widget elementor-widget-heading\" data-id=\"58a703b\" data-element_type=\"widget\" data-widget_type=\"heading.default\">\n\t\t\t\t<div class=\"elementor-widget-container\">\n\t\t\t\t\t<h2 class=\"elementor-heading-title elementor-size-default\">D\u00e9couvrez votre profil IA<\/h2>\t\t\t\t<\/div>\n\t\t\t\t<\/div>\n\t\t\t\t<div class=\"elementor-element elementor-element-e0a702c elementor-widget elementor-widget-text-editor\" data-id=\"e0a702c\" data-element_type=\"widget\" data-widget_type=\"text-editor.default\">\n\t\t\t\t<div class=\"elementor-widget-container\">\n\t\t\t\t\t\t\t\t\t<p>En quelques questions rapides, d\u00e9couvrez quel est votre profil en IA&#8230; et ce que votre avenir en IA vous r\u00e9serve.<\/p>\t\t\t\t\t\t\t\t<\/div>\n\t\t\t\t<\/div>\n\t\t\t\t<div class=\"elementor-element elementor-element-76be3bc elementor-widget elementor-widget-html\" data-id=\"76be3bc\" data-element_type=\"widget\" data-widget_type=\"html.default\">\n\t\t\t\t<div class=\"elementor-widget-container\">\n\t\t\t\t\t\n<iframe \n  aria-label=\"Quel est mon profil IA?\" \n  frameborder=\"0\" \n  style=\"height:100vh;width:100%;border:none;\" \n  src=\"https:\/\/forms.zohopublic.com\/crimca\/form\/QuelestmonprofilIA\/formperma\/RV16lwvTen84FaQmTsGPvBChnclCuRUU-vl2DdybyFs\">\n<\/iframe>\n\t\t\t\t<\/div>\n\t\t\t\t<\/div>\n\t\t\t\t<div class=\"elementor-element elementor-element-6c382e2 elementor-widget-divider--view-line elementor-widget elementor-widget-divider\" data-id=\"6c382e2\" data-element_type=\"widget\" data-widget_type=\"divider.default\">\n\t\t\t\t<div class=\"elementor-widget-container\">\n\t\t\t\t\t\t\t<div class=\"elementor-divider\">\n\t\t\t<span class=\"elementor-divider-separator\">\n\t\t\t\t\t\t<\/span>\n\t\t<\/div>\n\t\t\t\t\t\t<\/div>\n\t\t\t\t<\/div>\n\t\t\t\t<div class=\"elementor-element elementor-element-4da22b1 elementor-widget elementor-widget-heading\" data-id=\"4da22b1\" data-element_type=\"widget\" data-widget_type=\"heading.default\">\n\t\t\t\t<div class=\"elementor-widget-container\">\n\t\t\t\t\t<h2 class=\"elementor-heading-title elementor-size-default\">Les conseillers du CRIM \u00e0 ALL IN<\/h2>\t\t\t\t<\/div>\n\t\t\t\t<\/div>\n\t\t<div class=\"elementor-element elementor-element-5fc104c e-grid e-con-full e-con e-child\" data-id=\"5fc104c\" data-element_type=\"container\">\n\t\t\t\t<div class=\"elementor-element elementor-element-f46e21c elementor-widget elementor-widget-link-in-bio-var-7\" data-id=\"f46e21c\" data-element_type=\"widget\" data-widget_type=\"link-in-bio-var-7.default\">\n\t\t\t\t<div class=\"elementor-widget-container\">\n\t\t\t\t\t\t\t<div class=\"e-link-in-bio e-link-in-bio-var-7\">\n\t\t\t<div class=\"e-link-in-bio__content\">\n\n\t\t\t\t\t\t<div class=\"e-link-in-bio__identity\">\n\t\t\t\t\t\t\t\t\t<div class=\"e-link-in-bio__identity-image e-link-in-bio__identity-image-cover\">\n\t\t\t\t\t\t\t<img decoding=\"async\" width=\"300\" height=\"169\" src=\"https:\/\/www.crim.ca\/wp-content\/uploads\/2025\/09\/Design-sans-titre-2-300x169.jpg\" class=\"e-link-in-bio__identity-image-element\" alt=\"\" srcset=\"https:\/\/www.crim.ca\/wp-content\/uploads\/2025\/09\/Design-sans-titre-2-300x169.jpg 300w, https:\/\/www.crim.ca\/wp-content\/uploads\/2025\/09\/Design-sans-titre-2-1024x576.jpg 1024w, https:\/\/www.crim.ca\/wp-content\/uploads\/2025\/09\/Design-sans-titre-2-768x432.jpg 768w, https:\/\/www.crim.ca\/wp-content\/uploads\/2025\/09\/Design-sans-titre-2-1536x864.jpg 1536w, https:\/\/www.crim.ca\/wp-content\/uploads\/2025\/09\/Design-sans-titre-2.jpg 1920w\" sizes=\"(max-width: 300px) 100vw, 300px\" \/>\t\t\t\t\t\t\t\t\t\t\t\t\t<\/div>\n\t\t\t\t\t\t\t\t\t\t\t<div class=\"e-link-in-bio__identity-image e-link-in-bio__identity-image-profile has-style-circle\">\n\t\t\t\t\t\t\t<img decoding=\"async\" width=\"200\" height=\"300\" src=\"https:\/\/www.crim.ca\/wp-content\/uploads\/2025\/06\/Maximilien-Martin-Briat-CRIM-200x300.jpg\" class=\"e-link-in-bio__identity-image-element\" alt=\"\" srcset=\"https:\/\/www.crim.ca\/wp-content\/uploads\/2025\/06\/Maximilien-Martin-Briat-CRIM-200x300.jpg 200w, https:\/\/www.crim.ca\/wp-content\/uploads\/2025\/06\/Maximilien-Martin-Briat-CRIM-683x1024.jpg 683w, https:\/\/www.crim.ca\/wp-content\/uploads\/2025\/06\/Maximilien-Martin-Briat-CRIM-768x1152.jpg 768w, https:\/\/www.crim.ca\/wp-content\/uploads\/2025\/06\/Maximilien-Martin-Briat-CRIM-1024x1536.jpg 1024w, https:\/\/www.crim.ca\/wp-content\/uploads\/2025\/06\/Maximilien-Martin-Briat-CRIM.jpg 1280w\" sizes=\"(max-width: 200px) 100vw, 200px\" \/>\t\t\t\t\t\t\t\t\t\t\t\t\t<\/div>\n\t\t\t\t\t\t\t<\/div>\n\t\t\t\t\t<div class=\"e-link-in-bio__bio\">\n\t\t\t\t<h2 class=\"e-link-in-bio__heading\">Maximilien Martin Briat<\/h2>\t\t\t\t<h3 class=\"e-link-in-bio__title\">Conseiller principal, Affaires et partenariats<\/h3>\t\t\t\t\t\t\t\t\t\t\t<\/div>\n\t\t\t\t\t<div class=\"e-link-in-bio__icons has-size-small\">\n\t\t\t\t\t\t\t<div class=\"e-link-in-bio__icon is-size-small\">\n\t\t\t\t\t<a aria-label=\"Email\" class=\"e-link-in-bio__icon-link\" href=\"mailto:maximilien.martin-briat@crim.ca?subject=ALL%20IN%202025%20-%20CRIM\">\n\t\t\t\t\t\t<span class=\"e-link-in-bio__icon-svg\">\n\t\t\t\t\t\t\t<svg aria-hidden=\"true\" class=\"e-font-icon-svg e-fas-envelope\" viewBox=\"0 0 512 512\" xmlns=\"http:\/\/www.w3.org\/2000\/svg\"><path d=\"M502.3 190.8c3.9-3.1 9.7-.2 9.7 4.7V400c0 26.5-21.5 48-48 48H48c-26.5 0-48-21.5-48-48V195.6c0-5 5.7-7.8 9.7-4.7 22.4 17.4 52.1 39.5 154.1 113.6 21.1 15.4 56.7 47.8 92.2 47.6 35.7.3 72-32.8 92.3-47.6 102-74.1 131.6-96.3 154-113.7zM256 320c23.2.4 56.6-29.2 73.4-41.4 132.7-96.3 142.8-104.7 173.4-128.7 5.8-4.5 9.2-11.5 9.2-18.9v-19c0-26.5-21.5-48-48-48H48C21.5 64 0 85.5 0 112v19c0 7.4 3.4 14.3 9.2 18.9 30.6 23.9 40.7 32.4 173.4 128.7 16.8 12.2 50.2 41.8 73.4 41.4z\"><\/path><\/svg>\t\t\t\t\t\t<\/span>\n\t\t\t\t\t\t\t\t\t\t\t\t\t<span class=\"e-link-in-bio__icon-label\">\n\t\t\t\t\t\t\t\tEmail\t\t\t\t\t\t\t<\/span>\n\t\t\t\t\t\t\t\t\t\t\t<\/a>\n\t\t\t\t<\/div>\n\t\t\t\t\t\t\t<div class=\"e-link-in-bio__icon is-size-small\">\n\t\t\t\t\t<a href=\"https:\/\/www.linkedin.com\/in\/maximilienmartinbriat\/\" target=\"_blank\" rel=\"noopener \" aria-label=\"LinkedIn\" class=\"e-link-in-bio__icon-link\">\n\t\t\t\t\t\t<span class=\"e-link-in-bio__icon-svg\">\n\t\t\t\t\t\t\t<svg aria-hidden=\"true\" class=\"e-font-icon-svg e-fab-linkedin-in\" viewBox=\"0 0 448 512\" xmlns=\"http:\/\/www.w3.org\/2000\/svg\"><path d=\"M100.28 448H7.4V148.9h92.88zM53.79 108.1C24.09 108.1 0 83.5 0 53.8a53.79 53.79 0 0 1 107.58 0c0 29.7-24.1 54.3-53.79 54.3zM447.9 448h-92.68V302.4c0-34.7-.7-79.2-48.29-79.2-48.29 0-55.69 37.7-55.69 76.7V448h-92.78V148.9h89.08v40.8h1.3c12.4-23.5 42.69-48.3 87.88-48.3 94 0 111.28 61.9 111.28 142.3V448z\"><\/path><\/svg>\t\t\t\t\t\t<\/span>\n\t\t\t\t\t\t\t\t\t\t\t\t\t<span class=\"e-link-in-bio__icon-label\">\n\t\t\t\t\t\t\t\tLinkedIn\t\t\t\t\t\t\t<\/span>\n\t\t\t\t\t\t\t\t\t\t\t<\/a>\n\t\t\t\t<\/div>\n\t\t\t\t\t<\/div>\n\t\t\n\t\t<div class=\"e-link-in-bio__ctas has-type-button\">\n\t\t\t\t\t\t\t<a href=\"https:\/\/rdv.crim.ca\/#\/MaximilienMB\" target=\"_blank\" rel=\"noopener \" class=\"e-link-in-bio__cta is-type-button has-corners-round\">\n\t\t\t\t\t\t\t\t\t\t<span class=\"e-link-in-bio__cta-text\">\n\t\t\t\t\t\tPrendre rendez-vous\t\t\t\t\t<\/span>\n\t\t\t\t<\/a>\n\t\t\t\t\t<\/div>\n\t\t\n\t\t\t<\/div>\n\t\t\t<div class=\"e-link-in-bio__bg\">\n\t\t\t\t<div class=\"e-link-in-bio__bg-overlay\"><\/div>\n\t\t\t<\/div>\n\t\t<\/div>\n\t\t\t\t\t\t<\/div>\n\t\t\t\t<\/div>\n\t\t\t\t<div class=\"elementor-element elementor-element-7c06ccd elementor-widget elementor-widget-link-in-bio-var-7\" data-id=\"7c06ccd\" data-element_type=\"widget\" data-widget_type=\"link-in-bio-var-7.default\">\n\t\t\t\t<div class=\"elementor-widget-container\">\n\t\t\t\t\t\t\t<div class=\"e-link-in-bio e-link-in-bio-var-7\">\n\t\t\t<div class=\"e-link-in-bio__content\">\n\n\t\t\t\t\t\t<div class=\"e-link-in-bio__identity\">\n\t\t\t\t\t\t\t\t\t<div class=\"e-link-in-bio__identity-image e-link-in-bio__identity-image-cover\">\n\t\t\t\t\t\t\t<img decoding=\"async\" width=\"300\" height=\"169\" src=\"https:\/\/www.crim.ca\/wp-content\/uploads\/2025\/09\/Design-sans-titre-2-300x169.jpg\" class=\"e-link-in-bio__identity-image-element\" alt=\"\" srcset=\"https:\/\/www.crim.ca\/wp-content\/uploads\/2025\/09\/Design-sans-titre-2-300x169.jpg 300w, https:\/\/www.crim.ca\/wp-content\/uploads\/2025\/09\/Design-sans-titre-2-1024x576.jpg 1024w, https:\/\/www.crim.ca\/wp-content\/uploads\/2025\/09\/Design-sans-titre-2-768x432.jpg 768w, https:\/\/www.crim.ca\/wp-content\/uploads\/2025\/09\/Design-sans-titre-2-1536x864.jpg 1536w, https:\/\/www.crim.ca\/wp-content\/uploads\/2025\/09\/Design-sans-titre-2.jpg 1920w\" sizes=\"(max-width: 300px) 100vw, 300px\" \/>\t\t\t\t\t\t\t\t\t\t\t\t\t<\/div>\n\t\t\t\t\t\t\t\t\t\t\t<div class=\"e-link-in-bio__identity-image e-link-in-bio__identity-image-profile has-style-circle\">\n\t\t\t\t\t\t\t<img loading=\"lazy\" decoding=\"async\" width=\"300\" height=\"300\" src=\"https:\/\/www.crim.ca\/wp-content\/uploads\/2025\/08\/Design-sans-titre-1-300x300.jpg\" class=\"e-link-in-bio__identity-image-element\" alt=\"\" srcset=\"https:\/\/www.crim.ca\/wp-content\/uploads\/2025\/08\/Design-sans-titre-1-300x300.jpg 300w, https:\/\/www.crim.ca\/wp-content\/uploads\/2025\/08\/Design-sans-titre-1-150x150.jpg 150w, https:\/\/www.crim.ca\/wp-content\/uploads\/2025\/08\/Design-sans-titre-1.jpg 500w\" sizes=\"(max-width: 300px) 100vw, 300px\" \/>\t\t\t\t\t\t\t\t\t\t\t\t\t<\/div>\n\t\t\t\t\t\t\t<\/div>\n\t\t\t\t\t<div class=\"e-link-in-bio__bio\">\n\t\t\t\t<h2 class=\"e-link-in-bio__heading\">Franck Boulb\u00e8s<\/h2>\t\t\t\t<h3 class=\"e-link-in-bio__title\">Conseiller, Affaires et partenariats<\/h3>\t\t\t\t\t\t\t\t\t\t\t<\/div>\n\t\t\t\t\t<div class=\"e-link-in-bio__icons has-size-small\">\n\t\t\t\t\t\t\t<div class=\"e-link-in-bio__icon is-size-small\">\n\t\t\t\t\t<a aria-label=\"Email\" class=\"e-link-in-bio__icon-link\" href=\"mailto:franck.boulbes@crim.ca?subject=ALL%20IN%202025%20-%20CRIM\">\n\t\t\t\t\t\t<span class=\"e-link-in-bio__icon-svg\">\n\t\t\t\t\t\t\t<svg aria-hidden=\"true\" class=\"e-font-icon-svg e-fas-envelope\" viewBox=\"0 0 512 512\" xmlns=\"http:\/\/www.w3.org\/2000\/svg\"><path d=\"M502.3 190.8c3.9-3.1 9.7-.2 9.7 4.7V400c0 26.5-21.5 48-48 48H48c-26.5 0-48-21.5-48-48V195.6c0-5 5.7-7.8 9.7-4.7 22.4 17.4 52.1 39.5 154.1 113.6 21.1 15.4 56.7 47.8 92.2 47.6 35.7.3 72-32.8 92.3-47.6 102-74.1 131.6-96.3 154-113.7zM256 320c23.2.4 56.6-29.2 73.4-41.4 132.7-96.3 142.8-104.7 173.4-128.7 5.8-4.5 9.2-11.5 9.2-18.9v-19c0-26.5-21.5-48-48-48H48C21.5 64 0 85.5 0 112v19c0 7.4 3.4 14.3 9.2 18.9 30.6 23.9 40.7 32.4 173.4 128.7 16.8 12.2 50.2 41.8 73.4 41.4z\"><\/path><\/svg>\t\t\t\t\t\t<\/span>\n\t\t\t\t\t\t\t\t\t\t\t\t\t<span class=\"e-link-in-bio__icon-label\">\n\t\t\t\t\t\t\t\tEmail\t\t\t\t\t\t\t<\/span>\n\t\t\t\t\t\t\t\t\t\t\t<\/a>\n\t\t\t\t<\/div>\n\t\t\t\t\t\t\t<div class=\"e-link-in-bio__icon is-size-small\">\n\t\t\t\t\t<a href=\"https:\/\/www.linkedin.com\/in\/franckboulbes\/\" target=\"_blank\" rel=\"noopener \" aria-label=\"LinkedIn\" class=\"e-link-in-bio__icon-link\">\n\t\t\t\t\t\t<span class=\"e-link-in-bio__icon-svg\">\n\t\t\t\t\t\t\t<svg aria-hidden=\"true\" class=\"e-font-icon-svg e-fab-linkedin-in\" viewBox=\"0 0 448 512\" xmlns=\"http:\/\/www.w3.org\/2000\/svg\"><path d=\"M100.28 448H7.4V148.9h92.88zM53.79 108.1C24.09 108.1 0 83.5 0 53.8a53.79 53.79 0 0 1 107.58 0c0 29.7-24.1 54.3-53.79 54.3zM447.9 448h-92.68V302.4c0-34.7-.7-79.2-48.29-79.2-48.29 0-55.69 37.7-55.69 76.7V448h-92.78V148.9h89.08v40.8h1.3c12.4-23.5 42.69-48.3 87.88-48.3 94 0 111.28 61.9 111.28 142.3V448z\"><\/path><\/svg>\t\t\t\t\t\t<\/span>\n\t\t\t\t\t\t\t\t\t\t\t\t\t<span class=\"e-link-in-bio__icon-label\">\n\t\t\t\t\t\t\t\tLinkedIn\t\t\t\t\t\t\t<\/span>\n\t\t\t\t\t\t\t\t\t\t\t<\/a>\n\t\t\t\t<\/div>\n\t\t\t\t\t<\/div>\n\t\t\n\t\t<div class=\"e-link-in-bio__ctas has-type-button\">\n\t\t\t\t\t\t\t<a href=\"https:\/\/rdv.crim.ca\/#\/FranckB\" target=\"_blank\" rel=\"noopener \" class=\"e-link-in-bio__cta is-type-button has-corners-round\">\n\t\t\t\t\t\t\t\t\t\t<span class=\"e-link-in-bio__cta-text\">\n\t\t\t\t\t\tPrendre rendez-vous\t\t\t\t\t<\/span>\n\t\t\t\t<\/a>\n\t\t\t\t\t<\/div>\n\t\t\n\t\t\t<\/div>\n\t\t\t<div class=\"e-link-in-bio__bg\">\n\t\t\t\t<div class=\"e-link-in-bio__bg-overlay\"><\/div>\n\t\t\t<\/div>\n\t\t<\/div>\n\t\t\t\t\t\t<\/div>\n\t\t\t\t<\/div>\n\t\t\t\t<div class=\"elementor-element elementor-element-c432976 elementor-widget elementor-widget-link-in-bio-var-7\" data-id=\"c432976\" data-element_type=\"widget\" data-widget_type=\"link-in-bio-var-7.default\">\n\t\t\t\t<div class=\"elementor-widget-container\">\n\t\t\t\t\t\t\t<div class=\"e-link-in-bio e-link-in-bio-var-7\">\n\t\t\t<div class=\"e-link-in-bio__content\">\n\n\t\t\t\t\t\t<div class=\"e-link-in-bio__identity\">\n\t\t\t\t\t\t\t\t\t<div class=\"e-link-in-bio__identity-image e-link-in-bio__identity-image-cover\">\n\t\t\t\t\t\t\t<img decoding=\"async\" width=\"300\" height=\"169\" src=\"https:\/\/www.crim.ca\/wp-content\/uploads\/2025\/09\/Design-sans-titre-2-300x169.jpg\" class=\"e-link-in-bio__identity-image-element\" alt=\"\" srcset=\"https:\/\/www.crim.ca\/wp-content\/uploads\/2025\/09\/Design-sans-titre-2-300x169.jpg 300w, https:\/\/www.crim.ca\/wp-content\/uploads\/2025\/09\/Design-sans-titre-2-1024x576.jpg 1024w, https:\/\/www.crim.ca\/wp-content\/uploads\/2025\/09\/Design-sans-titre-2-768x432.jpg 768w, https:\/\/www.crim.ca\/wp-content\/uploads\/2025\/09\/Design-sans-titre-2-1536x864.jpg 1536w, https:\/\/www.crim.ca\/wp-content\/uploads\/2025\/09\/Design-sans-titre-2.jpg 1920w\" sizes=\"(max-width: 300px) 100vw, 300px\" \/>\t\t\t\t\t\t\t\t\t\t\t\t\t<\/div>\n\t\t\t\t\t\t\t\t\t\t\t<div class=\"e-link-in-bio__identity-image e-link-in-bio__identity-image-profile has-style-circle\">\n\t\t\t\t\t\t\t<img loading=\"lazy\" decoding=\"async\" width=\"300\" height=\"300\" src=\"https:\/\/www.crim.ca\/wp-content\/uploads\/2025\/06\/522450b7-c0b4-4d07-9b83-4335213c785d-300x300.jpg\" class=\"e-link-in-bio__identity-image-element\" alt=\"\" srcset=\"https:\/\/www.crim.ca\/wp-content\/uploads\/2025\/06\/522450b7-c0b4-4d07-9b83-4335213c785d-300x300.jpg 300w, https:\/\/www.crim.ca\/wp-content\/uploads\/2025\/06\/522450b7-c0b4-4d07-9b83-4335213c785d-150x150.jpg 150w, https:\/\/www.crim.ca\/wp-content\/uploads\/2025\/06\/522450b7-c0b4-4d07-9b83-4335213c785d-768x768.jpg 768w, https:\/\/www.crim.ca\/wp-content\/uploads\/2025\/06\/522450b7-c0b4-4d07-9b83-4335213c785d.jpg 962w\" sizes=\"(max-width: 300px) 100vw, 300px\" \/>\t\t\t\t\t\t\t\t\t\t\t\t\t<\/div>\n\t\t\t\t\t\t\t<\/div>\n\t\t\t\t\t<div class=\"e-link-in-bio__bio\">\n\t\t\t\t<h2 class=\"e-link-in-bio__heading\">Tatiana Ruiz<\/h2>\t\t\t\t<h3 class=\"e-link-in-bio__title\">Conseill\u00e8re, Affaires, Grands comptes<\/h3>\t\t\t\t\t\t\t\t\t\t\t<\/div>\n\t\t\t\t\t<div class=\"e-link-in-bio__icons has-size-small\">\n\t\t\t\t\t\t\t<div class=\"e-link-in-bio__icon is-size-small\">\n\t\t\t\t\t<a aria-label=\"Email\" class=\"e-link-in-bio__icon-link\" href=\"mailto:tatiana.ruiz@crim.ca?subject=ALL%20IN%202025%20-%20CRIM\">\n\t\t\t\t\t\t<span class=\"e-link-in-bio__icon-svg\">\n\t\t\t\t\t\t\t<svg aria-hidden=\"true\" class=\"e-font-icon-svg e-fas-envelope\" viewBox=\"0 0 512 512\" xmlns=\"http:\/\/www.w3.org\/2000\/svg\"><path d=\"M502.3 190.8c3.9-3.1 9.7-.2 9.7 4.7V400c0 26.5-21.5 48-48 48H48c-26.5 0-48-21.5-48-48V195.6c0-5 5.7-7.8 9.7-4.7 22.4 17.4 52.1 39.5 154.1 113.6 21.1 15.4 56.7 47.8 92.2 47.6 35.7.3 72-32.8 92.3-47.6 102-74.1 131.6-96.3 154-113.7zM256 320c23.2.4 56.6-29.2 73.4-41.4 132.7-96.3 142.8-104.7 173.4-128.7 5.8-4.5 9.2-11.5 9.2-18.9v-19c0-26.5-21.5-48-48-48H48C21.5 64 0 85.5 0 112v19c0 7.4 3.4 14.3 9.2 18.9 30.6 23.9 40.7 32.4 173.4 128.7 16.8 12.2 50.2 41.8 73.4 41.4z\"><\/path><\/svg>\t\t\t\t\t\t<\/span>\n\t\t\t\t\t\t\t\t\t\t\t\t\t<span class=\"e-link-in-bio__icon-label\">\n\t\t\t\t\t\t\t\tEmail\t\t\t\t\t\t\t<\/span>\n\t\t\t\t\t\t\t\t\t\t\t<\/a>\n\t\t\t\t<\/div>\n\t\t\t\t\t\t\t<div class=\"e-link-in-bio__icon is-size-small\">\n\t\t\t\t\t<a href=\"https:\/\/www.linkedin.com\/in\/tatiana-ruiz-phd\/\" target=\"_blank\" rel=\"noopener \" aria-label=\"LinkedIn\" class=\"e-link-in-bio__icon-link\">\n\t\t\t\t\t\t<span class=\"e-link-in-bio__icon-svg\">\n\t\t\t\t\t\t\t<svg aria-hidden=\"true\" class=\"e-font-icon-svg e-fab-linkedin-in\" viewBox=\"0 0 448 512\" xmlns=\"http:\/\/www.w3.org\/2000\/svg\"><path d=\"M100.28 448H7.4V148.9h92.88zM53.79 108.1C24.09 108.1 0 83.5 0 53.8a53.79 53.79 0 0 1 107.58 0c0 29.7-24.1 54.3-53.79 54.3zM447.9 448h-92.68V302.4c0-34.7-.7-79.2-48.29-79.2-48.29 0-55.69 37.7-55.69 76.7V448h-92.78V148.9h89.08v40.8h1.3c12.4-23.5 42.69-48.3 87.88-48.3 94 0 111.28 61.9 111.28 142.3V448z\"><\/path><\/svg>\t\t\t\t\t\t<\/span>\n\t\t\t\t\t\t\t\t\t\t\t\t\t<span class=\"e-link-in-bio__icon-label\">\n\t\t\t\t\t\t\t\tLinkedIn\t\t\t\t\t\t\t<\/span>\n\t\t\t\t\t\t\t\t\t\t\t<\/a>\n\t\t\t\t<\/div>\n\t\t\t\t\t<\/div>\n\t\t\n\t\t<div class=\"e-link-in-bio__ctas has-type-button\">\n\t\t\t\t\t\t\t<a href=\"https:\/\/rdv.crim.ca\/#\/TatianaR\" target=\"_blank\" rel=\"noopener \" class=\"e-link-in-bio__cta is-type-button has-corners-round\">\n\t\t\t\t\t\t\t\t\t\t<span class=\"e-link-in-bio__cta-text\">\n\t\t\t\t\t\tPrendre rendez-vous\t\t\t\t\t<\/span>\n\t\t\t\t<\/a>\n\t\t\t\t\t<\/div>\n\t\t\n\t\t\t<\/div>\n\t\t\t<div class=\"e-link-in-bio__bg\">\n\t\t\t\t<div class=\"e-link-in-bio__bg-overlay\"><\/div>\n\t\t\t<\/div>\n\t\t<\/div>\n\t\t\t\t\t\t<\/div>\n\t\t\t\t<\/div>\n\t\t\t\t<\/div>\n\t\t\t\t\t<\/div>\n\t\t\t\t<\/div>\n\t\t<div class=\"elementor-element elementor-element-d3a0065 e-flex e-con-boxed e-con e-parent\" data-id=\"d3a0065\" data-element_type=\"container\">\n\t\t\t\t\t<div class=\"e-con-inner\">\n\t\t\t\t<div class=\"elementor-element elementor-element-cdc10d0 elementor-widget-divider--view-line elementor-widget elementor-widget-divider\" data-id=\"cdc10d0\" data-element_type=\"widget\" data-widget_type=\"divider.default\">\n\t\t\t\t<div class=\"elementor-widget-container\">\n\t\t\t\t\t\t\t<div class=\"elementor-divider\">\n\t\t\t<span class=\"elementor-divider-separator\">\n\t\t\t\t\t\t<\/span>\n\t\t<\/div>\n\t\t\t\t\t\t<\/div>\n\t\t\t\t<\/div>\n\t\t\t\t<div class=\"elementor-element elementor-element-f9f27d7 elementor-widget elementor-widget-heading\" data-id=\"f9f27d7\" data-element_type=\"widget\" data-widget_type=\"heading.default\">\n\t\t\t\t<div class=\"elementor-widget-container\">\n\t\t\t\t\t<h2 class=\"elementor-heading-title elementor-size-default\">Ressources compl\u00e9mentaires<\/h2>\t\t\t\t<\/div>\n\t\t\t\t<\/div>\n\t\t\t\t<div class=\"elementor-element elementor-element-14f3b09 elementor-widget elementor-widget-text-editor\" data-id=\"14f3b09\" data-element_type=\"widget\" data-widget_type=\"text-editor.default\">\n\t\t\t\t<div class=\"elementor-widget-container\">\n\t\t\t\t\t\t\t\t\t<ul><li><a href=\"https:\/\/www.crim.ca\/fr\/ia-de-confiance\/\">Livre blanc sur l&#8217;IA de confiance<\/a><\/li><li><a href=\"https:\/\/www.numeria.ai\/\">NUMERIA<\/a><\/li><li><a href=\"https:\/\/activationia.crim.ca\/\">Activation IA<\/a><\/li><li><a href=\"https:\/\/www.crim.ca\/fr\/nouvelles\/\">Des nouvelles du CRIM<\/a><\/li><\/ul>\t\t\t\t\t\t\t\t<\/div>\n\t\t\t\t<\/div>\n\t\t\t\t\t<\/div>\n\t\t\t\t<\/div>\n\t\t<div class=\"elementor-element elementor-element-0b8fac5 e-flex e-con-boxed e-con e-parent\" data-id=\"0b8fac5\" data-element_type=\"container\">\n\t\t\t\t\t<div class=\"e-con-inner\">\n\t\t\t\t<div class=\"elementor-element elementor-element-7d97802 elementor-widget-divider--view-line elementor-widget elementor-widget-divider\" data-id=\"7d97802\" data-element_type=\"widget\" data-widget_type=\"divider.default\">\n\t\t\t\t<div class=\"elementor-widget-container\">\n\t\t\t\t\t\t\t<div class=\"elementor-divider\">\n\t\t\t<span class=\"elementor-divider-separator\">\n\t\t\t\t\t\t<\/span>\n\t\t<\/div>\n\t\t\t\t\t\t<\/div>\n\t\t\t\t<\/div>\n\t\t\t\t\t<\/div>\n\t\t\t\t<\/div>\n\t\t\t\t<\/div>\n\t\t","protected":false},"excerpt":{"rendered":"<p>Merci! Merci d&#8217;\u00eatre pass\u00e9 par le kiosque du CRIM \u00e0 ALL IN 2025. Nous avons rassembl\u00e9 ces ressources afin de mieux vous outiller pour vos prochains projets en IA. D\u00e9couvrez votre profil IA En quelques questions rapides, d\u00e9couvrez quel est votre profil en IA&#8230; et ce que votre avenir en IA vous r\u00e9serve. Les conseillers [&hellip;]<\/p>\n","protected":false},"author":409,"featured_media":14435,"parent":0,"menu_order":0,"comment_status":"closed","ping_status":"closed","template":"","meta":{"_acf_changed":false,"footnotes":"","_links_to":"","_links_to_target":""},"class_list":["post-27906","page","type-page","status-publish","has-post-thumbnail","hentry"],"acf":[],"_links":{"self":[{"href":"https:\/\/www.crim.ca\/fr\/wp-json\/wp\/v2\/pages\/27906","targetHints":{"allow":["GET"]}}],"collection":[{"href":"https:\/\/www.crim.ca\/fr\/wp-json\/wp\/v2\/pages"}],"about":[{"href":"https:\/\/www.crim.ca\/fr\/wp-json\/wp\/v2\/types\/page"}],"author":[{"embeddable":true,"href":"https:\/\/www.crim.ca\/fr\/wp-json\/wp\/v2\/users\/409"}],"replies":[{"embeddable":true,"href":"https:\/\/www.crim.ca\/fr\/wp-json\/wp\/v2\/comments?post=27906"}],"version-history":[{"count":23,"href":"https:\/\/www.crim.ca\/fr\/wp-json\/wp\/v2\/pages\/27906\/revisions"}],"predecessor-version":[{"id":27940,"href":"https:\/\/www.crim.ca\/fr\/wp-json\/wp\/v2\/pages\/27906\/revisions\/27940"}],"wp:featuredmedia":[{"embeddable":true,"href":"https:\/\/www.crim.ca\/fr\/wp-json\/wp\/v2\/media\/14435"}],"wp:attachment":[{"href":"https:\/\/www.crim.ca\/fr\/wp-json\/wp\/v2\/media?parent=27906"}],"curies":[{"name":"wp","href":"https:\/\/api.w.org\/{rel}","templated":true}]}}