{"id":7954,"date":"2021-07-20T16:20:16","date_gmt":"2021-07-20T20:20:16","guid":{"rendered":"https:\/\/wpmanstage.com\/crim\/expertise\/"},"modified":"2025-06-09T20:55:59","modified_gmt":"2025-06-10T00:55:59","slug":"notre-ecosysteme","status":"publish","type":"page","link":"https:\/\/www.crim.ca\/fr\/notre-ecosysteme\/","title":{"rendered":"Notre \u00e9cosyst\u00e8me"},"content":{"rendered":"\t\t<div data-elementor-type=\"wp-page\" data-elementor-id=\"7954\" class=\"elementor elementor-7954\" data-elementor-post-type=\"page\">\n\t\t\t\t<div class=\"elementor-element elementor-element-95165f9 e-flex e-con-boxed e-con e-parent\" data-id=\"95165f9\" data-element_type=\"container\">\n\t\t\t\t\t<div class=\"e-con-inner\">\n\t\t<div class=\"elementor-element elementor-element-207fb47 e-con-full e-flex e-con e-child\" data-id=\"207fb47\" data-element_type=\"container\">\n\t\t\t\t<div class=\"elementor-element elementor-element-41a5620 wpman-list elementor-widget elementor-widget-text-editor\" data-id=\"41a5620\" data-element_type=\"widget\" data-widget_type=\"text-editor.default\">\n\t\t\t\t<div class=\"elementor-widget-container\">\n\t\t\t\t\t\t\t\t\t<p>Le CRIM est au c\u0153ur d&#8217;un riche \u00e9cosyst\u00e8me d\u2019innovation et de par ses activit\u00e9s collaboratives, il joue un r\u00f4le de premier ordre au sein de ce vaste r\u00e9seau. Gr\u00e2ce \u00e0 une diversit\u00e9 remarquable, ces entreprises, chercheurs et professionnels participent au rayonnement des secteurs de l&#8217;intelligence artificielle et de la science des donn\u00e9es.<\/p>\t\t\t\t\t\t\t\t<\/div>\n\t\t\t\t<\/div>\n\t\t\t\t<\/div>\n\t\t\t\t\t<\/div>\n\t\t\t\t<\/div>\n\t\t<div class=\"elementor-element elementor-element-211856e e-flex e-con-boxed e-con e-parent\" data-id=\"211856e\" data-element_type=\"container\" data-settings=\"{&quot;animation&quot;:&quot;none&quot;}\">\n\t\t\t\t\t<div class=\"e-con-inner\">\n\t\t<div class=\"elementor-element elementor-element-55f92af e-con-full e-flex e-con e-child\" data-id=\"55f92af\" data-element_type=\"container\">\n\t\t\t\t<div class=\"elementor-element elementor-element-a164273 h2-tiret-gauche h2-tiret-gauche-bleu elementor-widget elementor-widget-heading\" data-id=\"a164273\" data-element_type=\"widget\" data-widget_type=\"heading.default\">\n\t\t\t\t<div class=\"elementor-widget-container\">\n\t\t\t\t\t<h2 class=\"elementor-heading-title elementor-size-default\">Un centre d'innovation industrielle (CII)<\/h2>\t\t\t\t<\/div>\n\t\t\t\t<\/div>\n\t\t\t\t<div class=\"elementor-element elementor-element-c757d2d wpman-list elementor-widget elementor-widget-text-editor\" data-id=\"c757d2d\" data-element_type=\"widget\" data-widget_type=\"text-editor.default\">\n\t\t\t\t<div class=\"elementor-widget-container\">\n\t\t\t\t\t\t\t\t\t<p>Aussi connus par leur d\u00e9nomination anglaise <em>Research and Technology Organisation<\/em> (RTO), les <strong>Centres d\u2019innovation industrielle<\/strong> tels que le CRIM sont des organisations sans but lucratif dont la mission principale est de produire, de combiner et de rapprocher divers types de connaissances, de comp\u00e9tences et d\u2019infrastructures afin de mener \u00e0 bien une s\u00e9rie d\u2019activit\u00e9s de recherche et de d\u00e9veloppement en collaboration avec des partenaires publics et industriels de toutes tailles.<\/p><p>Ces activit\u00e9s visent \u00e0 aboutir des innovations technologiques et sociales et des solutions de syst\u00e8me qui contribuent et renforcent mutuellement leurs impacts \u00e9conomiques, soci\u00e9taux et politiques.<\/p>\t\t\t\t\t\t\t\t<\/div>\n\t\t\t\t<\/div>\n\t\t\t\t<\/div>\n\t\t\t\t\t<\/div>\n\t\t\t\t<\/div>\n\t\t<div class=\"elementor-element elementor-element-2076351 e-flex e-con-boxed e-con e-parent\" data-id=\"2076351\" data-element_type=\"container\" data-settings=\"{&quot;animation&quot;:&quot;none&quot;}\">\n\t\t\t\t\t<div class=\"e-con-inner\">\n\t\t<div class=\"elementor-element elementor-element-60488e8 e-con-full e-flex e-con e-child\" data-id=\"60488e8\" data-element_type=\"container\">\n\t\t\t\t<div class=\"elementor-element elementor-element-b43147e h2-tiret-gauche h2-tiret-gauche-bleu elementor-widget elementor-widget-heading\" data-id=\"b43147e\" data-element_type=\"widget\" data-widget_type=\"heading.default\">\n\t\t\t\t<div class=\"elementor-widget-container\">\n\t\t\t\t\t<h2 class=\"elementor-heading-title elementor-size-default\"><b>Plusieurs possibilit\u00e9s de financement disponibles au Canada<\/b><\/h2>\t\t\t\t<\/div>\n\t\t\t\t<\/div>\n\t\t<div class=\"elementor-element elementor-element-95c4178 e-con-full e-flex e-con e-child\" data-id=\"95c4178\" data-element_type=\"container\">\n\t\t\t\t<div class=\"elementor-element elementor-element-cb19cfd wpman-list elementor-widget elementor-widget-text-editor\" data-id=\"cb19cfd\" data-element_type=\"widget\" data-widget_type=\"text-editor.default\">\n\t\t\t\t<div class=\"elementor-widget-container\">\n\t\t\t\t\t\t\t\t\t<p><span style=\"color: #0f0e0c\">Que ce soit au niveau f\u00e9d\u00e9ral, provincial ou priv\u00e9, le CRIM poss\u00e8de un r\u00e9seau de partenaires avec l&#8217;expertise pour vous aider \u00e0 obtenir un financement qui vous permettra de concr\u00e9tiser votre projet d&#8217;innovation, quel que soit votre secteur d&#8217;activit\u00e9s.\u00a0<\/span><\/p>\t\t\t\t\t\t\t\t<\/div>\n\t\t\t\t<\/div>\n\t\t\t\t<\/div>\n\t\t<div class=\"elementor-element elementor-element-fb3dd6e e-con-full e-flex e-con e-child\" data-id=\"fb3dd6e\" data-element_type=\"container\">\n\t\t\t\t<div class=\"elementor-element elementor-element-42b1464 elementor-widget elementor-widget-image\" data-id=\"42b1464\" data-element_type=\"widget\" data-widget_type=\"image.default\">\n\t\t\t\t<div class=\"elementor-widget-container\">\n\t\t\t\t\t\t\t\t\t\t\t\t\t\t\t<img decoding=\"async\" width=\"290\" height=\"92\" src=\"https:\/\/www.crim.ca\/wp-content\/uploads\/2022\/04\/economie-inovation-quebec.jpg\" class=\"attachment-large size-large wp-image-14059\" alt=\"\" \/>\t\t\t\t\t\t\t\t\t\t\t\t\t\t\t<\/div>\n\t\t\t\t<\/div>\n\t\t\t\t<div class=\"elementor-element elementor-element-bfe6707 wpman-list elementor-widget elementor-widget-text-editor\" data-id=\"bfe6707\" data-element_type=\"widget\" data-widget_type=\"text-editor.default\">\n\t\t\t\t<div class=\"elementor-widget-container\">\n\t\t\t\t\t\t\t\t\t<p><span class=\"JsGRdQ\" style=\"color: #0f0e0c\">Le minist\u00e8re de l&#8217;\u00c9conomie, de l&#8217;Innovation et de l&#8217;\u00c9nergie du Qu\u00e9bec<\/span><span class=\"JsGRdQ\" style=\"color: #0f0e0c\"> est notre principal partenaire financier.\u00a0<\/span><\/p>\t\t\t\t\t\t\t\t<\/div>\n\t\t\t\t<\/div>\n\t\t\t\t<\/div>\n\t\t<div class=\"elementor-element elementor-element-d187e1e e-con-full e-flex e-con e-child\" data-id=\"d187e1e\" data-element_type=\"container\">\n\t\t\t\t<div class=\"elementor-element elementor-element-5193fcf elementor-widget__width-initial elementor-widget elementor-widget-image\" data-id=\"5193fcf\" data-element_type=\"widget\" data-widget_type=\"image.default\">\n\t\t\t\t<div class=\"elementor-widget-container\">\n\t\t\t\t\t\t\t\t\t\t\t\t\t\t\t\t<a href=\"https:\/\/nrc.canada.ca\/fr\/\" target=\"_blank\">\n\t\t\t\t\t\t\t<img decoding=\"async\" width=\"200\" height=\"100\" src=\"https:\/\/www.crim.ca\/wp-content\/uploads\/2022\/04\/cnrc.jpg\" class=\"attachment-large size-large wp-image-14047\" alt=\"\" \/>\t\t\t\t\t\t\t\t<\/a>\n\t\t\t\t\t\t\t\t\t\t\t\t\t\t\t<\/div>\n\t\t\t\t<\/div>\n\t\t\t\t<div class=\"elementor-element elementor-element-32e36de elementor-widget__width-initial elementor-widget elementor-widget-image\" data-id=\"32e36de\" data-element_type=\"widget\" data-widget_type=\"image.default\">\n\t\t\t\t<div class=\"elementor-widget-container\">\n\t\t\t\t\t\t\t\t\t\t\t\t\t\t\t\t<a href=\"https:\/\/cqdm.org\/\" target=\"_blank\">\n\t\t\t\t\t\t\t<img decoding=\"async\" width=\"200\" height=\"100\" src=\"https:\/\/www.crim.ca\/wp-content\/uploads\/2022\/04\/cqdm.jpg\" class=\"attachment-large size-large wp-image-14049\" alt=\"\" \/>\t\t\t\t\t\t\t\t<\/a>\n\t\t\t\t\t\t\t\t\t\t\t\t\t\t\t<\/div>\n\t\t\t\t<\/div>\n\t\t\t\t<div class=\"elementor-element elementor-element-5fe84cb elementor-widget__width-initial elementor-widget elementor-widget-image\" data-id=\"5fe84cb\" data-element_type=\"widget\" data-widget_type=\"image.default\">\n\t\t\t\t<div class=\"elementor-widget-container\">\n\t\t\t\t\t\t\t\t\t\t\t\t\t\t\t\t<a href=\"https:\/\/cqrda.ca\/\" target=\"_blank\">\n\t\t\t\t\t\t\t<img loading=\"lazy\" decoding=\"async\" width=\"200\" height=\"100\" src=\"https:\/\/www.crim.ca\/wp-content\/uploads\/2022\/04\/cqrda.jpg\" class=\"attachment-large size-large wp-image-14051\" alt=\"\" \/>\t\t\t\t\t\t\t\t<\/a>\n\t\t\t\t\t\t\t\t\t\t\t\t\t\t\t<\/div>\n\t\t\t\t<\/div>\n\t\t\t\t<div class=\"elementor-element elementor-element-35c493c elementor-widget__width-initial elementor-widget elementor-widget-image\" data-id=\"35c493c\" data-element_type=\"widget\" data-widget_type=\"image.default\">\n\t\t\t\t<div class=\"elementor-widget-container\">\n\t\t\t\t\t\t\t\t\t\t\t\t\t\t\t\t<a href=\"https:\/\/www.criaq.aero\/\" target=\"_blank\">\n\t\t\t\t\t\t\t<img loading=\"lazy\" decoding=\"async\" width=\"200\" height=\"100\" src=\"https:\/\/www.crim.ca\/wp-content\/uploads\/2022\/04\/criaq.jpg\" class=\"attachment-large size-large wp-image-14053\" alt=\"\" \/>\t\t\t\t\t\t\t\t<\/a>\n\t\t\t\t\t\t\t\t\t\t\t\t\t\t\t<\/div>\n\t\t\t\t<\/div>\n\t\t\t\t<\/div>\n\t\t<div class=\"elementor-element elementor-element-f65df79 e-con-full e-flex e-con e-child\" data-id=\"f65df79\" data-element_type=\"container\">\n\t\t\t\t<div class=\"elementor-element elementor-element-c5241c2 elementor-widget__width-initial elementor-widget elementor-widget-image\" data-id=\"c5241c2\" data-element_type=\"widget\" data-widget_type=\"image.default\">\n\t\t\t\t<div class=\"elementor-widget-container\">\n\t\t\t\t\t\t\t\t\t\t\t\t\t\t\t\t<a href=\"https:\/\/cribiq.qc.ca\/\">\n\t\t\t\t\t\t\t<img loading=\"lazy\" decoding=\"async\" width=\"200\" height=\"100\" src=\"https:\/\/www.crim.ca\/wp-content\/uploads\/2022\/04\/cribiq.jpg\" class=\"attachment-large size-large wp-image-14055\" alt=\"\" \/>\t\t\t\t\t\t\t\t<\/a>\n\t\t\t\t\t\t\t\t\t\t\t\t\t\t\t<\/div>\n\t\t\t\t<\/div>\n\t\t\t\t<div class=\"elementor-element elementor-element-1cff3df elementor-widget__width-initial elementor-widget elementor-widget-image\" data-id=\"1cff3df\" data-element_type=\"widget\" data-widget_type=\"image.default\">\n\t\t\t\t<div class=\"elementor-widget-container\">\n\t\t\t\t\t\t\t\t\t\t\t\t\t\t\t\t<a href=\"https:\/\/www.critm.ca\/\" target=\"_blank\">\n\t\t\t\t\t\t\t<img loading=\"lazy\" decoding=\"async\" width=\"200\" height=\"100\" src=\"https:\/\/www.crim.ca\/wp-content\/uploads\/2022\/04\/critm.jpg\" class=\"attachment-large size-large wp-image-14057\" alt=\"\" \/>\t\t\t\t\t\t\t\t<\/a>\n\t\t\t\t\t\t\t\t\t\t\t\t\t\t\t<\/div>\n\t\t\t\t<\/div>\n\t\t\t\t<div class=\"elementor-element elementor-element-4a9319c elementor-widget__width-initial elementor-widget elementor-widget-image\" data-id=\"4a9319c\" data-element_type=\"widget\" data-widget_type=\"image.default\">\n\t\t\t\t<div class=\"elementor-widget-container\">\n\t\t\t\t\t\t\t\t\t\t\t\t\t\t\t\t<a href=\"https:\/\/innovee.quebec\/\" target=\"_blank\">\n\t\t\t\t\t\t\t<img loading=\"lazy\" decoding=\"async\" width=\"200\" height=\"100\" src=\"https:\/\/www.crim.ca\/wp-content\/uploads\/2022\/04\/inovee.jpg\" class=\"attachment-large size-large wp-image-14061\" alt=\"\" \/>\t\t\t\t\t\t\t\t<\/a>\n\t\t\t\t\t\t\t\t\t\t\t\t\t\t\t<\/div>\n\t\t\t\t<\/div>\n\t\t\t\t<div class=\"elementor-element elementor-element-26b38d1 elementor-widget__width-initial elementor-widget elementor-widget-image\" data-id=\"26b38d1\" data-element_type=\"widget\" data-widget_type=\"image.default\">\n\t\t\t\t<div class=\"elementor-widget-container\">\n\t\t\t\t\t\t\t\t\t\t\t\t\t\t\t\t<a href=\"https:\/\/ivadolabs.com\/fr\/invest-ia\/\">\n\t\t\t\t\t\t\t<img loading=\"lazy\" decoding=\"async\" width=\"200\" height=\"100\" src=\"https:\/\/www.crim.ca\/wp-content\/uploads\/2022\/04\/invest-ai.jpg\" class=\"attachment-large size-large wp-image-14063\" alt=\"\" \/>\t\t\t\t\t\t\t\t<\/a>\n\t\t\t\t\t\t\t\t\t\t\t\t\t\t\t<\/div>\n\t\t\t\t<\/div>\n\t\t\t\t<\/div>\n\t\t<div class=\"elementor-element elementor-element-f36b116 e-con-full e-flex e-con e-child\" data-id=\"f36b116\" data-element_type=\"container\">\n\t\t\t\t<div class=\"elementor-element elementor-element-69854e6 elementor-widget__width-initial elementor-widget elementor-widget-image\" data-id=\"69854e6\" data-element_type=\"widget\" data-widget_type=\"image.default\">\n\t\t\t\t<div class=\"elementor-widget-container\">\n\t\t\t\t\t\t\t\t\t\t\t\t\t\t\t\t<a href=\"https:\/\/www.investquebec.com\/quebec\/fr\/\" target=\"_blank\">\n\t\t\t\t\t\t\t<img loading=\"lazy\" decoding=\"async\" width=\"200\" height=\"100\" src=\"https:\/\/www.crim.ca\/wp-content\/uploads\/2022\/04\/investisement-quebec.jpg\" class=\"attachment-large size-large wp-image-14065\" alt=\"\" \/>\t\t\t\t\t\t\t\t<\/a>\n\t\t\t\t\t\t\t\t\t\t\t\t\t\t\t<\/div>\n\t\t\t\t<\/div>\n\t\t\t\t<div class=\"elementor-element elementor-element-4c1e217 elementor-widget__width-initial elementor-widget elementor-widget-image\" data-id=\"4c1e217\" data-element_type=\"widget\" data-widget_type=\"image.default\">\n\t\t\t\t<div class=\"elementor-widget-container\">\n\t\t\t\t\t\t\t\t\t\t\t\t\t\t\t\t<a href=\"https:\/\/www.medteq.ca\/\" target=\"_blank\">\n\t\t\t\t\t\t\t<img loading=\"lazy\" decoding=\"async\" width=\"200\" height=\"100\" src=\"https:\/\/www.crim.ca\/wp-content\/uploads\/2022\/04\/medteq.jpg\" class=\"attachment-large size-large wp-image-14067\" alt=\"\" \/>\t\t\t\t\t\t\t\t<\/a>\n\t\t\t\t\t\t\t\t\t\t\t\t\t\t\t<\/div>\n\t\t\t\t<\/div>\n\t\t\t\t<div class=\"elementor-element elementor-element-3411d5b elementor-widget__width-initial elementor-widget elementor-widget-image\" data-id=\"3411d5b\" data-element_type=\"widget\" data-widget_type=\"image.default\">\n\t\t\t\t<div class=\"elementor-widget-container\">\n\t\t\t\t\t\t\t\t\t\t\t\t\t\t\t\t<a href=\"https:\/\/www.prima.ca\/\" target=\"_blank\">\n\t\t\t\t\t\t\t<img loading=\"lazy\" decoding=\"async\" width=\"200\" height=\"100\" src=\"https:\/\/www.crim.ca\/wp-content\/uploads\/2022\/04\/prima.jpg\" class=\"attachment-large size-large wp-image-14069\" alt=\"\" \/>\t\t\t\t\t\t\t\t<\/a>\n\t\t\t\t\t\t\t\t\t\t\t\t\t\t\t<\/div>\n\t\t\t\t<\/div>\n\t\t\t\t<div class=\"elementor-element elementor-element-aff290f elementor-widget__width-initial elementor-widget elementor-widget-image\" data-id=\"aff290f\" data-element_type=\"widget\" data-widget_type=\"image.default\">\n\t\t\t\t<div class=\"elementor-widget-container\">\n\t\t\t\t\t\t\t\t\t\t\t\t\t\t\t\t<a href=\"https:\/\/promptinnov.com\/\" target=\"_blank\">\n\t\t\t\t\t\t\t<img loading=\"lazy\" decoding=\"async\" width=\"200\" height=\"100\" src=\"https:\/\/www.crim.ca\/wp-content\/uploads\/2022\/04\/prompt.jpg\" class=\"attachment-large size-large wp-image-14071\" alt=\"\" \/>\t\t\t\t\t\t\t\t<\/a>\n\t\t\t\t\t\t\t\t\t\t\t\t\t\t\t<\/div>\n\t\t\t\t<\/div>\n\t\t\t\t<\/div>\n\t\t<div class=\"elementor-element elementor-element-6443968 e-con-full e-flex e-con e-child\" data-id=\"6443968\" data-element_type=\"container\">\n\t\t\t\t<div class=\"elementor-element elementor-element-3492db7 elementor-widget__width-inherit elementor-widget elementor-widget-image\" data-id=\"3492db7\" data-element_type=\"widget\" data-widget_type=\"image.default\">\n\t\t\t\t<div class=\"elementor-widget-container\">\n\t\t\t\t\t\t\t\t\t\t\t\t\t\t\t\t<a href=\"https:\/\/www.scaleai.ca\/fr\/\" target=\"_blank\">\n\t\t\t\t\t\t\t<img loading=\"lazy\" decoding=\"async\" width=\"200\" height=\"100\" src=\"https:\/\/www.crim.ca\/wp-content\/uploads\/2022\/04\/scaleai.jpg\" class=\"attachment-large size-large wp-image-14073\" alt=\"\" \/>\t\t\t\t\t\t\t\t<\/a>\n\t\t\t\t\t\t\t\t\t\t\t\t\t\t\t<\/div>\n\t\t\t\t<\/div>\n\t\t\t\t<\/div>\n\t\t\t\t<div class=\"elementor-element elementor-element-13e6c32 elementor-widget elementor-widget-html\" data-id=\"13e6c32\" data-element_type=\"widget\" data-widget_type=\"html.default\">\n\t\t\t\t<div class=\"elementor-widget-container\">\n\t\t\t\t\t<script>\ndocument.addEventListener('DOMContentLoaded', function () {\n\nvar filteredImages = document.querySelectorAll('.e-gallery-item');\n\n\/\/Edit the links HERE\nvar links = [\n'https:\/\/nrc.canada.ca\/fr\/',\n'https:\/\/www.scaleai.ca\/fr\/',\n'https:\/\/www.economie.gouv.qc.ca\/accueil\/',\n'https:\/\/www.investquebec.com\/quebec\/fr\/',\n'https:\/\/promptinnov.com\/',\n'https:\/\/www.medteq.ca\/',\n'https:\/\/cqdm.org\/fr\/',\n'https:\/\/www.cqrda.ca\/',\n'https:\/\/www.criaq.aero\/',\n'https:\/\/cribiq.qc.ca\/',\n'https:\/\/www.critm.ca\/',\n'https:\/\/innov-ee.ca\/',\n'https:\/\/www.prima.ca\/',\n'https:\/\/ivadolabs.com\/fr\/invest-ia\/'\n];\n\nvar _loope = function _loope(i) {\n    if (links[i].length > 4) {\n    filteredImages[i].style.cursor = \"pointer\";\nfilteredImages[i].addEventListener('click', function () {\nwindow.open(links[i]);\n});\n}\n};\n\nfor (var i = 0; i < filteredImages.length; i++) {\n_loope(i);\n}\n\n});\n\n<\/script>\t\t\t\t<\/div>\n\t\t\t\t<\/div>\n\t\t\t\t<\/div>\n\t\t\t\t\t<\/div>\n\t\t\t\t<\/div>\n\t\t\t\t<\/div>\n\t\t","protected":false},"excerpt":{"rendered":"<p>Le CRIM est au c\u0153ur d&#8217;un riche \u00e9cosyst\u00e8me d\u2019innovation et de par ses activit\u00e9s collaboratives, il joue un r\u00f4le de premier ordre au sein de ce vaste r\u00e9seau. Gr\u00e2ce \u00e0 une diversit\u00e9 remarquable, ces entreprises, chercheurs et professionnels participent au rayonnement des secteurs de l&#8217;intelligence artificielle et de la science des donn\u00e9es. Un centre d&#8217;innovation [&hellip;]<\/p>\n","protected":false},"author":34,"featured_media":14933,"parent":0,"menu_order":0,"comment_status":"closed","ping_status":"closed","template":"","meta":{"_acf_changed":false,"footnotes":"","_links_to":"","_links_to_target":""},"class_list":["post-7954","page","type-page","status-publish","has-post-thumbnail","hentry"],"acf":[],"_links":{"self":[{"href":"https:\/\/www.crim.ca\/fr\/wp-json\/wp\/v2\/pages\/7954","targetHints":{"allow":["GET"]}}],"collection":[{"href":"https:\/\/www.crim.ca\/fr\/wp-json\/wp\/v2\/pages"}],"about":[{"href":"https:\/\/www.crim.ca\/fr\/wp-json\/wp\/v2\/types\/page"}],"author":[{"embeddable":true,"href":"https:\/\/www.crim.ca\/fr\/wp-json\/wp\/v2\/users\/34"}],"replies":[{"embeddable":true,"href":"https:\/\/www.crim.ca\/fr\/wp-json\/wp\/v2\/comments?post=7954"}],"version-history":[{"count":203,"href":"https:\/\/www.crim.ca\/fr\/wp-json\/wp\/v2\/pages\/7954\/revisions"}],"predecessor-version":[{"id":26998,"href":"https:\/\/www.crim.ca\/fr\/wp-json\/wp\/v2\/pages\/7954\/revisions\/26998"}],"wp:featuredmedia":[{"embeddable":true,"href":"https:\/\/www.crim.ca\/fr\/wp-json\/wp\/v2\/media\/14933"}],"wp:attachment":[{"href":"https:\/\/www.crim.ca\/fr\/wp-json\/wp\/v2\/media?parent=7954"}],"curies":[{"name":"wp","href":"https:\/\/api.w.org\/{rel}","templated":true}]}}